{"id":77,"date":"2014-09-18T10:29:25","date_gmt":"2014-09-18T09:29:25","guid":{"rendered":"http:\/\/agora.xtec.cat\/iesflix\/?page_id=77"},"modified":"2025-01-30T09:28:29","modified_gmt":"2025-01-30T08:28:29","slug":"transport-escolar","status":"publish","type":"page","link":"https:\/\/agora.xtec.cat\/iesflix\/serveis\/transport-escolar\/","title":{"rendered":"Transport escolar"},"content":{"rendered":"<p style=\"text-align: justify;\"><em>El Consell Comarcal de la Ribera d\u2019Ebre demana que cada fam\u00edlia\u00a0<\/em><em>sol\u00b7liciti el servei d\u2019autob\u00fas individualment de forma telem\u00e0tica. \u00danicament aquest\u00a0<\/em><em>requeriment \u00e9s per les poblacions de Riba-Roja d\u2019Ebre, La Palma d\u2019Ebre, Asc\u00f3,\u00a0<\/em><em>Vinebre i La Torre de l\u2019Espanyol. Adjunt us enviem un manual explicatiu per tal de\u00a0<\/em><em>realitzar-ho. El nom del manual \u00e9s \u201cInstruccions sol\u00b7licitud transport escolar.pdf\u201d.\u00a0<\/em><em>Per qualsevol aclariment podeu trucar a l\u2019Institut i preguntar a Secretaria. Per tramitar-ho, clica <a href=\"https:\/\/www.riberaebre.org\/serveis\/ensenyament\/transport\/\" target=\"_blank\" rel=\"noopener\">aqu\u00ed.<\/a><\/em><\/p>\n","protected":false},"excerpt":{"rendered":"<p>El Consell Comarcal de la Ribera d\u2019Ebre demana que cada fam\u00edlia\u00a0sol\u00b7liciti el servei d\u2019autob\u00fas individualment de forma telem\u00e0tica. \u00danicament aquest\u00a0requeriment \u00e9s per les poblacions de Riba-Roja d\u2019Ebre, La Palma d\u2019Ebre, Asc\u00f3,\u00a0Vinebre i La Torre de l\u2019Espanyol. Adjunt us enviem un manual explicatiu per tal de\u00a0realitzar-ho. El nom del manual \u00e9s \u201cInstruccions sol\u00b7licitud transport escolar.pdf\u201d.\u00a0Per qualsevol [&hellip;]<\/p>\n","protected":false},"author":1,"featured_media":0,"parent":63,"menu_order":50,"comment_status":"closed","ping_status":"closed","template":"page-templates\/side-menu.php","meta":{"_bbp_topic_count":0,"_bbp_reply_count":0,"_bbp_total_topic_count":0,"_bbp_total_reply_count":0,"_bbp_voice_count":0,"_bbp_anonymous_reply_count":0,"_bbp_topic_count_hidden":0,"_bbp_reply_count_hidden":0,"_bbp_forum_subforum_count":0,"site-sidebar-layout":"default","site-content-layout":"","ast-site-content-layout":"","site-content-style":"default","site-sidebar-style":"default","ast-global-header-display":"","ast-banner-title-visibility":"","ast-main-header-display":"","ast-hfb-above-header-display":"","ast-hfb-below-header-display":"","ast-hfb-mobile-header-display":"","site-post-title":"","ast-breadcrumbs-content":"","ast-featured-img":"","footer-sml-layout":"","theme-transparent-header-meta":"","adv-header-id-meta":"","stick-header-meta":"","header-above-stick-meta":"","header-main-stick-meta":"","header-below-stick-meta":"","astra-migrate-meta-layouts":"default","ast-page-background-enabled":"default","ast-page-background-meta":{"desktop":{"background-color":"var(--ast-global-color-4)","background-image":"","background-repeat":"repeat","background-position":"center center","background-size":"auto","background-attachment":"scroll","background-type":"","background-media":"","overlay-type":"","overlay-color":"","overlay-opacity":"","overlay-gradient":""},"tablet":{"background-color":"","background-image":"","background-repeat":"repeat","background-position":"center center","background-size":"auto","background-attachment":"scroll","background-type":"","background-media":"","overlay-type":"","overlay-color":"","overlay-opacity":"","overlay-gradient":""},"mobile":{"background-color":"","background-image":"","background-repeat":"repeat","background-position":"center center","background-size":"auto","background-attachment":"scroll","background-type":"","background-media":"","overlay-type":"","overlay-color":"","overlay-opacity":"","overlay-gradient":""}},"ast-content-background-meta":{"desktop":{"background-color":"var(--ast-global-color-5)","background-image":"","background-repeat":"repeat","background-position":"center center","background-size":"auto","background-attachment":"scroll","background-type":"","background-media":"","overlay-type":"","overlay-color":"","overlay-opacity":"","overlay-gradient":""},"tablet":{"background-color":"var(--ast-global-color-5)","background-image":"","background-repeat":"repeat","background-position":"center center","background-size":"auto","background-attachment":"scroll","background-type":"","background-media":"","overlay-type":"","overlay-color":"","overlay-opacity":"","overlay-gradient":""},"mobile":{"background-color":"var(--ast-global-color-5)","background-image":"","background-repeat":"repeat","background-position":"center center","background-size":"auto","background-attachment":"scroll","background-type":"","background-media":"","overlay-type":"","overlay-color":"","overlay-opacity":"","overlay-gradient":""}},"footnotes":""},"class_list":["post-77","page","type-page","status-publish","hentry"],"post_mailing_queue_ids":[],"_links":{"self":[{"href":"https:\/\/agora.xtec.cat\/iesflix\/wp-json\/wp\/v2\/pages\/77","targetHints":{"allow":["GET"]}}],"collection":[{"href":"https:\/\/agora.xtec.cat\/iesflix\/wp-json\/wp\/v2\/pages"}],"about":[{"href":"https:\/\/agora.xtec.cat\/iesflix\/wp-json\/wp\/v2\/types\/page"}],"author":[{"embeddable":true,"href":"https:\/\/agora.xtec.cat\/iesflix\/wp-json\/wp\/v2\/users\/1"}],"replies":[{"embeddable":true,"href":"https:\/\/agora.xtec.cat\/iesflix\/wp-json\/wp\/v2\/comments?post=77"}],"version-history":[{"count":5,"href":"https:\/\/agora.xtec.cat\/iesflix\/wp-json\/wp\/v2\/pages\/77\/revisions"}],"predecessor-version":[{"id":4443,"href":"https:\/\/agora.xtec.cat\/iesflix\/wp-json\/wp\/v2\/pages\/77\/revisions\/4443"}],"up":[{"embeddable":true,"href":"https:\/\/agora.xtec.cat\/iesflix\/wp-json\/wp\/v2\/pages\/63"}],"wp:attachment":[{"href":"https:\/\/agora.xtec.cat\/iesflix\/wp-json\/wp\/v2\/media?parent=77"}],"curies":[{"name":"wp","href":"https:\/\/api.w.org\/{rel}","templated":true}]}}