{"id":67,"date":"2014-09-18T10:14:18","date_gmt":"2014-09-18T09:14:18","guid":{"rendered":"http:\/\/agora.xtec.cat\/iesflix\/?page_id=67"},"modified":"2025-01-30T09:27:15","modified_gmt":"2025-01-30T08:27:15","slug":"acollida","status":"publish","type":"page","link":"https:\/\/agora.xtec.cat\/iesflix\/serveis\/acollida\/","title":{"rendered":"Qualitat"},"content":{"rendered":"<div class=\"template-page content av-content-small units\">\n<div class=\"post-entry post-entry-type-page post-entry-669\">\n<div class=\"entry-content-wrapper clearfix\">\n<div class=\"flex_column av-2dgdg-d657fd4fdb8e689d6baf7feea60c3e7b av_one_full avia-builder-el-25 el_after_av_section avia-builder-el-no-sibling first flex_column_div av-zero-column-padding \">\n<section class=\"av_textblock_section av-otfc-d2a28e0a079df874787b279ca8cc3cd3 \">\n<div class=\"avia_textblock\">\n<p style=\"text-align: justify;\"><span class=\"Apple-style-span\">L\u2019Institut de Flix<\/span>, en el curs 2014-2015, va entrar a formar part del\u00a0<span class=\"Apple-style-span\">Programa d\u2019Assegurament de la Qualitat del Projecte de Qualitat i Millora Cont\u00ednua<\/span>\u00a0que impulsava la Direcci\u00f3 General de Formaci\u00f3 Professional Inicial i Ensenyaments de R\u00e8gim Especial del\u00a0<span class=\"Apple-style-span\">Departament d\u2019Ensenyament de la Generalitat de Catalunya<\/span><\/p>\n<p style=\"text-align: justify;\"><span class=\"Apple-style-span\">L\u2019Institut de Flix va ser el tercer institut de Terres de l\u2019Ebre que va formar part d\u2019aquest Programa del Projecte de Qualitat i Millora Cont\u00ednua.<\/span><\/p>\n<p style=\"text-align: justify;\">La missi\u00f3 del Projecte de Qualitat i Millora Continua era i \u00e9s ajudar i donar suport als centres educatius de Catalunya\u00a0<span class=\"Apple-style-span\">en la recerca de l\u2019excel\u00b7l\u00e8ncia educativa<\/span>\u00a0i la satisfacci\u00f3 dels seus grups d\u2019inter\u00e8s a trav\u00e9s de la millora del seu sistema de gesti\u00f3, amb l\u2019objectiu d\u2019assolir l\u2019excel\u00b7l\u00e8ncia educativa en els centres de Catalunya a trav\u00e9s de la millora cont\u00ednua dels seus sistemes de gesti\u00f3.<\/p>\n<p style=\"text-align: justify;\">El\u00a0<span class=\"Apple-style-span\">Projecte de Qualitat i Millora Cont\u00ednua\u00a0<\/span>per a la millora de la qualitat dels centres educatius est\u00e0 regulat per l\u2019<span class=\"Apple-style-span\">Ordre EDU\/432\/2006, de 30 d\u2019agost\u00a0<\/span>i les corresponents resolucions anuals. El Projecte t\u00e9 com a refer\u00e8ncia la recomanaci\u00f3 que estableix el\u00a0<span class=\"Apple-style-span\">Marc de Refer\u00e8ncia Europeu\u00a0<\/span>aprovada pel\u00a0<span class=\"Apple-style-span\">Parlament Europeu<\/span>\u00a0i el Consell, de 18 de juny de 2009 i el\u00a0<span class=\"Apple-style-span\">Reial Decret 1147\/2011<\/span>, de 30 de juliol, d\u2019ordenaci\u00f3 general de la formaci\u00f3 professional del sistema educatiu on s\u2019estableix el Marc de Refer\u00e8ncia de la Garantia de la Qualitat en la Formaci\u00f3 Professional del Sistema Educatiu.<\/p>\n<p style=\"text-align: justify;\">Aquest projecte es desenvolupa a trav\u00e9s de cursos i seminaris espec\u00edfics, de jornades d\u2019intercanvi d\u2019experi\u00e8ncies i, sobretot, de l\u2019agrupaci\u00f3 dels centres en xarxes de treball, organitzades en nivells, amb l\u2019objectiu de donar-se suport m\u00fatuament i de compartir experi\u00e8ncies, metodologies i noves eines de gesti\u00f3 i millora.<\/p>\n<p style=\"text-align: justify;\">El Programa d\u2019Assegurament de la Qualitat t\u00e9 com a finalitat millorar els resultats educatius i la cohesi\u00f3 social en els centres educatius, aix\u00ed com garantir la confian\u00e7a dels grups d\u2019inter\u00e8s, mitjan\u00e7ant la implantaci\u00f3 de sistemes de gesti\u00f3 de la qualitat en base a la norma ISO 9001.<\/p>\n<p style=\"text-align: justify;\">L\u2019entrada en el projecte de qualitat ens ha perm\u00e8s \u00a0intensificar la relaci\u00f3 amb l\u2019entorn empresarial i iniciar, des del curs 14-15 \u00a0la\u00a0<span class=\"Apple-style-span\">Formaci\u00f3 Professional DUAL<\/span>, una formaci\u00f3 professional organitzada conjuntament per les empreses i els centres educatius (mitjan\u00e7ant conveni de col\u00b7laboraci\u00f3), actuant coordinadament en el proc\u00e9s formatiu dels nous professionals amb convenis de formaci\u00f3 per als nostres alumnes amb ERCROS SA. i GRANERO VILARASAU. \u00c9s aix\u00ed com el nostre alumnat pot compaginar l\u2019activitat formativa amb\u00a0<span class=\"Apple-style-span\">l\u2019activitat laboral remunerada per l\u2019empresa amb un contracte o beca<\/span>.<\/p>\n<p style=\"text-align: justify;\">L\u2019institut pot obrir processos de reconeixement de l\u2019experi\u00e8ncia professional del personal treballador de les empreses en conveni, per unitats formatives, cr\u00e8dits o m\u00f2duls professionals, dels t\u00edtols que imparteix l\u2019Institut de Flix per facilitar la capitalitzaci\u00f3 progressiva de la formaci\u00f3.<\/p>\n<p style=\"text-align: justify;\">Per completar els estudis del personal treballador de les empreses en conveni que hagi realitzat processos de reconeixement acad\u00e8mic, se li facilitar\u00e0 l\u2019acc\u00e9s als cicles formatius, mitjan\u00e7ant la matriculaci\u00f3 sencera, per m\u00f2duls o unitats formatives soltes, a fi de permetre l\u2019obtenci\u00f3 de la titulaci\u00f3 o certificaci\u00f3 corresponent i\u00a0<span class=\"Apple-style-span\">la possibilitat que el personal treballador pugui accedir sense requisits acad\u00e8mics als m\u00f2duls directament associats a unitats de compet\u00e8ncia del perfil professional dels cicles formatius<\/span>\u00a0que conformen l\u2019oferta formativa afectada per aquests convenis.<\/p>\n<p style=\"text-align: justify;\">El novembre de 2019 l\u2019Institut de Flix va rebre al campus de la Universitat Aut\u00f2noma de Barcelona a Bellaterra, i de mans del Director General de Formaci\u00f3 Professional, el certificat ISO 9001 que ens acreditava com a centre de qualitat i millora en els ensenyaments d\u2019ESO, BAT i Cicles Formatius.<br \/>\nL\u2019Institut de Flix va ser el primer institut de la Ribera d\u2019Ebre que rep aquesta certificaci\u00f3 ISO 9001 de Qualitat i Millora Cont\u00ednua i el quart de les Terres de l\u2019Ebre.<\/p>\n<p style=\"text-align: justify;\">La feina no acaba aqu\u00ed, ja que cada any anirem passant auditories internes i externes per mantenir aquest ceritificat.<\/p>\n<\/div>\n<\/section>\n<div class=\"togglecontainer av-jt8kfloj-16cd81d459b802f1304fa28bddb788ab avia-builder-el-28 el_after_av_textblock avia-builder-el-last toggle_close_all enable_toggles\" style=\"text-align: justify;\">\n<section class=\"av_toggle_section av-xqh71-35e397a7eeb833b99e16ddb56fc3f933\">\n<div class=\"single_toggle\" role=\"tablist\" data-tags=\"{All} \"><\/div>\n<\/section>\n<section class=\"av_toggle_section av-h3gdp-e5781b9fe605c21bc49787da0b60af47\">\n<div class=\"single_toggle\" role=\"tablist\" data-tags=\"{All} \">\n<div id=\"toggle-id-4\" class=\"toggle_wrap av-title-above\" tabindex=\"-1\" role=\"region\" aria-labelledby=\"toggle-toggle-id-4\" aria-hidden=\"true\">\n<div class=\"toggle_content invers-color \">\n<p><strong><span style=\"color: #0000ff;\">La pol\u00edtica de qualitat de l\u2019Institut de Flix,<\/span><\/strong> \u00e9s poder satisfer les expectatives i necessitats educatives de l\u2019alumnat aix\u00ed com la seva formaci\u00f3 integral i en general de tots els grups d\u2019inter\u00e8s de la nostra comunitat educativa, oferint-los uns serveis de qualitat, cercant la millora cont\u00ednua com a tret d\u2019identitat.<\/p>\n<p>Per aix\u00f2 hem establer us sistema de qualitat basat en la ISO 9001:2015 amb la finalitat de generar din\u00e0miques que comprenen tots els processos relacionats amb el sistema de gesti\u00f3 de la qualitat, com els estrat\u00e8gics, els claus (relacionats amb el proc\u00e9s d\u2019ensenyament-aprenentatge) i els de suport, aix\u00ed com la creaci\u00f3 d\u2019equips de millora que fomentin l\u2019an\u00e0lisi i reflexi\u00f3 de la pr\u00e0ctica docent per adquirir l\u2019excel\u00b7l\u00e8ncis<\/p>\n<p><span style=\"color: #0000ff;\"><strong>Prove\u00efdors:<\/strong><\/span> Els prove\u00efdors amb els quals el centre col\u00b7labora s\u00f3n homologats d&#8217;acord amb criteris econ\u00f2mics, de servei i de qualitat.<\/p>\n<\/div>\n<div><\/div>\n<div class=\"toggle_content invers-color \">\n<p>&nbsp;<\/p>\n<\/div>\n<\/div>\n<\/div>\n<\/section>\n<\/div>\n<\/div>\n<\/div>\n<\/div>\n<\/div>\n<aside class=\"sidebar sidebar_left smartphones_sidebar_active alpha units\" role=\"complementary\">\n<div class=\"inner_sidebar extralight-border\" style=\"text-align: justify;\"><\/div>\n<\/aside>\n","protected":false},"excerpt":{"rendered":"<p>L\u2019Institut de Flix, en el curs 2014-2015, va entrar a formar part del\u00a0Programa d\u2019Assegurament de la Qualitat del Projecte de Qualitat i Millora Cont\u00ednua\u00a0que impulsava la Direcci\u00f3 General de Formaci\u00f3 Professional Inicial i Ensenyaments de R\u00e8gim Especial del\u00a0Departament d\u2019Ensenyament de la Generalitat de Catalunya L\u2019Institut de Flix va ser el tercer institut de Terres de [&hellip;]<\/p>\n","protected":false},"author":1,"featured_media":0,"parent":63,"menu_order":20,"comment_status":"closed","ping_status":"closed","template":"page-templates\/side-menu.php","meta":{"_bbp_topic_count":0,"_bbp_reply_count":0,"_bbp_total_topic_count":0,"_bbp_total_reply_count":0,"_bbp_voice_count":0,"_bbp_anonymous_reply_count":0,"_bbp_topic_count_hidden":0,"_bbp_reply_count_hidden":0,"_bbp_forum_subforum_count":0,"site-sidebar-layout":"default","site-content-layout":"","ast-site-content-layout":"","site-content-style":"default","site-sidebar-style":"default","ast-global-header-display":"","ast-banner-title-visibility":"","ast-main-header-display":"","ast-hfb-above-header-display":"","ast-hfb-below-header-display":"","ast-hfb-mobile-header-display":"","site-post-title":"","ast-breadcrumbs-content":"","ast-featured-img":"","footer-sml-layout":"","theme-transparent-header-meta":"","adv-header-id-meta":"","stick-header-meta":"","header-above-stick-meta":"","header-main-stick-meta":"","header-below-stick-meta":"","astra-migrate-meta-layouts":"default","ast-page-background-enabled":"default","ast-page-background-meta":{"desktop":{"background-color":"var(--ast-global-color-4)","background-image":"","background-repeat":"repeat","background-position":"center center","background-size":"auto","background-attachment":"scroll","background-type":"","background-media":"","overlay-type":"","overlay-color":"","overlay-opacity":"","overlay-gradient":""},"tablet":{"background-color":"","background-image":"","background-repeat":"repeat","background-position":"center center","background-size":"auto","background-attachment":"scroll","background-type":"","background-media":"","overlay-type":"","overlay-color":"","overlay-opacity":"","overlay-gradient":""},"mobile":{"background-color":"","background-image":"","background-repeat":"repeat","background-position":"center center","background-size":"auto","background-attachment":"scroll","background-type":"","background-media":"","overlay-type":"","overlay-color":"","overlay-opacity":"","overlay-gradient":""}},"ast-content-background-meta":{"desktop":{"background-color":"var(--ast-global-color-5)","background-image":"","background-repeat":"repeat","background-position":"center center","background-size":"auto","background-attachment":"scroll","background-type":"","background-media":"","overlay-type":"","overlay-color":"","overlay-opacity":"","overlay-gradient":""},"tablet":{"background-color":"var(--ast-global-color-5)","background-image":"","background-repeat":"repeat","background-position":"center center","background-size":"auto","background-attachment":"scroll","background-type":"","background-media":"","overlay-type":"","overlay-color":"","overlay-opacity":"","overlay-gradient":""},"mobile":{"background-color":"var(--ast-global-color-5)","background-image":"","background-repeat":"repeat","background-position":"center center","background-size":"auto","background-attachment":"scroll","background-type":"","background-media":"","overlay-type":"","overlay-color":"","overlay-opacity":"","overlay-gradient":""}},"footnotes":""},"class_list":["post-67","page","type-page","status-publish","hentry"],"post_mailing_queue_ids":[],"_links":{"self":[{"href":"https:\/\/agora.xtec.cat\/iesflix\/wp-json\/wp\/v2\/pages\/67","targetHints":{"allow":["GET"]}}],"collection":[{"href":"https:\/\/agora.xtec.cat\/iesflix\/wp-json\/wp\/v2\/pages"}],"about":[{"href":"https:\/\/agora.xtec.cat\/iesflix\/wp-json\/wp\/v2\/types\/page"}],"author":[{"embeddable":true,"href":"https:\/\/agora.xtec.cat\/iesflix\/wp-json\/wp\/v2\/users\/1"}],"replies":[{"embeddable":true,"href":"https:\/\/agora.xtec.cat\/iesflix\/wp-json\/wp\/v2\/comments?post=67"}],"version-history":[{"count":4,"href":"https:\/\/agora.xtec.cat\/iesflix\/wp-json\/wp\/v2\/pages\/67\/revisions"}],"predecessor-version":[{"id":4440,"href":"https:\/\/agora.xtec.cat\/iesflix\/wp-json\/wp\/v2\/pages\/67\/revisions\/4440"}],"up":[{"embeddable":true,"href":"https:\/\/agora.xtec.cat\/iesflix\/wp-json\/wp\/v2\/pages\/63"}],"wp:attachment":[{"href":"https:\/\/agora.xtec.cat\/iesflix\/wp-json\/wp\/v2\/media?parent=67"}],"curies":[{"name":"wp","href":"https:\/\/api.w.org\/{rel}","templated":true}]}}