{"id":49,"date":"2014-09-17T16:55:55","date_gmt":"2014-09-17T16:55:55","guid":{"rendered":"http:\/\/agora.xtec.cat\/iesflix\/?page_id=49"},"modified":"2025-10-13T12:40:10","modified_gmt":"2025-10-13T10:40:10","slug":"normes-dorganitzacio-i-funcionament","status":"publish","type":"page","link":"https:\/\/agora.xtec.cat\/iesflix\/linstitut\/normes-dorganitzacio-i-funcionament\/","title":{"rendered":"Documents estrat\u00e8gics de centre"},"content":{"rendered":"<p style=\"text-align: justify;\"><strong>L\u2019institut, com sempre l\u2019hem anomenat, \u00e9s un lloc de trobada.<\/strong>\u00a0Si ens hagu\u00e9ssim de definir dir\u00edem que som un centre amb una pretensi\u00f3 concreta: educar. Un terme senzill amb un abast molt ambici\u00f3s. Ens caracteritzem per cercar el consens a l\u2019hora de prendre decisions,per ser\u00a0<strong>democr\u00e0tics<\/strong>\u00a0i\u00a0<strong>participatius<\/strong>\u00a0i on\u00a0\u00a0<strong>respectem la diversitat de l\u2019alumnat i fomentem la igualtat d\u2019oportunitats<\/strong>.<\/p>\n<p style=\"text-align: justify;\">Ens hem adaptat als canvis, estimulem la\u00a0<strong>metodologia activa i els alumnes mitjan\u00e7ant la cooperaci\u00f3 i participaci\u00f3<\/strong>\u00a0se senten responsables i adquireixen el comprom\u00eds social que els ajuda a cr\u00e9ixer com\u00a0 a persones. Pretenem amb l\u2019ajut incondicional dels pares fomentar la cultura de l\u2019esfor\u00e7\u00a0 l\u2019autosuperaci\u00f3 i \u00a0l\u2019esperit cr\u00edtic.<\/p>\n<p style=\"text-align: justify;\">A continuaci\u00f3 enllacem els seg\u00fcents documents estrat\u00e8gics:<\/p>\n<ul style=\"list-style-type: circle; text-align: justify;\">\n<li><a href=\"https:\/\/agora.xtec.cat\/iesflix\/wp-content\/uploads\/usu1940\/2025\/10\/NOFC_Curs_25_26_D19_v06-1.pdf\" target=\"_blank\" rel=\"noopener\">NOFC<\/a><\/li>\n<li><a href=\"https:\/\/agora.xtec.cat\/iesflix\/wp-content\/uploads\/usu1940\/2025\/07\/PEC_2025_D07_v5-1.pdf\">PEC<\/a><\/li>\n<li><a href=\"https:\/\/agora.xtec.cat\/iesflix\/wp-content\/uploads\/usu1940\/2024\/07\/PROJECTE_LINGUISTIC_PLC_v-01.pdf\">PROJECTE LING\u00dc\u00cdSTIC<\/a><\/li>\n<\/ul>\n<p style=\"text-align: justify;\">Podeu trobar tota la informaci\u00f3 al clickedu.<\/p>\n","protected":false},"excerpt":{"rendered":"<p>L\u2019institut, com sempre l\u2019hem anomenat, \u00e9s un lloc de trobada.\u00a0Si ens hagu\u00e9ssim de definir dir\u00edem que som un centre amb una pretensi\u00f3 concreta: educar. Un terme senzill amb un abast molt ambici\u00f3s. Ens caracteritzem per cercar el consens a l\u2019hora de prendre decisions,per ser\u00a0democr\u00e0tics\u00a0i\u00a0participatius\u00a0i on\u00a0\u00a0respectem la diversitat de l\u2019alumnat i fomentem la igualtat d\u2019oportunitats. Ens [&hellip;]<\/p>\n","protected":false},"author":1,"featured_media":0,"parent":19,"menu_order":60,"comment_status":"closed","ping_status":"closed","template":"page-templates\/side-menu.php","meta":{"_bbp_topic_count":0,"_bbp_reply_count":0,"_bbp_total_topic_count":0,"_bbp_total_reply_count":0,"_bbp_voice_count":0,"_bbp_anonymous_reply_count":0,"_bbp_topic_count_hidden":0,"_bbp_reply_count_hidden":0,"_bbp_forum_subforum_count":0,"site-sidebar-layout":"default","site-content-layout":"","ast-site-content-layout":"","site-content-style":"default","site-sidebar-style":"default","ast-global-header-display":"","ast-banner-title-visibility":"","ast-main-header-display":"","ast-hfb-above-header-display":"","ast-hfb-below-header-display":"","ast-hfb-mobile-header-display":"","site-post-title":"","ast-breadcrumbs-content":"","ast-featured-img":"","footer-sml-layout":"","theme-transparent-header-meta":"","adv-header-id-meta":"","stick-header-meta":"","header-above-stick-meta":"","header-main-stick-meta":"","header-below-stick-meta":"","astra-migrate-meta-layouts":"default","ast-page-background-enabled":"default","ast-page-background-meta":{"desktop":{"background-color":"var(--ast-global-color-4)","background-image":"","background-repeat":"repeat","background-position":"center center","background-size":"auto","background-attachment":"scroll","background-type":"","background-media":"","overlay-type":"","overlay-color":"","overlay-opacity":"","overlay-gradient":""},"tablet":{"background-color":"","background-image":"","background-repeat":"repeat","background-position":"center center","background-size":"auto","background-attachment":"scroll","background-type":"","background-media":"","overlay-type":"","overlay-color":"","overlay-opacity":"","overlay-gradient":""},"mobile":{"background-color":"","background-image":"","background-repeat":"repeat","background-position":"center center","background-size":"auto","background-attachment":"scroll","background-type":"","background-media":"","overlay-type":"","overlay-color":"","overlay-opacity":"","overlay-gradient":""}},"ast-content-background-meta":{"desktop":{"background-color":"var(--ast-global-color-5)","background-image":"","background-repeat":"repeat","background-position":"center center","background-size":"auto","background-attachment":"scroll","background-type":"","background-media":"","overlay-type":"","overlay-color":"","overlay-opacity":"","overlay-gradient":""},"tablet":{"background-color":"var(--ast-global-color-5)","background-image":"","background-repeat":"repeat","background-position":"center center","background-size":"auto","background-attachment":"scroll","background-type":"","background-media":"","overlay-type":"","overlay-color":"","overlay-opacity":"","overlay-gradient":""},"mobile":{"background-color":"var(--ast-global-color-5)","background-image":"","background-repeat":"repeat","background-position":"center center","background-size":"auto","background-attachment":"scroll","background-type":"","background-media":"","overlay-type":"","overlay-color":"","overlay-opacity":"","overlay-gradient":""}},"footnotes":""},"class_list":["post-49","page","type-page","status-publish","hentry"],"post_mailing_queue_ids":[],"_links":{"self":[{"href":"https:\/\/agora.xtec.cat\/iesflix\/wp-json\/wp\/v2\/pages\/49","targetHints":{"allow":["GET"]}}],"collection":[{"href":"https:\/\/agora.xtec.cat\/iesflix\/wp-json\/wp\/v2\/pages"}],"about":[{"href":"https:\/\/agora.xtec.cat\/iesflix\/wp-json\/wp\/v2\/types\/page"}],"author":[{"embeddable":true,"href":"https:\/\/agora.xtec.cat\/iesflix\/wp-json\/wp\/v2\/users\/1"}],"replies":[{"embeddable":true,"href":"https:\/\/agora.xtec.cat\/iesflix\/wp-json\/wp\/v2\/comments?post=49"}],"version-history":[{"count":6,"href":"https:\/\/agora.xtec.cat\/iesflix\/wp-json\/wp\/v2\/pages\/49\/revisions"}],"predecessor-version":[{"id":4819,"href":"https:\/\/agora.xtec.cat\/iesflix\/wp-json\/wp\/v2\/pages\/49\/revisions\/4819"}],"up":[{"embeddable":true,"href":"https:\/\/agora.xtec.cat\/iesflix\/wp-json\/wp\/v2\/pages\/19"}],"wp:attachment":[{"href":"https:\/\/agora.xtec.cat\/iesflix\/wp-json\/wp\/v2\/media?parent=49"}],"curies":[{"name":"wp","href":"https:\/\/api.w.org\/{rel}","templated":true}]}}