{"id":4609,"date":"2025-03-07T11:46:02","date_gmt":"2025-03-07T10:46:02","guid":{"rendered":"https:\/\/agora.xtec.cat\/iesflix\/?page_id=4609"},"modified":"2025-03-14T11:47:00","modified_gmt":"2025-03-14T10:47:00","slug":"ofertes-laborals","status":"publish","type":"page","link":"https:\/\/agora.xtec.cat\/iesflix\/ofertes-laborals\/","title":{"rendered":"Ofertes Laborals"},"content":{"rendered":"\n<p>L&#8217;Institut de Flix ofereix els seg\u00fcents ensenyaments:<\/p>\n\n\n\n<ul class=\"wp-block-list\">\n<li><strong>CFGM Manteniment Electromec\u00e0nic<\/strong><\/li>\n\n\n\n<li><strong>CFGM Gesti\u00f3 Administrativa orientada al turisme<\/strong><\/li>\n\n\n\n<li><strong>CFGS Sistemes electrot\u00e8cnics i automatitzats<\/strong><\/li>\n\n\n\n<li><strong>CFGS Energies&nbsp;Renovables<\/strong><\/li>\n<\/ul>\n\n\n\n<p>Hem creat aquest espai de consulta amb la voluntat de facilitar l&#8217;acc\u00e9s a les ofertes laborals relacionades amb aquestes fam\u00edlies professionals que ens arriben al centre.<\/p>\n\n\n\n<p>Cal tenir en compte que l\u2019Institut de Flix&nbsp;<strong>nom\u00e9s actua com a difusor<\/strong>&nbsp;d\u2019aquestes ofertes i&nbsp;<strong>no interv\u00e9<\/strong>&nbsp;en cap etapa del proc\u00e9s de selecci\u00f3 ni en la relaci\u00f3 entre les empreses i els candidats.<\/p>\n\n\n\n<p><strong>OFERTES DE TREBALL:<\/strong><\/p>\n\n\n\n<p><a href=\"https:\/\/dynatec.viterbit.site\/administrativo-a-tecnico-t3ur_WqQi2VR\/\" data-type=\"link\" data-id=\"https:\/\/dynatec.viterbit.site\/administrativo-a-tecnico-t3ur_WqQi2VR\/\">GESTI\u00d3 ADMINISTRATIVA<\/a><\/p>\n\n\n\n<p><strong>ENLLA\u00c7OS D&#8217;INTER\u00c8S:<\/strong><\/p>\n\n\n\n<p><a href=\"https:\/\/www.riberaebre.net\/joventut\/index.php?option=com_sobi2&amp;catid=4&amp;Itemid=0\" target=\"_blank\" rel=\"noreferrer noopener\">Borsa treball Consell comarcal Ribera d&#8217;Ebre<\/a><\/p>\n\n\n\n<p><a href=\"https:\/\/www.riberadebreviva.org\/on-trobo-ofertes-de-feina\/#toggle-id-1\" target=\"_blank\" rel=\"noreferrer noopener\">Ribera d&#8217;ebre VIVA<\/a><\/p>\n","protected":false},"excerpt":{"rendered":"<p>L&#8217;Institut de Flix ofereix els seg\u00fcents ensenyaments: Hem creat aquest espai de consulta amb la voluntat de facilitar l&#8217;acc\u00e9s a les ofertes laborals relacionades amb aquestes fam\u00edlies professionals que ens arriben al centre. Cal tenir en compte que l\u2019Institut de Flix&nbsp;nom\u00e9s actua com a difusor&nbsp;d\u2019aquestes ofertes i&nbsp;no interv\u00e9&nbsp;en cap etapa del proc\u00e9s de selecci\u00f3 ni [&hellip;]<\/p>\n","protected":false},"author":45,"featured_media":0,"parent":0,"menu_order":0,"comment_status":"closed","ping_status":"close","template":"","meta":{"_bbp_topic_count":0,"_bbp_reply_count":0,"_bbp_total_topic_count":0,"_bbp_total_reply_count":0,"_bbp_voice_count":0,"_bbp_anonymous_reply_count":0,"_bbp_topic_count_hidden":0,"_bbp_reply_count_hidden":0,"_bbp_forum_subforum_count":0,"site-sidebar-layout":"default","site-content-layout":"","ast-site-content-layout":"","site-content-style":"default","site-sidebar-style":"default","ast-global-header-display":"","ast-banner-title-visibility":"","ast-main-header-display":"","ast-hfb-above-header-display":"","ast-hfb-below-header-display":"","ast-hfb-mobile-header-display":"","site-post-title":"","ast-breadcrumbs-content":"","ast-featured-img":"","footer-sml-layout":"","theme-transparent-header-meta":"","adv-header-id-meta":"","stick-header-meta":"","header-above-stick-meta":"","header-main-stick-meta":"","header-below-stick-meta":"","astra-migrate-meta-layouts":"default","ast-page-background-enabled":"default","ast-page-background-meta":{"desktop":{"background-color":"var(--ast-global-color-4)","background-image":"","background-repeat":"repeat","background-position":"center center","background-size":"auto","background-attachment":"scroll","background-type":"","background-media":"","overlay-type":"","overlay-color":"","overlay-opacity":"","overlay-gradient":""},"tablet":{"background-color":"","background-image":"","background-repeat":"repeat","background-position":"center center","background-size":"auto","background-attachment":"scroll","background-type":"","background-media":"","overlay-type":"","overlay-color":"","overlay-opacity":"","overlay-gradient":""},"mobile":{"background-color":"","background-image":"","background-repeat":"repeat","background-position":"center center","background-size":"auto","background-attachment":"scroll","background-type":"","background-media":"","overlay-type":"","overlay-color":"","overlay-opacity":"","overlay-gradient":""}},"ast-content-background-meta":{"desktop":{"background-color":"var(--ast-global-color-5)","background-image":"","background-repeat":"repeat","background-position":"center center","background-size":"auto","background-attachment":"scroll","background-type":"","background-media":"","overlay-type":"","overlay-color":"","overlay-opacity":"","overlay-gradient":""},"tablet":{"background-color":"var(--ast-global-color-5)","background-image":"","background-repeat":"repeat","background-position":"center center","background-size":"auto","background-attachment":"scroll","background-type":"","background-media":"","overlay-type":"","overlay-color":"","overlay-opacity":"","overlay-gradient":""},"mobile":{"background-color":"var(--ast-global-color-5)","background-image":"","background-repeat":"repeat","background-position":"center center","background-size":"auto","background-attachment":"scroll","background-type":"","background-media":"","overlay-type":"","overlay-color":"","overlay-opacity":"","overlay-gradient":""}},"footnotes":""},"class_list":["post-4609","page","type-page","status-publish","hentry"],"post_mailing_queue_ids":[],"_links":{"self":[{"href":"https:\/\/agora.xtec.cat\/iesflix\/wp-json\/wp\/v2\/pages\/4609","targetHints":{"allow":["GET"]}}],"collection":[{"href":"https:\/\/agora.xtec.cat\/iesflix\/wp-json\/wp\/v2\/pages"}],"about":[{"href":"https:\/\/agora.xtec.cat\/iesflix\/wp-json\/wp\/v2\/types\/page"}],"author":[{"embeddable":true,"href":"https:\/\/agora.xtec.cat\/iesflix\/wp-json\/wp\/v2\/users\/45"}],"replies":[{"embeddable":true,"href":"https:\/\/agora.xtec.cat\/iesflix\/wp-json\/wp\/v2\/comments?post=4609"}],"version-history":[{"count":6,"href":"https:\/\/agora.xtec.cat\/iesflix\/wp-json\/wp\/v2\/pages\/4609\/revisions"}],"predecessor-version":[{"id":4702,"href":"https:\/\/agora.xtec.cat\/iesflix\/wp-json\/wp\/v2\/pages\/4609\/revisions\/4702"}],"wp:attachment":[{"href":"https:\/\/agora.xtec.cat\/iesflix\/wp-json\/wp\/v2\/media?parent=4609"}],"curies":[{"name":"wp","href":"https:\/\/api.w.org\/{rel}","templated":true}]}}