{"id":4551,"date":"2025-02-18T11:21:18","date_gmt":"2025-02-18T10:21:18","guid":{"rendered":"https:\/\/agora.xtec.cat\/iesflix\/?page_id=4551"},"modified":"2025-02-18T11:42:41","modified_gmt":"2025-02-18T10:42:41","slug":"cicles-formatius-2","status":"publish","type":"page","link":"https:\/\/agora.xtec.cat\/iesflix\/cicles-formatius-2\/","title":{"rendered":"Cicles Formatius"},"content":{"rendered":"\n<div class=\"wp-block-buttons is-content-justification-center is-layout-flex wp-container-core-buttons-is-layout-1 wp-block-buttons-is-layout-flex\">\n<div class=\"wp-block-button is-style-outline is-style-outline--1\"><a class=\"wp-block-button__link has-text-align-center wp-element-button\" href=\"https:\/\/agora.xtec.cat\/iesflix\/cfgm-manteniment-electromecanic\/\" rel=\"https:\/\/agora.xtec.cat\/iesflix\/cfgm-manteniment-electromecanic\/\">CFGM Manteniment Electromec\u00e0nic<\/a><\/div>\n\n\n\n<div class=\"wp-block-button is-style-outline is-style-outline--2\"><a class=\"wp-block-button__link has-text-align-center wp-element-button\" href=\"https:\/\/agora.xtec.cat\/iesflix\/cfgm-gestio-administrativa\/\" rel=\"https:\/\/agora.xtec.cat\/iesflix\/cfgm-manteniment-electromecanic\/\">CFGM Gesti\u00f3 Administrativa<\/a><\/div>\n\n\n\n<div class=\"wp-block-button is-style-outline is-style-outline--3\"><a class=\"wp-block-button__link has-text-align-center wp-element-button\" href=\"https:\/\/agora.xtec.cat\/iesflix\/#:~:text=CFGS%20Sistemes%20Electrot%C3%A8cnics%20i%20Automatitzats\" rel=\"https:\/\/agora.xtec.cat\/iesflix\/cfgm-manteniment-electromecanic\/\">CFGS Sistemes Electrot\u00e8cnics i Automatitzats<\/a><\/div>\n\n\n\n<div class=\"wp-block-button is-style-outline is-style-outline--4\"><a class=\"wp-block-button__link has-text-align-center wp-element-button\" href=\"https:\/\/agora.xtec.cat\/iesflix\/#:~:text=CFGS%20Energies%20Renovables\" rel=\"https:\/\/agora.xtec.cat\/iesflix\/cfgm-manteniment-electromecanic\/\">CFGS Energies Renovables<\/a><\/div>\n<\/div>\n\n\n\n<div style=\"height:100px\" aria-hidden=\"true\" class=\"wp-block-spacer\"><\/div>\n\n\n\n\t\t<div class=\"wp-block-getwid-recent-posts has-layout-list has-cropped-images\">\n\t\t\t<div class=\"wp-block-getwid-recent-posts__wrapper\">\n\t\t\t\t\n<article id=\"post-4771\" class=\"wp-block-getwid-recent-posts__post\">\n    <div class=\"wp-block-getwid-recent-posts__post-wrapper\">\n                            <div class=\"wp-block-getwid-recent-posts__content-wrapper\">\n                                    <header class=\"wp-block-getwid-recent-posts__entry-header\">\n                                                    <h3 class=\"wp-block-getwid-recent-posts__post-title\"><a href=\"https:\/\/agora.xtec.cat\/iesflix\/cicles-formatius\/informacions-importants-matricula-de-cicles-formatius-de-grau-mitja-i-grau-superior\/\">INFORMACIONS IMPORTANTS MATR\u00cdCULA DE CICLES FORMATIUS DE GRAU MITJ\u00c0 I GRAU SUPERIOR:<\/a><\/h3>                                                                    <\/header>\n                                <div class=\"wp-block-getwid-recent-posts__post-content\">Publicaci\u00f3 d\u2019assignacions \u2013 1a tanda de matr\u00edcula als Cicles Formatius de Grau mitj\u00e0 i Grau Superior Ja s\u2019han publicat les assignacions de la primera tanda de matr\u00edcula als Cicles Formatius de Grau Mitj\u00e0 i de Grau Superior. Podeu consultar els llistats d\u2019alumnes admesos a l\u2019institut de Flix en primera tanda als seg\u00fcents apartats de la&hellip;<\/div>\n                \n                            <\/div>\n            <\/div>\n<\/article>\n\n<article id=\"post-4716\" class=\"wp-block-getwid-recent-posts__post\">\n    <div class=\"wp-block-getwid-recent-posts__post-wrapper\">\n                    <div class=\"wp-block-getwid-recent-posts__post-thumbnail\">\n                <a href=\"https:\/\/agora.xtec.cat\/iesflix\/general\/preinscripcions-cicles-formatius\/\"><img loading=\"lazy\" decoding=\"async\" width=\"1024\" height=\"585\" src=\"https:\/\/agora.xtec.cat\/iesflix\/wp-content\/uploads\/usu1940\/2025\/05\/Diseno-sin-titulo-2-1024x585.jpg\" class=\"attachment-large size-large wp-post-image\" alt=\"Preinscripcions Cicles Formatius\" srcset=\"https:\/\/agora.xtec.cat\/iesflix\/wp-content\/uploads\/usu1940\/2025\/05\/Diseno-sin-titulo-2-1024x585.jpg 1024w, https:\/\/agora.xtec.cat\/iesflix\/wp-content\/uploads\/usu1940\/2025\/05\/Diseno-sin-titulo-2-300x171.jpg 300w, https:\/\/agora.xtec.cat\/iesflix\/wp-content\/uploads\/usu1940\/2025\/05\/Diseno-sin-titulo-2-768x439.jpg 768w, https:\/\/agora.xtec.cat\/iesflix\/wp-content\/uploads\/usu1940\/2025\/05\/Diseno-sin-titulo-2.jpg 1050w\" sizes=\"auto, (max-width: 1024px) 100vw, 1024px\" \/><\/a>\n            <\/div>\n                            <div class=\"wp-block-getwid-recent-posts__content-wrapper\">\n                                    <header class=\"wp-block-getwid-recent-posts__entry-header\">\n                                                    <h3 class=\"wp-block-getwid-recent-posts__post-title\"><a href=\"https:\/\/agora.xtec.cat\/iesflix\/general\/preinscripcions-cicles-formatius\/\">Preinscripcions Cicles Formatius<\/a><\/h3>                                                                    <\/header>\n                                <div class=\"wp-block-getwid-recent-posts__post-content\">&nbsp;Preinscripci\u00f3 oberta als Cicles Formatius a l\u2019Institut de Flix! Des del&nbsp;23 fins al 29 de maig, ja podeu fer la&nbsp;preinscripci\u00f3&nbsp;als&nbsp;Cicles Formatius&nbsp;que oferim al nostre centre. Una oportunitat per formar-te en \u00e0mbits amb futur i amb una gran inserci\u00f3 laboral. &nbsp;A l\u2019Institut de Flix oferim els seg\u00fcents cicles: &nbsp;CFGM de Gesti\u00f3 AdministrativaIdeal per a aquells que&hellip;<\/div>\n                \n                            <\/div>\n            <\/div>\n<\/article>\n\n<article id=\"post-4505\" class=\"wp-block-getwid-recent-posts__post\">\n    <div class=\"wp-block-getwid-recent-posts__post-wrapper\">\n                    <div class=\"wp-block-getwid-recent-posts__post-thumbnail\">\n                <a href=\"https:\/\/agora.xtec.cat\/iesflix\/cicles-formatius\/descobrint-el-teixit-empresarial-de-la-ribera-debre-visita-al-centre-dempreses-de-flix\/\"><img loading=\"lazy\" decoding=\"async\" width=\"476\" height=\"214\" src=\"https:\/\/agora.xtec.cat\/iesflix\/wp-content\/uploads\/usu1940\/2025\/02\/centre-empreses-flix-Maria-Elisabet-Castellnou.png\" class=\"attachment-large size-large wp-post-image\" alt=\"IES Flix: Descobrint el teixit empresarial de la Ribera d&#8217;Ebre: visita al Centre d&#8217;empreses de Flix\" srcset=\"https:\/\/agora.xtec.cat\/iesflix\/wp-content\/uploads\/usu1940\/2025\/02\/centre-empreses-flix-Maria-Elisabet-Castellnou.png 476w, https:\/\/agora.xtec.cat\/iesflix\/wp-content\/uploads\/usu1940\/2025\/02\/centre-empreses-flix-Maria-Elisabet-Castellnou-300x135.png 300w\" sizes=\"auto, (max-width: 476px) 100vw, 476px\" \/><\/a>\n            <\/div>\n                            <div class=\"wp-block-getwid-recent-posts__content-wrapper\">\n                                    <header class=\"wp-block-getwid-recent-posts__entry-header\">\n                                                    <h3 class=\"wp-block-getwid-recent-posts__post-title\"><a href=\"https:\/\/agora.xtec.cat\/iesflix\/cicles-formatius\/descobrint-el-teixit-empresarial-de-la-ribera-debre-visita-al-centre-dempreses-de-flix\/\">IES Flix: Descobrint el teixit empresarial de la Ribera d&#8217;Ebre: visita al Centre d&#8217;empreses de Flix<\/a><\/h3>                                                                    <\/header>\n                                <div class=\"wp-block-getwid-recent-posts__post-content\">L\u2019alumnat de Cicles Formatius ha visitat aquest dijous el Centre d\u2019Empreses de Flix per con\u00e8ixer de primera m\u00e0 el teixit empresarial de la Ribera d\u2019Ebre i descobrir el paper d\u2019aquest centre en el suport a l\u2019emprenedoria i el desenvolupament local. L\u2019objectiu de la visita era donar a con\u00e8ixer les diverses oportunitats que Flix ofereix per&hellip;<\/div>\n                \n                            <\/div>\n            <\/div>\n<\/article>\n\n<article id=\"post-4258\" class=\"wp-block-getwid-recent-posts__post\">\n    <div class=\"wp-block-getwid-recent-posts__post-wrapper\">\n                    <div class=\"wp-block-getwid-recent-posts__post-thumbnail\">\n                <a href=\"https:\/\/agora.xtec.cat\/iesflix\/batxillerat\/escape-room-seleccio-personal\/\"><img loading=\"lazy\" decoding=\"async\" width=\"1024\" height=\"769\" src=\"https:\/\/agora.xtec.cat\/iesflix\/wp-content\/uploads\/usu1940\/2024\/12\/WhatsApp-Image-2024-11-29-at-14.12.35-Gemma-Abello-1024x769.jpeg\" class=\"attachment-large size-large wp-post-image\" alt=\"IES Flix: Escape Room Selecci\u00f3 Personal\" srcset=\"https:\/\/agora.xtec.cat\/iesflix\/wp-content\/uploads\/usu1940\/2024\/12\/WhatsApp-Image-2024-11-29-at-14.12.35-Gemma-Abello-1024x769.jpeg 1024w, https:\/\/agora.xtec.cat\/iesflix\/wp-content\/uploads\/usu1940\/2024\/12\/WhatsApp-Image-2024-11-29-at-14.12.35-Gemma-Abello-300x225.jpeg 300w, https:\/\/agora.xtec.cat\/iesflix\/wp-content\/uploads\/usu1940\/2024\/12\/WhatsApp-Image-2024-11-29-at-14.12.35-Gemma-Abello-768x576.jpeg 768w, https:\/\/agora.xtec.cat\/iesflix\/wp-content\/uploads\/usu1940\/2024\/12\/WhatsApp-Image-2024-11-29-at-14.12.35-Gemma-Abello-1536x1153.jpeg 1536w, https:\/\/agora.xtec.cat\/iesflix\/wp-content\/uploads\/usu1940\/2024\/12\/WhatsApp-Image-2024-11-29-at-14.12.35-Gemma-Abello-200x150.jpeg 200w, https:\/\/agora.xtec.cat\/iesflix\/wp-content\/uploads\/usu1940\/2024\/12\/WhatsApp-Image-2024-11-29-at-14.12.35-Gemma-Abello.jpeg 1600w\" sizes=\"auto, (max-width: 1024px) 100vw, 1024px\" \/><\/a>\n            <\/div>\n                            <div class=\"wp-block-getwid-recent-posts__content-wrapper\">\n                                    <header class=\"wp-block-getwid-recent-posts__entry-header\">\n                                                    <h3 class=\"wp-block-getwid-recent-posts__post-title\"><a href=\"https:\/\/agora.xtec.cat\/iesflix\/batxillerat\/escape-room-seleccio-personal\/\">IES Flix: Escape Room Selecci\u00f3 Personal<\/a><\/h3>                                                                    <\/header>\n                                <div class=\"wp-block-getwid-recent-posts__post-content\">L&#8217;alumnat del CFGM d\u2019Administraci\u00f3 i Electromec\u00e0nica, juntament amb els de l\u2019optativa de Psicologia de 1r de Batxillerat, han participat en una sessi\u00f3 din\u00e0mica i enriquidora al Casal de Joves de Flix! \ud83c\udf89 Les t\u00e8cniques del Punt Jove del Consell Comarcal han explicat els serveis que ofereixen, i despr\u00e9s ens hem posat a prova amb un&hellip;<\/div>\n                \n                            <\/div>\n            <\/div>\n<\/article>\n\n<article id=\"post-4252\" class=\"wp-block-getwid-recent-posts__post\">\n    <div class=\"wp-block-getwid-recent-posts__post-wrapper\">\n                    <div class=\"wp-block-getwid-recent-posts__post-thumbnail\">\n                <a href=\"https:\/\/agora.xtec.cat\/iesflix\/cicles-formatius\/fira-docupacio-juvenil-del-priorat-ribera-debre-i-terra-alta\/\"><img loading=\"lazy\" decoding=\"async\" width=\"1008\" height=\"756\" src=\"https:\/\/agora.xtec.cat\/iesflix\/wp-content\/uploads\/usu1940\/2024\/11\/20241127_122213X-Maria-Elisabet-Castellnou.jpg\" class=\"attachment-large size-large wp-post-image\" alt=\"IES Flix: FIRA D&#8217;OCUPACI\u00d3 JUVENIL DEL PRIORAT, RIBERA D&#8217;EBRE I TERRA ALTA\" srcset=\"https:\/\/agora.xtec.cat\/iesflix\/wp-content\/uploads\/usu1940\/2024\/11\/20241127_122213X-Maria-Elisabet-Castellnou.jpg 1008w, https:\/\/agora.xtec.cat\/iesflix\/wp-content\/uploads\/usu1940\/2024\/11\/20241127_122213X-Maria-Elisabet-Castellnou-300x225.jpg 300w, https:\/\/agora.xtec.cat\/iesflix\/wp-content\/uploads\/usu1940\/2024\/11\/20241127_122213X-Maria-Elisabet-Castellnou-768x576.jpg 768w, https:\/\/agora.xtec.cat\/iesflix\/wp-content\/uploads\/usu1940\/2024\/11\/20241127_122213X-Maria-Elisabet-Castellnou-200x150.jpg 200w\" sizes=\"auto, (max-width: 1008px) 100vw, 1008px\" \/><\/a>\n            <\/div>\n                            <div class=\"wp-block-getwid-recent-posts__content-wrapper\">\n                                    <header class=\"wp-block-getwid-recent-posts__entry-header\">\n                                                    <h3 class=\"wp-block-getwid-recent-posts__post-title\"><a href=\"https:\/\/agora.xtec.cat\/iesflix\/cicles-formatius\/fira-docupacio-juvenil-del-priorat-ribera-debre-i-terra-alta\/\">IES Flix: FIRA D&#8217;OCUPACI\u00d3 JUVENIL DEL PRIORAT, RIBERA D&#8217;EBRE I TERRA ALTA<\/a><\/h3>                                                                    <\/header>\n                                <div class=\"wp-block-getwid-recent-posts__post-content\">El passat 27 de novembre, l&#8217;alumnat de Cicles Formatius de l&#8217;Institut de Flix va participar en la Fira d&#8217;Ocupaci\u00f3 Juvenil del Priorat, Ribera d&#8217;Ebre i Terra Alta. Van gaudir d&#8217;una interessant xerrada sobre intel\u00b7lig\u00e8ncia artificial titulada &#8220;IA generativa per a la recerca de feina&#8221;, on van poder con\u00e8ixer com aquesta tecnologia pot facilitar el proc\u00e9s&hellip;<\/div>\n                \n                            <\/div>\n            <\/div>\n<\/article>\n\t\t\t<\/div>\n\t\t<\/div>\n\t\t","protected":false},"excerpt":{"rendered":"","protected":false},"author":45,"featured_media":0,"parent":0,"menu_order":0,"comment_status":"closed","ping_status":"close","template":"","meta":{"_bbp_topic_count":0,"_bbp_reply_count":0,"_bbp_total_topic_count":0,"_bbp_total_reply_count":0,"_bbp_voice_count":0,"_bbp_anonymous_reply_count":0,"_bbp_topic_count_hidden":0,"_bbp_reply_count_hidden":0,"_bbp_forum_subforum_count":0,"site-sidebar-layout":"default","site-content-layout":"","ast-site-content-layout":"","site-content-style":"default","site-sidebar-style":"default","ast-global-header-display":"","ast-banner-title-visibility":"","ast-main-header-display":"","ast-hfb-above-header-display":"","ast-hfb-below-header-display":"","ast-hfb-mobile-header-display":"","site-post-title":"","ast-breadcrumbs-content":"","ast-featured-img":"","footer-sml-layout":"","theme-transparent-header-meta":"","adv-header-id-meta":"","stick-header-meta":"","header-above-stick-meta":"","header-main-stick-meta":"","header-below-stick-meta":"","astra-migrate-meta-layouts":"default","ast-page-background-enabled":"default","ast-page-background-meta":{"desktop":{"background-color":"var(--ast-global-color-4)","background-image":"","background-repeat":"repeat","background-position":"center center","background-size":"auto","background-attachment":"scroll","background-type":"","background-media":"","overlay-type":"","overlay-color":"","overlay-opacity":"","overlay-gradient":""},"tablet":{"background-color":"","background-image":"","background-repeat":"repeat","background-position":"center center","background-size":"auto","background-attachment":"scroll","background-type":"","background-media":"","overlay-type":"","overlay-color":"","overlay-opacity":"","overlay-gradient":""},"mobile":{"background-color":"","background-image":"","background-repeat":"repeat","background-position":"center center","background-size":"auto","background-attachment":"scroll","background-type":"","background-media":"","overlay-type":"","overlay-color":"","overlay-opacity":"","overlay-gradient":""}},"ast-content-background-meta":{"desktop":{"background-color":"var(--ast-global-color-5)","background-image":"","background-repeat":"repeat","background-position":"center center","background-size":"auto","background-attachment":"scroll","background-type":"","background-media":"","overlay-type":"","overlay-color":"","overlay-opacity":"","overlay-gradient":""},"tablet":{"background-color":"var(--ast-global-color-5)","background-image":"","background-repeat":"repeat","background-position":"center center","background-size":"auto","background-attachment":"scroll","background-type":"","background-media":"","overlay-type":"","overlay-color":"","overlay-opacity":"","overlay-gradient":""},"mobile":{"background-color":"var(--ast-global-color-5)","background-image":"","background-repeat":"repeat","background-position":"center center","background-size":"auto","background-attachment":"scroll","background-type":"","background-media":"","overlay-type":"","overlay-color":"","overlay-opacity":"","overlay-gradient":""}},"footnotes":""},"class_list":["post-4551","page","type-page","status-publish","hentry"],"post_mailing_queue_ids":[],"_links":{"self":[{"href":"https:\/\/agora.xtec.cat\/iesflix\/wp-json\/wp\/v2\/pages\/4551","targetHints":{"allow":["GET"]}}],"collection":[{"href":"https:\/\/agora.xtec.cat\/iesflix\/wp-json\/wp\/v2\/pages"}],"about":[{"href":"https:\/\/agora.xtec.cat\/iesflix\/wp-json\/wp\/v2\/types\/page"}],"author":[{"embeddable":true,"href":"https:\/\/agora.xtec.cat\/iesflix\/wp-json\/wp\/v2\/users\/45"}],"replies":[{"embeddable":true,"href":"https:\/\/agora.xtec.cat\/iesflix\/wp-json\/wp\/v2\/comments?post=4551"}],"version-history":[{"count":5,"href":"https:\/\/agora.xtec.cat\/iesflix\/wp-json\/wp\/v2\/pages\/4551\/revisions"}],"predecessor-version":[{"id":4558,"href":"https:\/\/agora.xtec.cat\/iesflix\/wp-json\/wp\/v2\/pages\/4551\/revisions\/4558"}],"wp:attachment":[{"href":"https:\/\/agora.xtec.cat\/iesflix\/wp-json\/wp\/v2\/media?parent=4551"}],"curies":[{"name":"wp","href":"https:\/\/api.w.org\/{rel}","templated":true}]}}