{"id":4520,"date":"2025-02-18T09:27:28","date_gmt":"2025-02-18T08:27:28","guid":{"rendered":"https:\/\/agora.xtec.cat\/iesflix\/?page_id=4520"},"modified":"2025-02-18T19:51:21","modified_gmt":"2025-02-18T18:51:21","slug":"cfgs-en-energies-renovables","status":"publish","type":"page","link":"https:\/\/agora.xtec.cat\/iesflix\/cfgs-en-energies-renovables\/","title":{"rendered":"CFGS Energies Renovables"},"content":{"rendered":"\n<p>Aquests estudis capaciten per efectuar la coordinaci\u00f3 del muntatge, posada en servei i gesti\u00f3 de l&#8217;operaci\u00f3 i manteniment de parcs i instal\u00b7lacions d&#8217;energia e\u00f2lica; promocionar instal\u00b7lacions; desenvolupar projectes, i gestionar i realitzar el muntatge i manteniment d&#8217;instal\u00b7lacions solars fotovoltaiques; gestionar i supervisar el muntatge i el manteniment, i realitzar l&#8217;operaci\u00f3 i el manteniment de primer nivell en subestacions el\u00e8ctriques.<\/p>\n\n\n\n<p><strong>FAM\u00cdLIA PROFESSIONAL: <\/strong>Energia i aigua<\/p>\n\n\n\n<p><strong>T\u00cdTOL: <\/strong>T\u00e8cnic\/a superior en Energies Renovables&nbsp;<\/p>\n\n\n\n<p><strong>DURADA: <\/strong>La durada \u00e9s de 2.000 hores distribu\u00efdes en dos cursos acad\u00e8mics (1.485 en un centre educatiu i 515 (hores d&#8217;estada a l&#8217;empresa) en un centre de treball).<\/p>\n\n\n\n<p><strong>COMPET\u00c8NCIA PROFESSIONAL:&nbsp;<\/strong><\/p>\n\n\n\n<p>La compet\u00e8ncia general d&#8217;aquest t\u00edtol consisteix a efectuar la coordinaci\u00f3 del muntatge, posada en servei i gesti\u00f3 de l&#8217;operaci\u00f3 i manteniment de parcs i instal\u00b7lacions d&#8217;energia e\u00f2lica, promocionar instal\u00b7lacions, desenvolupar projectes i gestionar i realitzar el muntatge i manteniment d&#8217;instal\u00b7lacions solars fotovoltaiques i gestionar i supervisar el muntatge i el manteniment i realitzar l&#8217;operaci\u00f3 i el manteniment de primer nivell en subestacions el\u00e8ctriques.<\/p>\n\n\n\n<div class=\"wp-block-getwid-images-slider has-arrows-outside has-dots-outside has-images-center has-cropped-images\"><div class=\"wp-block-getwid-images-slider__wrapper\" data-effect=\"slide\" data-slides-show=\"1\" data-slides-show-laptop=\"1\" data-slides-show-tablet=\"1\" data-slides-show-mobile=\"1\" data-slides-scroll=\"1\" data-autoplay=\"true\" data-pause-hover=\"false\" data-autoplay-speed=\"20000\" data-infinite=\"true\" data-animation-speed=\"800\" data-center-mode=\"false\" data-variable-width=\"false\" data-arrows=\"outside\" data-dots=\"outside\" data-spacing=\"none\"><div class=\"wp-block-getwid-images-slider__item\"><figure><img loading=\"lazy\" decoding=\"async\" width=\"1000\" height=\"750\" src=\"https:\/\/agora.xtec.cat\/iesflix\/wp-content\/uploads\/usu1940\/2025\/02\/IMG_20241120_Renovables1.jpg\" data-id=\"4523\" data-link=\"https:\/\/agora.xtec.cat\/iesflix\/?attachment_id=4523\" data-original-link=\"https:\/\/agora.xtec.cat\/iesflix\/wp-content\/uploads\/usu1940\/2025\/02\/IMG_20241120_Renovables1.jpg\" class=\"wp-block-getwid-images-slider__image wp-image-4523\" srcset=\"https:\/\/agora.xtec.cat\/iesflix\/wp-content\/uploads\/usu1940\/2025\/02\/IMG_20241120_Renovables1.jpg 1000w, https:\/\/agora.xtec.cat\/iesflix\/wp-content\/uploads\/usu1940\/2025\/02\/IMG_20241120_Renovables1-300x225.jpg 300w, https:\/\/agora.xtec.cat\/iesflix\/wp-content\/uploads\/usu1940\/2025\/02\/IMG_20241120_Renovables1-768x576.jpg 768w, https:\/\/agora.xtec.cat\/iesflix\/wp-content\/uploads\/usu1940\/2025\/02\/IMG_20241120_Renovables1-200x150.jpg 200w\" sizes=\"auto, (max-width: 1000px) 100vw, 1000px\" \/><\/figure><\/div><div class=\"wp-block-getwid-images-slider__item\"><figure><img loading=\"lazy\" decoding=\"async\" width=\"1008\" height=\"756\" src=\"https:\/\/agora.xtec.cat\/iesflix\/wp-content\/uploads\/usu1940\/2025\/02\/20250131_111052.jpg\" data-id=\"4524\" data-link=\"https:\/\/agora.xtec.cat\/iesflix\/?attachment_id=4524\" data-original-link=\"https:\/\/agora.xtec.cat\/iesflix\/wp-content\/uploads\/usu1940\/2025\/02\/20250131_111052.jpg\" class=\"wp-block-getwid-images-slider__image wp-image-4524\" srcset=\"https:\/\/agora.xtec.cat\/iesflix\/wp-content\/uploads\/usu1940\/2025\/02\/20250131_111052.jpg 1008w, https:\/\/agora.xtec.cat\/iesflix\/wp-content\/uploads\/usu1940\/2025\/02\/20250131_111052-300x225.jpg 300w, https:\/\/agora.xtec.cat\/iesflix\/wp-content\/uploads\/usu1940\/2025\/02\/20250131_111052-768x576.jpg 768w, https:\/\/agora.xtec.cat\/iesflix\/wp-content\/uploads\/usu1940\/2025\/02\/20250131_111052-200x150.jpg 200w\" sizes=\"auto, (max-width: 1008px) 100vw, 1008px\" \/><\/figure><\/div><\/div><\/div>\n\n\n\n<div class=\"wp-block-getwid-tabs\" data-active-tab=\"0\"><ul class=\"wp-block-getwid-tabs__nav-links\"><\/ul>\n<div class=\"wp-block-getwid-tabs__nav-link\"><span class=\"wp-block-getwid-tabs__title-wrapper\"><a href=\"#\"><span class=\"wp-block-getwid-tabs__title\">Sortides acad\u00e8miques<\/span><\/a><\/span><\/div><div class=\"wp-block-getwid-tabs__tab-content-wrapper\"><div class=\"wp-block-getwid-tabs__tab-content\">\n<p>Amb aquests estudis s&#8217;obt\u00e9 el t\u00edtol de t\u00e8cnic superior o t\u00e8cnica superior, que permet accedir a qualsevol estudi universitari oficial de grau. Les persones que s&#8217;han graduat en un cicle formatiu de grau superior poden obtenir la convalidaci\u00f3 de cr\u00e8dits universitaris ECTS.<\/p>\n<\/div><\/div>\n\n\n\n<div class=\"wp-block-getwid-tabs__nav-link\"><span class=\"wp-block-getwid-tabs__title-wrapper\"><a href=\"#\"><span class=\"wp-block-getwid-tabs__title\">Sortides professionals<\/span><\/a><\/span><\/div><div class=\"wp-block-getwid-tabs__tab-content-wrapper\"><div class=\"wp-block-getwid-tabs__tab-content\">\n<p>La superaci\u00f3 d&#8217;aquest cicle formatiu permet accedir al m\u00f3n laboral com a:&nbsp;<\/p>\n\n\n\n<ul class=\"wp-block-list\">\n<li>t\u00e8cnic o t\u00e8cnica de gesti\u00f3 d&#8217;operaci\u00f3 i manteniment en instal\u00b7lacions e\u00f2liques<\/li>\n\n\n\n<li>responsable de muntatge de parcs e\u00f2lics<\/li>\n\n\n\n<li>responsable de muntatge d&#8217;aerogeneradors<\/li>\n\n\n\n<li>especialista muntador d&#8217;aerogeneradors<\/li>\n\n\n\n<li>especialista en manteniment de parcs e\u00f2lics<\/li>\n\n\n\n<li>promotor o promotora d&#8217;instal\u00b7lacions solars<\/li>\n\n\n\n<li>projectista d&#8217;instal\u00b7lacions solars fotovoltaiques<\/li>\n\n\n\n<li>responsable de muntatge i manteniment d&#8217;instal\u00b7lacions solars fotovoltaiques<\/li>\n\n\n\n<li>responsable d&#8217;explotaci\u00f3 i manteniment de petites centrals solars fotovoltaiques<\/li>\n\n\n\n<li>muntador i operador o muntadora i operadora d&#8217;instal\u00b7lacions solars fotovoltaiques<\/li>\n\n\n\n<li>encarregat o encarregada de muntatge de subestacions el\u00e8ctriques d&#8217;instal\u00b7lacions e\u00f2liques i fotovoltaiques<\/li>\n\n\n\n<li>encarregat o encarregada de manteniment de subestacions el\u00e8ctriques d&#8217;instal\u00b7lacions e\u00f2liques i fotovoltaiques<\/li>\n\n\n\n<li>operador i mantenidor o operadora i mantenidora de subestacions el\u00e8ctriques d&#8217;instal\u00b7lacions e\u00f2liques i fotovoltaiques.&nbsp;<\/li>\n<\/ul>\n<\/div><\/div>\n\n\n\n<div class=\"wp-block-getwid-tabs__nav-link\"><span class=\"wp-block-getwid-tabs__title-wrapper\"><a href=\"#\"><span class=\"wp-block-getwid-tabs__title\">Contingut curricular<\/span><\/a><\/span><\/div><div class=\"wp-block-getwid-tabs__tab-content-wrapper\"><div class=\"wp-block-getwid-tabs__tab-content\">\n<ul class=\"wp-block-list\">\n<li>Sistemes el\u00e8ctrics en centrals&nbsp;<\/li>\n\n\n\n<li>Subestacions el\u00e8ctriques&nbsp;<\/li>\n\n\n\n<li>Telecontrol i automatismes&nbsp;<\/li>\n\n\n\n<li>Prevenci\u00f3 de riscos el\u00e8ctrics&nbsp;<\/li>\n\n\n\n<li>Sistemes d&#8217;energies renovables&nbsp;<\/li>\n\n\n\n<li>Configuraci\u00f3 d&#8217;instal\u00b7lacions solars fotovoltaiques&nbsp;<\/li>\n\n\n\n<li>Gesti\u00f3 del muntatge d&#8217;instal\u00b7lacions solars fotovoltaiques&nbsp;<\/li>\n\n\n\n<li>Gesti\u00f3 del muntatge de parcs e\u00f2lics&nbsp;<\/li>\n\n\n\n<li>Operaci\u00f3 i manteniment de parcs e\u00f2lics&nbsp;<\/li>\n\n\n\n<li>Angl\u00e8s professional&nbsp;<\/li>\n\n\n\n<li>Digitalitzaci\u00f3 aplicada als sectors productius&nbsp;<\/li>\n\n\n\n<li>Sostenibilitat aplicada al sistema productiu&nbsp;<\/li>\n\n\n\n<li>Itinerari personal per a l&#8217;ocupabilitat I&nbsp;<\/li>\n\n\n\n<li>Itinerari personal per a l&#8217;ocupabilitat II&nbsp;<\/li>\n\n\n\n<li>Projecte intermodular d&#8217;Energies renovables&nbsp;<\/li>\n\n\n\n<li>M\u00f2dul professional optatiu<\/li>\n<\/ul>\n<\/div><\/div>\n<\/div>\n\n\n\n\t\t<div class=\"wp-block-getwid-recent-posts has-layout-list has-cropped-images\">\n\t\t\t<div class=\"wp-block-getwid-recent-posts__wrapper\">\n\t\t\t\t\n<article id=\"post-4771\" class=\"wp-block-getwid-recent-posts__post\">\n    <div class=\"wp-block-getwid-recent-posts__post-wrapper\">\n                            <div class=\"wp-block-getwid-recent-posts__content-wrapper\">\n                                    <header class=\"wp-block-getwid-recent-posts__entry-header\">\n                                                    <h3 class=\"wp-block-getwid-recent-posts__post-title\"><a href=\"https:\/\/agora.xtec.cat\/iesflix\/cicles-formatius\/informacions-importants-matricula-de-cicles-formatius-de-grau-mitja-i-grau-superior\/\">INFORMACIONS IMPORTANTS MATR\u00cdCULA DE CICLES FORMATIUS DE GRAU MITJ\u00c0 I GRAU SUPERIOR:<\/a><\/h3>                                                                    <\/header>\n                                <div class=\"wp-block-getwid-recent-posts__post-content\">Publicaci\u00f3 d\u2019assignacions \u2013 1a tanda de matr\u00edcula als Cicles Formatius de Grau mitj\u00e0 i Grau Superior Ja s\u2019han publicat les assignacions de la primera tanda de matr\u00edcula als Cicles Formatius de Grau Mitj\u00e0 i de Grau Superior. Podeu consultar els llistats d\u2019alumnes admesos a l\u2019institut de Flix en primera tanda als seg\u00fcents apartats de la&hellip;<\/div>\n                \n                            <\/div>\n            <\/div>\n<\/article>\n\n<article id=\"post-4716\" class=\"wp-block-getwid-recent-posts__post\">\n    <div class=\"wp-block-getwid-recent-posts__post-wrapper\">\n                    <div class=\"wp-block-getwid-recent-posts__post-thumbnail\">\n                <a href=\"https:\/\/agora.xtec.cat\/iesflix\/general\/preinscripcions-cicles-formatius\/\"><img loading=\"lazy\" decoding=\"async\" width=\"1024\" height=\"585\" src=\"https:\/\/agora.xtec.cat\/iesflix\/wp-content\/uploads\/usu1940\/2025\/05\/Diseno-sin-titulo-2-1024x585.jpg\" class=\"attachment-large size-large wp-post-image\" alt=\"Preinscripcions Cicles Formatius\" srcset=\"https:\/\/agora.xtec.cat\/iesflix\/wp-content\/uploads\/usu1940\/2025\/05\/Diseno-sin-titulo-2-1024x585.jpg 1024w, https:\/\/agora.xtec.cat\/iesflix\/wp-content\/uploads\/usu1940\/2025\/05\/Diseno-sin-titulo-2-300x171.jpg 300w, https:\/\/agora.xtec.cat\/iesflix\/wp-content\/uploads\/usu1940\/2025\/05\/Diseno-sin-titulo-2-768x439.jpg 768w, https:\/\/agora.xtec.cat\/iesflix\/wp-content\/uploads\/usu1940\/2025\/05\/Diseno-sin-titulo-2.jpg 1050w\" sizes=\"auto, (max-width: 1024px) 100vw, 1024px\" \/><\/a>\n            <\/div>\n                            <div class=\"wp-block-getwid-recent-posts__content-wrapper\">\n                                    <header class=\"wp-block-getwid-recent-posts__entry-header\">\n                                                    <h3 class=\"wp-block-getwid-recent-posts__post-title\"><a href=\"https:\/\/agora.xtec.cat\/iesflix\/general\/preinscripcions-cicles-formatius\/\">Preinscripcions Cicles Formatius<\/a><\/h3>                                                                    <\/header>\n                                <div class=\"wp-block-getwid-recent-posts__post-content\">&nbsp;Preinscripci\u00f3 oberta als Cicles Formatius a l\u2019Institut de Flix! Des del&nbsp;23 fins al 29 de maig, ja podeu fer la&nbsp;preinscripci\u00f3&nbsp;als&nbsp;Cicles Formatius&nbsp;que oferim al nostre centre. Una oportunitat per formar-te en \u00e0mbits amb futur i amb una gran inserci\u00f3 laboral. &nbsp;A l\u2019Institut de Flix oferim els seg\u00fcents cicles: &nbsp;CFGM de Gesti\u00f3 AdministrativaIdeal per a aquells que&hellip;<\/div>\n                \n                            <\/div>\n            <\/div>\n<\/article>\n\n<article id=\"post-4505\" class=\"wp-block-getwid-recent-posts__post\">\n    <div class=\"wp-block-getwid-recent-posts__post-wrapper\">\n                    <div class=\"wp-block-getwid-recent-posts__post-thumbnail\">\n                <a href=\"https:\/\/agora.xtec.cat\/iesflix\/cicles-formatius\/descobrint-el-teixit-empresarial-de-la-ribera-debre-visita-al-centre-dempreses-de-flix\/\"><img loading=\"lazy\" decoding=\"async\" width=\"476\" height=\"214\" src=\"https:\/\/agora.xtec.cat\/iesflix\/wp-content\/uploads\/usu1940\/2025\/02\/centre-empreses-flix-Maria-Elisabet-Castellnou.png\" class=\"attachment-large size-large wp-post-image\" alt=\"IES Flix: Descobrint el teixit empresarial de la Ribera d&#8217;Ebre: visita al Centre d&#8217;empreses de Flix\" srcset=\"https:\/\/agora.xtec.cat\/iesflix\/wp-content\/uploads\/usu1940\/2025\/02\/centre-empreses-flix-Maria-Elisabet-Castellnou.png 476w, https:\/\/agora.xtec.cat\/iesflix\/wp-content\/uploads\/usu1940\/2025\/02\/centre-empreses-flix-Maria-Elisabet-Castellnou-300x135.png 300w\" sizes=\"auto, (max-width: 476px) 100vw, 476px\" \/><\/a>\n            <\/div>\n                            <div class=\"wp-block-getwid-recent-posts__content-wrapper\">\n                                    <header class=\"wp-block-getwid-recent-posts__entry-header\">\n                                                    <h3 class=\"wp-block-getwid-recent-posts__post-title\"><a href=\"https:\/\/agora.xtec.cat\/iesflix\/cicles-formatius\/descobrint-el-teixit-empresarial-de-la-ribera-debre-visita-al-centre-dempreses-de-flix\/\">IES Flix: Descobrint el teixit empresarial de la Ribera d&#8217;Ebre: visita al Centre d&#8217;empreses de Flix<\/a><\/h3>                                                                    <\/header>\n                                <div class=\"wp-block-getwid-recent-posts__post-content\">L\u2019alumnat de Cicles Formatius ha visitat aquest dijous el Centre d\u2019Empreses de Flix per con\u00e8ixer de primera m\u00e0 el teixit empresarial de la Ribera d\u2019Ebre i descobrir el paper d\u2019aquest centre en el suport a l\u2019emprenedoria i el desenvolupament local. L\u2019objectiu de la visita era donar a con\u00e8ixer les diverses oportunitats que Flix ofereix per&hellip;<\/div>\n                \n                            <\/div>\n            <\/div>\n<\/article>\n\n<article id=\"post-4258\" class=\"wp-block-getwid-recent-posts__post\">\n    <div class=\"wp-block-getwid-recent-posts__post-wrapper\">\n                    <div class=\"wp-block-getwid-recent-posts__post-thumbnail\">\n                <a href=\"https:\/\/agora.xtec.cat\/iesflix\/batxillerat\/escape-room-seleccio-personal\/\"><img loading=\"lazy\" decoding=\"async\" width=\"1024\" height=\"769\" src=\"https:\/\/agora.xtec.cat\/iesflix\/wp-content\/uploads\/usu1940\/2024\/12\/WhatsApp-Image-2024-11-29-at-14.12.35-Gemma-Abello-1024x769.jpeg\" class=\"attachment-large size-large wp-post-image\" alt=\"IES Flix: Escape Room Selecci\u00f3 Personal\" srcset=\"https:\/\/agora.xtec.cat\/iesflix\/wp-content\/uploads\/usu1940\/2024\/12\/WhatsApp-Image-2024-11-29-at-14.12.35-Gemma-Abello-1024x769.jpeg 1024w, https:\/\/agora.xtec.cat\/iesflix\/wp-content\/uploads\/usu1940\/2024\/12\/WhatsApp-Image-2024-11-29-at-14.12.35-Gemma-Abello-300x225.jpeg 300w, https:\/\/agora.xtec.cat\/iesflix\/wp-content\/uploads\/usu1940\/2024\/12\/WhatsApp-Image-2024-11-29-at-14.12.35-Gemma-Abello-768x576.jpeg 768w, https:\/\/agora.xtec.cat\/iesflix\/wp-content\/uploads\/usu1940\/2024\/12\/WhatsApp-Image-2024-11-29-at-14.12.35-Gemma-Abello-1536x1153.jpeg 1536w, https:\/\/agora.xtec.cat\/iesflix\/wp-content\/uploads\/usu1940\/2024\/12\/WhatsApp-Image-2024-11-29-at-14.12.35-Gemma-Abello-200x150.jpeg 200w, https:\/\/agora.xtec.cat\/iesflix\/wp-content\/uploads\/usu1940\/2024\/12\/WhatsApp-Image-2024-11-29-at-14.12.35-Gemma-Abello.jpeg 1600w\" sizes=\"auto, (max-width: 1024px) 100vw, 1024px\" \/><\/a>\n            <\/div>\n                            <div class=\"wp-block-getwid-recent-posts__content-wrapper\">\n                                    <header class=\"wp-block-getwid-recent-posts__entry-header\">\n                                                    <h3 class=\"wp-block-getwid-recent-posts__post-title\"><a href=\"https:\/\/agora.xtec.cat\/iesflix\/batxillerat\/escape-room-seleccio-personal\/\">IES Flix: Escape Room Selecci\u00f3 Personal<\/a><\/h3>                                                                    <\/header>\n                                <div class=\"wp-block-getwid-recent-posts__post-content\">L&#8217;alumnat del CFGM d\u2019Administraci\u00f3 i Electromec\u00e0nica, juntament amb els de l\u2019optativa de Psicologia de 1r de Batxillerat, han participat en una sessi\u00f3 din\u00e0mica i enriquidora al Casal de Joves de Flix! \ud83c\udf89 Les t\u00e8cniques del Punt Jove del Consell Comarcal han explicat els serveis que ofereixen, i despr\u00e9s ens hem posat a prova amb un&hellip;<\/div>\n                \n                            <\/div>\n            <\/div>\n<\/article>\n\n<article id=\"post-4252\" class=\"wp-block-getwid-recent-posts__post\">\n    <div class=\"wp-block-getwid-recent-posts__post-wrapper\">\n                    <div class=\"wp-block-getwid-recent-posts__post-thumbnail\">\n                <a href=\"https:\/\/agora.xtec.cat\/iesflix\/cicles-formatius\/fira-docupacio-juvenil-del-priorat-ribera-debre-i-terra-alta\/\"><img loading=\"lazy\" decoding=\"async\" width=\"1008\" height=\"756\" src=\"https:\/\/agora.xtec.cat\/iesflix\/wp-content\/uploads\/usu1940\/2024\/11\/20241127_122213X-Maria-Elisabet-Castellnou.jpg\" class=\"attachment-large size-large wp-post-image\" alt=\"IES Flix: FIRA D&#8217;OCUPACI\u00d3 JUVENIL DEL PRIORAT, RIBERA D&#8217;EBRE I TERRA ALTA\" srcset=\"https:\/\/agora.xtec.cat\/iesflix\/wp-content\/uploads\/usu1940\/2024\/11\/20241127_122213X-Maria-Elisabet-Castellnou.jpg 1008w, https:\/\/agora.xtec.cat\/iesflix\/wp-content\/uploads\/usu1940\/2024\/11\/20241127_122213X-Maria-Elisabet-Castellnou-300x225.jpg 300w, https:\/\/agora.xtec.cat\/iesflix\/wp-content\/uploads\/usu1940\/2024\/11\/20241127_122213X-Maria-Elisabet-Castellnou-768x576.jpg 768w, https:\/\/agora.xtec.cat\/iesflix\/wp-content\/uploads\/usu1940\/2024\/11\/20241127_122213X-Maria-Elisabet-Castellnou-200x150.jpg 200w\" sizes=\"auto, (max-width: 1008px) 100vw, 1008px\" \/><\/a>\n            <\/div>\n                            <div class=\"wp-block-getwid-recent-posts__content-wrapper\">\n                                    <header class=\"wp-block-getwid-recent-posts__entry-header\">\n                                                    <h3 class=\"wp-block-getwid-recent-posts__post-title\"><a href=\"https:\/\/agora.xtec.cat\/iesflix\/cicles-formatius\/fira-docupacio-juvenil-del-priorat-ribera-debre-i-terra-alta\/\">IES Flix: FIRA D&#8217;OCUPACI\u00d3 JUVENIL DEL PRIORAT, RIBERA D&#8217;EBRE I TERRA ALTA<\/a><\/h3>                                                                    <\/header>\n                                <div class=\"wp-block-getwid-recent-posts__post-content\">El passat 27 de novembre, l&#8217;alumnat de Cicles Formatius de l&#8217;Institut de Flix va participar en la Fira d&#8217;Ocupaci\u00f3 Juvenil del Priorat, Ribera d&#8217;Ebre i Terra Alta. Van gaudir d&#8217;una interessant xerrada sobre intel\u00b7lig\u00e8ncia artificial titulada &#8220;IA generativa per a la recerca de feina&#8221;, on van poder con\u00e8ixer com aquesta tecnologia pot facilitar el proc\u00e9s&hellip;<\/div>\n                \n                            <\/div>\n            <\/div>\n<\/article>\n\t\t\t<\/div>\n\t\t<\/div>\n\t\t","protected":false},"excerpt":{"rendered":"<p>Aquests estudis capaciten per efectuar la coordinaci\u00f3 del muntatge, posada en servei i gesti\u00f3 de l&#8217;operaci\u00f3 i manteniment de parcs i instal\u00b7lacions d&#8217;energia e\u00f2lica; promocionar instal\u00b7lacions; desenvolupar projectes, i gestionar i realitzar el muntatge i manteniment d&#8217;instal\u00b7lacions solars fotovoltaiques; gestionar i supervisar el muntatge i el manteniment, i realitzar l&#8217;operaci\u00f3 i el manteniment de primer [&hellip;]<\/p>\n","protected":false},"author":45,"featured_media":0,"parent":0,"menu_order":0,"comment_status":"closed","ping_status":"closed","template":"","meta":{"_bbp_topic_count":0,"_bbp_reply_count":0,"_bbp_total_topic_count":0,"_bbp_total_reply_count":0,"_bbp_voice_count":0,"_bbp_anonymous_reply_count":0,"_bbp_topic_count_hidden":0,"_bbp_reply_count_hidden":0,"_bbp_forum_subforum_count":0,"site-sidebar-layout":"default","site-content-layout":"","ast-site-content-layout":"","site-content-style":"default","site-sidebar-style":"default","ast-global-header-display":"","ast-banner-title-visibility":"","ast-main-header-display":"","ast-hfb-above-header-display":"","ast-hfb-below-header-display":"","ast-hfb-mobile-header-display":"","site-post-title":"","ast-breadcrumbs-content":"","ast-featured-img":"","footer-sml-layout":"","theme-transparent-header-meta":"","adv-header-id-meta":"","stick-header-meta":"","header-above-stick-meta":"","header-main-stick-meta":"","header-below-stick-meta":"","astra-migrate-meta-layouts":"default","ast-page-background-enabled":"default","ast-page-background-meta":{"desktop":{"background-color":"var(--ast-global-color-4)","background-image":"","background-repeat":"repeat","background-position":"center center","background-size":"auto","background-attachment":"scroll","background-type":"","background-media":"","overlay-type":"","overlay-color":"","overlay-opacity":"","overlay-gradient":""},"tablet":{"background-color":"","background-image":"","background-repeat":"repeat","background-position":"center center","background-size":"auto","background-attachment":"scroll","background-type":"","background-media":"","overlay-type":"","overlay-color":"","overlay-opacity":"","overlay-gradient":""},"mobile":{"background-color":"","background-image":"","background-repeat":"repeat","background-position":"center center","background-size":"auto","background-attachment":"scroll","background-type":"","background-media":"","overlay-type":"","overlay-color":"","overlay-opacity":"","overlay-gradient":""}},"ast-content-background-meta":{"desktop":{"background-color":"var(--ast-global-color-5)","background-image":"","background-repeat":"repeat","background-position":"center center","background-size":"auto","background-attachment":"scroll","background-type":"","background-media":"","overlay-type":"","overlay-color":"","overlay-opacity":"","overlay-gradient":""},"tablet":{"background-color":"var(--ast-global-color-5)","background-image":"","background-repeat":"repeat","background-position":"center center","background-size":"auto","background-attachment":"scroll","background-type":"","background-media":"","overlay-type":"","overlay-color":"","overlay-opacity":"","overlay-gradient":""},"mobile":{"background-color":"var(--ast-global-color-5)","background-image":"","background-repeat":"repeat","background-position":"center center","background-size":"auto","background-attachment":"scroll","background-type":"","background-media":"","overlay-type":"","overlay-color":"","overlay-opacity":"","overlay-gradient":""}},"footnotes":""},"class_list":["post-4520","page","type-page","status-publish","hentry"],"post_mailing_queue_ids":[],"_links":{"self":[{"href":"https:\/\/agora.xtec.cat\/iesflix\/wp-json\/wp\/v2\/pages\/4520","targetHints":{"allow":["GET"]}}],"collection":[{"href":"https:\/\/agora.xtec.cat\/iesflix\/wp-json\/wp\/v2\/pages"}],"about":[{"href":"https:\/\/agora.xtec.cat\/iesflix\/wp-json\/wp\/v2\/types\/page"}],"author":[{"embeddable":true,"href":"https:\/\/agora.xtec.cat\/iesflix\/wp-json\/wp\/v2\/users\/45"}],"replies":[{"embeddable":true,"href":"https:\/\/agora.xtec.cat\/iesflix\/wp-json\/wp\/v2\/comments?post=4520"}],"version-history":[{"count":5,"href":"https:\/\/agora.xtec.cat\/iesflix\/wp-json\/wp\/v2\/pages\/4520\/revisions"}],"predecessor-version":[{"id":4573,"href":"https:\/\/agora.xtec.cat\/iesflix\/wp-json\/wp\/v2\/pages\/4520\/revisions\/4573"}],"wp:attachment":[{"href":"https:\/\/agora.xtec.cat\/iesflix\/wp-json\/wp\/v2\/media?parent=4520"}],"curies":[{"name":"wp","href":"https:\/\/api.w.org\/{rel}","templated":true}]}}