{"id":4487,"date":"2025-02-18T09:23:52","date_gmt":"2025-02-18T08:23:52","guid":{"rendered":"https:\/\/agora.xtec.cat\/iesflix\/?page_id=4487"},"modified":"2025-02-18T19:48:36","modified_gmt":"2025-02-18T18:48:36","slug":"cfgm-manteniment-electromecanic","status":"publish","type":"page","link":"https:\/\/agora.xtec.cat\/iesflix\/cfgm-manteniment-electromecanic\/","title":{"rendered":"CFGM Manteniment Electromec\u00e0nic"},"content":{"rendered":"<p><span style=\"font-weight: 400;\">Aquests estudis capaciten per muntar i instal\u00b7lar a la planta maquin\u00e0ria i equip industrial, aix\u00ed com mantenir i reparar, tant maquin\u00e0ria fixa com l\u00ednies automatitzades de producci\u00f3 d&#8217;acord amb els reglaments i normes establertes, seguint els protocols de qualitat, de seguretat i de prevenci\u00f3 de riscos laborals i respecte ambiental.\u00a0<\/span><\/p>\n<p><b>FAM\u00cdLIA PROFESSIONAL:<\/b><span style=\"font-weight: 400;\"> Instal\u00b7laci\u00f3 i manteniment.<\/span><\/p>\n<p><b>T\u00cdTOL: <\/b><span style=\"font-weight: 400;\">T\u00e8cnic\/a en Manteniment Electromec\u00e0nic\u00a0 <\/span><\/p>\n<p><b>DURADA: <\/b><span style=\"font-weight: 400;\">T\u00e9 una durada de 2.000 hores distribu\u00efdes en dos cursos acad\u00e8mics (1.485 en un centre educatiu i 515 (hores d&#8217;estada a l&#8217;empresa) en un centre de treball).\u00a0<\/span><\/p>\n<p><b>COMPET\u00c8NCIA PROFESSIONAL: <\/b><span style=\"font-weight: 400;\">La compet\u00e8ncia general d&#8217;aquest t\u00edtol consisteix a muntar i instal\u00b7lar a la planta maquin\u00e0ria i equip industrial, aix\u00ed com mantenir i reparar, tant maquin\u00e0ria fixa com a l\u00ednies automatitzades de producci\u00f3 d&#8217;acord amb els reglaments i normes establertes, seguint els protocols de qualitat, de seguretat i de prevenci\u00f3 de riscos laborals i respecte ambiental.<\/span><\/p>\n\n\n<div class=\"wp-block-getwid-images-slider has-arrows-outside has-dots-outside has-images-center has-cropped-images\"><div class=\"wp-block-getwid-images-slider__wrapper\" data-effect=\"slide\" data-slides-show=\"1\" data-slides-show-laptop=\"1\" data-slides-show-tablet=\"1\" data-slides-show-mobile=\"1\" data-slides-scroll=\"1\" data-autoplay=\"false\" data-pause-hover=\"false\" data-autoplay-speed=\"6000\" data-infinite=\"true\" data-animation-speed=\"2000\" data-center-mode=\"false\" data-variable-width=\"false\" data-arrows=\"outside\" data-dots=\"outside\" data-spacing=\"none\"><div class=\"wp-block-getwid-images-slider__item\"><figure><img loading=\"lazy\" decoding=\"async\" width=\"1008\" height=\"756\" src=\"https:\/\/agora.xtec.cat\/iesflix\/wp-content\/uploads\/usu1940\/2025\/02\/IMG_Mante9.jpeg\" data-id=\"4534\" data-link=\"https:\/\/agora.xtec.cat\/iesflix\/?attachment_id=4534\" data-original-link=\"https:\/\/agora.xtec.cat\/iesflix\/wp-content\/uploads\/usu1940\/2025\/02\/IMG_Mante9.jpeg\" class=\"wp-block-getwid-images-slider__image wp-image-4534\" srcset=\"https:\/\/agora.xtec.cat\/iesflix\/wp-content\/uploads\/usu1940\/2025\/02\/IMG_Mante9.jpeg 1008w, https:\/\/agora.xtec.cat\/iesflix\/wp-content\/uploads\/usu1940\/2025\/02\/IMG_Mante9-300x225.jpeg 300w, https:\/\/agora.xtec.cat\/iesflix\/wp-content\/uploads\/usu1940\/2025\/02\/IMG_Mante9-768x576.jpeg 768w, https:\/\/agora.xtec.cat\/iesflix\/wp-content\/uploads\/usu1940\/2025\/02\/IMG_Mante9-200x150.jpeg 200w\" sizes=\"auto, (max-width: 1008px) 100vw, 1008px\" \/><\/figure><\/div><div class=\"wp-block-getwid-images-slider__item\"><figure><img loading=\"lazy\" decoding=\"async\" width=\"1008\" height=\"756\" src=\"https:\/\/agora.xtec.cat\/iesflix\/wp-content\/uploads\/usu1940\/2025\/02\/IMG_Mante6.jpeg\" data-id=\"4535\" data-link=\"https:\/\/agora.xtec.cat\/iesflix\/?attachment_id=4535\" data-original-link=\"https:\/\/agora.xtec.cat\/iesflix\/wp-content\/uploads\/usu1940\/2025\/02\/IMG_Mante6.jpeg\" class=\"wp-block-getwid-images-slider__image wp-image-4535\" srcset=\"https:\/\/agora.xtec.cat\/iesflix\/wp-content\/uploads\/usu1940\/2025\/02\/IMG_Mante6.jpeg 1008w, https:\/\/agora.xtec.cat\/iesflix\/wp-content\/uploads\/usu1940\/2025\/02\/IMG_Mante6-300x225.jpeg 300w, https:\/\/agora.xtec.cat\/iesflix\/wp-content\/uploads\/usu1940\/2025\/02\/IMG_Mante6-768x576.jpeg 768w, https:\/\/agora.xtec.cat\/iesflix\/wp-content\/uploads\/usu1940\/2025\/02\/IMG_Mante6-200x150.jpeg 200w\" sizes=\"auto, (max-width: 1008px) 100vw, 1008px\" \/><\/figure><\/div><div class=\"wp-block-getwid-images-slider__item\"><figure><img loading=\"lazy\" decoding=\"async\" width=\"1008\" height=\"756\" src=\"https:\/\/agora.xtec.cat\/iesflix\/wp-content\/uploads\/usu1940\/2025\/02\/IMG_Mante11.jpeg\" data-id=\"4536\" data-link=\"https:\/\/agora.xtec.cat\/iesflix\/?attachment_id=4536\" data-original-link=\"https:\/\/agora.xtec.cat\/iesflix\/wp-content\/uploads\/usu1940\/2025\/02\/IMG_Mante11.jpeg\" class=\"wp-block-getwid-images-slider__image wp-image-4536\" srcset=\"https:\/\/agora.xtec.cat\/iesflix\/wp-content\/uploads\/usu1940\/2025\/02\/IMG_Mante11.jpeg 1008w, https:\/\/agora.xtec.cat\/iesflix\/wp-content\/uploads\/usu1940\/2025\/02\/IMG_Mante11-300x225.jpeg 300w, https:\/\/agora.xtec.cat\/iesflix\/wp-content\/uploads\/usu1940\/2025\/02\/IMG_Mante11-768x576.jpeg 768w, https:\/\/agora.xtec.cat\/iesflix\/wp-content\/uploads\/usu1940\/2025\/02\/IMG_Mante11-200x150.jpeg 200w\" sizes=\"auto, (max-width: 1008px) 100vw, 1008px\" \/><\/figure><\/div><\/div><\/div>\n\n\n\n<div class=\"wp-block-getwid-tabs\" data-active-tab=\"0\"><ul class=\"wp-block-getwid-tabs__nav-links\"><\/ul>\n<div class=\"wp-block-getwid-tabs__nav-link\"><span class=\"wp-block-getwid-tabs__title-wrapper\"><a href=\"#\"><span class=\"wp-block-getwid-tabs__title\"><em>Sortides acad\u00e8miques<\/em><\/span><\/a><\/span><\/div><div class=\"wp-block-getwid-tabs__tab-content-wrapper\"><div class=\"wp-block-getwid-tabs__tab-content\">\n<p>Amb aquests estudis s&#8217;obt\u00e9 el t\u00edtol de t\u00e8cnic o t\u00e8cnica, que permet accedir:<\/p>\n\n\n\n<ul class=\"wp-block-list\">\n<li>al batxillerat<\/li>\n\n\n\n<li>a un cicle de grau superior de formaci\u00f3 professional<\/li>\n<\/ul>\n<\/div><\/div>\n\n\n\n<div class=\"wp-block-getwid-tabs__nav-link\"><span class=\"wp-block-getwid-tabs__title-wrapper\"><a href=\"#\"><span class=\"wp-block-getwid-tabs__title\"><em>Sortides professionals&nbsp;<\/em><\/span><\/a><\/span><\/div><div class=\"wp-block-getwid-tabs__tab-content-wrapper\"><div class=\"wp-block-getwid-tabs__tab-content\">\n<p>La superaci\u00f3 d&#8217;aquest cicle formatiu permet accedir al m\u00f3n laboral com a:&nbsp;&nbsp;<\/p>\n\n\n\n<ul class=\"wp-block-list\">\n<li>&nbsp;mec\u00e0nic o mec\u00e0nica de manteniment<\/li>\n\n\n\n<li>&nbsp;muntador o muntadora industrial<\/li>\n\n\n\n<li>&nbsp;muntador o muntadora d&#8217;equips el\u00e8ctrics<\/li>\n\n\n\n<li>&nbsp;muntador o muntadora d&#8217;equips electr\u00f2nics<\/li>\n\n\n\n<li>&nbsp;mantenidor o mantenidora de l\u00ednia automatitzada<\/li>\n\n\n\n<li>&nbsp;muntador o muntadora de b\u00e9ns d&#8217;equip<\/li>\n\n\n\n<li>&nbsp;muntador o muntadora d&#8217;automatismes pneum\u00e0tics i hidr\u00e0ulics<\/li>\n\n\n\n<li>&nbsp;instal\u00b7lador o instal\u00b7ladora electricista industrial<\/li>\n\n\n\n<li>&nbsp;electricista de manteniment i reparaci\u00f3 d&#8217;equips de control, mesura i precisi\u00f3.<\/li>\n<\/ul>\n<\/div><\/div>\n\n\n\n<div class=\"wp-block-getwid-tabs__nav-link\"><span class=\"wp-block-getwid-tabs__title-wrapper\"><a href=\"#\"><span class=\"wp-block-getwid-tabs__title\">Contingut curricular<\/span><\/a><\/span><\/div><div class=\"wp-block-getwid-tabs__tab-content-wrapper\"><div class=\"wp-block-getwid-tabs__tab-content\">\n<ul class=\"wp-block-list\">\n<li>T\u00e8cniques de fabricaci\u00f3.<\/li>\n\n\n\n<li>T\u00e8cniques d\u2019uni\u00f3 i muntatge.<\/li>\n\n\n\n<li>Electricitat i automatismes el\u00e8ctrics.<\/li>\n\n\n\n<li>Automatismes pneum\u00e0tics i hidr\u00e0ulics.<\/li>\n\n\n\n<li>Muntatge i manteniment mec\u00e0nic.<\/li>\n\n\n\n<li>Muntatge i manteniment el\u00e8ctricelectr\u00f2nic.<\/li>\n\n\n\n<li>Muntatge i manteniment de l\u00ednies autom\u00e0tiques.<\/li>\n\n\n\n<li>Angl\u00e8s professional.<\/li>\n\n\n\n<li>Digitalitzaci\u00f3 aplicada als sectors productius.<\/li>\n\n\n\n<li>Sostenibilitat aplicada al sistema productiu.<\/li>\n\n\n\n<li>Itinerari personal per a l&#8217;ocupabilitat I.<\/li>\n\n\n\n<li>Itinerari personal per a l&#8217;ocupabilitat II.<\/li>\n\n\n\n<li>Projecte intermodular<\/li>\n\n\n\n<li>M\u00f2dul professional optatiu.<\/li>\n<\/ul>\n<\/div><\/div>\n<\/div>\n\n\n\n\t\t<div class=\"wp-block-getwid-recent-posts has-layout-list has-cropped-images\">\n\t\t\t<div class=\"wp-block-getwid-recent-posts__wrapper\">\n\t\t\t\t\n<article id=\"post-4771\" class=\"wp-block-getwid-recent-posts__post\">\n    <div class=\"wp-block-getwid-recent-posts__post-wrapper\">\n                            <div class=\"wp-block-getwid-recent-posts__content-wrapper\">\n                                    <header class=\"wp-block-getwid-recent-posts__entry-header\">\n                                                    <h3 class=\"wp-block-getwid-recent-posts__post-title\"><a href=\"https:\/\/agora.xtec.cat\/iesflix\/cicles-formatius\/informacions-importants-matricula-de-cicles-formatius-de-grau-mitja-i-grau-superior\/\">INFORMACIONS IMPORTANTS MATR\u00cdCULA DE CICLES FORMATIUS DE GRAU MITJ\u00c0 I GRAU SUPERIOR:<\/a><\/h3>                                                                    <\/header>\n                                <div class=\"wp-block-getwid-recent-posts__post-content\">Publicaci\u00f3 d\u2019assignacions \u2013 1a tanda de matr\u00edcula als Cicles Formatius de Grau mitj\u00e0 i Grau Superior Ja s\u2019han publicat les assignacions de la primera tanda de matr\u00edcula als Cicles Formatius de Grau Mitj\u00e0 i de Grau Superior. Podeu consultar els llistats d\u2019alumnes admesos a l\u2019institut de Flix en primera tanda als seg\u00fcents apartats de la&hellip;<\/div>\n                \n                            <\/div>\n            <\/div>\n<\/article>\n\n<article id=\"post-4716\" class=\"wp-block-getwid-recent-posts__post\">\n    <div class=\"wp-block-getwid-recent-posts__post-wrapper\">\n                    <div class=\"wp-block-getwid-recent-posts__post-thumbnail\">\n                <a href=\"https:\/\/agora.xtec.cat\/iesflix\/general\/preinscripcions-cicles-formatius\/\"><img loading=\"lazy\" decoding=\"async\" width=\"1024\" height=\"585\" src=\"https:\/\/agora.xtec.cat\/iesflix\/wp-content\/uploads\/usu1940\/2025\/05\/Diseno-sin-titulo-2-1024x585.jpg\" class=\"attachment-large size-large wp-post-image\" alt=\"Preinscripcions Cicles Formatius\" srcset=\"https:\/\/agora.xtec.cat\/iesflix\/wp-content\/uploads\/usu1940\/2025\/05\/Diseno-sin-titulo-2-1024x585.jpg 1024w, https:\/\/agora.xtec.cat\/iesflix\/wp-content\/uploads\/usu1940\/2025\/05\/Diseno-sin-titulo-2-300x171.jpg 300w, https:\/\/agora.xtec.cat\/iesflix\/wp-content\/uploads\/usu1940\/2025\/05\/Diseno-sin-titulo-2-768x439.jpg 768w, https:\/\/agora.xtec.cat\/iesflix\/wp-content\/uploads\/usu1940\/2025\/05\/Diseno-sin-titulo-2.jpg 1050w\" sizes=\"auto, (max-width: 1024px) 100vw, 1024px\" \/><\/a>\n            <\/div>\n                            <div class=\"wp-block-getwid-recent-posts__content-wrapper\">\n                                    <header class=\"wp-block-getwid-recent-posts__entry-header\">\n                                                    <h3 class=\"wp-block-getwid-recent-posts__post-title\"><a href=\"https:\/\/agora.xtec.cat\/iesflix\/general\/preinscripcions-cicles-formatius\/\">Preinscripcions Cicles Formatius<\/a><\/h3>                                                                    <\/header>\n                                <div class=\"wp-block-getwid-recent-posts__post-content\">&nbsp;Preinscripci\u00f3 oberta als Cicles Formatius a l\u2019Institut de Flix! Des del&nbsp;23 fins al 29 de maig, ja podeu fer la&nbsp;preinscripci\u00f3&nbsp;als&nbsp;Cicles Formatius&nbsp;que oferim al nostre centre. Una oportunitat per formar-te en \u00e0mbits amb futur i amb una gran inserci\u00f3 laboral. &nbsp;A l\u2019Institut de Flix oferim els seg\u00fcents cicles: &nbsp;CFGM de Gesti\u00f3 AdministrativaIdeal per a aquells que&hellip;<\/div>\n                \n                            <\/div>\n            <\/div>\n<\/article>\n\n<article id=\"post-4505\" class=\"wp-block-getwid-recent-posts__post\">\n    <div class=\"wp-block-getwid-recent-posts__post-wrapper\">\n                    <div class=\"wp-block-getwid-recent-posts__post-thumbnail\">\n                <a href=\"https:\/\/agora.xtec.cat\/iesflix\/cicles-formatius\/descobrint-el-teixit-empresarial-de-la-ribera-debre-visita-al-centre-dempreses-de-flix\/\"><img loading=\"lazy\" decoding=\"async\" width=\"476\" height=\"214\" src=\"https:\/\/agora.xtec.cat\/iesflix\/wp-content\/uploads\/usu1940\/2025\/02\/centre-empreses-flix-Maria-Elisabet-Castellnou.png\" class=\"attachment-large size-large wp-post-image\" alt=\"IES Flix: Descobrint el teixit empresarial de la Ribera d&#8217;Ebre: visita al Centre d&#8217;empreses de Flix\" srcset=\"https:\/\/agora.xtec.cat\/iesflix\/wp-content\/uploads\/usu1940\/2025\/02\/centre-empreses-flix-Maria-Elisabet-Castellnou.png 476w, https:\/\/agora.xtec.cat\/iesflix\/wp-content\/uploads\/usu1940\/2025\/02\/centre-empreses-flix-Maria-Elisabet-Castellnou-300x135.png 300w\" sizes=\"auto, (max-width: 476px) 100vw, 476px\" \/><\/a>\n            <\/div>\n                            <div class=\"wp-block-getwid-recent-posts__content-wrapper\">\n                                    <header class=\"wp-block-getwid-recent-posts__entry-header\">\n                                                    <h3 class=\"wp-block-getwid-recent-posts__post-title\"><a href=\"https:\/\/agora.xtec.cat\/iesflix\/cicles-formatius\/descobrint-el-teixit-empresarial-de-la-ribera-debre-visita-al-centre-dempreses-de-flix\/\">IES Flix: Descobrint el teixit empresarial de la Ribera d&#8217;Ebre: visita al Centre d&#8217;empreses de Flix<\/a><\/h3>                                                                    <\/header>\n                                <div class=\"wp-block-getwid-recent-posts__post-content\">L\u2019alumnat de Cicles Formatius ha visitat aquest dijous el Centre d\u2019Empreses de Flix per con\u00e8ixer de primera m\u00e0 el teixit empresarial de la Ribera d\u2019Ebre i descobrir el paper d\u2019aquest centre en el suport a l\u2019emprenedoria i el desenvolupament local. L\u2019objectiu de la visita era donar a con\u00e8ixer les diverses oportunitats que Flix ofereix per&hellip;<\/div>\n                \n                            <\/div>\n            <\/div>\n<\/article>\n\n<article id=\"post-4258\" class=\"wp-block-getwid-recent-posts__post\">\n    <div class=\"wp-block-getwid-recent-posts__post-wrapper\">\n                    <div class=\"wp-block-getwid-recent-posts__post-thumbnail\">\n                <a href=\"https:\/\/agora.xtec.cat\/iesflix\/batxillerat\/escape-room-seleccio-personal\/\"><img loading=\"lazy\" decoding=\"async\" width=\"1024\" height=\"769\" src=\"https:\/\/agora.xtec.cat\/iesflix\/wp-content\/uploads\/usu1940\/2024\/12\/WhatsApp-Image-2024-11-29-at-14.12.35-Gemma-Abello-1024x769.jpeg\" class=\"attachment-large size-large wp-post-image\" alt=\"IES Flix: Escape Room Selecci\u00f3 Personal\" srcset=\"https:\/\/agora.xtec.cat\/iesflix\/wp-content\/uploads\/usu1940\/2024\/12\/WhatsApp-Image-2024-11-29-at-14.12.35-Gemma-Abello-1024x769.jpeg 1024w, https:\/\/agora.xtec.cat\/iesflix\/wp-content\/uploads\/usu1940\/2024\/12\/WhatsApp-Image-2024-11-29-at-14.12.35-Gemma-Abello-300x225.jpeg 300w, https:\/\/agora.xtec.cat\/iesflix\/wp-content\/uploads\/usu1940\/2024\/12\/WhatsApp-Image-2024-11-29-at-14.12.35-Gemma-Abello-768x576.jpeg 768w, https:\/\/agora.xtec.cat\/iesflix\/wp-content\/uploads\/usu1940\/2024\/12\/WhatsApp-Image-2024-11-29-at-14.12.35-Gemma-Abello-1536x1153.jpeg 1536w, https:\/\/agora.xtec.cat\/iesflix\/wp-content\/uploads\/usu1940\/2024\/12\/WhatsApp-Image-2024-11-29-at-14.12.35-Gemma-Abello-200x150.jpeg 200w, https:\/\/agora.xtec.cat\/iesflix\/wp-content\/uploads\/usu1940\/2024\/12\/WhatsApp-Image-2024-11-29-at-14.12.35-Gemma-Abello.jpeg 1600w\" sizes=\"auto, (max-width: 1024px) 100vw, 1024px\" \/><\/a>\n            <\/div>\n                            <div class=\"wp-block-getwid-recent-posts__content-wrapper\">\n                                    <header class=\"wp-block-getwid-recent-posts__entry-header\">\n                                                    <h3 class=\"wp-block-getwid-recent-posts__post-title\"><a href=\"https:\/\/agora.xtec.cat\/iesflix\/batxillerat\/escape-room-seleccio-personal\/\">IES Flix: Escape Room Selecci\u00f3 Personal<\/a><\/h3>                                                                    <\/header>\n                                <div class=\"wp-block-getwid-recent-posts__post-content\">L&#8217;alumnat del CFGM d\u2019Administraci\u00f3 i Electromec\u00e0nica, juntament amb els de l\u2019optativa de Psicologia de 1r de Batxillerat, han participat en una sessi\u00f3 din\u00e0mica i enriquidora al Casal de Joves de Flix! \ud83c\udf89 Les t\u00e8cniques del Punt Jove del Consell Comarcal han explicat els serveis que ofereixen, i despr\u00e9s ens hem posat a prova amb un&hellip;<\/div>\n                \n                            <\/div>\n            <\/div>\n<\/article>\n\n<article id=\"post-4252\" class=\"wp-block-getwid-recent-posts__post\">\n    <div class=\"wp-block-getwid-recent-posts__post-wrapper\">\n                    <div class=\"wp-block-getwid-recent-posts__post-thumbnail\">\n                <a href=\"https:\/\/agora.xtec.cat\/iesflix\/cicles-formatius\/fira-docupacio-juvenil-del-priorat-ribera-debre-i-terra-alta\/\"><img loading=\"lazy\" decoding=\"async\" width=\"1008\" height=\"756\" src=\"https:\/\/agora.xtec.cat\/iesflix\/wp-content\/uploads\/usu1940\/2024\/11\/20241127_122213X-Maria-Elisabet-Castellnou.jpg\" class=\"attachment-large size-large wp-post-image\" alt=\"IES Flix: FIRA D&#8217;OCUPACI\u00d3 JUVENIL DEL PRIORAT, RIBERA D&#8217;EBRE I TERRA ALTA\" srcset=\"https:\/\/agora.xtec.cat\/iesflix\/wp-content\/uploads\/usu1940\/2024\/11\/20241127_122213X-Maria-Elisabet-Castellnou.jpg 1008w, https:\/\/agora.xtec.cat\/iesflix\/wp-content\/uploads\/usu1940\/2024\/11\/20241127_122213X-Maria-Elisabet-Castellnou-300x225.jpg 300w, https:\/\/agora.xtec.cat\/iesflix\/wp-content\/uploads\/usu1940\/2024\/11\/20241127_122213X-Maria-Elisabet-Castellnou-768x576.jpg 768w, https:\/\/agora.xtec.cat\/iesflix\/wp-content\/uploads\/usu1940\/2024\/11\/20241127_122213X-Maria-Elisabet-Castellnou-200x150.jpg 200w\" sizes=\"auto, (max-width: 1008px) 100vw, 1008px\" \/><\/a>\n            <\/div>\n                            <div class=\"wp-block-getwid-recent-posts__content-wrapper\">\n                                    <header class=\"wp-block-getwid-recent-posts__entry-header\">\n                                                    <h3 class=\"wp-block-getwid-recent-posts__post-title\"><a href=\"https:\/\/agora.xtec.cat\/iesflix\/cicles-formatius\/fira-docupacio-juvenil-del-priorat-ribera-debre-i-terra-alta\/\">IES Flix: FIRA D&#8217;OCUPACI\u00d3 JUVENIL DEL PRIORAT, RIBERA D&#8217;EBRE I TERRA ALTA<\/a><\/h3>                                                                    <\/header>\n                                <div class=\"wp-block-getwid-recent-posts__post-content\">El passat 27 de novembre, l&#8217;alumnat de Cicles Formatius de l&#8217;Institut de Flix va participar en la Fira d&#8217;Ocupaci\u00f3 Juvenil del Priorat, Ribera d&#8217;Ebre i Terra Alta. Van gaudir d&#8217;una interessant xerrada sobre intel\u00b7lig\u00e8ncia artificial titulada &#8220;IA generativa per a la recerca de feina&#8221;, on van poder con\u00e8ixer com aquesta tecnologia pot facilitar el proc\u00e9s&hellip;<\/div>\n                \n                            <\/div>\n            <\/div>\n<\/article>\n\t\t\t<\/div>\n\t\t<\/div>\n\t\t","protected":false},"excerpt":{"rendered":"<p>Aquests estudis capaciten per muntar i instal\u00b7lar a la planta maquin\u00e0ria i equip industrial, aix\u00ed com mantenir i reparar, tant maquin\u00e0ria fixa com l\u00ednies automatitzades de producci\u00f3 d&#8217;acord amb els reglaments i normes establertes, seguint els protocols de qualitat, de seguretat i de prevenci\u00f3 de riscos laborals i respecte ambiental.\u00a0 FAM\u00cdLIA PROFESSIONAL: Instal\u00b7laci\u00f3 i manteniment. [&hellip;]<\/p>\n","protected":false},"author":45,"featured_media":0,"parent":0,"menu_order":0,"comment_status":"closed","ping_status":"closed","template":"","meta":{"_bbp_topic_count":0,"_bbp_reply_count":0,"_bbp_total_topic_count":0,"_bbp_total_reply_count":0,"_bbp_voice_count":0,"_bbp_anonymous_reply_count":0,"_bbp_topic_count_hidden":0,"_bbp_reply_count_hidden":0,"_bbp_forum_subforum_count":0,"site-sidebar-layout":"default","site-content-layout":"","ast-site-content-layout":"","site-content-style":"default","site-sidebar-style":"default","ast-global-header-display":"","ast-banner-title-visibility":"","ast-main-header-display":"","ast-hfb-above-header-display":"","ast-hfb-below-header-display":"","ast-hfb-mobile-header-display":"","site-post-title":"","ast-breadcrumbs-content":"","ast-featured-img":"","footer-sml-layout":"","theme-transparent-header-meta":"","adv-header-id-meta":"","stick-header-meta":"","header-above-stick-meta":"","header-main-stick-meta":"","header-below-stick-meta":"","astra-migrate-meta-layouts":"default","ast-page-background-enabled":"default","ast-page-background-meta":{"desktop":{"background-color":"var(--ast-global-color-4)","background-image":"","background-repeat":"repeat","background-position":"center center","background-size":"auto","background-attachment":"scroll","background-type":"","background-media":"","overlay-type":"","overlay-color":"","overlay-opacity":"","overlay-gradient":""},"tablet":{"background-color":"","background-image":"","background-repeat":"repeat","background-position":"center center","background-size":"auto","background-attachment":"scroll","background-type":"","background-media":"","overlay-type":"","overlay-color":"","overlay-opacity":"","overlay-gradient":""},"mobile":{"background-color":"","background-image":"","background-repeat":"repeat","background-position":"center center","background-size":"auto","background-attachment":"scroll","background-type":"","background-media":"","overlay-type":"","overlay-color":"","overlay-opacity":"","overlay-gradient":""}},"ast-content-background-meta":{"desktop":{"background-color":"var(--ast-global-color-5)","background-image":"","background-repeat":"repeat","background-position":"center center","background-size":"auto","background-attachment":"scroll","background-type":"","background-media":"","overlay-type":"","overlay-color":"","overlay-opacity":"","overlay-gradient":""},"tablet":{"background-color":"var(--ast-global-color-5)","background-image":"","background-repeat":"repeat","background-position":"center center","background-size":"auto","background-attachment":"scroll","background-type":"","background-media":"","overlay-type":"","overlay-color":"","overlay-opacity":"","overlay-gradient":""},"mobile":{"background-color":"var(--ast-global-color-5)","background-image":"","background-repeat":"repeat","background-position":"center center","background-size":"auto","background-attachment":"scroll","background-type":"","background-media":"","overlay-type":"","overlay-color":"","overlay-opacity":"","overlay-gradient":""}},"footnotes":""},"class_list":["post-4487","page","type-page","status-publish","hentry"],"post_mailing_queue_ids":[],"_links":{"self":[{"href":"https:\/\/agora.xtec.cat\/iesflix\/wp-json\/wp\/v2\/pages\/4487","targetHints":{"allow":["GET"]}}],"collection":[{"href":"https:\/\/agora.xtec.cat\/iesflix\/wp-json\/wp\/v2\/pages"}],"about":[{"href":"https:\/\/agora.xtec.cat\/iesflix\/wp-json\/wp\/v2\/types\/page"}],"author":[{"embeddable":true,"href":"https:\/\/agora.xtec.cat\/iesflix\/wp-json\/wp\/v2\/users\/45"}],"replies":[{"embeddable":true,"href":"https:\/\/agora.xtec.cat\/iesflix\/wp-json\/wp\/v2\/comments?post=4487"}],"version-history":[{"count":6,"href":"https:\/\/agora.xtec.cat\/iesflix\/wp-json\/wp\/v2\/pages\/4487\/revisions"}],"predecessor-version":[{"id":4570,"href":"https:\/\/agora.xtec.cat\/iesflix\/wp-json\/wp\/v2\/pages\/4487\/revisions\/4570"}],"wp:attachment":[{"href":"https:\/\/agora.xtec.cat\/iesflix\/wp-json\/wp\/v2\/media?parent=4487"}],"curies":[{"name":"wp","href":"https:\/\/api.w.org\/{rel}","templated":true}]}}