{"id":4021,"date":"2024-07-12T10:12:21","date_gmt":"2024-07-12T08:12:21","guid":{"rendered":"https:\/\/agora.xtec.cat\/iesflix\/?page_id=4021"},"modified":"2026-03-03T14:45:13","modified_gmt":"2026-03-03T13:45:13","slug":"sol-licitud-de-titol-no-universitari","status":"publish","type":"page","link":"https:\/\/agora.xtec.cat\/iesflix\/sol-licitud-de-titol-no-universitari\/","title":{"rendered":"Sol.licitud de t\u00edtol no universitari"},"content":{"rendered":"<p>A partir del curs 2024-2025, <strong>el procediment per\u00a0sol\u00b7licitar els t\u00edtols , un cop finalitzats els estudis, ha canviat<\/strong>, i\u00a0 cal fer la tramitaci\u00f3 de manera <strong>telem\u00e0tica<\/strong>\u00a0a trav\u00e9s del portal del Departament d&#8217;Educaci\u00f3.<\/p>\n<p><img decoding=\"async\" class=\"CToWUd\" src=\"https:\/\/ci3.googleusercontent.com\/meips\/ADKq_NagbjzVya6IJnLbEzU0qHcvBdfOc3L4kwQvklg5O5SFzkWKi__Jl9Uqx7scKWB-VRqg6N00ugaA0WI6Fj-xmzCcQ4kU8vOt4929jHKbnTk=s0-d-e1-ft#https:\/\/fonts.gstatic.com\/s\/e\/notoemoji\/16.0\/1f4cc\/32.png\" alt=\"\ud83d\udccc\" data-bit=\"iit\" \/>\u00a0<strong>IMPORTANT:<\/strong>\u00a0Per fer el tr\u00e0mit, cal disposar d&#8217;un sistema d&#8217;identificaci\u00f3 digital com ara l&#8217;<strong>idCAT M\u00f2bil<\/strong>, el\u00a0<strong>DNI electr\u00f2nic<\/strong>, o qualsevol altra forma d&#8217;<strong>identificaci\u00f3 electr\u00f2nica acceptada per la Generalitat<\/strong>.<\/p>\n<p><img decoding=\"async\" class=\"CToWUd\" src=\"https:\/\/ci3.googleusercontent.com\/meips\/ADKq_NbhnS9rv5DabOAk_YrYZQ7TYhXQoEQa-B1kCzUHhK9VE6S4gRTO4BxSSfUMeJShSKK6bsFqviJWL8uOtBC3FZOj3FF_jWkZZx6sq1cvqQ3KEYan=s0-d-e1-ft#https:\/\/fonts.gstatic.com\/s\/e\/notoemoji\/16.0\/27a1_fe0f\/32.png\" alt=\"\u27a1\ufe0f\" data-bit=\"iit\" \/>\u00a0<strong><a href=\"https:\/\/agora.xtec.cat\/iesflix\/wp-content\/uploads\/usu1940\/2026\/03\/instruccions-aplicacio_sollicitud_titol.pdf\" target=\"_blank\" rel=\"noopener\">Aqu\u00ed<\/a> trobareu un document amb les instruccions detallades per fer la tramitaci\u00f3 pas a pas.<\/strong><\/p>\n<h3><img decoding=\"async\" class=\"CToWUd\" src=\"https:\/\/ci3.googleusercontent.com\/meips\/ADKq_NbJSOnFcg1m-cQOKE55ONbOXYqVEmgtg8azdXOLkJJn_vJLqJBkyM0QixNd6hgZplBGga7DYjtGFL9wCsBU_KRCcCuMDu6eVOBJtvoBro4=s0-d-e1-ft#https:\/\/fonts.gstatic.com\/s\/e\/notoemoji\/16.0\/1f539\/32.png\" alt=\"\ud83d\udd39\" data-bit=\"iit\" \/>\u00a0<strong>Tramitaci\u00f3 de t\u00edtols<\/strong><\/h3>\n<p><img decoding=\"async\" class=\"CToWUd\" src=\"https:\/\/ci3.googleusercontent.com\/meips\/ADKq_NbhnS9rv5DabOAk_YrYZQ7TYhXQoEQa-B1kCzUHhK9VE6S4gRTO4BxSSfUMeJShSKK6bsFqviJWL8uOtBC3FZOj3FF_jWkZZx6sq1cvqQ3KEYan=s0-d-e1-ft#https:\/\/fonts.gstatic.com\/s\/e\/notoemoji\/16.0\/27a1_fe0f\/32.png\" alt=\"\u27a1\ufe0f\" data-bit=\"iit\" \/>\u00a0<strong>Enlla\u00e7 per iniciar la\u00a0sol\u00b7licitud:<\/strong><br \/>\n<a href=\"https:\/\/educacio.gencat.cat\/ca\/tramits\/tramits-temes\/titols-academics-no-universitaris\" target=\"_blank\" rel=\"noopener\" data-saferedirecturl=\"https:\/\/www.google.com\/url?q=https:\/\/educacio.gencat.cat\/ca\/tramits\/tramits-temes\/titols-academics-no-universitaris&amp;source=gmail&amp;ust=1772631317420000&amp;usg=AOvVaw09TtOEmoeGOuyG35S67HEb\">https:\/\/educacio.gencat.cat\/<wbr \/>ca\/tramits\/tramits-temes\/<wbr \/>titols-academics-no-<wbr \/>universitaris<\/a><\/p>\n<p><strong>Documentaci\u00f3 necess\u00e0ria:<\/strong><\/p>\n<ul>\n<li>Identificaci\u00f3 digital (idCAT M\u00f2bil, DNI electr\u00f2nic, etc.)<\/li>\n<li>Resguard de pagament de la taxa (el trobareu al mateix portal)<\/li>\n<li>Certificat acad\u00e8mic de BAT (si s&#8217;escau) o Certificat de finalitzaci\u00f3 del cicle (si el sistema no ho detecta autom\u00e0ticament)<\/li>\n<\/ul>\n<h3><img decoding=\"async\" class=\"CToWUd\" src=\"https:\/\/ci3.googleusercontent.com\/meips\/ADKq_Na6yrz0A0dtfQGBlGWd2USVerTT7xmHkfAIxCL-VWr5tpifJ6CEfPQgiNMf7wZaLYA5xlDfEGie1CUU9AGq7tz2K7-9nFnQ0BsiGKDIi7tSyGrb=s0-d-e1-ft#https:\/\/fonts.gstatic.com\/s\/e\/notoemoji\/16.0\/2139_fe0f\/32.png\" alt=\"\u2139\ufe0f\" data-bit=\"iit\" \/>\u00a0<strong>Informaci\u00f3 addicional:<\/strong><\/h3>\n<ul>\n<li>\u00c9s molt important\u00a0<strong>guardar el resguard de la\u00a0sol\u00b7licitud\u00a0i del pagament<\/strong>.<\/li>\n<li>Si teniu dret a\u00a0<strong>bonificacions o exempcions<\/strong>\u00a0(fam\u00edlia nombrosa, discapacitat, etc.), cal adjuntar la documentaci\u00f3 acreditativa.<\/li>\n<li>Si no disposeu de l&#8217;<strong>idCAT M\u00f2bil<\/strong>, el podeu donar d&#8217;alta gratu\u00eftament a trav\u00e9s d&#8217;aquest enlla\u00e7: <a rel=\"noopener\"><span style=\"color: #0000ff;\">https:\/\/idcatmobil.seu.cat<\/span><\/a><\/li>\n<li><em><strong>Cal recordar que un cop fet el tr\u00e0mit telem\u00e0tic, heu de fer arribar al centre el <a href=\"https:\/\/agora.xtec.cat\/iesflix\/wp-content\/uploads\/usu1940\/2026\/03\/A1287.pdf\" target=\"_blank\" rel=\"noopener\">full de sol\u00b7licitud de t\u00edtol<\/a> , junt amb el reguard de pagament, el justificant expedit i, si s&#8217;escau, la documentaci\u00f3 acreditativa per bonificaci\u00f3 (T\u00edtol de fam\u00edlia nombrosa, monoparental, discapacitat, etc) per tal de finalitzar el proc\u00e9s i sol\u00b7licitar l&#8217;enviament del t\u00edtol.<\/strong><\/em><\/li>\n<li>Per qualsevol dubte o incid\u00e8ncia, podeu contactar amb la secretaria del centre o consultar el portal de tr\u00e0mits de la Generalitat.<\/li>\n<\/ul>\n<p><strong>Us recomanem fer la\u00a0sol\u00b7licitud\u00a0tan aviat com estigui disponible la documentaci\u00f3 acad\u00e8mica definitiva.<\/strong><\/p>\n","protected":false},"excerpt":{"rendered":"<p>A partir del curs 2024-2025, el procediment per\u00a0sol\u00b7licitar els t\u00edtols , un cop finalitzats els estudis, ha canviat, i\u00a0 cal fer la tramitaci\u00f3 de manera telem\u00e0tica\u00a0a trav\u00e9s del portal del Departament d&#8217;Educaci\u00f3. \u00a0IMPORTANT:\u00a0Per fer el tr\u00e0mit, cal disposar d&#8217;un sistema d&#8217;identificaci\u00f3 digital com ara l&#8217;idCAT M\u00f2bil, el\u00a0DNI electr\u00f2nic, o qualsevol altra forma d&#8217;identificaci\u00f3 electr\u00f2nica acceptada [&hellip;]<\/p>\n","protected":false},"author":1,"featured_media":0,"parent":0,"menu_order":0,"comment_status":"closed","ping_status":"closed","template":"","meta":{"_bbp_topic_count":0,"_bbp_reply_count":0,"_bbp_total_topic_count":0,"_bbp_total_reply_count":0,"_bbp_voice_count":0,"_bbp_anonymous_reply_count":0,"_bbp_topic_count_hidden":0,"_bbp_reply_count_hidden":0,"_bbp_forum_subforum_count":0,"site-sidebar-layout":"default","site-content-layout":"","ast-site-content-layout":"default","site-content-style":"default","site-sidebar-style":"default","ast-global-header-display":"","ast-banner-title-visibility":"","ast-main-header-display":"","ast-hfb-above-header-display":"","ast-hfb-below-header-display":"","ast-hfb-mobile-header-display":"","site-post-title":"","ast-breadcrumbs-content":"","ast-featured-img":"","footer-sml-layout":"","theme-transparent-header-meta":"","adv-header-id-meta":"","stick-header-meta":"","header-above-stick-meta":"","header-main-stick-meta":"","header-below-stick-meta":"","astra-migrate-meta-layouts":"set","ast-page-background-enabled":"default","ast-page-background-meta":{"desktop":{"background-color":"var(--ast-global-color-4)","background-image":"","background-repeat":"repeat","background-position":"center center","background-size":"auto","background-attachment":"scroll","background-type":"","background-media":"","overlay-type":"","overlay-color":"","overlay-opacity":"","overlay-gradient":""},"tablet":{"background-color":"","background-image":"","background-repeat":"repeat","background-position":"center center","background-size":"auto","background-attachment":"scroll","background-type":"","background-media":"","overlay-type":"","overlay-color":"","overlay-opacity":"","overlay-gradient":""},"mobile":{"background-color":"","background-image":"","background-repeat":"repeat","background-position":"center center","background-size":"auto","background-attachment":"scroll","background-type":"","background-media":"","overlay-type":"","overlay-color":"","overlay-opacity":"","overlay-gradient":""}},"ast-content-background-meta":{"desktop":{"background-color":"var(--ast-global-color-5)","background-image":"","background-repeat":"repeat","background-position":"center center","background-size":"auto","background-attachment":"scroll","background-type":"","background-media":"","overlay-type":"","overlay-color":"","overlay-opacity":"","overlay-gradient":""},"tablet":{"background-color":"var(--ast-global-color-5)","background-image":"","background-repeat":"repeat","background-position":"center center","background-size":"auto","background-attachment":"scroll","background-type":"","background-media":"","overlay-type":"","overlay-color":"","overlay-opacity":"","overlay-gradient":""},"mobile":{"background-color":"var(--ast-global-color-5)","background-image":"","background-repeat":"repeat","background-position":"center center","background-size":"auto","background-attachment":"scroll","background-type":"","background-media":"","overlay-type":"","overlay-color":"","overlay-opacity":"","overlay-gradient":""}},"footnotes":""},"class_list":["post-4021","page","type-page","status-publish","hentry"],"post_mailing_queue_ids":[],"_links":{"self":[{"href":"https:\/\/agora.xtec.cat\/iesflix\/wp-json\/wp\/v2\/pages\/4021","targetHints":{"allow":["GET"]}}],"collection":[{"href":"https:\/\/agora.xtec.cat\/iesflix\/wp-json\/wp\/v2\/pages"}],"about":[{"href":"https:\/\/agora.xtec.cat\/iesflix\/wp-json\/wp\/v2\/types\/page"}],"author":[{"embeddable":true,"href":"https:\/\/agora.xtec.cat\/iesflix\/wp-json\/wp\/v2\/users\/1"}],"replies":[{"embeddable":true,"href":"https:\/\/agora.xtec.cat\/iesflix\/wp-json\/wp\/v2\/comments?post=4021"}],"version-history":[{"count":6,"href":"https:\/\/agora.xtec.cat\/iesflix\/wp-json\/wp\/v2\/pages\/4021\/revisions"}],"predecessor-version":[{"id":5006,"href":"https:\/\/agora.xtec.cat\/iesflix\/wp-json\/wp\/v2\/pages\/4021\/revisions\/5006"}],"wp:attachment":[{"href":"https:\/\/agora.xtec.cat\/iesflix\/wp-json\/wp\/v2\/media?parent=4021"}],"curies":[{"name":"wp","href":"https:\/\/api.w.org\/{rel}","templated":true}]}}