{"id":3975,"date":"2024-07-05T09:57:26","date_gmt":"2024-07-05T07:57:26","guid":{"rendered":"https:\/\/agora.xtec.cat\/iesflix\/?page_id=3975"},"modified":"2025-07-15T09:24:20","modified_gmt":"2025-07-15T07:24:20","slug":"deures-estiu-2024","status":"publish","type":"page","link":"https:\/\/agora.xtec.cat\/iesflix\/deures-estiu-2024\/","title":{"rendered":"Deures estiu 2025"},"content":{"rendered":"<p><a href=\"https:\/\/agora.xtec.cat\/iesflix\/wp-content\/uploads\/usu1940\/2025\/07\/Book-review_1st-batx.docx.pdf\">Book-review<\/a>Deures d&#8217;estiu per l&#8217;alumnat que el 2024\/2025 han cursat:<\/p>\n<p>1r ESO:<\/p>\n<ul style=\"list-style-type: circle;\">\n<li><a href=\"https:\/\/agora.xtec.cat\/iesflix\/wp-content\/uploads\/usu1940\/2025\/07\/1r-ESO_matematiques_-feina-estiu.pdf\" target=\"_blank\" rel=\"noopener\">Matem\u00e0tiques<\/a><\/li>\n<li>Catal\u00e0 i Castell\u00e0: L&#8217;alumnat ha rebut un correu amb la feina d&#8217;estiu d&#8217;aquestes mat\u00e8ries.<\/li>\n<li><a href=\"https:\/\/agora.xtec.cat\/iesflix\/wp-content\/uploads\/usu1940\/2025\/07\/1r-2n-3r-ESO-_-angles_activitats-estiu-consolidacio.pdf\" target=\"_blank\" rel=\"noopener\">Angl\u00e8s<\/a><\/li>\n<\/ul>\n<p>2n ESO:<\/p>\n<ul style=\"list-style-type: circle;\">\n<li><a href=\"https:\/\/agora.xtec.cat\/iesflix\/wp-content\/uploads\/usu1940\/2025\/07\/2n-ESO_-matematiques_feina-estiu.pdf\" target=\"_blank\" rel=\"noopener\">Matem\u00e0tiques<\/a><\/li>\n<li>Catal\u00e0 i Castell\u00e0: L&#8217;alumnat ha rebut un correu amb la feina d&#8217;estiu d&#8217;aquestes mat\u00e8ries.<\/li>\n<li><a href=\"https:\/\/agora.xtec.cat\/iesflix\/wp-content\/uploads\/usu1940\/2025\/07\/1r-2n-3r-ESO-_-angles_activitats-estiu-consolidacio.pdf\" target=\"_blank\" rel=\"noopener\">Angl\u00e8s<\/a><\/li>\n<\/ul>\n<p>3r ESO:<\/p>\n<ul style=\"list-style-type: circle;\">\n<li><a href=\"https:\/\/agora.xtec.cat\/iesflix\/wp-content\/uploads\/usu1940\/2025\/07\/3r-ESO-_matematiques_feina-estiu.pdf\" target=\"_blank\" rel=\"noopener\">Matem\u00e0tiques<\/a><\/li>\n<li>Catal\u00e0 i Castell\u00e0: L&#8217;alumnat ha rebut un correu amb la feina d&#8217;estiu d&#8217;aquestes mat\u00e8ries.<\/li>\n<li><a href=\"https:\/\/agora.xtec.cat\/iesflix\/wp-content\/uploads\/usu1940\/2025\/07\/1r-2n-3r-ESO-_-angles_activitats-estiu-consolidacio.pdf\" target=\"_blank\" rel=\"noopener\">Angl\u00e8s<\/a><\/li>\n<\/ul>\n<p>4t ESO:<\/p>\n<ul style=\"list-style-type: circle;\">\n<li><a href=\"https:\/\/agora.xtec.cat\/iesflix\/wp-content\/uploads\/usu1940\/2025\/07\/4t-ESO_angles_activitats-optatives-estiu-consolidacio.pdf\" target=\"_blank\" rel=\"noopener\">Angl\u00e8s<\/a>\n<ul style=\"list-style-type: circle;\">\n<li><a href=\"https:\/\/agora.xtec.cat\/iesflix\/wp-content\/uploads\/usu1940\/2024\/07\/4t-ESO_Book-review.docx.pdf\" target=\"_blank\" rel=\"noopener\">Book-review<\/a><\/li>\n<\/ul>\n<\/li>\n<\/ul>\n<p>1r BAT:<\/p>\n<ul style=\"list-style-type: circle;\">\n<li><a href=\"https:\/\/agora.xtec.cat\/iesflix\/wp-content\/uploads\/usu1940\/2025\/07\/ACTIVITATS_OPTATIVES_DESTIU_DE_CONSOLIDACIO_angles_1r-Batxillerat.pdf\" target=\"_blank\" rel=\"noopener\">Angl\u00e8s<\/a>\n<ul style=\"list-style-type: circle;\">\n<li><a href=\"https:\/\/agora.xtec.cat\/iesflix\/wp-content\/uploads\/usu1940\/2025\/07\/Book-review_1st-batx.docx.pdf\">Book-review<\/a><\/li>\n<\/ul>\n<\/li>\n<li><a href=\"https:\/\/agora.xtec.cat\/iesflix\/wp-content\/uploads\/usu1940\/2025\/07\/1r-BAT-LLENGUA-CASTELLANA_ACTIVITATS_OPTATIVES_DESTIU.docx-1.pdf\" target=\"_blank\" rel=\"noopener\">Castell\u00e0<\/a><\/li>\n<li><a href=\"https:\/\/agora.xtec.cat\/iesflix\/wp-content\/uploads\/usu1940\/2025\/07\/ACTIVITATS-OPTATIVES-DESTIU-DE-CONSOLIDACIO-IMPRES_53.docx.pdf\" target=\"_blank\" rel=\"noopener\">Catal\u00e0<\/a><br \/>\n<ul style=\"list-style-type: circle;\">\n<li><a href=\"https:\/\/agora.xtec.cat\/iesflix\/wp-content\/uploads\/usu1940\/2025\/07\/1BATX-DEURES-ESTIU-25.pdf\" target=\"_blank\" rel=\"noopener\">Lectures<\/a><\/li>\n<\/ul>\n<\/li>\n<\/ul>\n\n\n<p><\/p>\n","protected":false},"excerpt":{"rendered":"<p>Book-reviewDeures d&#8217;estiu per l&#8217;alumnat que el 2024\/2025 han cursat: 1r ESO: Matem\u00e0tiques Catal\u00e0 i Castell\u00e0: L&#8217;alumnat ha rebut un correu amb la feina d&#8217;estiu d&#8217;aquestes mat\u00e8ries. Angl\u00e8s 2n ESO: Matem\u00e0tiques Catal\u00e0 i Castell\u00e0: L&#8217;alumnat ha rebut un correu amb la feina d&#8217;estiu d&#8217;aquestes mat\u00e8ries. Angl\u00e8s 3r ESO: Matem\u00e0tiques Catal\u00e0 i Castell\u00e0: L&#8217;alumnat ha rebut un [&hellip;]<\/p>\n","protected":false},"author":1,"featured_media":0,"parent":0,"menu_order":0,"comment_status":"closed","ping_status":"closed","template":"","meta":{"_bbp_topic_count":0,"_bbp_reply_count":0,"_bbp_total_topic_count":0,"_bbp_total_reply_count":0,"_bbp_voice_count":0,"_bbp_anonymous_reply_count":0,"_bbp_topic_count_hidden":0,"_bbp_reply_count_hidden":0,"_bbp_forum_subforum_count":0,"site-sidebar-layout":"default","site-content-layout":"","ast-site-content-layout":"","site-content-style":"default","site-sidebar-style":"default","ast-global-header-display":"","ast-banner-title-visibility":"","ast-main-header-display":"","ast-hfb-above-header-display":"","ast-hfb-below-header-display":"","ast-hfb-mobile-header-display":"","site-post-title":"","ast-breadcrumbs-content":"","ast-featured-img":"","footer-sml-layout":"","theme-transparent-header-meta":"","adv-header-id-meta":"","stick-header-meta":"","header-above-stick-meta":"","header-main-stick-meta":"","header-below-stick-meta":"","astra-migrate-meta-layouts":"default","ast-page-background-enabled":"default","ast-page-background-meta":{"desktop":{"background-color":"var(--ast-global-color-4)","background-image":"","background-repeat":"repeat","background-position":"center center","background-size":"auto","background-attachment":"scroll","background-type":"","background-media":"","overlay-type":"","overlay-color":"","overlay-opacity":"","overlay-gradient":""},"tablet":{"background-color":"","background-image":"","background-repeat":"repeat","background-position":"center center","background-size":"auto","background-attachment":"scroll","background-type":"","background-media":"","overlay-type":"","overlay-color":"","overlay-opacity":"","overlay-gradient":""},"mobile":{"background-color":"","background-image":"","background-repeat":"repeat","background-position":"center center","background-size":"auto","background-attachment":"scroll","background-type":"","background-media":"","overlay-type":"","overlay-color":"","overlay-opacity":"","overlay-gradient":""}},"ast-content-background-meta":{"desktop":{"background-color":"var(--ast-global-color-5)","background-image":"","background-repeat":"repeat","background-position":"center center","background-size":"auto","background-attachment":"scroll","background-type":"","background-media":"","overlay-type":"","overlay-color":"","overlay-opacity":"","overlay-gradient":""},"tablet":{"background-color":"var(--ast-global-color-5)","background-image":"","background-repeat":"repeat","background-position":"center center","background-size":"auto","background-attachment":"scroll","background-type":"","background-media":"","overlay-type":"","overlay-color":"","overlay-opacity":"","overlay-gradient":""},"mobile":{"background-color":"var(--ast-global-color-5)","background-image":"","background-repeat":"repeat","background-position":"center center","background-size":"auto","background-attachment":"scroll","background-type":"","background-media":"","overlay-type":"","overlay-color":"","overlay-opacity":"","overlay-gradient":""}},"footnotes":""},"class_list":["post-3975","page","type-page","status-publish","hentry"],"post_mailing_queue_ids":[],"_links":{"self":[{"href":"https:\/\/agora.xtec.cat\/iesflix\/wp-json\/wp\/v2\/pages\/3975","targetHints":{"allow":["GET"]}}],"collection":[{"href":"https:\/\/agora.xtec.cat\/iesflix\/wp-json\/wp\/v2\/pages"}],"about":[{"href":"https:\/\/agora.xtec.cat\/iesflix\/wp-json\/wp\/v2\/types\/page"}],"author":[{"embeddable":true,"href":"https:\/\/agora.xtec.cat\/iesflix\/wp-json\/wp\/v2\/users\/1"}],"replies":[{"embeddable":true,"href":"https:\/\/agora.xtec.cat\/iesflix\/wp-json\/wp\/v2\/comments?post=3975"}],"version-history":[{"count":6,"href":"https:\/\/agora.xtec.cat\/iesflix\/wp-json\/wp\/v2\/pages\/3975\/revisions"}],"predecessor-version":[{"id":4782,"href":"https:\/\/agora.xtec.cat\/iesflix\/wp-json\/wp\/v2\/pages\/3975\/revisions\/4782"}],"wp:attachment":[{"href":"https:\/\/agora.xtec.cat\/iesflix\/wp-json\/wp\/v2\/media?parent=3975"}],"curies":[{"name":"wp","href":"https:\/\/api.w.org\/{rel}","templated":true}]}}