{"id":3832,"date":"2024-04-24T18:08:48","date_gmt":"2024-04-24T16:08:48","guid":{"rendered":"https:\/\/agora.xtec.cat\/iesflix\/?page_id=3832"},"modified":"2024-04-24T18:12:24","modified_gmt":"2024-04-24T16:12:24","slug":"pfi","status":"publish","type":"page","link":"https:\/\/agora.xtec.cat\/iesflix\/pfi\/","title":{"rendered":"PROGRAMA DE FORMACI\u00d3 I INSERCI\u00d3 (PFI)"},"content":{"rendered":"<div class=\"flex_column av-1vt6f-94cb9b107aceb72a8e20adf0ccb6ced5 av_one_full avia-builder-el-25 el_after_av_section el_before_av_one_half avia-builder-el-first first flex_column_div av-zero-column-padding \">\n<div class=\"av-special-heading av-ew3d-62d957a6c01cfd0505602ee1ab270705 av-special-heading-h2 avia-builder-el-26 el_before_av_textblock avia-builder-el-first \">\n<h2 class=\"av-special-heading-tag\"><\/h2>\n<div class=\"special-heading-border\">\n<div class=\"special-heading-inner-border\"><\/div>\n<\/div>\n<\/div>\n<section class=\"av_textblock_section av-otfc-d2a28e0a079df874787b279ca8cc3cd3 \">\n<div class=\"avia_textblock\">\n<p>Els\u00a0<strong>programes de formaci\u00f3 i inserci\u00f3<\/strong>\u00a0s\u00f3n voluntaris i estan adre\u00e7ats als joves que compleixin com a m\u00ednim 16 anys d\u2019edat i com a m\u00e0xim 21 en l\u2019any d\u2019inici del programa, que hagin deixat l\u2019educaci\u00f3 secund\u00e0ria obligat\u00f2ria (ESO) sense obtenir-ne el t\u00edtol i que, en el moment d\u2019iniciar els programes, no segueixin estudis en el sistema educatiu ni participin en altres accions de formaci\u00f3.<\/p>\n<p>La\u00a0<strong>finalitat<\/strong>\u00a0d\u2019aquests programes \u00e9s proporcionar a aquests joves la possibilitat d\u2019incorporar-se de nou al sistema educatiu per continuar estudis de formaci\u00f3 professional. Han de facilitar, tamb\u00e9, l\u2019aprenentatge imprescindible per accedir al mercat de treball amb millors possibilitats d\u2019obtenir una ocupaci\u00f3 qualificada i duradora.<\/p>\n<\/div>\n<\/section>\n<div class=\"hr av-27mbz-cb099931ba42fefd31d3f6b6cf5e9aeb hr-invisible avia-builder-el-28 el_after_av_textblock avia-builder-el-last \"><\/div>\n<\/div>\n<div class=\"flex_column av-3oo7j-3c55dd36a873fbcba82e4d14dd38f92e av_one_half avia-builder-el-29 el_after_av_one_full el_before_av_one_half first flex_column_div av-zero-column-padding column-top-margin\">\n<div class=\"avia-icon-list-container av-jqobt6ar-e89c4ccedccae7e6c79222876dc6ab0e avia-builder-el-30 avia-builder-el-no-sibling \">\n<ul class=\"avia-icon-list avia_animate_when_almost_visible avia-icon-list-left av-iconlist-small av-jqobt6ar-e89c4ccedccae7e6c79222876dc6ab0e avia-iconlist-animate avia_start_animation\">\n<li>\n<div class=\"iconlist_icon av-bjkh-9dcfd1bf52026f7d28437d4bacfa0033 avia-font-entypo-fontello\"><\/div>\n<article class=\"article-icon-entry \">\n<div class=\"iconlist_content_wrap\">\n<header class=\"entry-content-header\"><\/header>\n<div class=\"iconlist_content \">\n<p><strong>Acc\u00e9s:<\/strong>\u00a0 Joves no ocupats que compleixin com a m\u00ednim 16 anys d\u2019edat i com a m\u00e0xim 21, que no hagin obtingut la ESO.<\/p>\n<\/div>\n<\/div>\n<footer class=\"entry-footer\"><\/footer>\n<\/article>\n<\/li>\n<\/ul>\n<\/div>\n<\/div>\n<div class=\"flex_column av-55a9n-aee12eb2f6611c2dd583974dcbbf652b av_one_half avia-builder-el-31 el_after_av_one_half el_before_av_hr flex_column_div av-zero-column-padding column-top-margin\">\n<div class=\"avia-icon-list-container av-jqobt6ar-e89c4ccedccae7e6c79222876dc6ab0e avia-builder-el-32 avia-builder-el-no-sibling \">\n<ul class=\"avia-icon-list avia_animate_when_almost_visible avia-icon-list-left av-iconlist-small av-jqobt6ar-e89c4ccedccae7e6c79222876dc6ab0e avia-iconlist-animate avia_start_animation\">\n<li>\n<div class=\"iconlist_icon av-2saed-8a3eb66de62ae1c31e9f9f68ed52c011 avia-font-entypo-fontello\"><\/div>\n<article class=\"article-icon-entry \">\n<div class=\"iconlist_content_wrap\">\n<header class=\"entry-content-header\"><\/header>\n<div class=\"iconlist_content \">\n<p><strong>Durada:<\/strong>\u00a01.000 hores, un curs acad\u00e8mic<\/p>\n<\/div>\n<\/div>\n<\/article>\n<\/li>\n<\/ul>\n<\/div>\n<\/div>\n","protected":false},"excerpt":{"rendered":"<p>Els\u00a0programes de formaci\u00f3 i inserci\u00f3\u00a0s\u00f3n voluntaris i estan adre\u00e7ats als joves que compleixin com a m\u00ednim 16 anys d\u2019edat i com a m\u00e0xim 21 en l\u2019any d\u2019inici del programa, que hagin deixat l\u2019educaci\u00f3 secund\u00e0ria obligat\u00f2ria (ESO) sense obtenir-ne el t\u00edtol i que, en el moment d\u2019iniciar els programes, no segueixin estudis en el sistema educatiu [&hellip;]<\/p>\n","protected":false},"author":1,"featured_media":0,"parent":0,"menu_order":0,"comment_status":"closed","ping_status":"closed","template":"","meta":{"_bbp_topic_count":0,"_bbp_reply_count":0,"_bbp_total_topic_count":0,"_bbp_total_reply_count":0,"_bbp_voice_count":0,"_bbp_anonymous_reply_count":0,"_bbp_topic_count_hidden":0,"_bbp_reply_count_hidden":0,"_bbp_forum_subforum_count":0,"site-sidebar-layout":"default","site-content-layout":"","ast-site-content-layout":"","site-content-style":"default","site-sidebar-style":"default","ast-global-header-display":"","ast-banner-title-visibility":"","ast-main-header-display":"","ast-hfb-above-header-display":"","ast-hfb-below-header-display":"","ast-hfb-mobile-header-display":"","site-post-title":"","ast-breadcrumbs-content":"","ast-featured-img":"","footer-sml-layout":"","theme-transparent-header-meta":"","adv-header-id-meta":"","stick-header-meta":"","header-above-stick-meta":"","header-main-stick-meta":"","header-below-stick-meta":"","astra-migrate-meta-layouts":"default","ast-page-background-enabled":"default","ast-page-background-meta":{"desktop":{"background-color":"var(--ast-global-color-4)","background-image":"","background-repeat":"repeat","background-position":"center center","background-size":"auto","background-attachment":"scroll","background-type":"","background-media":"","overlay-type":"","overlay-color":"","overlay-opacity":"","overlay-gradient":""},"tablet":{"background-color":"","background-image":"","background-repeat":"repeat","background-position":"center center","background-size":"auto","background-attachment":"scroll","background-type":"","background-media":"","overlay-type":"","overlay-color":"","overlay-opacity":"","overlay-gradient":""},"mobile":{"background-color":"","background-image":"","background-repeat":"repeat","background-position":"center center","background-size":"auto","background-attachment":"scroll","background-type":"","background-media":"","overlay-type":"","overlay-color":"","overlay-opacity":"","overlay-gradient":""}},"ast-content-background-meta":{"desktop":{"background-color":"var(--ast-global-color-5)","background-image":"","background-repeat":"repeat","background-position":"center center","background-size":"auto","background-attachment":"scroll","background-type":"","background-media":"","overlay-type":"","overlay-color":"","overlay-opacity":"","overlay-gradient":""},"tablet":{"background-color":"var(--ast-global-color-5)","background-image":"","background-repeat":"repeat","background-position":"center center","background-size":"auto","background-attachment":"scroll","background-type":"","background-media":"","overlay-type":"","overlay-color":"","overlay-opacity":"","overlay-gradient":""},"mobile":{"background-color":"var(--ast-global-color-5)","background-image":"","background-repeat":"repeat","background-position":"center center","background-size":"auto","background-attachment":"scroll","background-type":"","background-media":"","overlay-type":"","overlay-color":"","overlay-opacity":"","overlay-gradient":""}},"footnotes":""},"class_list":["post-3832","page","type-page","status-publish","hentry"],"post_mailing_queue_ids":[],"_links":{"self":[{"href":"https:\/\/agora.xtec.cat\/iesflix\/wp-json\/wp\/v2\/pages\/3832","targetHints":{"allow":["GET"]}}],"collection":[{"href":"https:\/\/agora.xtec.cat\/iesflix\/wp-json\/wp\/v2\/pages"}],"about":[{"href":"https:\/\/agora.xtec.cat\/iesflix\/wp-json\/wp\/v2\/types\/page"}],"author":[{"embeddable":true,"href":"https:\/\/agora.xtec.cat\/iesflix\/wp-json\/wp\/v2\/users\/1"}],"replies":[{"embeddable":true,"href":"https:\/\/agora.xtec.cat\/iesflix\/wp-json\/wp\/v2\/comments?post=3832"}],"version-history":[{"count":2,"href":"https:\/\/agora.xtec.cat\/iesflix\/wp-json\/wp\/v2\/pages\/3832\/revisions"}],"predecessor-version":[{"id":3837,"href":"https:\/\/agora.xtec.cat\/iesflix\/wp-json\/wp\/v2\/pages\/3832\/revisions\/3837"}],"wp:attachment":[{"href":"https:\/\/agora.xtec.cat\/iesflix\/wp-json\/wp\/v2\/media?parent=3832"}],"curies":[{"name":"wp","href":"https:\/\/api.w.org\/{rel}","templated":true}]}}