{"id":3822,"date":"2024-04-24T18:00:05","date_gmt":"2024-04-24T16:00:05","guid":{"rendered":"https:\/\/agora.xtec.cat\/iesflix\/?page_id=3822"},"modified":"2024-04-24T18:00:05","modified_gmt":"2024-04-24T16:00:05","slug":"eso","status":"publish","type":"page","link":"https:\/\/agora.xtec.cat\/iesflix\/eso\/","title":{"rendered":"ESO"},"content":{"rendered":"<div class=\"flex_column av-1vt6f-94cb9b107aceb72a8e20adf0ccb6ced5 av_one_full  avia-builder-el-25  el_after_av_section  el_before_av_hr  avia-builder-el-first  first flex_column_div av-zero-column-padding  \">\n<section class=\"av_textblock_section av-otfc-d2a28e0a079df874787b279ca8cc3cd3 \">\n<div class=\"avia_textblock\">\n<p>En l\u2019organitzaci\u00f3 del curr\u00edculum d\u2019ESO s\u2019aplica el Decret 187\/2015, de 25 d\u2019agost, pel qual s\u2019estableix l\u2019ordenaci\u00f3 dels ensenyaments de l\u2019educaci\u00f3 secund\u00e0ria obligat\u00f2ria.<\/p>\n<p>El curr\u00edculum s\u2019organitza en \u00e0mbits de coneixement. Els \u00e0mbits de coneixement s\u00f3n agrupacions de mat\u00e8ries que comparteixen les compet\u00e8ncies b\u00e0siques espec\u00edfiques de cada \u00e0mbit i les compet\u00e8ncies transversals.<\/p>\n<\/div>\n<\/section>\n<\/div>\n<div class=\"hr av-jlryzbkw-7119e3dc1446a0f78d03d15da9dce35f hr-invisible  avia-builder-el-28  el_after_av_one_full  el_before_av_one_half \"><\/div>\n<div class=\"flex_column av-55a9n-73307c1cdb3a955ffae853e019265ebe av_one_half  avia-builder-el-29  el_after_av_hr  el_before_av_one_half  first flex_column_div av-zero-column-padding  \">\n<div class=\"avia-icon-list-container av-jqobt6ar-e89c4ccedccae7e6c79222876dc6ab0e  avia-builder-el-30  avia-builder-el-no-sibling \">\n<article class=\"article-icon-entry \">\n<div class=\"iconlist_content_wrap\">\n<header class=\"entry-content-header\"><\/header>\n<div class=\"iconlist_content \">\n<p><strong>Acc\u00e9s:<\/strong> 6\u00e8 de prim\u00e0ria\u00a0 \u00a0 \u00a0 \u00a0 \u00a0 \u00a0 \u00a0 \u00a0 \u00a0 \u00a0 \u00a0 \u00a0 \u00a0 \u00a0 \u00a0 \u00a0 \u00a0 \u00a0 \u00a0 \u00a0 \u00a0 \u00a0 \u00a0 \u00a0 \u00a0 \u00a0 \u00a0 \u00a0 \u00a0 <strong style=\"font-family: inherit; font-size: 1em;\">Durada:<\/strong><span style=\"font-family: inherit; font-size: 1em;\">\u00a04 cursos<\/span><\/p>\n<\/div>\n<\/div>\n<\/article>\n<\/div>\n<\/div>\n<div class=\"flex_column av-3oo7j-72061003588b0a762a7a40e4676301c1 av_one_half  avia-builder-el-31  el_after_av_one_half  el_before_av_one_full  flex_column_div av-zero-column-padding  \">\n<div class=\"avia-icon-list-container av-jqobt6ar-e89c4ccedccae7e6c79222876dc6ab0e  avia-builder-el-32  avia-builder-el-no-sibling \"><\/div>\n<\/div>\n","protected":false},"excerpt":{"rendered":"<p>En l\u2019organitzaci\u00f3 del curr\u00edculum d\u2019ESO s\u2019aplica el Decret 187\/2015, de 25 d\u2019agost, pel qual s\u2019estableix l\u2019ordenaci\u00f3 dels ensenyaments de l\u2019educaci\u00f3 secund\u00e0ria obligat\u00f2ria. El curr\u00edculum s\u2019organitza en \u00e0mbits de coneixement. Els \u00e0mbits de coneixement s\u00f3n agrupacions de mat\u00e8ries que comparteixen les compet\u00e8ncies b\u00e0siques espec\u00edfiques de cada \u00e0mbit i les compet\u00e8ncies transversals. Acc\u00e9s: 6\u00e8 de prim\u00e0ria\u00a0 \u00a0 [&hellip;]<\/p>\n","protected":false},"author":1,"featured_media":0,"parent":0,"menu_order":0,"comment_status":"closed","ping_status":"closed","template":"","meta":{"_bbp_topic_count":0,"_bbp_reply_count":0,"_bbp_total_topic_count":0,"_bbp_total_reply_count":0,"_bbp_voice_count":0,"_bbp_anonymous_reply_count":0,"_bbp_topic_count_hidden":0,"_bbp_reply_count_hidden":0,"_bbp_forum_subforum_count":0,"site-sidebar-layout":"default","site-content-layout":"","ast-site-content-layout":"","site-content-style":"default","site-sidebar-style":"default","ast-global-header-display":"","ast-banner-title-visibility":"","ast-main-header-display":"","ast-hfb-above-header-display":"","ast-hfb-below-header-display":"","ast-hfb-mobile-header-display":"","site-post-title":"","ast-breadcrumbs-content":"","ast-featured-img":"","footer-sml-layout":"","theme-transparent-header-meta":"","adv-header-id-meta":"","stick-header-meta":"","header-above-stick-meta":"","header-main-stick-meta":"","header-below-stick-meta":"","astra-migrate-meta-layouts":"default","ast-page-background-enabled":"default","ast-page-background-meta":{"desktop":{"background-color":"var(--ast-global-color-4)","background-image":"","background-repeat":"repeat","background-position":"center center","background-size":"auto","background-attachment":"scroll","background-type":"","background-media":"","overlay-type":"","overlay-color":"","overlay-opacity":"","overlay-gradient":""},"tablet":{"background-color":"","background-image":"","background-repeat":"repeat","background-position":"center center","background-size":"auto","background-attachment":"scroll","background-type":"","background-media":"","overlay-type":"","overlay-color":"","overlay-opacity":"","overlay-gradient":""},"mobile":{"background-color":"","background-image":"","background-repeat":"repeat","background-position":"center center","background-size":"auto","background-attachment":"scroll","background-type":"","background-media":"","overlay-type":"","overlay-color":"","overlay-opacity":"","overlay-gradient":""}},"ast-content-background-meta":{"desktop":{"background-color":"var(--ast-global-color-5)","background-image":"","background-repeat":"repeat","background-position":"center center","background-size":"auto","background-attachment":"scroll","background-type":"","background-media":"","overlay-type":"","overlay-color":"","overlay-opacity":"","overlay-gradient":""},"tablet":{"background-color":"var(--ast-global-color-5)","background-image":"","background-repeat":"repeat","background-position":"center center","background-size":"auto","background-attachment":"scroll","background-type":"","background-media":"","overlay-type":"","overlay-color":"","overlay-opacity":"","overlay-gradient":""},"mobile":{"background-color":"var(--ast-global-color-5)","background-image":"","background-repeat":"repeat","background-position":"center center","background-size":"auto","background-attachment":"scroll","background-type":"","background-media":"","overlay-type":"","overlay-color":"","overlay-opacity":"","overlay-gradient":""}},"footnotes":""},"class_list":["post-3822","page","type-page","status-publish","hentry"],"post_mailing_queue_ids":[],"_links":{"self":[{"href":"https:\/\/agora.xtec.cat\/iesflix\/wp-json\/wp\/v2\/pages\/3822","targetHints":{"allow":["GET"]}}],"collection":[{"href":"https:\/\/agora.xtec.cat\/iesflix\/wp-json\/wp\/v2\/pages"}],"about":[{"href":"https:\/\/agora.xtec.cat\/iesflix\/wp-json\/wp\/v2\/types\/page"}],"author":[{"embeddable":true,"href":"https:\/\/agora.xtec.cat\/iesflix\/wp-json\/wp\/v2\/users\/1"}],"replies":[{"embeddable":true,"href":"https:\/\/agora.xtec.cat\/iesflix\/wp-json\/wp\/v2\/comments?post=3822"}],"version-history":[{"count":1,"href":"https:\/\/agora.xtec.cat\/iesflix\/wp-json\/wp\/v2\/pages\/3822\/revisions"}],"predecessor-version":[{"id":3823,"href":"https:\/\/agora.xtec.cat\/iesflix\/wp-json\/wp\/v2\/pages\/3822\/revisions\/3823"}],"wp:attachment":[{"href":"https:\/\/agora.xtec.cat\/iesflix\/wp-json\/wp\/v2\/media?parent=3822"}],"curies":[{"name":"wp","href":"https:\/\/api.w.org\/{rel}","templated":true}]}}