{"id":3753,"date":"2024-04-23T16:34:56","date_gmt":"2024-04-23T14:34:56","guid":{"rendered":"https:\/\/agora.xtec.cat\/iesflix\/?page_id=3753"},"modified":"2025-11-27T14:11:10","modified_gmt":"2025-11-27T13:11:10","slug":"reconeixement-dels-nivells-b2-i-c1-de-catala","status":"publish","type":"page","link":"https:\/\/agora.xtec.cat\/iesflix\/reconeixement-dels-nivells-b2-i-c1-de-catala\/","title":{"rendered":"Reconeixement dels nivells B2 i C1 de catal\u00e0"},"content":{"rendered":"<div class=\"list_needToKnow-group-item-title\" style=\"text-align: justify;\"><strong><span class=\"list_needToKnow-group-item-span\">REQUISITS PER SOL\u00b7LICITAR L\u2019EQUIVAL\u00c8NCIA<\/span><\/strong><\/div>\n<div style=\"text-align: justify;\"><\/div>\n<div style=\"text-align: justify;\"><\/div>\n<div class=\"wrapper_list_needToKnow-group-article\" style=\"text-align: justify;\">\n<div class=\"list_needToKnow-group-item-paragraph\">\n<div class=\"link-dotted\">\n<p>Persones nascudes a partir de l\u2019any 1972 que acompleixin els dos requisits seg\u00fcents:<\/p>\n<ul>\n<li>Haver fet l\u2019itinerari escolar \u00edntegrament a Catalunya o, parcialment, en d\u2019altres territoris on el catal\u00e0 fos llengua curricular avaluable, de manera\u00a0<strong>que\u00a0s\u2019hagi acabat obtenint la titulaci\u00f3 al sistema educatiu de Catalunya<\/strong>.<\/li>\n<li>Haver obtingut una de les seg\u00fcents titulacions: graduat escolar, t\u00e8cnic auxiliar, t\u00e8cnic especialista o BUP, de l\u2019anterior sistema educatiu; graduat d\u2019educaci\u00f3 secund\u00e0ria obligat\u00f2ria o batxillerat, de l\u2019actual sistema educatiu.<\/li>\n<\/ul>\n<p>\u00c9s important indicar que les proves d\u2019acc\u00e9s per als majors de 25 anys, selectivitat i acc\u00e9s als cicles formatius, aix\u00ed com els cicles formatius de grau mitj\u00e0 o de grau superior, no apareixen a la normativa i, que per tant, no es poden tenir en compte.<\/p>\n<p>Aix\u00ed doncs, la primera promoci\u00f3 escolar que t\u00e9 dret a demanar aquest reconeixement \u00e9s la que va comen\u00e7ar el primer any de l\u2019educaci\u00f3 general b\u00e0sica (EGB) el curs 1978-1979, a partir del qual l\u2019ensenyament del catal\u00e0 va ser oficial al sistema educatiu de Catalunya, tal com s\u2019estableix al\u00a0<span style=\"color: #0000ff;\"><a style=\"color: #0000ff;\" title=\"Reial Decret 2092\/1978, de 23 de juny\" href=\"https:\/\/www.boe.es\/buscar\/doc.php?id=BOE-A-1978-22729\" target=\"_blank\" rel=\"noopener\">Reial decret 2092\/1978, de 23 de juny<\/a>.<\/span><\/p>\n<\/div>\n<\/div>\n<\/div>\n<p style=\"text-align: justify;\"><strong>QUADRE D\u2019EQUIVAL\u00c8NCIES<\/strong><\/p>\n<p style=\"text-align: justify;\"><strong>Nivell B2 (intermedi)<\/strong><\/p>\n<table width=\"576\">\n<tbody>\n<tr>\n<td width=\"170\"><strong>T\u00edtol presentat<\/strong><\/td>\n<td width=\"406\"><strong>S\u2019ha d\u2019haver estudiat a Catalunya<\/strong><\/td>\n<\/tr>\n<tr>\n<td width=\"170\">T\u00edtol de graduat escolar (EGB)<\/td>\n<td width=\"406\">Tota l\u2019EGB a Catalunya i cursat la mat\u00e8ria de la llengua catalana en la\u00a0<strong>totalitat\u00a0<\/strong>dels estudis esmentats a partir del curs 1978\/1979<\/td>\n<\/tr>\n<tr>\n<td width=\"170\">T\u00edtol FP1<\/td>\n<td width=\"406\">Tota l\u2019EGB i l\u2019FP1 a Catalunya i cursat la mat\u00e8ria de la llengua catalana en la\u00a0<strong>totalitat<\/strong>\u00a0dels estudis esmentats a partir del curs 1978\/1979 (curs d\u2019inici d\u2019EGB)<\/td>\n<\/tr>\n<\/tbody>\n<\/table>\n<p style=\"text-align: justify;\"><strong>Nivell C1 (sufici\u00e8ncia)<\/strong><\/p>\n<table width=\"595\">\n<tbody>\n<tr>\n<td width=\"180\"><strong>T\u00edtol presentat<\/strong><\/td>\n<td width=\"415\"><strong>S\u2019ha d\u2019haver estudiat a Catalunya<\/strong><\/td>\n<\/tr>\n<tr>\n<td width=\"180\">T\u00edtol BUP<\/td>\n<td width=\"415\">Tota l\u2019EGB i BUP a Catalunya i s\u2019hagi cursat de manera oficial la mat\u00e8ria de llengua catalana en la\u00a0<strong>totalitat\u00a0<\/strong>dels estudis esmentats a partir del curs 1978\/1979 (curs d\u2019inici d\u2019EGB)<\/td>\n<\/tr>\n<tr>\n<td width=\"180\">T\u00edtol FP2<\/td>\n<td width=\"415\">Tota l\u2019EGB, FP1 i FP2 a Catalunya i s\u2019hagi cursat de manera oficial la mat\u00e8ria de llengua catalana en la\u00a0<strong>totalitat<\/strong>\u00a0dels estudis esmentats a partir del curs 1978\/1979 (curs d\u2019inici d\u2019EGB)<\/td>\n<\/tr>\n<tr>\n<td width=\"180\">T\u00edtol BATXILLERAT<\/td>\n<td width=\"415\">Almenys 3 cursos de PRIM\u00c0RIA i 5 entre ESO i BATX a Catalunya i cursat la mat\u00e8ria de llengua catalana en la\u00a0<strong>totalitat\u00a0<\/strong>dels estudis m\u00ednims esmentats.<\/td>\n<\/tr>\n<tr>\n<td width=\"180\">T\u00edtol ESO<\/td>\n<td width=\"415\">Almenys 3 cursos de PRIM\u00c0RIA i tota l\u2019ESO a Catalunya i\u00a0<strong>cursat i aprovat\u00a0<\/strong>la mat\u00e8ria de llengua catalana en la totalitat dels estudis m\u00ednims esmentats. El requisit d\u2019acreditaci\u00f3 d\u2019haver aprovat la mat\u00e8ria de llengua catalana, \u00e9s d&#8217;aplicaci\u00f3 als t\u00edtols de graduat en educaci\u00f3 secund\u00e0ria obtinguts a partir del curs 2007\/2008. Els anteriors a aquest curs han d&#8217;acreditar haver <strong>cursat<\/strong> la mat\u00e8ria de llengua catalana en la totalitat dels estudis esmentats.<\/td>\n<\/tr>\n<\/tbody>\n<\/table>\n<div style=\"text-align: justify;\"><\/div>\n<div class=\"wrapper_list_needToKnow-group-article\">\n<div class=\"list_needToKnow-group-item-paragraph\">\n<div class=\"link-dotted\">\n<p style=\"text-align: justify;\"><strong>ON SOL\u00b7LICITAR L\u2019EQUIVAL\u00c8NCIA<\/strong><\/p>\n<p style=\"text-align: justify;\">Les persones que hagin obtingut la seva titulaci\u00f3 en un institut (o institut escola) podran presentar la seva sol\u00b7licitud en qualsevol d\u2019aquests centres aportant la documentaci\u00f3 requerida.<\/p>\n<p style=\"text-align: justify;\">Les persones que hagin obtingut la seva titulaci\u00f3 en un centre de formaci\u00f3 d\u2019adults, hauran de presentar la seva sol\u00b7licitud al centre de formaci\u00f3 d\u2019adults que correspongui aportant la documentaci\u00f3 requerida.<\/p>\n<p style=\"text-align: justify;\">Les persones que hagin obtingut la seva titulaci\u00f3 a l\u2019Institut Obert de Catalunya (IOC) hauran de tramitar la seva sol\u00b7licitud a l\u2019IOC aportant la documentaci\u00f3 requerida.<\/p>\n<div class=\"list_needToKnow-group-item-title\" style=\"text-align: justify;\"><strong><span class=\"list_needToKnow-group-item-span\">DOCUMENTACI\u00d3 PER SOL\u00b7LICITAR L\u2019EQUIVAL\u00c8NCIA<\/span><\/strong><\/div>\n<div style=\"text-align: justify;\"><\/div>\n<div class=\"link-dotted\">\n<div class=\"list_needToKnow-group-item-paragraph\">\n<ul style=\"text-align: justify; list-style-type: square;\">\n<li>Llibre d\u2019escolaritat, o historial acad\u00e8mic o certificat del centre o centres on s\u2019ha fet l\u2019itinerari escolar corresponent a l\u2019etapa educativa (EGB, BUP, FP, prim\u00e0ria, ESO o Batxillerat).<\/li>\n<li>T\u00edtol, resguard del t\u00edtol o certificat que acrediti que la titulaci\u00f3 superior s\u2019ha obtingut sense cap mat\u00e8ria suspesa o, en el cas de l\u2019ESO, que s\u2019ha superat la mat\u00e8ria de llengua catalana en acabar el cicle superior.<\/li>\n<li>Fotoc\u00f2pia del DNI<\/li>\n<\/ul>\n<p style=\"padding-left: 40px; text-align: justify;\"><em>En cas que no es disposi dels llibres d\u2019escolaritat i que el centre o centres que els van emetre hagin tancat o ja no existeixin, caldr\u00e0 demanar a\u00a0<strong>la Inspecci\u00f3 d\u2019Educaci\u00f3 del servei territorial que correspongui\u00a0<\/strong>el nom del centre dipositari de la documentaci\u00f3 i que custodi\u00ef les actes i expedients del centre o centres tancats o desapareguts.<\/em><\/p>\n<p style=\"text-align: justify;\">Per als casos que no es corresponguin amb els sup\u00f2sits esmentats, les persones interessades es podran dirigir al\u00a0<span style=\"color: #0000ff;\"><a style=\"color: #0000ff;\" title=\"Departament d'Educaci\u00f3\" href=\"http:\/\/sac.gencat.cat\/sacgencat\/AppJava\/organisme_fitxa.jsp?codi=1599\" target=\"_blank\" rel=\"noopener\">Departament d\u2019Educaci\u00f3<\/a>\u00a0<\/span>per tramitar la seva sol\u00b7licitud.<\/p>\n<p style=\"text-align: justify;\"><strong>COM SOL\u00b7LICITAR L\u2019EQUIVAL\u00c8NCIA<\/strong><\/p>\n<p style=\"text-align: justify;\">Complimentar i signar la sol\u00b7licitud que trobareu clicant <span style=\"color: #0000ff; background-color: #ffffff;\"><a style=\"color: #0000ff; background-color: #ffffff;\" href=\"https:\/\/agora.xtec.cat\/iesflix\/wp-content\/uploads\/usu1940\/2024\/04\/Sol.licitud_nivell_catala_A816.pdf\">aqu\u00ed<\/a> <\/span>i\u00a0 portar-la al centre juntament amb la documentaci\u00f3. Tamb\u00e9 podeu fer arribar la documentaci\u00f3 a <span style=\"color: #0000ff;\"><i>secretaria@iesflix.cat<\/i><\/span><\/p>\n<p style=\"text-align: justify;\">Trobareu tota la informaci\u00f3 sobre aquest tr\u00e0mit clicant\u00a0<a href=\"https:\/\/web.gencat.cat\/ca\/tramits\/tramits-temes\/22046-reconeixement-b2-c1-catala?category=742b7874-a82c-11e3-a972-000c29052e2c\"><span style=\"color: #0000ff;\">aqu\u00ed<\/span>.<\/a><\/p>\n<\/div>\n<\/div>\n<\/div>\n<\/div>\n<\/div>\n","protected":false},"excerpt":{"rendered":"<p>REQUISITS PER SOL\u00b7LICITAR L\u2019EQUIVAL\u00c8NCIA Persones nascudes a partir de l\u2019any 1972 que acompleixin els dos requisits seg\u00fcents: Haver fet l\u2019itinerari escolar \u00edntegrament a Catalunya o, parcialment, en d\u2019altres territoris on el catal\u00e0 fos llengua curricular avaluable, de manera\u00a0que\u00a0s\u2019hagi acabat obtenint la titulaci\u00f3 al sistema educatiu de Catalunya. Haver obtingut una de les seg\u00fcents titulacions: graduat [&hellip;]<\/p>\n","protected":false},"author":1,"featured_media":0,"parent":0,"menu_order":0,"comment_status":"closed","ping_status":"closed","template":"","meta":{"_bbp_topic_count":0,"_bbp_reply_count":0,"_bbp_total_topic_count":0,"_bbp_total_reply_count":0,"_bbp_voice_count":0,"_bbp_anonymous_reply_count":0,"_bbp_topic_count_hidden":0,"_bbp_reply_count_hidden":0,"_bbp_forum_subforum_count":0,"site-sidebar-layout":"default","site-content-layout":"","ast-site-content-layout":"default","site-content-style":"default","site-sidebar-style":"default","ast-global-header-display":"","ast-banner-title-visibility":"","ast-main-header-display":"","ast-hfb-above-header-display":"","ast-hfb-below-header-display":"","ast-hfb-mobile-header-display":"","site-post-title":"","ast-breadcrumbs-content":"","ast-featured-img":"","footer-sml-layout":"","theme-transparent-header-meta":"","adv-header-id-meta":"","stick-header-meta":"","header-above-stick-meta":"","header-main-stick-meta":"","header-below-stick-meta":"","astra-migrate-meta-layouts":"set","ast-page-background-enabled":"default","ast-page-background-meta":{"desktop":{"background-color":"var(--ast-global-color-4)","background-image":"","background-repeat":"repeat","background-position":"center center","background-size":"auto","background-attachment":"scroll","background-type":"","background-media":"","overlay-type":"","overlay-color":"","overlay-opacity":"","overlay-gradient":""},"tablet":{"background-color":"","background-image":"","background-repeat":"repeat","background-position":"center center","background-size":"auto","background-attachment":"scroll","background-type":"","background-media":"","overlay-type":"","overlay-color":"","overlay-opacity":"","overlay-gradient":""},"mobile":{"background-color":"","background-image":"","background-repeat":"repeat","background-position":"center center","background-size":"auto","background-attachment":"scroll","background-type":"","background-media":"","overlay-type":"","overlay-color":"","overlay-opacity":"","overlay-gradient":""}},"ast-content-background-meta":{"desktop":{"background-color":"var(--ast-global-color-5)","background-image":"","background-repeat":"repeat","background-position":"center center","background-size":"auto","background-attachment":"scroll","background-type":"","background-media":"","overlay-type":"","overlay-color":"","overlay-opacity":"","overlay-gradient":""},"tablet":{"background-color":"var(--ast-global-color-5)","background-image":"","background-repeat":"repeat","background-position":"center center","background-size":"auto","background-attachment":"scroll","background-type":"","background-media":"","overlay-type":"","overlay-color":"","overlay-opacity":"","overlay-gradient":""},"mobile":{"background-color":"var(--ast-global-color-5)","background-image":"","background-repeat":"repeat","background-position":"center center","background-size":"auto","background-attachment":"scroll","background-type":"","background-media":"","overlay-type":"","overlay-color":"","overlay-opacity":"","overlay-gradient":""}},"footnotes":""},"class_list":["post-3753","page","type-page","status-publish","hentry"],"post_mailing_queue_ids":[],"_links":{"self":[{"href":"https:\/\/agora.xtec.cat\/iesflix\/wp-json\/wp\/v2\/pages\/3753","targetHints":{"allow":["GET"]}}],"collection":[{"href":"https:\/\/agora.xtec.cat\/iesflix\/wp-json\/wp\/v2\/pages"}],"about":[{"href":"https:\/\/agora.xtec.cat\/iesflix\/wp-json\/wp\/v2\/types\/page"}],"author":[{"embeddable":true,"href":"https:\/\/agora.xtec.cat\/iesflix\/wp-json\/wp\/v2\/users\/1"}],"replies":[{"embeddable":true,"href":"https:\/\/agora.xtec.cat\/iesflix\/wp-json\/wp\/v2\/comments?post=3753"}],"version-history":[{"count":6,"href":"https:\/\/agora.xtec.cat\/iesflix\/wp-json\/wp\/v2\/pages\/3753\/revisions"}],"predecessor-version":[{"id":4897,"href":"https:\/\/agora.xtec.cat\/iesflix\/wp-json\/wp\/v2\/pages\/3753\/revisions\/4897"}],"wp:attachment":[{"href":"https:\/\/agora.xtec.cat\/iesflix\/wp-json\/wp\/v2\/media?parent=3753"}],"curies":[{"name":"wp","href":"https:\/\/api.w.org\/{rel}","templated":true}]}}