{"id":3697,"date":"2024-04-23T14:38:23","date_gmt":"2024-04-23T12:38:23","guid":{"rendered":"https:\/\/agora.xtec.cat\/iesflix\/?page_id=3697"},"modified":"2026-02-27T08:57:11","modified_gmt":"2026-02-27T07:57:11","slug":"preinscripcio-curs-2024-2025","status":"publish","type":"page","link":"https:\/\/agora.xtec.cat\/iesflix\/preinscripcio-curs-2024-2025\/","title":{"rendered":"Ajuts i beques 2026\/2027"},"content":{"rendered":"<header class=\"entry-header\">\n<h2 class=\"entry-title\" style=\"text-align: justify;\">Ajuts i Beques<\/h2>\n<\/header>\n<div class=\"entry-content\">\n<h4 style=\"text-align: justify;\"><b>Beques\u00a0d\u2019ensenyaments post obligatoris no universitaris <\/b><b>per al curs 2026\/2027<\/b><\/h4>\n<p style=\"text-align: justify;\"><b>Destinataris de les beques:\u00a0<\/b>alumnat que el curs 2026-2027 cursar\u00e0 estudis de Batxillerat, Cicles Formatius de Grau b\u00e0sic, Cicles Formatius de Grau mitj\u00e0 o Cicles Formatius de Grau superior.<\/p>\n<p style=\"text-align: justify;\">La novetat principal \u00e9s que continua l\u2019avan\u00e7ament del termini de presentaci\u00f3 que \u00e9s \u00fanic:<\/p>\n<p style=\"text-align: justify;\"><em><strong>El termini de presentaci\u00f3 obligatori de sol\u00b7licituds comen\u00e7a <span style=\"background-color: #ffffff;\">el <span style=\"color: #ffffff;\">19 de mar\u00e7 de 2024 a les 09.00h i finalitzar\u00e0 el proper 10 de maig de 2024 a les 15.00h<\/span><\/span><span style=\"color: #ffffff;\">.,<\/span> ambd\u00f3s inclosos.<\/strong><\/em><\/p>\n<p style=\"text-align: justify;\">L\u2019alumnat ha de sol\u00b7licitar la beca dins del termini, malgrat no s\u00e0piguen que estudiaran en seguretat. Han de posar els estudis m\u00e9s probables i hi haur\u00e0 una 2a. fase per modificar i canviar pels estudis que realment es cursaran.<\/p>\n<p style=\"text-align: justify;\">Seguint les ordres del Departament d\u2019Educaci\u00f3, l\u2019alumnat que cursar\u00e0 un Programa de Formaci\u00f3 i Inserci\u00f3 (PFI) i vulgui demanar beca per aquests estudis, en el moment de complimentar la sol\u00b7licitud a l\u2019aplicatiu haur\u00e0 de triar com a estudis el \u201c<em><strong>curs de preparaci\u00f3 per a les proves d\u2019acc\u00e9s a la formaci\u00f3 professional\u201d\u00a0\u00a0<\/strong><\/em>ja que pel PFI no trobar\u00e0 l\u2019opci\u00f3.<\/p>\n<p style=\"text-align: justify;\">Podeu fer el tr\u00e0mit online a trav\u00e9s de la seg\u00fcent p\u00e0gina web:<a href=\"https:\/\/www.becaseducacion.gob.es\/becas-y-ayudas.html\" target=\"_blank\" rel=\"noopener\"><b>\u00a0Sol\u00b7licitar beca<\/b><\/a><\/p>\n<\/div>\n","protected":false},"excerpt":{"rendered":"<p>Ajuts i Beques Beques\u00a0d\u2019ensenyaments post obligatoris no universitaris per al curs 2026\/2027 Destinataris de les beques:\u00a0alumnat que el curs 2026-2027 cursar\u00e0 estudis de Batxillerat, Cicles Formatius de Grau b\u00e0sic, Cicles Formatius de Grau mitj\u00e0 o Cicles Formatius de Grau superior. La novetat principal \u00e9s que continua l\u2019avan\u00e7ament del termini de presentaci\u00f3 que \u00e9s \u00fanic: El [&hellip;]<\/p>\n","protected":false},"author":1,"featured_media":0,"parent":0,"menu_order":0,"comment_status":"closed","ping_status":"closed","template":"","meta":{"_bbp_topic_count":0,"_bbp_reply_count":0,"_bbp_total_topic_count":0,"_bbp_total_reply_count":0,"_bbp_voice_count":0,"_bbp_anonymous_reply_count":0,"_bbp_topic_count_hidden":0,"_bbp_reply_count_hidden":0,"_bbp_forum_subforum_count":0,"site-sidebar-layout":"default","site-content-layout":"","ast-site-content-layout":"default","site-content-style":"default","site-sidebar-style":"default","ast-global-header-display":"","ast-banner-title-visibility":"","ast-main-header-display":"","ast-hfb-above-header-display":"","ast-hfb-below-header-display":"","ast-hfb-mobile-header-display":"","site-post-title":"","ast-breadcrumbs-content":"","ast-featured-img":"","footer-sml-layout":"","theme-transparent-header-meta":"","adv-header-id-meta":"","stick-header-meta":"","header-above-stick-meta":"","header-main-stick-meta":"","header-below-stick-meta":"","astra-migrate-meta-layouts":"set","ast-page-background-enabled":"default","ast-page-background-meta":{"desktop":{"background-color":"var(--ast-global-color-4)","background-image":"","background-repeat":"repeat","background-position":"center center","background-size":"auto","background-attachment":"scroll","background-type":"","background-media":"","overlay-type":"","overlay-color":"","overlay-opacity":"","overlay-gradient":""},"tablet":{"background-color":"","background-image":"","background-repeat":"repeat","background-position":"center center","background-size":"auto","background-attachment":"scroll","background-type":"","background-media":"","overlay-type":"","overlay-color":"","overlay-opacity":"","overlay-gradient":""},"mobile":{"background-color":"","background-image":"","background-repeat":"repeat","background-position":"center center","background-size":"auto","background-attachment":"scroll","background-type":"","background-media":"","overlay-type":"","overlay-color":"","overlay-opacity":"","overlay-gradient":""}},"ast-content-background-meta":{"desktop":{"background-color":"var(--ast-global-color-5)","background-image":"","background-repeat":"repeat","background-position":"center center","background-size":"auto","background-attachment":"scroll","background-type":"","background-media":"","overlay-type":"","overlay-color":"","overlay-opacity":"","overlay-gradient":""},"tablet":{"background-color":"var(--ast-global-color-5)","background-image":"","background-repeat":"repeat","background-position":"center center","background-size":"auto","background-attachment":"scroll","background-type":"","background-media":"","overlay-type":"","overlay-color":"","overlay-opacity":"","overlay-gradient":""},"mobile":{"background-color":"var(--ast-global-color-5)","background-image":"","background-repeat":"repeat","background-position":"center center","background-size":"auto","background-attachment":"scroll","background-type":"","background-media":"","overlay-type":"","overlay-color":"","overlay-opacity":"","overlay-gradient":""}},"footnotes":""},"class_list":["post-3697","page","type-page","status-publish","hentry"],"post_mailing_queue_ids":[],"_links":{"self":[{"href":"https:\/\/agora.xtec.cat\/iesflix\/wp-json\/wp\/v2\/pages\/3697","targetHints":{"allow":["GET"]}}],"collection":[{"href":"https:\/\/agora.xtec.cat\/iesflix\/wp-json\/wp\/v2\/pages"}],"about":[{"href":"https:\/\/agora.xtec.cat\/iesflix\/wp-json\/wp\/v2\/types\/page"}],"author":[{"embeddable":true,"href":"https:\/\/agora.xtec.cat\/iesflix\/wp-json\/wp\/v2\/users\/1"}],"replies":[{"embeddable":true,"href":"https:\/\/agora.xtec.cat\/iesflix\/wp-json\/wp\/v2\/comments?post=3697"}],"version-history":[{"count":6,"href":"https:\/\/agora.xtec.cat\/iesflix\/wp-json\/wp\/v2\/pages\/3697\/revisions"}],"predecessor-version":[{"id":4996,"href":"https:\/\/agora.xtec.cat\/iesflix\/wp-json\/wp\/v2\/pages\/3697\/revisions\/4996"}],"wp:attachment":[{"href":"https:\/\/agora.xtec.cat\/iesflix\/wp-json\/wp\/v2\/media?parent=3697"}],"curies":[{"name":"wp","href":"https:\/\/api.w.org\/{rel}","templated":true}]}}