{"id":3655,"date":"2024-04-23T12:11:28","date_gmt":"2024-04-23T10:11:28","guid":{"rendered":"https:\/\/agora.xtec.cat\/iesflix\/?page_id=3655"},"modified":"2026-03-03T09:40:17","modified_gmt":"2026-03-03T08:40:17","slug":"preinscripcio-i-matricula","status":"publish","type":"page","link":"https:\/\/agora.xtec.cat\/iesflix\/preinscripcio-i-matricula\/","title":{"rendered":"Preinscripci\u00f3 ESO. Curs 2026\/2027"},"content":{"rendered":"\n<figure class=\"wp-block-image size-full is-resized\"><img loading=\"lazy\" decoding=\"async\" width=\"555\" height=\"432\" src=\"https:\/\/agora.xtec.cat\/iesflix\/wp-content\/uploads\/usu1940\/2026\/02\/preins-2526-construim-futur.jpg\" alt=\"\" class=\"wp-image-4989\" style=\"width:605px;height:auto\" srcset=\"https:\/\/agora.xtec.cat\/iesflix\/wp-content\/uploads\/usu1940\/2026\/02\/preins-2526-construim-futur.jpg 555w, https:\/\/agora.xtec.cat\/iesflix\/wp-content\/uploads\/usu1940\/2026\/02\/preins-2526-construim-futur-300x234.jpg 300w\" sizes=\"auto, (max-width: 555px) 100vw, 555px\" \/><\/figure>\n\n\n\n<p><\/p>\n\n\n\n<p><mark style=\"background-color:rgba(0, 0, 0, 0)\" class=\"has-inline-color has-black-color\">Abans, prepara tota la <a href=\"https:\/\/preinscripcio.gencat.cat\/ca\/estudis\/eso\/informat\/prepara-documentacio\/\" data-type=\"link\" data-id=\"https:\/\/preinscripcio.gencat.cat\/ca\/estudis\/eso\/informat\/prepara-documentacio\/\" target=\"_blank\" rel=\"noreferrer noopener\">documentaci\u00f3<\/a>:<\/mark><\/p>\n\n\n\n<div><span style=\"color: #333333;\"><strong>CALENDARI DE LA PREINSCRIPCI\u00d3<\/strong><\/span><\/div>\n\n\n\n<div style=\"text-align: justify;\">&nbsp;<\/div>\n\n\n\n\n\n<section class=\"padding-xs padding-sm padding-md colorSectionOdd\">\n<article class=\"container fullcontainer-xs\">\n<div class=\"row\">\n<div id=\"center_2R\">\n<div id=\"llista_5338f9f4-5bf5-11eb-9783-005056924a59_5338f9f5-5bf5-11eb-9783-005056924a59\" class=\"fpca_llista_enllacIcones formatter_body\">\n<div class=\"wrapper_llista_enllacIcones\">\n<div class=\"list-item-wrapper\">\n<div class=\"col content-col\">\n<ul style=\"list-style-type: circle; text-align: justify;\">\n<li><span style=\"color: #333333;\"><strong>3 de mar\u00e7 de 2026<\/strong>: Publicaci\u00f3 del nombre de places escolars per centre i curs. <span style=\"text-decoration: underline;\"><a href=\"https:\/\/agora.xtec.cat\/iesflix\/wp-content\/uploads\/usu1940\/2026\/03\/202603023_Publicacio_Oferta_inicial_places_ESO_INFORME_OFERTA-1.pdf\" target=\"_blank\" rel=\"noopener\">Oferta inicial<\/a><\/span>.<\/span><\/li>\n<li><span style=\"color: #333333;\"><strong style=\"font-family: inherit; font-size: 1em;\">Del 6 (a partir de les 9 hores) al 18 de mar\u00e7 de 2026: <\/strong><span style=\"font-family: inherit; font-size: 1em;\">la sol\u00b7licitud de preinscripci\u00f3 \u00e9s electr\u00f2nica i es pot fer des de qualsevol ordinador, tauleta o m\u00f2bil connectats a Internet,\u00a0 per la qual cosa desapareix l\u2019opci\u00f3 de sol\u00b7licitud presentada en format paper. <\/span>\u00a0Cliqueu <a href=\"https:\/\/preinscripcio.gencat.cat\/ca\/estudis\/eso\/preinscriute\/sollicitud\/\" target=\"_blank\" rel=\"noopener\">aqu\u00ed<\/a> per presentar la sol\u00b7licitud.<\/span><\/li>\n<\/ul>\n<div class=\"col content-col\">\n<div class=\"bloc-mobil\">\n<div class=\"descripcio link-dotted\">\n<p style=\"text-align: justify;\"><span style=\"color: #333333;\"><em>\u00c9s molt important respectar les dates de presentaci\u00f3, perqu\u00e8 totes les sol\u00b7licituds que es presentin fora d\u2019aquest termini perdran qualsevol prioritat a l\u2019hora d\u2019obtenir la pla\u00e7a. En la sol\u00b7licitud de preinscripci\u00f3 <strong>cal indicar si el centre escollit \u00e9s un centre adscrit<\/strong>\u00a0a l\u2019escola de prim\u00e0ria on s\u2019han cursat els cursos anteriors. L\u2019adscripci\u00f3 dels centres i els criteris prioritaris i complementaris serveixen per adjudicar una puntuaci\u00f3 a cada sol\u00b7licitud i establir l\u2019ordre d\u2019acc\u00e9s a les places dels centres. Cal presentar la sol\u00b7licitud i adjuntar-hi la documentaci\u00f3 d\u2019identificaci\u00f3 o de criteris que correspongui.<\/em><\/span><\/p>\n<ul style=\"list-style-type: circle;\">\n<li style=\"text-align: justify;\"><span style=\"color: #333333;\"><strong>Fins al 19 de mar\u00e7 de 2026:<\/strong> Presentaci\u00f3 de documentaci\u00f3. Aquests dies podeu presentar documentaci\u00f3 acreditativa que no hagueu pogut adjuntar durant el per\u00edode de presentaci\u00f3 de sol\u00b7licituds.<\/span><\/li>\n<li style=\"text-align: justify;\"><span style=\"color: #333333;\"><strong>15 d&#8217;abril de 2026:<\/strong> \u00a0Publicaci\u00f3 de la <span style=\"color: #0000ff;\"><a style=\"color: #0000ff;\" href=\"https:\/\/agora.xtec.cat\/iesflix\/wp-content\/uploads\/usu1940\/2025\/04\/20250424_ESO_Publicacio_BAREM_PROVISIONAL_BAREM.pdf\" target=\"_blank\" rel=\"noopener\">Llista<\/a><\/span> de sol\u00b7licituds amb puntuaci\u00f3 provisional . En aquesta llista hi ha les sol\u00b7licituds ordenades alfab\u00e8ticament amb la puntuaci\u00f3 que ha rebut cada sol\u00b7licitud en aplicar-hi el barem. Les fam\u00edlies tamb\u00e9 podran accedir a la consulta individual, accedint a Consulta la llista de sol\u00b7licituds amb la puntuaci\u00f3 provisional, amb el DNI, NIE o passaport de la persona que va presentar la sol\u00b7licitud i el seu codi, a la web preinscripcio.gencat.cat.<\/span><\/li>\n<li style=\"text-align: justify;\"><span style=\"color: #333333;\"><strong>Del 15 al 20 d\u2019abril de 2026:<\/strong> Presentaci\u00f3 de reclamacions.\u00a0Durant aquest per\u00edode, si detectes alguna errada o anomalia en la puntuaci\u00f3 assignada, pots presentar una reclamaci\u00f3.\u00a0Es pot fer des de la mateixa consulta individual o des de l\u2019opci\u00f3 \u201cFes el seguiment de la teva sol\u00b7licitud\u201d de la web preinscripcio.gencat.cat. A m\u00e9s, teniu a la vostra disposici\u00f3 aquest v\u00eddeo tutorial\u00a0<a style=\"color: #333333;\" href=\"https:\/\/youtu.be\/Y1HTJ25ueeY\">Com presentar una reclamaci\u00f3 contra la llista amb la puntuaci\u00f3 provisional<\/a>.<\/span><\/li>\n<li style=\"text-align: justify;\"><span style=\"color: #333333;\"><strong>23 d&#8217;abril de 2026:<\/strong> Publicaci\u00f3 de la llista de sol\u00b7licituds amb la puntuaci\u00f3 un cop resoltes les reclamacions. Consulta-la\u00a0aqu\u00ed.<\/span><\/li>\n<li style=\"text-align: justify;\"><span style=\"color: #333333;\"><strong>29 d&#8217;abril de 2026:<\/strong> Publicaci\u00f3 de la <a href=\"https:\/\/agora.xtec.cat\/iesflix\/wp-content\/uploads\/usu1940\/2025\/05\/20250509_ESO_INFORME_BAREM_DEFINITIU_BAREM.pdf\" target=\"_blank\" rel=\"noopener\">llista definitiva<\/a>. En\u00a0aquesta llista, en primer lloc es t\u00e9 en compte les adscripcions, despr\u00e8s la puntuaci\u00f3 de criteris prioritaris, de m\u00e9s a menys, i en cas d\u2019empat primer la puntuaci\u00f3 pels criteris complementaris i despr\u00e9s el n\u00famero de desempat.<\/span><\/li>\n<li style=\"text-align: justify;\"><span style=\"color: #333333;\"><strong>10 de juny de 2026:<\/strong>\u00a0oferta final de places escolars.\u00a0Publicaci\u00f3 del nombre definitiu de places escolars per centre i curs que \u00e9s el que s\u2019utilitza per a l\u2019assignaci\u00f3 de places.<\/span><\/li>\n<li style=\"text-align: justify;\"><span style=\"color: #333333;\"><strong>10 de juny de 2026:<\/strong>\u00a0llista d\u2019alumnes admesos i llista d\u2019espera.\u00a0Finalment, es publica la llista d\u2019alumnes admesos al centre i tamb\u00e9 la llista d\u2019espera.<\/span><\/li>\n<\/ul>\n<p>Podeu trobar tota la informaci\u00f3 al seg\u00fcent <span style=\"color: #0000ff;\"><a style=\"color: #0000ff;\" href=\"https:\/\/preinscripcio.gencat.cat\/ca\/estudis\/eso\/inici\/\" target=\"_blank\" rel=\"noopener\">enlla\u00e7<\/a><\/span>:<\/p>\n<\/div>\n<\/div>\n<\/div>\n<\/div>\n<\/div>\n<\/div>\n<\/div>\n<\/div>\n<\/div>\n<\/article>\n<\/section>\n\n\n","protected":false},"excerpt":{"rendered":"<p>Abans, prepara tota la documentaci\u00f3: CALENDARI DE LA PREINSCRIPCI\u00d3 &nbsp; 3 de mar\u00e7 de 2026: Publicaci\u00f3 del nombre de places escolars per centre i curs. Oferta inicial. Del 6 (a partir de les 9 hores) al 18 de mar\u00e7 de 2026: la sol\u00b7licitud de preinscripci\u00f3 \u00e9s electr\u00f2nica i es pot fer des de qualsevol ordinador, [&hellip;]<\/p>\n","protected":false},"author":1,"featured_media":0,"parent":0,"menu_order":0,"comment_status":"closed","ping_status":"closed","template":"","meta":{"_bbp_topic_count":0,"_bbp_reply_count":0,"_bbp_total_topic_count":0,"_bbp_total_reply_count":0,"_bbp_voice_count":0,"_bbp_anonymous_reply_count":0,"_bbp_topic_count_hidden":0,"_bbp_reply_count_hidden":0,"_bbp_forum_subforum_count":0,"site-sidebar-layout":"default","site-content-layout":"","ast-site-content-layout":"default","site-content-style":"default","site-sidebar-style":"default","ast-global-header-display":"","ast-banner-title-visibility":"","ast-main-header-display":"","ast-hfb-above-header-display":"","ast-hfb-below-header-display":"","ast-hfb-mobile-header-display":"","site-post-title":"","ast-breadcrumbs-content":"","ast-featured-img":"","footer-sml-layout":"","theme-transparent-header-meta":"","adv-header-id-meta":"","stick-header-meta":"","header-above-stick-meta":"","header-main-stick-meta":"","header-below-stick-meta":"","astra-migrate-meta-layouts":"set","ast-page-background-enabled":"default","ast-page-background-meta":{"desktop":{"background-color":"var(--ast-global-color-4)","background-image":"","background-repeat":"repeat","background-position":"center center","background-size":"auto","background-attachment":"scroll","background-type":"","background-media":"","overlay-type":"","overlay-color":"","overlay-opacity":"","overlay-gradient":""},"tablet":{"background-color":"","background-image":"","background-repeat":"repeat","background-position":"center center","background-size":"auto","background-attachment":"scroll","background-type":"","background-media":"","overlay-type":"","overlay-color":"","overlay-opacity":"","overlay-gradient":""},"mobile":{"background-color":"","background-image":"","background-repeat":"repeat","background-position":"center center","background-size":"auto","background-attachment":"scroll","background-type":"","background-media":"","overlay-type":"","overlay-color":"","overlay-opacity":"","overlay-gradient":""}},"ast-content-background-meta":{"desktop":{"background-color":"var(--ast-global-color-5)","background-image":"","background-repeat":"repeat","background-position":"center center","background-size":"auto","background-attachment":"scroll","background-type":"","background-media":"","overlay-type":"","overlay-color":"","overlay-opacity":"","overlay-gradient":""},"tablet":{"background-color":"var(--ast-global-color-5)","background-image":"","background-repeat":"repeat","background-position":"center center","background-size":"auto","background-attachment":"scroll","background-type":"","background-media":"","overlay-type":"","overlay-color":"","overlay-opacity":"","overlay-gradient":""},"mobile":{"background-color":"var(--ast-global-color-5)","background-image":"","background-repeat":"repeat","background-position":"center center","background-size":"auto","background-attachment":"scroll","background-type":"","background-media":"","overlay-type":"","overlay-color":"","overlay-opacity":"","overlay-gradient":""}},"footnotes":""},"class_list":["post-3655","page","type-page","status-publish","hentry"],"post_mailing_queue_ids":[],"_links":{"self":[{"href":"https:\/\/agora.xtec.cat\/iesflix\/wp-json\/wp\/v2\/pages\/3655","targetHints":{"allow":["GET"]}}],"collection":[{"href":"https:\/\/agora.xtec.cat\/iesflix\/wp-json\/wp\/v2\/pages"}],"about":[{"href":"https:\/\/agora.xtec.cat\/iesflix\/wp-json\/wp\/v2\/types\/page"}],"author":[{"embeddable":true,"href":"https:\/\/agora.xtec.cat\/iesflix\/wp-json\/wp\/v2\/users\/1"}],"replies":[{"embeddable":true,"href":"https:\/\/agora.xtec.cat\/iesflix\/wp-json\/wp\/v2\/comments?post=3655"}],"version-history":[{"count":6,"href":"https:\/\/agora.xtec.cat\/iesflix\/wp-json\/wp\/v2\/pages\/3655\/revisions"}],"predecessor-version":[{"id":5001,"href":"https:\/\/agora.xtec.cat\/iesflix\/wp-json\/wp\/v2\/pages\/3655\/revisions\/5001"}],"wp:attachment":[{"href":"https:\/\/agora.xtec.cat\/iesflix\/wp-json\/wp\/v2\/media?parent=3655"}],"curies":[{"name":"wp","href":"https:\/\/api.w.org\/{rel}","templated":true}]}}