{"id":3139,"date":"2022-07-01T08:30:59","date_gmt":"2022-07-01T07:30:59","guid":{"rendered":"https:\/\/iesflix.cat\/?page_id=3139"},"modified":"2025-01-30T09:26:10","modified_gmt":"2025-01-30T08:26:10","slug":"material-escolar-1r-2n-deso","status":"publish","type":"page","link":"https:\/\/agora.xtec.cat\/iesflix\/material-escolar-1r-2n-deso\/","title":{"rendered":"Material escolar 1r-2n d&#8217;ESO"},"content":{"rendered":"\r\n<p style=\"text-align: justify;\"><strong>MATERIAL QUE HAN DE PORTAR ELS ALUMNES<\/strong><\/p>\r\n\r\n\r\n\r\n<ul class=\"wp-block-list\" style=\"text-align: justify;\">\r\n<li>Una carpeta d\u2019anelles amb separadors per a cada mat\u00e8ria, inclosa la Tutoria.<\/li>\r\n<li>Fulls de quadr\u00edcula 5&#215;5 amb forats.<\/li>\r\n<li>Fundes de pl\u00e0stic per a cada mat\u00e8ria.<\/li>\r\n<li>Sols 1 estoig, preferiblement no met\u00e0l\u00b7lic, que contingui: llapis, goma, maquineta, bol\u00edgrafs (blau, negre i vermell), colors de fusta, pegament, tisores i un regle petit de m\u00e0xim 20 cm.<\/li>\r\n<li>Un arxivador de cart\u00f3 o similar per guardar (a casa) els temes un cop acabats i avaluats (al final de cada trimestre).<\/li>\r\n<\/ul>\r\n\r\n\r\n\r\n<p style=\"text-align: justify;\"><strong>UTILITZACI\u00d3 DEL MATERIAL<\/strong><\/p>\r\n\r\n\r\n\r\n<ul class=\"wp-block-list\" style=\"text-align: justify;\">\r\n<li>Totes les mat\u00e8ries es treballen en fulls de quadr\u00edcula de forats i es guarden a la carpeta d\u2019anelles convenientment separat en pestanyes.<\/li>\r\n<li>La part te\u00f2rica s\u2019escriu sempre amb bol\u00edgraf (no combinar m\u00e9s de tres colors de bol\u00edgraf).<\/li>\r\n<li>Els exercicis es fan amb llapis, tot i que els enunciats es copien a bol\u00edgraf. Cal evitar els retoladors fluorescents i els retoladors de punta fina si travessen a l\u2019altre costat del full, aix\u00ed com l\u2019abusiu \u00fas del corrector (<em>t\u00edppex<\/em>).<\/li>\r\n<li>Per comen\u00e7ar un tema sempre s\u2019utilitza un full nou. Aquest ha de contenir el nom de la mat\u00e8ria, dalt a l\u2019esquerra i, centrat i en maj\u00fascules, el nom del tema i el n\u00famero. Cal que cada dia, en emprar aquests fulls, s\u2019apunti la data. No s\u2019han de\u00a0 deixar espais en blanc dintre d\u2019un tema.<\/li>\r\n<li>Els llibres de text i de lectura han de portar el nom i cognoms ben visible i els de text s\u2019han de folrar amb pl\u00e0stic transparent.<\/li>\r\n<\/ul>\r\n\r\n\r\n\r\n<p style=\"text-align: justify;\"><strong>AGENDA:<\/strong><\/p>\r\n\r\n\r\n\r\n<ul class=\"wp-block-list\">\r\n<li style=\"text-align: justify;\">L\u2019agenda ser\u00e0 proporcionada pel Centre al comen\u00e7ament de curs previ pagament de 5 euros. El seu \u00fas \u00e9s obligatori.<\/li>\r\n<li style=\"text-align: justify;\">S\u2019han d\u2019anotar totes les tasques a fer: exercicis, lectures, treballs, ex\u00e0mens&#8230;<\/li>\r\n<li style=\"text-align: justify;\">Tamb\u00e9 s\u2019utilitza per a fer comunicacions als pares, justificar abs\u00e8ncies&#8230; tot i que, tamb\u00e9 es far\u00e0 servir l\u2019aplicaci\u00f3 <em>clickedu<\/em>.<\/li>\r\n<\/ul>\r\n","protected":false},"excerpt":{"rendered":"<p>MATERIAL QUE HAN DE PORTAR ELS ALUMNES Una carpeta d\u2019anelles amb separadors per a cada mat\u00e8ria, inclosa la Tutoria. Fulls de quadr\u00edcula 5&#215;5 amb forats. Fundes de pl\u00e0stic per a cada mat\u00e8ria. Sols 1 estoig, preferiblement no met\u00e0l\u00b7lic, que contingui: llapis, goma, maquineta, bol\u00edgrafs (blau, negre i vermell), colors de fusta, pegament, tisores i un [&hellip;]<\/p>\n","protected":false},"author":1,"featured_media":0,"parent":0,"menu_order":0,"comment_status":"closed","ping_status":"closed","template":"","meta":{"_bbp_topic_count":0,"_bbp_reply_count":0,"_bbp_total_topic_count":0,"_bbp_total_reply_count":0,"_bbp_voice_count":0,"_bbp_anonymous_reply_count":0,"_bbp_topic_count_hidden":0,"_bbp_reply_count_hidden":0,"_bbp_forum_subforum_count":0,"site-sidebar-layout":"default","site-content-layout":"","ast-site-content-layout":"","site-content-style":"default","site-sidebar-style":"default","ast-global-header-display":"","ast-banner-title-visibility":"","ast-main-header-display":"","ast-hfb-above-header-display":"","ast-hfb-below-header-display":"","ast-hfb-mobile-header-display":"","site-post-title":"","ast-breadcrumbs-content":"","ast-featured-img":"","footer-sml-layout":"","theme-transparent-header-meta":"","adv-header-id-meta":"","stick-header-meta":"","header-above-stick-meta":"","header-main-stick-meta":"","header-below-stick-meta":"","astra-migrate-meta-layouts":"default","ast-page-background-enabled":"default","ast-page-background-meta":{"desktop":{"background-color":"var(--ast-global-color-4)","background-image":"","background-repeat":"repeat","background-position":"center center","background-size":"auto","background-attachment":"scroll","background-type":"","background-media":"","overlay-type":"","overlay-color":"","overlay-opacity":"","overlay-gradient":""},"tablet":{"background-color":"","background-image":"","background-repeat":"repeat","background-position":"center center","background-size":"auto","background-attachment":"scroll","background-type":"","background-media":"","overlay-type":"","overlay-color":"","overlay-opacity":"","overlay-gradient":""},"mobile":{"background-color":"","background-image":"","background-repeat":"repeat","background-position":"center center","background-size":"auto","background-attachment":"scroll","background-type":"","background-media":"","overlay-type":"","overlay-color":"","overlay-opacity":"","overlay-gradient":""}},"ast-content-background-meta":{"desktop":{"background-color":"var(--ast-global-color-5)","background-image":"","background-repeat":"repeat","background-position":"center center","background-size":"auto","background-attachment":"scroll","background-type":"","background-media":"","overlay-type":"","overlay-color":"","overlay-opacity":"","overlay-gradient":""},"tablet":{"background-color":"var(--ast-global-color-5)","background-image":"","background-repeat":"repeat","background-position":"center center","background-size":"auto","background-attachment":"scroll","background-type":"","background-media":"","overlay-type":"","overlay-color":"","overlay-opacity":"","overlay-gradient":""},"mobile":{"background-color":"var(--ast-global-color-5)","background-image":"","background-repeat":"repeat","background-position":"center center","background-size":"auto","background-attachment":"scroll","background-type":"","background-media":"","overlay-type":"","overlay-color":"","overlay-opacity":"","overlay-gradient":""}},"footnotes":""},"class_list":["post-3139","page","type-page","status-publish","hentry"],"post_mailing_queue_ids":[],"_links":{"self":[{"href":"https:\/\/agora.xtec.cat\/iesflix\/wp-json\/wp\/v2\/pages\/3139","targetHints":{"allow":["GET"]}}],"collection":[{"href":"https:\/\/agora.xtec.cat\/iesflix\/wp-json\/wp\/v2\/pages"}],"about":[{"href":"https:\/\/agora.xtec.cat\/iesflix\/wp-json\/wp\/v2\/types\/page"}],"author":[{"embeddable":true,"href":"https:\/\/agora.xtec.cat\/iesflix\/wp-json\/wp\/v2\/users\/1"}],"replies":[{"embeddable":true,"href":"https:\/\/agora.xtec.cat\/iesflix\/wp-json\/wp\/v2\/comments?post=3139"}],"version-history":[{"count":1,"href":"https:\/\/agora.xtec.cat\/iesflix\/wp-json\/wp\/v2\/pages\/3139\/revisions"}],"predecessor-version":[{"id":4438,"href":"https:\/\/agora.xtec.cat\/iesflix\/wp-json\/wp\/v2\/pages\/3139\/revisions\/4438"}],"wp:attachment":[{"href":"https:\/\/agora.xtec.cat\/iesflix\/wp-json\/wp\/v2\/media?parent=3139"}],"curies":[{"name":"wp","href":"https:\/\/api.w.org\/{rel}","templated":true}]}}