{"id":195,"date":"2014-09-22T10:39:39","date_gmt":"2014-09-22T10:39:39","guid":{"rendered":"http:\/\/agora.xtec.cat\/iesflix\/?page_id=195"},"modified":"2024-04-24T19:14:18","modified_gmt":"2024-04-24T17:14:18","slug":"estudis","status":"publish","type":"page","link":"https:\/\/agora.xtec.cat\/iesflix\/estudis\/","title":{"rendered":"Estudis"},"content":{"rendered":"<h4 class=\"entry-title\" style=\"font-weight: 400; color: #087eb6;\"><strong>ESO<\/strong><\/h4>\n<div class=\"entry-content\" style=\"color: #444444;\">\n<p>En l\u2019organitzaci\u00f3 del curr\u00edculum d\u2019ESO s\u2019aplica el Decret 187\/2015, de 25 d\u2019agost, pel qual s\u2019estableix l\u2019ordenaci\u00f3 dels ensenyaments de l\u2019educaci\u00f3 secund\u00e0ria obligat\u00f2ria.<\/p>\n<p>El curr\u00edculum s\u2019organitza en \u00e0mbits de coneixement. Els \u00e0mbits de coneixement s\u00f3n agrupacions de mat\u00e8ries que comparteixen les compet\u00e8ncies b\u00e0siques espec\u00edfiques de cada \u00e0mbit i les compet\u00e8ncies transversals.<\/p>\n<header class=\"entry-header\">\n<h4 class=\"entry-title\" style=\"font-weight: 400; color: #087eb6;\"><strong>Batxillerat<\/strong><\/h4>\n<\/header>\n<div class=\"entry-content\">\n<p>A primer i segon curs es vigent el Decret 142\/2008, d\u2019ordenaci\u00f3 dels ensenyaments de batxillerat, amb l\u2019obligatorietat de cursar una mat\u00e8ria comuna d\u2019opci\u00f3 pr\u00f2pia de cada modalitat, tant a primer curs com a segon, per ajustar-se als requeriments normatius.<\/p>\n<p>En els dos cursos de batxillerat hi ha mat\u00e8ries comunes, mat\u00e8ries comunes d\u2019opci\u00f3, mat\u00e8ries de modalitat i mat\u00e8ries espec\u00edfiques. Les mat\u00e8ries comunes d\u2019opci\u00f3 s\u2019han de cursar obligat\u00f2riament en funci\u00f3 de la modalitat que hagi triat l\u2019alumne; les mat\u00e8ries espec\u00edfiques completen el curr\u00edculum personal de cada alumne i tenen una assignaci\u00f3 hor\u00e0ria global de 70 hores.<\/p>\n<\/div>\n<\/div>\n<header class=\"entry-header\" style=\"color: #444444;\">\n<h4 class=\"entry-title\" style=\"font-weight: 400; color: #087eb6;\"><strong>CFGM<\/strong><\/h4>\n<\/header>\n<div class=\"entry-content\" style=\"color: #444444;\">\n<ul>\n<li>Per poder cursar un Cicle Mitj\u00e0 tenen\u00a0<strong>acc\u00e9s directe<\/strong>\u00a0les persones que compleixen algun dels requisits seg\u00fcents:\n<ul>\n<li>tenir el t\u00edtol de graduat en educaci\u00f3 secund\u00e0ria obligat\u00f2ria,<\/li>\n<li>haver superat el\u00a0<a href=\"http:\/\/queestudiar.gencat.cat\/ca\/estudis\/acces-cicles\/gm\">curs espec\u00edfic per a l\u2019acc\u00e9s als cicles de grau mitj\u00e0<\/a>,<\/li>\n<li>tenir el t\u00edtol de t\u00e8cnic o de t\u00e8cnic auxiliar,<\/li>\n<li>haver superat el segon curs del batxillerat unificat i polivalent (BUP),<\/li>\n<li>tenir altres estudis equivalents a efectes acad\u00e8mics,<\/li>\n<li>haver superat la prova d\u2019acc\u00e9s a la universitat per a m\u00e9s grans de 25 anys,<\/li>\n<li>haver superat els m\u00f2duls obligatoris d\u2019un programa de qualificaci\u00f3 professional inicial (PQPI),<\/li>\n<li>tenir un t\u00edtol per accedir a un cicle formatiu de grau superior.<\/li>\n<\/ul>\n<p>Les persones que no compleixen cap dels requisits esmentats han de superar una\u00a0<a href=\"http:\/\/ensenyament.gencat.cat\/ca\/serveis-tramits\/proves\/proves-acces\/gm-fp\/\"><strong>prova d\u2019acc\u00e9s<\/strong><\/a>. Per presentar-s\u2019hi cal tenir com a m\u00ednim 17 anys l\u2019any en qu\u00e8 es fa la prova.<\/li>\n<\/ul>\n<header class=\"entry-header\">\n<h4 class=\"entry-title\" style=\"font-weight: 400; color: #087eb6;\"><strong>CFGS<\/strong><\/h4>\n<\/header>\n<div class=\"entry-content\">\n<p>Per poder cursar un Cicle Superior tenen\u00a0<strong>acc\u00e9s directe\u00a0<\/strong>les persones que compleixen algun dels requisits seg\u00fcents:<\/p>\n<ul style=\"list-style-type: circle;\">\n<li>Tenir el t\u00edtol de batxillerat,<\/li>\n<li>Haver superat el curs de formaci\u00f3 espec\u00edfic per a l\u2019acc\u00e9s als cicles de grau superior d\u2019acord amb l\u2019opci\u00f3 cursada,<\/li>\n<li>Tenir el t\u00edtol de t\u00e8cnic especialista, t\u00e8cnic superior o equivalent a efectes acad\u00e8mics,<\/li>\n<li>Haver superat el segon curs de batxillerat de qualsevol modalitat de batxillerat experimental,<\/li>\n<li>Haver superat el curs d\u2019orientaci\u00f3 universit\u00e0ria (COU) o el preuniversitari,<\/li>\n<li>Tenir qualsevol titulaci\u00f3 universit\u00e0ria o una d\u2019equivalent,<\/li>\n<li>Haver superat la prova d\u2019acc\u00e9s a la universitat per a m\u00e9s grans de 25 anys.<\/li>\n<\/ul>\n<h4 class=\"entry-title\" style=\"font-weight: 400; color: #087eb6;\"><strong>PFI<\/strong><\/h4>\n<div class=\"flex_column av-1vt6f-94cb9b107aceb72a8e20adf0ccb6ced5 av_one_full avia-builder-el-25 el_after_av_section el_before_av_one_half avia-builder-el-first first flex_column_div av-zero-column-padding \">\n<section class=\"av_textblock_section av-otfc-d2a28e0a079df874787b279ca8cc3cd3 \">\n<div class=\"avia_textblock\">\n<p>Els\u00a0<strong>programes de formaci\u00f3 i inserci\u00f3<\/strong>\u00a0s\u00f3n voluntaris i estan adre\u00e7ats als joves que compleixin com a m\u00ednim 16 anys d\u2019edat i com a m\u00e0xim 21 en l\u2019any d\u2019inici del programa, que hagin deixat l\u2019educaci\u00f3 secund\u00e0ria obligat\u00f2ria (ESO) sense obtenir-ne el t\u00edtol i que, en el moment d\u2019iniciar els programes, no segueixin estudis en el sistema educatiu ni participin en altres accions de formaci\u00f3.<\/p>\n<p>La\u00a0<strong>finalitat<\/strong>\u00a0d\u2019aquests programes \u00e9s proporcionar a aquests joves la possibilitat d\u2019incorporar-se de nou al sistema educatiu per continuar estudis de formaci\u00f3 professional. Han de facilitar, tamb\u00e9, l\u2019aprenentatge imprescindible per accedir al mercat de treball amb millors possibilitats d\u2019obtenir una ocupaci\u00f3 qualificada i duradora.<\/p>\n<\/div>\n<\/section>\n<div class=\"hr av-27mbz-cb099931ba42fefd31d3f6b6cf5e9aeb hr-invisible avia-builder-el-28 el_after_av_textblock avia-builder-el-last \"><\/div>\n<\/div>\n<div class=\"flex_column av-3oo7j-3c55dd36a873fbcba82e4d14dd38f92e av_one_half avia-builder-el-29 el_after_av_one_full el_before_av_one_half first flex_column_div av-zero-column-padding column-top-margin\">\n<div class=\"avia-icon-list-container av-jqobt6ar-e89c4ccedccae7e6c79222876dc6ab0e avia-builder-el-30 avia-builder-el-no-sibling \">\n<div class=\"iconlist_icon av-bjkh-9dcfd1bf52026f7d28437d4bacfa0033 avia-font-entypo-fontello\"><\/div>\n<article class=\"article-icon-entry \">\n<div class=\"iconlist_content_wrap\">\n<header class=\"entry-content-header\"><\/header>\n<div class=\"iconlist_content \">\n<p><strong>Acc\u00e9s:<\/strong>\u00a0 Joves no ocupats que compleixin com a m\u00ednim 16 anys d\u2019edat i com a m\u00e0xim 21, que no hagin obtingut la ESO.<\/p>\n<\/div>\n<\/div>\n<footer class=\"entry-footer\"><\/footer>\n<\/article>\n<article class=\"article-icon-entry \">\n<div class=\"iconlist_content_wrap\">\n<header class=\"entry-content-header\"><\/header>\n<div class=\"iconlist_content \">\n<p><strong>Durada:<\/strong>\u00a01.000 hores, un curs acad\u00e8mic<\/p>\n<\/div>\n<\/div>\n<\/article>\n<\/div>\n<\/div>\n<div class=\"flex_column av-55a9n-aee12eb2f6611c2dd583974dcbbf652b av_one_half avia-builder-el-31 el_after_av_one_half el_before_av_hr flex_column_div av-zero-column-padding column-top-margin\">\n<div class=\"avia-icon-list-container av-jqobt6ar-e89c4ccedccae7e6c79222876dc6ab0e avia-builder-el-32 avia-builder-el-no-sibling \"><\/div>\n<\/div>\n<\/div>\n<\/div>\n","protected":false},"excerpt":{"rendered":"<p>ESO En l\u2019organitzaci\u00f3 del curr\u00edculum d\u2019ESO s\u2019aplica el Decret 187\/2015, de 25 d\u2019agost, pel qual s\u2019estableix l\u2019ordenaci\u00f3 dels ensenyaments de l\u2019educaci\u00f3 secund\u00e0ria obligat\u00f2ria. El curr\u00edculum s\u2019organitza en \u00e0mbits de coneixement. Els \u00e0mbits de coneixement s\u00f3n agrupacions de mat\u00e8ries que comparteixen les compet\u00e8ncies b\u00e0siques espec\u00edfiques de cada \u00e0mbit i les compet\u00e8ncies transversals. Batxillerat A primer i [&hellip;]<\/p>\n","protected":false},"author":1,"featured_media":0,"parent":0,"menu_order":0,"comment_status":"closed","ping_status":"closed","template":"","meta":{"_bbp_topic_count":0,"_bbp_reply_count":0,"_bbp_total_topic_count":0,"_bbp_total_reply_count":0,"_bbp_voice_count":0,"_bbp_anonymous_reply_count":0,"_bbp_topic_count_hidden":0,"_bbp_reply_count_hidden":0,"_bbp_forum_subforum_count":0,"site-sidebar-layout":"default","site-content-layout":"","ast-site-content-layout":"","site-content-style":"default","site-sidebar-style":"default","ast-global-header-display":"","ast-banner-title-visibility":"","ast-main-header-display":"","ast-hfb-above-header-display":"","ast-hfb-below-header-display":"","ast-hfb-mobile-header-display":"","site-post-title":"","ast-breadcrumbs-content":"","ast-featured-img":"","footer-sml-layout":"","theme-transparent-header-meta":"","adv-header-id-meta":"","stick-header-meta":"","header-above-stick-meta":"","header-main-stick-meta":"","header-below-stick-meta":"","astra-migrate-meta-layouts":"default","ast-page-background-enabled":"default","ast-page-background-meta":{"desktop":{"background-color":"var(--ast-global-color-4)","background-image":"","background-repeat":"repeat","background-position":"center center","background-size":"auto","background-attachment":"scroll","background-type":"","background-media":"","overlay-type":"","overlay-color":"","overlay-opacity":"","overlay-gradient":""},"tablet":{"background-color":"","background-image":"","background-repeat":"repeat","background-position":"center center","background-size":"auto","background-attachment":"scroll","background-type":"","background-media":"","overlay-type":"","overlay-color":"","overlay-opacity":"","overlay-gradient":""},"mobile":{"background-color":"","background-image":"","background-repeat":"repeat","background-position":"center center","background-size":"auto","background-attachment":"scroll","background-type":"","background-media":"","overlay-type":"","overlay-color":"","overlay-opacity":"","overlay-gradient":""}},"ast-content-background-meta":{"desktop":{"background-color":"var(--ast-global-color-5)","background-image":"","background-repeat":"repeat","background-position":"center center","background-size":"auto","background-attachment":"scroll","background-type":"","background-media":"","overlay-type":"","overlay-color":"","overlay-opacity":"","overlay-gradient":""},"tablet":{"background-color":"var(--ast-global-color-5)","background-image":"","background-repeat":"repeat","background-position":"center center","background-size":"auto","background-attachment":"scroll","background-type":"","background-media":"","overlay-type":"","overlay-color":"","overlay-opacity":"","overlay-gradient":""},"mobile":{"background-color":"var(--ast-global-color-5)","background-image":"","background-repeat":"repeat","background-position":"center center","background-size":"auto","background-attachment":"scroll","background-type":"","background-media":"","overlay-type":"","overlay-color":"","overlay-opacity":"","overlay-gradient":""}},"footnotes":""},"class_list":["post-195","page","type-page","status-publish","hentry"],"post_mailing_queue_ids":[],"_links":{"self":[{"href":"https:\/\/agora.xtec.cat\/iesflix\/wp-json\/wp\/v2\/pages\/195","targetHints":{"allow":["GET"]}}],"collection":[{"href":"https:\/\/agora.xtec.cat\/iesflix\/wp-json\/wp\/v2\/pages"}],"about":[{"href":"https:\/\/agora.xtec.cat\/iesflix\/wp-json\/wp\/v2\/types\/page"}],"author":[{"embeddable":true,"href":"https:\/\/agora.xtec.cat\/iesflix\/wp-json\/wp\/v2\/users\/1"}],"replies":[{"embeddable":true,"href":"https:\/\/agora.xtec.cat\/iesflix\/wp-json\/wp\/v2\/comments?post=195"}],"version-history":[{"count":5,"href":"https:\/\/agora.xtec.cat\/iesflix\/wp-json\/wp\/v2\/pages\/195\/revisions"}],"predecessor-version":[{"id":3851,"href":"https:\/\/agora.xtec.cat\/iesflix\/wp-json\/wp\/v2\/pages\/195\/revisions\/3851"}],"wp:attachment":[{"href":"https:\/\/agora.xtec.cat\/iesflix\/wp-json\/wp\/v2\/media?parent=195"}],"curies":[{"name":"wp","href":"https:\/\/api.w.org\/{rel}","templated":true}]}}