{"id":19,"date":"2014-09-17T14:56:56","date_gmt":"2014-09-17T14:56:56","guid":{"rendered":"http:\/\/agora.xtec.cat\/iesflix\/?page_id=19"},"modified":"2025-01-30T09:06:51","modified_gmt":"2025-01-30T08:06:51","slug":"linstitut","status":"publish","type":"page","link":"https:\/\/agora.xtec.cat\/iesflix\/linstitut\/","title":{"rendered":"L&#8217;institut"},"content":{"rendered":"<p style=\"color: #444444; text-align: justify;\">L\u2019Institut de Flix\u00a0 \u00e9s un centre p\u00fablic del Departament d\u2019Educaci\u00f3, situat a Flix. \u00c9s l\u2019institut de referencia de la Ribera Nord de la comarca de la Ribera d\u2019Ebre, i compta amb una llarga tradici\u00f3 formativa.<\/p>\n<h2 style=\"text-align: justify;\"><strong>Una mica de hist\u00f2ria<\/strong><\/h2>\n<p style=\"text-align: justify;\">L\u2019Institut de Flix \u00e9s un centre de titularitat p\u00fablica que dep\u00e8n del Departament d\u2019Educaci\u00f3 de la Generalitat de Catalunya.<\/p>\n<p style=\"text-align: justify;\">\u00c9s el resultat de la fusi\u00f3 de l\u2019Institut de Batxillerat de Flix i l\u2019Escola Municipal de Formaci\u00f3 Professional l\u2019any 1990.<\/p>\n<p style=\"text-align: justify;\">Els seus antecedents hist\u00f2rics s\u00f3n m\u00e9s antics, ja que l\u2019Institut de Batxillerat \u00e9s l\u2019hereu del \u201cColegio Libre Adoptado Nuestra Se\u00f1ora del Remedio\u201d,fundat l\u2019any 1963 a l\u2019ala nord de l\u2019edifici del Casino pertanyent a l\u2019Electro-Qu\u00edmica de Flix ,mentre que l\u2019Escola Municipal de Formaci\u00f3 Professional (1975) t\u00e9 els seus or\u00edgens el 1946, amb la creaci\u00f3 de \u201cLa Escuela de Aprendizes de la Electroqu\u00edmica de Flix.<\/p>\n<p style=\"text-align: justify;\">L\u2019any 1969, el dia 15 de novembre es pos\u00e0 la primera pedra del que seria l\u2019actual Institut. A la fa\u00e7ana de l\u2019edifici \u00a0es pot llegir \u201cColegio Libre Adoptado Nuestra Se\u00f1ora del Remedio\u201d.<\/p>\n<p style=\"text-align: justify;\">S\u2019inaugur\u00e0 oficialment el dia 2 d\u2019octubre de 1971 i pass\u00e0 a denominar-se Centre Municipal d\u2019Ensenyament.<\/p>\n<p style=\"text-align: justify;\">El 1985 passa a dir-se \u201c Institut de Batxillerat\u201d \u00a0i quan es fusiona amb l\u2019Escola Municipal de Formaci\u00f3 Professional el 1990 passa a denominar-se Institut d\u2019Ensenyament Secundari Obligatori.<\/p>\n<p style=\"text-align: justify;\">Amb la nova Llei d\u2019Educaci\u00f3 de Catalunya (LEC) del 2009 tots els IES canvien el seu nom per Instituts i el nostre centre i fins l\u2019actualitat s\u2019anomena Institut de Flix.<\/p>\n<p style=\"text-align: justify;\"><img loading=\"lazy\" decoding=\"async\" class=\"aligncenter\" src=\"https:\/\/agora.xtec.cat\/iesflix\/wp-content\/uploads\/usu1940\/2024\/05\/Banner-INS-FLIX.png\" width=\"436\" height=\"106\" \/><\/p>\n<p style=\"text-align: justify;\">El nostre logo simbolitza l\u2019abra\u00e7ada i uni\u00f3 dels pobles adscrits a l\u2019Institut (La Torre , La Palma, Riba-roja, Asc\u00f3, Vinebre i Flix.) mitjan\u00e7ant la corba que defineix el nostre meandre i amb el curs del riu definitori del nostre territori i que d\u00f3na nom a la comarca Ribera d\u2019Ebre: l\u2019Ebre.<\/p>\n<p style=\"text-align: justify;\">Dissenyat pel nostre professor de dibuix \u00c0ngel Fern\u00e1ndez el meandre passa a trav\u00e9s d\u2019unes lletres r\u00e8gies\u00a0que simbolitzen l\u2019estructura del nostre edifici vinculat a la nostra poblaci\u00f3 i territori.<\/p>\n<p style=\"text-align: justify;\">El nostre logo, el meandre del riu Ebre abra\u00e7a una muni\u00f3 d\u2019alumnes dels pobles ve\u00efns.<\/p>\n<h2>El nostre himne<\/h2>\n<p align=\"center\"><em><span lang=\"ES\">Aprendre entre amics<\/span><\/em><\/p>\n<p align=\"center\"><em><span lang=\"EN-US\">esponjant paraules i imatges<\/span><\/em><\/p>\n<p align=\"center\"><em><span lang=\"EN-US\">dels professors i professores.<br \/>\n<\/span><\/em><span lang=\"EN-US\">\u00a0<\/span><\/p>\n<p align=\"center\"><em><span lang=\"ES\">Aprendre i gaudir,<\/span><\/em><\/p>\n<p align=\"center\"><em><span lang=\"ES\">bevent humanitat i coneixements<\/span><\/em><\/p>\n<p align=\"center\"><em><span lang=\"ES\">a la vora d\u2019un riu.<\/span><\/em><\/p>\n<p align=\"center\"><span lang=\"ES\">\u00a0<\/span><\/p>\n<p align=\"center\"><em><span lang=\"ES\">Aprendre i cr\u00e8ixer<\/span><\/em><\/p>\n<p align=\"center\"><em><span lang=\"ES\">com els arbres de la vora de l\u2019Ebre<\/span><\/em><\/p>\n<p align=\"center\"><em><span lang=\"ES\">disfrutant del fet de con\u00e8ixer.<\/span><\/em><\/p>\n<p align=\"center\"><span lang=\"ES\">\u00a0<\/span><\/p>\n<p align=\"center\"><em><span lang=\"ES\">Aprendre i estimar,<\/span><\/em><\/p>\n<p align=\"center\"><em><span lang=\"ES\">com l\u2019abra\u00e7ada d\u2019un meandre<\/span><\/em><\/p>\n<p align=\"center\"><em><span lang=\"ES\">que tot ho embolcalla de futur.<\/span><\/em><\/p>\n<div class=\"flex_column av_one_full flex_column_div av-zero-column-padding first avia-builder-el-32 el_after_av_one_full el_before_av_one_half column-top-margin\">\n<div class=\"av-special-heading av-special-heading-h3 avia-builder-el-33 avia-builder-el-no-sibling \">\n<h3 class=\"av-special-heading-tag \" style=\"text-align: justify;\">Qu\u00e8 hi pots cursar?<\/h3>\n<div class=\"special-heading-border\" style=\"text-align: justify;\">\n<div class=\"special-heading-inner-border\"><\/div>\n<\/div>\n<\/div>\n<\/div>\n<div class=\"flex_column av_one_half flex_column_div av-zero-column-padding first avia-builder-el-34 el_after_av_one_full el_before_av_one_half column-top-margin\" style=\"text-align: justify;\">\n<div class=\"avia-icon-list-container avia-builder-el-35 avia-builder-el-no-sibling \">\n<article class=\"article-icon-entry \">\n<div class=\"iconlist_content_wrap\">\n<header class=\"entry-content-header\"><\/header>\n<div class=\"iconlist_content \">\n<p><a href=\"https:\/\/agora.xtec.cat\/iesflix\/eso\/\">ESO<\/a><\/p>\n<p><a style=\"font-family: inherit; font-size: 1em;\" href=\"https:\/\/agora.xtec.cat\/iesflix\/batxillerat\/\">Batxillerat<\/a><span style=\"font-family: inherit; font-size: 1em;\">: Humanitats i Ci\u00e8ncies Socials, Tecnolog\u00eda i Ci\u00e8ncies<\/span><\/p>\n<\/div>\n<\/div>\n<footer class=\"entry-footer\"><\/footer>\n<\/article>\n<\/div>\n<\/div>\n<div class=\"flex_column av_one_half flex_column_div av-zero-column-padding avia-builder-el-36 el_after_av_one_half el_before_av_hr column-top-margin\" style=\"text-align: justify;\">\n<div class=\"avia-icon-list-container avia-builder-el-37 avia-builder-el-no-sibling \">\n<article class=\"article-icon-entry \">\n<div class=\"iconlist_content_wrap\">\n<header class=\"entry-content-header\"><\/header>\n<div class=\"iconlist_content \">\n<p><a href=\"https:\/\/agora.xtec.cat\/iesflix\/cicles-formatius\/\">Cicles formatius de grau mitj\u00e0 de les fam\u00edlies professionals Administratiu i Electricitat i Cicles Formatiu de grau superior de les fam\u00edlies professionals d&#8217;Electricitat i Energies Renovables.<\/a><\/p>\n<p><a style=\"font-family: inherit; font-size: 1em;\" href=\"https:\/\/agora.xtec.cat\/iesflix\/pfi\/\">Un m\u00f2dul de PFI de Pintura<\/a><\/p>\n<\/div>\n<\/div>\n<\/article>\n<article class=\"article-icon-entry \">\n<footer class=\"entry-footer\"><\/footer>\n<\/article>\n<\/div>\n<\/div>\n<div class=\"hr hr-invisible avia-builder-el-38 el_after_av_one_half el_before_av_textblock \" style=\"text-align: justify;\"><\/div>\n<section class=\"av_textblock_section \">\n<div class=\"avia_textblock \">\n<p style=\"text-align: justify;\">Per\u00f2 el nostre centre \u00e9s quelcom m\u00e9s.\u00a0<strong>\u00a0L\u2019institut,com sempre l\u2019hem anomenat, \u00e9s un lloc de trobada.<\/strong>\u00a0Si ens hagu\u00e9ssim de definir dir\u00edem que som un centre amb una pretensi\u00f3 concreta: educar. Un terme senzill amb un abast molt ambici\u00f3s. Ens caracteritzem per cercar el consens a l\u2019hora de prendre decisions,per ser\u00a0<strong>democr\u00e0tics<\/strong>\u00a0i\u00a0<strong>participatius<\/strong>\u00a0i on\u00a0\u00a0<strong>respectem la diversitat de l\u2019alumnat i fomentem la igualtat d\u2019oportunitats<\/strong>.<\/p>\n<p style=\"text-align: justify;\">Ens hem adaptat als canvis, estimulem la\u00a0<strong>metodologia activa i els alumnes mitjan\u00e7ant la cooperaci\u00f3 i participaci\u00f3<\/strong>\u00a0se senten responsables i adquireixen el comprom\u00eds social que els ajuda a cr\u00e9ixer com\u00a0 a persones. Pretenem amb l\u2019ajut incondicional dels pares fomentar la cultura de l\u2019esfor\u00e7\u00a0 l\u2019autosuperaci\u00f3 i \u00a0l\u2019esperit cr\u00edtic.<\/p>\n<p style=\"text-align: justify;\">Un centre que en 50 anys , \u00e9s\u00a0<strong>una refer\u00e8ncia de passat i de futur i els que \u201csom d\u2019aqu\u00ed\u201d d\u2019aquesta zona de la Ribera<\/strong>, una terra fluvial, ens el sentim molt nostre.\u00a0Un institut que l\u2019 aprendre i ensenyar es multiplica per una infinita il\u00b7lusi\u00f3.<\/p>\n<h2 style=\"text-align: justify;\">Objectius de centre<\/h2>\n<p style=\"text-align: justify;\"><span lang=\"ES\">La missi\u00f3 de l\u2019Institut de Flix \u00e9s proporcionar a la societat un servei educatiu de qualitat, que permeti a l\u2019alumnat adquirir els coneixements i les habilitats necess\u00e0ries per destacar en la seva vida acad\u00e8mica personal i professional. Treballem per aconseguir la formaci\u00f3 integral de la totalitat dels alumnes segons les seves necessitats i la seva diversitat .<\/span><\/p>\n<p style=\"text-align: justify;\"><span lang=\"ES\">Aix\u00ed mateix la nostra missi\u00f3 \u00e9s formar alumnes competencials i amb\u00a0 excel\u00b7lents resultats educatius .<\/span><\/p>\n<p style=\"text-align: justify;\">La visi\u00f3 de l\u2019Institut de Flix \u00e9s ser un referent a la comarca de la Ribera d\u2019Ebre i donar compliment a tots els objectius que ens proposem com a centre i a les necessitats formatives de l\u2019entorn. Volem donar resposta a la demanda de l\u2019alumnat, les fam\u00edlies, les empreses i institucions. Un centre vinculat tant amb la comunitat educativa com amb l\u2019entorn professional m\u00e9s proper.<\/p>\n<ul>\n<li style=\"text-align: justify;\">Generi unes altes expectatives d\u2019\u00e8xit entre el seu alumnat i una autoestima positiva en les pr\u00f2pies possibilitats per enfrontar-se als reptes personals, acad\u00e8mics i\/o professionals que vulguin marcar-se.<\/li>\n<li style=\"text-align: justify;\">Asseguri les compet\u00e8ncies b\u00e0siques a l\u2019educaci\u00f3 secund\u00e0ria obligat\u00f2ria a tota la diversitat de l\u2019alumnat.<\/li>\n<li style=\"text-align: justify;\">Fomenti uns continguts curriculars en la formaci\u00f3 professional que asseguri les compet\u00e8ncies necess\u00e0ries en concordan\u00e7a a les demandes del m\u00f3n empresarial i s\u2019adapti a les necessitats i exig\u00e8ncies de l\u2019entorn. Potenciant la vinculaci\u00f3 amb empreses i institucions de la zona per tal d\u2019aconseguir sinergies.<\/li>\n<li style=\"text-align: justify;\">Treballi de manera estrat\u00e8gica amb qualitat i millora per excel\u00b7lir en resultats i ser centre de refer\u00e8ncia en l\u2019acreditaci\u00f3 i reconeixement de compet\u00e8ncies professionals.<\/li>\n<li style=\"text-align: justify;\">Les lleng\u00fces estrangeres, tecnologies per a l\u2019aprenentatge i el coneixement (TAC) tinguin una atenci\u00f3 preferent en totes les seves etapes .<\/li>\n<li style=\"text-align: justify;\">Desenvolupi al m\u00e0xim el talent, l\u2019esperit cr\u00edtic , innovador i de recerca aix\u00ed com l\u2019emprenedoria.<\/li>\n<li style=\"text-align: justify;\">Els eixos b\u00e0sics siguin : l\u2019orientaci\u00f3 personal i professional, el bon clima relacional,l\u2019educaci\u00f3 emocional, per treure partit de les capacitats personals i l\u2019alumnat formi el seu propi projecte de vida.<\/li>\n<li style=\"text-align: justify;\">Tingui un equip de professors cohesionat, amb objectius comuns que afavoreixin el treball en equip i metodologies consensuades i diversificades, que es formi en projectes de formaci\u00f3 i innovaci\u00f3 adre\u00e7ats a la millora cont\u00ednua.<\/li>\n<li style=\"text-align: justify;\">Afavoreixi la internacionalitzaci\u00f3 amb projectes europeus i pr\u00e0ctiques a l\u2019estranger.<\/li>\n<li style=\"text-align: justify;\">Afavoreixi i incrementi la participaci\u00f3 dels pares coresponsabilitzant\u2010los de la gesti\u00f3 educativa.<\/li>\n<li style=\"text-align: justify;\">Que el clima relacional entre els membres de la comunitat educativa (fam\u00edlies, professorat, empreses i alumnat) afavoreixi la confian\u00e7a, la participaci\u00f3 i el respecte en el paper de cadasc\u00fa en el proc\u00e9s educatiu, on tothom es senti satisfet pels resultats obtinguts.<\/li>\n<li style=\"text-align: justify;\">Treballi en unes directrius m\u00e9s capdavanteres i innovadores que converteixin el nostre centre en un referent principal de l\u2019entorn en l\u2019\u00e0mbit educatiu<\/li>\n<\/ul>\n<\/div>\n<\/section>\n","protected":false},"excerpt":{"rendered":"<p>L\u2019Institut de Flix\u00a0 \u00e9s un centre p\u00fablic del Departament d\u2019Educaci\u00f3, situat a Flix. \u00c9s l\u2019institut de referencia de la Ribera Nord de la comarca de la Ribera d\u2019Ebre, i compta amb una llarga tradici\u00f3 formativa. Una mica de hist\u00f2ria L\u2019Institut de Flix \u00e9s un centre de titularitat p\u00fablica que dep\u00e8n del Departament d\u2019Educaci\u00f3 de la [&hellip;]<\/p>\n","protected":false},"author":1,"featured_media":0,"parent":0,"menu_order":0,"comment_status":"closed","ping_status":"closed","template":"page-templates\/side-menu.php","meta":{"_bbp_topic_count":0,"_bbp_reply_count":0,"_bbp_total_topic_count":0,"_bbp_total_reply_count":0,"_bbp_voice_count":0,"_bbp_anonymous_reply_count":0,"_bbp_topic_count_hidden":0,"_bbp_reply_count_hidden":0,"_bbp_forum_subforum_count":0,"site-sidebar-layout":"default","site-content-layout":"","ast-site-content-layout":"","site-content-style":"default","site-sidebar-style":"default","ast-global-header-display":"","ast-banner-title-visibility":"","ast-main-header-display":"","ast-hfb-above-header-display":"","ast-hfb-below-header-display":"","ast-hfb-mobile-header-display":"","site-post-title":"","ast-breadcrumbs-content":"","ast-featured-img":"","footer-sml-layout":"","theme-transparent-header-meta":"","adv-header-id-meta":"","stick-header-meta":"","header-above-stick-meta":"","header-main-stick-meta":"","header-below-stick-meta":"","astra-migrate-meta-layouts":"default","ast-page-background-enabled":"default","ast-page-background-meta":{"desktop":{"background-color":"var(--ast-global-color-4)","background-image":"","background-repeat":"repeat","background-position":"center center","background-size":"auto","background-attachment":"scroll","background-type":"","background-media":"","overlay-type":"","overlay-color":"","overlay-opacity":"","overlay-gradient":""},"tablet":{"background-color":"","background-image":"","background-repeat":"repeat","background-position":"center center","background-size":"auto","background-attachment":"scroll","background-type":"","background-media":"","overlay-type":"","overlay-color":"","overlay-opacity":"","overlay-gradient":""},"mobile":{"background-color":"","background-image":"","background-repeat":"repeat","background-position":"center center","background-size":"auto","background-attachment":"scroll","background-type":"","background-media":"","overlay-type":"","overlay-color":"","overlay-opacity":"","overlay-gradient":""}},"ast-content-background-meta":{"desktop":{"background-color":"var(--ast-global-color-5)","background-image":"","background-repeat":"repeat","background-position":"center center","background-size":"auto","background-attachment":"scroll","background-type":"","background-media":"","overlay-type":"","overlay-color":"","overlay-opacity":"","overlay-gradient":""},"tablet":{"background-color":"var(--ast-global-color-5)","background-image":"","background-repeat":"repeat","background-position":"center center","background-size":"auto","background-attachment":"scroll","background-type":"","background-media":"","overlay-type":"","overlay-color":"","overlay-opacity":"","overlay-gradient":""},"mobile":{"background-color":"var(--ast-global-color-5)","background-image":"","background-repeat":"repeat","background-position":"center center","background-size":"auto","background-attachment":"scroll","background-type":"","background-media":"","overlay-type":"","overlay-color":"","overlay-opacity":"","overlay-gradient":""}},"footnotes":""},"class_list":["post-19","page","type-page","status-publish","hentry"],"post_mailing_queue_ids":[],"_links":{"self":[{"href":"https:\/\/agora.xtec.cat\/iesflix\/wp-json\/wp\/v2\/pages\/19","targetHints":{"allow":["GET"]}}],"collection":[{"href":"https:\/\/agora.xtec.cat\/iesflix\/wp-json\/wp\/v2\/pages"}],"about":[{"href":"https:\/\/agora.xtec.cat\/iesflix\/wp-json\/wp\/v2\/types\/page"}],"author":[{"embeddable":true,"href":"https:\/\/agora.xtec.cat\/iesflix\/wp-json\/wp\/v2\/users\/1"}],"replies":[{"embeddable":true,"href":"https:\/\/agora.xtec.cat\/iesflix\/wp-json\/wp\/v2\/comments?post=19"}],"version-history":[{"count":6,"href":"https:\/\/agora.xtec.cat\/iesflix\/wp-json\/wp\/v2\/pages\/19\/revisions"}],"predecessor-version":[{"id":4433,"href":"https:\/\/agora.xtec.cat\/iesflix\/wp-json\/wp\/v2\/pages\/19\/revisions\/4433"}],"wp:attachment":[{"href":"https:\/\/agora.xtec.cat\/iesflix\/wp-json\/wp\/v2\/media?parent=19"}],"curies":[{"name":"wp","href":"https:\/\/api.w.org\/{rel}","templated":true}]}}