{"id":8170,"date":"2016-06-23T08:32:59","date_gmt":"2016-06-23T07:32:59","guid":{"rendered":"http:\/\/agora.xtec.cat\/demoinstitut\/?page_id=1252"},"modified":"2016-06-23T08:32:59","modified_gmt":"2016-06-23T07:32:59","slug":"curs-scratch-primaria","status":"publish","type":"page","link":"https:\/\/agora.xtec.cat\/iesfedericamontseny\/curs-scratch-primaria\/","title":{"rendered":"Curs de l&#8217;Scratch"},"content":{"rendered":"<p>[no_toc]<\/p>\n<p style=\"text-align: right;\"><span style=\"color: #808080;\">Aquest curs \u00e9s una iniciativa<\/span> <a href=\"http:\/\/mschools.mobileworldcapital.com\/\"><img decoding=\"async\" src=\"http:\/\/mschools.mobileworldcapital.com\/wp-content\/themes\/mschools\/images\/logo.png\" width=\"150px\" \/><\/a><br \/>\n<a href=\"http:\/\/agora.xtec.cat\/demoinstitut\/wp-content\/uploads\/usu314\/2016\/06\/ScratchBlogLogo.jpg\" rel=\"attachment wp-att-1253\"><img loading=\"lazy\" decoding=\"async\" class=\"wp-image-1253 aligncenter\" src=\"http:\/\/agora.xtec.cat\/demoinstitut\/wp-content\/uploads\/usu314\/2016\/06\/ScratchBlogLogo.jpg\" alt=\"ScratchBlogLogo\" width=\"691\" height=\"199\" \/><\/a><\/p>\n<p style=\"text-align: left;\">Curs de l\u2019Scratch per a professorat de prim\u00e0ria i primer cicle de secund\u00e0ria.<\/p>\n<p>L\u2019objectiu del curs \u00e9s proporcionar al professorat els materials i els recursos necessaris per implementar a l\u2019aula aquest entorn de programaci\u00f3 seguint els m\u00f2duls desenvolupats.<\/p>\n<h3>DESCRIPCI\u00d3<\/h3>\n<p>Curs basat en materials modulars dirigits a l\u2019alumnat de Cicle Superior de Prim\u00e0ria. Tot i pensar en aquest nivell d\u2019ensenyament, tamb\u00e9 podrien ser emprats per l\u2019alumnat de 1r i 2n d\u2019ESO, tenint en compte que molts centres ho estan duent a terme i que el curr\u00edculum de 2n d\u2019ESO inclou programaci\u00f3. Aix\u00ed mateix, si el centre vol aplicar-ho\u00a0al Cicle Mitj\u00e0 de Prim\u00e0ria tamb\u00e9 pot emprar aquests materials. Cada m\u00f2dul correspon a un repte a solucionar amb una previsi\u00f3 de 12 hores de desenvolupament a l\u2019aula.<\/p>\n<p>El m\u00f2duls tenen una estructura seq\u00fcencial, de forma que la seva complexitat es va incrementant. Els centres, en funci\u00f3 de la seva experi\u00e8ncia pr\u00e8via, poden decidir a partir de quin m\u00f2dul comencen a treballar i fins a quin m\u00f2dul pretenen arribar.<\/p>\n<h2>OBJECTIUS<\/h2>\n<p>Introduir la programaci\u00f3 als nivells de prim\u00e0ria (cicle superior) i secund\u00e0ria (1r i 2n)<br \/>\nFomentar el pensament computacional i l\u2019assoliment de les compet\u00e8ncies digitals.<\/p>\n<h2>GUIA DOCENT<\/h2>\n<p><a class=\"button button-info\" href=\"https:\/\/docs.google.com\/document\/d\/1Ta9zj72sOJ_obbcsrNkoahPLSz-Q_4LSnSo3XlOsgn0\/edit?usp=sharing\" target=\"_blank\" rel=\"noopener noreferrer\">GUIA DOCENT<\/a><\/p>\n<h2>DESCARREGA&#8217;T EL CURS<\/h2>\n<p>El curs es pot seguir directament des d&#8217;aquest espai, <strong>sense necessitat de desc\u00e0rrega<\/strong>. Els centres que disposen d&#8217;un espai Nodes poden descarregar el curs i instal\u00b7lar-lo al seu espai.<br \/>\n<a class=\"button button-info\" href=\"https:\/\/docs.google.com\/document\/d\/1_Szhj2fKuiuJ2QhTBCo0yzODEha0OIwqTKWPwZRM684\/\" target=\"_blank\" rel=\"noopener noreferrer\">INSTRUCCIONS<\/a><\/p>\n<h2>COMPTE DE DOCENT DE L&#8217;SCRATCH<\/h2>\n<p>Com a educador pots sol\u00b7licitar un compte de docent de l&#8217;Scratch, que facilita la creaci\u00f3 de comptes per a grups d\u2019alumnes i l\u2019administraci\u00f3 dels seus projectes i comentaris. Per saber-ne m\u00e9s accedeix a la p\u00e0gina de <a href=\"https:\/\/scratch.mit.edu\/educators\/faq\" target=\"_blank\">Preguntes Freq\u00fcents del compte docent.<\/a><\/p>\n<ul>\n<li><strong>Primer pas<\/strong>: al final de la p\u00e0gina hi trobar\u00e0s el link per crear el compte.<br \/><img loading=\"lazy\" decoding=\"async\" class=\"alignnone wp-image-8619\" src=\"http:\/\/agora.xtec.cat\/formacio\/scratch\/wp-content\/uploads\/usu930\/2017\/02\/compte-docent-1-1024x497.jpg\" alt=\"compte-docent-1\" width=\"569\" height=\"276\" \/><\/li>\n<p><\/p>\n<li><strong>Segon pas<\/strong>: llegeix perqu\u00e8 et servir\u00e0 el compte i els recursos de que disposes.<br \/><img loading=\"lazy\" decoding=\"async\" class=\"alignnone wp-image-8620\" src=\"http:\/\/agora.xtec.cat\/formacio\/scratch\/wp-content\/uploads\/usu930\/2017\/02\/compte-docent-2-1024x382.jpg\" alt=\"compte-docent-2\" width=\"573\" height=\"214\" \/><\/li>\n<p><\/p>\n<li><strong>Tercer pas<\/strong>: sol\u00b7licitar el compte de docent. De vegades pot tardar 24 h en donar-te l\u2019acc\u00e9s.<br \/><img loading=\"lazy\" decoding=\"async\" class=\"alignnone wp-image-8621\" src=\"http:\/\/agora.xtec.cat\/formacio\/scratch\/wp-content\/uploads\/usu930\/2017\/02\/compte-docent-3-1024x540.jpg\" alt=\"compte-docent-3\" width=\"580\" height=\"306\" \/><\/li>\n<p><\/p>\n<li><strong>Quart pas:<\/strong> crea les teves classes i puja el teu alumnat.<br \/><img loading=\"lazy\" decoding=\"async\" class=\"alignnone size-full wp-image-8622\" src=\"http:\/\/agora.xtec.cat\/formacio\/scratch\/wp-content\/uploads\/usu930\/2017\/02\/compte-docent-4.jpg\" alt=\"compte-docent-4\" width=\"375\" height=\"272\" \/><br \/><img loading=\"lazy\" decoding=\"async\" class=\"alignnone size-full wp-image-8631\" src=\"http:\/\/agora.xtec.cat\/formacio\/scratch\/wp-content\/uploads\/usu930\/2017\/02\/compte-docent-5.jpg\" alt=\"compte-docent-5\" width=\"963\" height=\"380\" \/><\/li>\n<\/ul>\n","protected":false},"excerpt":{"rendered":"<p>[no_toc]<br \/>\nAquest curs \u00e9s una iniciativa <a href=\"http:\/\/mschools.mobileworldcapital.com\/\"><\/a><br \/>\n<a href=\"http:\/\/agora.xtec.cat\/demoinstitut\/wp-content\/uploads\/usu314\/2016\/06\/ScratchBlogLogo.jpg\" rel=\"attachment wp-att-1253\"><\/a><br \/>\nCurs de l\u2019Scratch per a professorat de prim\u00e0ria i primer cicle de secund\u00e0ria.<br \/>\nL\u2019objectiu del curs \u00e9s proporcionar al professorat els materials i els recursos necessaris per implementar a l\u2019aula aquest entorn de programaci\u00f3 seguint els m\u00f2duls&hellip;  <a href=\"https:\/\/agora.xtec.cat\/iesfedericamontseny\/curs-scratch-primaria\/\" title=\"Read Curs de l&#8217;Scratch\">Llegeix m\u00e9s\u00bb<\/a><\/p>\n","protected":false},"author":1,"featured_media":0,"parent":0,"menu_order":0,"comment_status":"closed","ping_status":"closed","template":"page-templates\/side-menu.php","meta":{"_bbp_topic_count":0,"_bbp_reply_count":0,"_bbp_total_topic_count":0,"_bbp_total_reply_count":0,"_bbp_voice_count":0,"_bbp_anonymous_reply_count":0,"_bbp_topic_count_hidden":0,"_bbp_reply_count_hidden":0,"_bbp_forum_subforum_count":0,"footnotes":""},"class_list":["post-8170","page","type-page","status-publish","hentry"],"post_mailing_queue_ids":[],"_links":{"self":[{"href":"https:\/\/agora.xtec.cat\/iesfedericamontseny\/wp-json\/wp\/v2\/pages\/8170","targetHints":{"allow":["GET"]}}],"collection":[{"href":"https:\/\/agora.xtec.cat\/iesfedericamontseny\/wp-json\/wp\/v2\/pages"}],"about":[{"href":"https:\/\/agora.xtec.cat\/iesfedericamontseny\/wp-json\/wp\/v2\/types\/page"}],"author":[{"embeddable":true,"href":"https:\/\/agora.xtec.cat\/iesfedericamontseny\/wp-json\/wp\/v2\/users\/1"}],"replies":[{"embeddable":true,"href":"https:\/\/agora.xtec.cat\/iesfedericamontseny\/wp-json\/wp\/v2\/comments?post=8170"}],"version-history":[{"count":0,"href":"https:\/\/agora.xtec.cat\/iesfedericamontseny\/wp-json\/wp\/v2\/pages\/8170\/revisions"}],"wp:attachment":[{"href":"https:\/\/agora.xtec.cat\/iesfedericamontseny\/wp-json\/wp\/v2\/media?parent=8170"}],"curies":[{"name":"wp","href":"https:\/\/api.w.org\/{rel}","templated":true}]}}