{"id":7,"date":"2022-10-10T00:01:31","date_gmt":"2022-10-09T22:01:31","guid":{"rendered":"http:\/\/agora.xtec.cat\/iesfedericamontseny\/?page_id=7"},"modified":"2026-04-08T10:06:51","modified_gmt":"2026-04-08T08:06:51","slug":"pagines-dinici","status":"publish","type":"page","link":"https:\/\/agora.xtec.cat\/iesfedericamontseny\/","title":{"rendered":"Preinscripci\u00f3 2026-27"},"content":{"rendered":"<h1>Reuni\u00f3 batxillerat 2026-27 i informaci\u00f3 preinscripcions<\/h1>\n<p>El proper <strong>dimecres 8 d&#8217;abril a les 17:30h<\/strong> es dur\u00e0 a terme una reuni\u00f3 al centre per presentar l&#8217;oferta formativa del centre per a batxillerat. Us hi esperem!!<\/p>\n<p>Clica damunt la imatge o <a href=\"https:\/\/sites.google.com\/xtec.cat\/preinscripciesocurs2024-25\/inici\" target=\"_blank\" rel=\"noopener\">aqu\u00ed<\/a> per obtenir tota la informaci\u00f3 necess\u00e0ria.<br \/>\n<a href=\"https:\/\/sites.google.com\/xtec.cat\/preinscripciesocurs2024-25\/inici\" target=\"_blank\" rel=\"noopener\"><img loading=\"lazy\" decoding=\"async\" class=\"aligncenter wp-image-17596 size-large\" src=\"https:\/\/agora.xtec.cat\/iesfedericamontseny\/wp-content\/uploads\/usu749\/2026\/04\/preinscripcions-1024x499.jpg\" alt=\"\" width=\"1024\" height=\"499\" srcset=\"https:\/\/agora.xtec.cat\/iesfedericamontseny\/wp-content\/uploads\/usu749\/2026\/04\/preinscripcions-1024x499.jpg 1024w, https:\/\/agora.xtec.cat\/iesfedericamontseny\/wp-content\/uploads\/usu749\/2026\/04\/preinscripcions-300x146.jpg 300w, https:\/\/agora.xtec.cat\/iesfedericamontseny\/wp-content\/uploads\/usu749\/2026\/04\/preinscripcions-768x374.jpg 768w, https:\/\/agora.xtec.cat\/iesfedericamontseny\/wp-content\/uploads\/usu749\/2026\/04\/preinscripcions.jpg 1272w\" sizes=\"auto, (max-width: 1024px) 100vw, 1024px\" \/><\/a><\/p>\n","protected":false},"excerpt":{"rendered":"<p>Reuni\u00f3 batxillerat 2026-27 i informaci\u00f3 preinscripcions<br \/>\nEl proper dimecres 8 d&#8217;abril a les 17:30h es dur\u00e0 a terme una reuni\u00f3 al centre per presentar l&#8217;oferta formativa del centre per a batxillerat. Us hi esperem!!<br \/>\nClica damunt la imatge o <a href=\"https:\/\/sites.google.com\/xtec.cat\/preinscripciesocurs2024-25\/inici\" target=\"_blank\" rel=\"noopener\">aqu\u00ed<\/a> per obtenir tota la&hellip;  <a href=\"https:\/\/agora.xtec.cat\/iesfedericamontseny\/\" title=\"Read Preinscripci\u00f3 2026-27\">Llegeix m\u00e9s\u00bb<\/a><\/p>\n","protected":false},"author":1,"featured_media":0,"parent":0,"menu_order":0,"comment_status":"closed","ping_status":"closed","template":"page-templates\/front-page.php","meta":{"_bbp_topic_count":0,"_bbp_reply_count":0,"_bbp_total_topic_count":0,"_bbp_total_reply_count":0,"_bbp_voice_count":0,"_bbp_anonymous_reply_count":0,"_bbp_topic_count_hidden":0,"_bbp_reply_count_hidden":0,"_bbp_forum_subforum_count":0,"footnotes":""},"class_list":["post-7","page","type-page","status-publish","hentry"],"post_mailing_queue_ids":[],"_links":{"self":[{"href":"https:\/\/agora.xtec.cat\/iesfedericamontseny\/wp-json\/wp\/v2\/pages\/7","targetHints":{"allow":["GET"]}}],"collection":[{"href":"https:\/\/agora.xtec.cat\/iesfedericamontseny\/wp-json\/wp\/v2\/pages"}],"about":[{"href":"https:\/\/agora.xtec.cat\/iesfedericamontseny\/wp-json\/wp\/v2\/types\/page"}],"author":[{"embeddable":true,"href":"https:\/\/agora.xtec.cat\/iesfedericamontseny\/wp-json\/wp\/v2\/users\/1"}],"replies":[{"embeddable":true,"href":"https:\/\/agora.xtec.cat\/iesfedericamontseny\/wp-json\/wp\/v2\/comments?post=7"}],"version-history":[{"count":8,"href":"https:\/\/agora.xtec.cat\/iesfedericamontseny\/wp-json\/wp\/v2\/pages\/7\/revisions"}],"predecessor-version":[{"id":17599,"href":"https:\/\/agora.xtec.cat\/iesfedericamontseny\/wp-json\/wp\/v2\/pages\/7\/revisions\/17599"}],"wp:attachment":[{"href":"https:\/\/agora.xtec.cat\/iesfedericamontseny\/wp-json\/wp\/v2\/media?parent=7"}],"curies":[{"name":"wp","href":"https:\/\/api.w.org\/{rel}","templated":true}]}}