{"id":65,"date":"2014-09-18T10:12:22","date_gmt":"2014-09-18T10:12:22","guid":{"rendered":"http:\/\/agora.xtec.cat\/iesfedericamontseny\/?page_id=65"},"modified":"2022-08-16T19:17:06","modified_gmt":"2022-08-16T17:17:06","slug":"serveis-digitals","status":"publish","type":"page","link":"https:\/\/agora.xtec.cat\/iesfedericamontseny\/serveis\/serveis-digitals\/","title":{"rendered":"Serveis digitals"},"content":{"rendered":"<p>Dins el normal funcionament del centre hi ha una s\u00e8rie d&#8217;eines digitals importants, per als alumnes i families:<\/p>\n<ul>\n<li><strong>App TokApp School<\/strong>: aplicaci\u00f3 m\u00f2bil destinada a les families. A trav\u00e9s d&#8217;aquesta app rebreu les comunicacions gen\u00e8riques de l&#8217;institut (comunicacions de la direcci\u00f3 de l&#8217;institut, informaci\u00f3 sobre les sortides, etc.). Tamb\u00e9 rebreu l&#8217;enlla\u00e7 per fer el pagament de la quota de centre, material i sortides ja que el pagament es fa amb targeta banc\u00e0ria a trav\u00e9s de la pr\u00f2pia aplicaci\u00f3). A la seg\u00fcent <a href=\"https:\/\/agora.xtec.cat\/iesfedericamontseny\/portada\/tokapp\/\">p\u00e0gina<\/a> trobareu informaci\u00f3 de com instal\u00b7lar-la al vostre tel\u00e8fon m\u00f2bil. <em>\u00c9s necessari que el m\u00f2bil i l&#8217;adre\u00e7a electr\u00f2nica amb el que es registri correspongui amb el que heu informat a l&#8217;institut.<\/em><\/li>\n<li><strong>Moodle de l&#8217;institut:\u00a0<\/strong>eina \u00e9s un entorn virtual d&#8217;aprenentatge amb el qual algunes mat\u00e8ries a partir de 3r d&#8217;ESO utilitzen per a treballar a classe. En ella els alumnes podran trobar eines per aprendre (dossiers, simulacions, enlla\u00e7os a webs, etc.) i tamb\u00e9 \u00e9s la plataforma amb la qual s&#8217;entregaran les tasques avaluables. Els vostres fill\/es podran accedir a trav\u00e9s del seg\u00fcent <a href=\"https:\/\/insfedericamontseny.cat\/moodle\/\">enlla\u00e7<\/a>. Aquesta web per\u00f2 tamb\u00e9 \u00e9s important perqu\u00e8 \u00e9s a trav\u00e9s de la qual es passa llista i es posen incid\u00e8ncies dels alumnes, i la que us permetr\u00e0 con\u00e8ixer aquesta informaci\u00f3 sobre els vostres fills. Per veure aquesta informaci\u00f3 heu d&#8217;accedir al seg\u00fcent <a href=\"https:\/\/insfedericamontseny.cat\/moodle\/administracio\/families.php\">enlla\u00e7<\/a>. Tant com pels alumnes com per vosaltres, \u00e9s important conservar l&#8217;usuari i contrasenya que us donarem al 1r curs que estigueu al centre. No canviar\u00e0 durant tota la seva etapa, i la contrasenya \u00e9s diferent la de les families i la dels alumnes.<\/li>\n<\/ul>\n<p>Tamb\u00e9 es pot entrar a directament des de la p\u00e0gina principal de la web:<\/p>\n<p><a href=\"https:\/\/agora.xtec.cat\/iesfedericamontseny\/wp-content\/uploads\/usu749\/2022\/08\/acces-moodle.jpg\"><img loading=\"lazy\" decoding=\"async\" class=\"size-large wp-image-15610 aligncenter\" src=\"https:\/\/agora.xtec.cat\/iesfedericamontseny\/wp-content\/uploads\/usu749\/2022\/08\/acces-moodle-1024x340.jpg\" alt=\"\" width=\"1024\" height=\"340\" srcset=\"https:\/\/agora.xtec.cat\/iesfedericamontseny\/wp-content\/uploads\/usu749\/2022\/08\/acces-moodle-1024x340.jpg 1024w, https:\/\/agora.xtec.cat\/iesfedericamontseny\/wp-content\/uploads\/usu749\/2022\/08\/acces-moodle-300x99.jpg 300w, https:\/\/agora.xtec.cat\/iesfedericamontseny\/wp-content\/uploads\/usu749\/2022\/08\/acces-moodle-768x255.jpg 768w, https:\/\/agora.xtec.cat\/iesfedericamontseny\/wp-content\/uploads\/usu749\/2022\/08\/acces-moodle.jpg 1342w\" sizes=\"auto, (max-width: 1024px) 100vw, 1024px\" \/><\/a><\/p>\n<p><strong style=\"font-family: inherit; font-size: 1em;\">Google Classroom:\u00a0<\/strong><span style=\"font-family: inherit; font-size: 1em;\">\u00e9s l&#8217;entorn virtual d&#8217;aprenentatge que m\u00e9s <\/span><span style=\"font-family: inherit; font-size: 1em;\">utilitzaran<\/span><span style=\"font-family: inherit; font-size: 1em;\"> els vostres fill\/es a les mat\u00e8ries del centre. De fet a 1r i 2n d&#8217;ESO nom\u00e9s es treballa amb aquesta plataforma. Per fer-ho rebran un e-mail propi amb domini del centre amb el qual podran accedir i treballar amb aquesta plataforma i amb altres aplicacions de google (e-mail, drive, sites, etc.). Per entrar a google classroom es pot fer a trav\u00e9s del seg\u00fcent <\/span><a style=\"font-family: inherit; font-size: 1em;\" href=\"https:\/\/accounts.google.com\/ServiceLogin\/signinchooser?service=classroom&amp;passive=1209600&amp;continue=https%3A%2F%2Fclassroom.google.com%2Fu%2F0%2Fh&amp;followup=https%3A%2F%2Fclassroom.google.com%2Fu%2F0%2Fh&amp;flowName=GlifWebSignIn&amp;flowEntry=ServiceLogin\">enlla\u00e7<\/a><span style=\"font-family: inherit; font-size: 1em;\">.<\/span><\/p>\n<ul>\n<li>P\u00e0gina web del centre i instagram: a trav\u00e9s d&#8217;aquestes dues eines us farem arribar informaci\u00f3 sobre que es realitza al centre i imatges de les activitats m\u00e9s rellevants al centre. A la web ja us hi trobeu si llegiu aix\u00f2, per tant us adjuntem <a href=\"https:\/\/www.instagram.com\/badiafedericamontseny\/\">l&#8217;enlla\u00e7<\/a> al nostre instagram.<\/li>\n<\/ul>\n<p style=\"color: #444444;\">\n","protected":false},"excerpt":{"rendered":"<p>Dins el normal funcionament del centre hi ha una s\u00e8rie d&#8217;eines digitals importants, per als alumnes i families:<\/p>\n<ul>\n<li>App TokApp School: aplicaci\u00f3 m\u00f2bil destinada a les families. A trav\u00e9s d&#8217;aquesta app rebreu les comunicacions gen\u00e8riques de l&#8217;institut (comunicacions de la direcci\u00f3 de l&#8217;institut, informaci\u00f3 sobre les&hellip;  <a href=\"https:\/\/agora.xtec.cat\/iesfedericamontseny\/serveis\/serveis-digitals\/\" title=\"Read Serveis digitals\">Llegeix m\u00e9s\u00bb<\/a><br \/>\n","protected":false},"author":1,"featured_media":0,"parent":63,"menu_order":10,"comment_status":"closed","ping_status":"closed","template":"page-templates\/side-menu.php","meta":{"_bbp_topic_count":0,"_bbp_reply_count":0,"_bbp_total_topic_count":0,"_bbp_total_reply_count":0,"_bbp_voice_count":0,"_bbp_anonymous_reply_count":0,"_bbp_topic_count_hidden":0,"_bbp_reply_count_hidden":0,"_bbp_forum_subforum_count":0,"footnotes":""},"class_list":["post-65","page","type-page","status-publish","hentry"],"post_mailing_queue_ids":[],"_links":{"self":[{"href":"https:\/\/agora.xtec.cat\/iesfedericamontseny\/wp-json\/wp\/v2\/pages\/65","targetHints":{"allow":["GET"]}}],"collection":[{"href":"https:\/\/agora.xtec.cat\/iesfedericamontseny\/wp-json\/wp\/v2\/pages"}],"about":[{"href":"https:\/\/agora.xtec.cat\/iesfedericamontseny\/wp-json\/wp\/v2\/types\/page"}],"author":[{"embeddable":true,"href":"https:\/\/agora.xtec.cat\/iesfedericamontseny\/wp-json\/wp\/v2\/users\/1"}],"replies":[{"embeddable":true,"href":"https:\/\/agora.xtec.cat\/iesfedericamontseny\/wp-json\/wp\/v2\/comments?post=65"}],"version-history":[{"count":3,"href":"https:\/\/agora.xtec.cat\/iesfedericamontseny\/wp-json\/wp\/v2\/pages\/65\/revisions"}],"predecessor-version":[{"id":15612,"href":"https:\/\/agora.xtec.cat\/iesfedericamontseny\/wp-json\/wp\/v2\/pages\/65\/revisions\/15612"}],"up":[{"embeddable":true,"href":"https:\/\/agora.xtec.cat\/iesfedericamontseny\/wp-json\/wp\/v2\/pages\/63"}],"wp:attachment":[{"href":"https:\/\/agora.xtec.cat\/iesfedericamontseny\/wp-json\/wp\/v2\/media?parent=65"}],"curies":[{"name":"wp","href":"https:\/\/api.w.org\/{rel}","templated":true}]}}