{"id":27,"date":"2014-09-17T16:24:03","date_gmt":"2014-09-17T16:24:03","guid":{"rendered":"http:\/\/agora.xtec.cat\/iesfedericamontseny\/?page_id=27"},"modified":"2019-07-08T11:06:00","modified_gmt":"2019-07-08T09:06:00","slug":"historia","status":"publish","type":"page","link":"https:\/\/agora.xtec.cat\/iesfedericamontseny\/linstitut\/historia\/","title":{"rendered":"Hist\u00f2ria"},"content":{"rendered":"<p><span style=\"color: #ff6600;\"><strong>El nostre poble<\/strong><\/span><\/p>\n<p style=\"text-align: justify;\">Ciutat Badia, Badia i Badia del Vall\u00e8s s\u00f3n els tres noms amb els quals s\u2018ha conegut la nostra poblaci\u00f3 durant els seus primers vint-i-set anys d&#8217;hist\u00f2ria. Ciutat Badia va n\u00e9ixer com a projecte als anys 60 a Madrid. El Ministerio de la Vivienda va encarregar al Instituto Nacional de la Vivienda la construcci\u00f3 d&#8217;uns 12.000 habitatges de tipus social a la prov\u00edncia de Barcelona, dels que finalment nom\u00e9s se&#8217;n va arribar a construir 5.372, mitjan\u00e7ant l&#8217;Obra Sindicial del Hogar.<\/p>\n<p style=\"text-align: justify;\">Per a la construcci\u00f3 es varen expropiar 887.441,82 metres quadrats dels municipis de Sabadell, Cerdanyola del Vall\u00e8s i Barber\u00e0 del Vall\u00e8s. Les obres s&#8217;iniciaren a finals dels anys seixanta i principis dels setanta i acabaren l&#8217;any 1973, per\u00f2 no es varen comen\u00e7ar a ocupar fins al 1975, quan va ser inaugurada pels aleshores Pr\u00ednceps d&#8217;Espanya el 14 de juliol d&#8217;aquell mateix any.<\/p>\n<p style=\"text-align: justify;\"><a href=\"https:\/\/agora.xtec.cat\/iesfedericamontseny\/wp-content\/uploads\/usu749\/2019\/07\/Captura-de-pantalla-2019-07-08-a-les-5.28.24.png\"><img loading=\"lazy\" decoding=\"async\" class=\"alignnone size-large wp-image-13148\" src=\"https:\/\/agora.xtec.cat\/iesfedericamontseny\/wp-content\/uploads\/usu749\/2019\/07\/Captura-de-pantalla-2019-07-08-a-les-5.28.24-1024x413.png\" alt=\"\" width=\"1024\" height=\"413\" srcset=\"https:\/\/agora.xtec.cat\/iesfedericamontseny\/wp-content\/uploads\/usu749\/2019\/07\/Captura-de-pantalla-2019-07-08-a-les-5.28.24-1024x413.png 1024w, https:\/\/agora.xtec.cat\/iesfedericamontseny\/wp-content\/uploads\/usu749\/2019\/07\/Captura-de-pantalla-2019-07-08-a-les-5.28.24-300x121.png 300w, https:\/\/agora.xtec.cat\/iesfedericamontseny\/wp-content\/uploads\/usu749\/2019\/07\/Captura-de-pantalla-2019-07-08-a-les-5.28.24-768x310.png 768w, https:\/\/agora.xtec.cat\/iesfedericamontseny\/wp-content\/uploads\/usu749\/2019\/07\/Captura-de-pantalla-2019-07-08-a-les-5.28.24.png 1230w\" sizes=\"auto, (max-width: 1024px) 100vw, 1024px\" \/><\/a><\/p>\n<p style=\"text-align: justify;\">El 14 d&#8217;abril de 1994, quan es va constituir per primera vegada el nou consistori, naixia el municipi m\u00e9s jove de Catalunya.<\/p>\n<p style=\"text-align: justify;\">Al llarg d&#8217;aquest temps, la principal preocupaci\u00f3 del consistori ha estat la creaci\u00f3 i millora dels serveis que reben els\/les ciutadans\/es, i, especialment, assolir una viabilitat econ\u00f2mica real de la ciutat. El di\u00e0leg i el consens amb la Generalitat ha creat els mecanismes pol\u00edtics i jur\u00eddics per a qu\u00e8 Badia sigui un municipi amb una estabilitat econ\u00f2mica i amb projecci\u00f3 de futur.<\/p>\n<p style=\"text-align: justify;\">Badia del Vall\u00e8s \u00e9s una ciutat amb \u00e0mplies avingudes, zones verdes i d&#8217;agradables passejades que s&#8217;enorgulleix de ser una ciutat feta a si mateixa, oberta, plural, solid\u00e0ria i participativa.<\/p>\n<p><span style=\"color: #ff6600;\"><strong>El nostre Institut<\/strong><\/span><\/p>\n<p style=\"text-align: justify;\">L&#8217;origen de l&#8217;Institut\u00a0<span class=\"hiddenSpellError\">Federica<\/span> Montseny es remunta l&#8217;any 1978, per\u00f2 en els seus inicis es coneixia amb altre nom, concretament amb el d&#8217;IES Ciutat Badia. Encara que popularment sempre ha estat conegut amb el nom <span class=\"hiddenGrammarError\">de<em> Instituto<\/em><\/span>\u00a0o <em>BUP<\/em> per diferenciar-lo del\u00a0<span class=\"hiddenGrammarError\">de FP<\/span>, l&#8217;altre centre del municipi. En l&#8217;any 2006 va ser rebatejat amb\u00a0<span class=\"hiddenSpellError\">INS<\/span>\u00a0<span class=\"hiddenSpellError\">Federica<\/span> Montseny, agafant aix\u00ed el nom de la que va ser ministra de sanitat amb el govern de la Rep\u00fablica.<\/p>\n<p>&nbsp;<\/p>\n<p><span style=\"color: #ff6600;\"><strong>La nostra hist\u00f2ria<\/strong><\/span><\/p>\n<p>A vegades unes imatges valen m\u00e9s que 1000 paraules i aqu\u00ed deixem unes quantes del nostre institut, un institut ple de vida.<\/p>\n<p style=\"text-align: center;\"><iframe loading=\"lazy\" style=\"border: 1px solid #CCC; border-width: 1px; margin-bottom: 5px; max-width: 100%;\" src=\"\/\/www.slideshare.net\/slideshow\/embed_code\/key\/qYGL1hYUCYoP3\" width=\"595\" height=\"485\" frameborder=\"0\" marginwidth=\"0\" marginheight=\"0\" scrolling=\"no\" allowfullscreen=\"allowfullscreen\"> <\/iframe><\/p>\n<div style=\"margin-bottom: 5px; text-align: center;\"><strong> <a title=\"Futur\" href=\"\/\/www.slideshare.net\/isasandoval\/futur-67543932\" target=\"_blank\" rel=\"noopener noreferrer\">Futur<\/a> <\/strong> from <strong><a href=\"\/\/www.slideshare.net\/isasandoval\" target=\"_blank\" rel=\"noopener noreferrer\">isasandoval<\/a><\/strong><\/div>\n","protected":false},"excerpt":{"rendered":"<p>El nostre poble<br \/>\nCiutat Badia, Badia i Badia del Vall\u00e8s s\u00f3n els tres noms amb els quals s\u2018ha conegut la nostra poblaci\u00f3 durant els seus primers vint-i-set anys d&#8217;hist\u00f2ria. Ciutat Badia va n\u00e9ixer com a projecte als anys 60 a Madrid. El Ministerio de la Vivienda&hellip;  <a href=\"https:\/\/agora.xtec.cat\/iesfedericamontseny\/linstitut\/historia\/\" title=\"Read Hist\u00f2ria\">Llegeix m\u00e9s\u00bb<\/a><\/p>\n","protected":false},"author":1,"featured_media":0,"parent":19,"menu_order":20,"comment_status":"closed","ping_status":"closed","template":"page-templates\/side-menu.php","meta":{"_bbp_topic_count":0,"_bbp_reply_count":0,"_bbp_total_topic_count":0,"_bbp_total_reply_count":0,"_bbp_voice_count":0,"_bbp_anonymous_reply_count":0,"_bbp_topic_count_hidden":0,"_bbp_reply_count_hidden":0,"_bbp_forum_subforum_count":0,"footnotes":""},"class_list":["post-27","page","type-page","status-publish","hentry"],"post_mailing_queue_ids":[],"_links":{"self":[{"href":"https:\/\/agora.xtec.cat\/iesfedericamontseny\/wp-json\/wp\/v2\/pages\/27","targetHints":{"allow":["GET"]}}],"collection":[{"href":"https:\/\/agora.xtec.cat\/iesfedericamontseny\/wp-json\/wp\/v2\/pages"}],"about":[{"href":"https:\/\/agora.xtec.cat\/iesfedericamontseny\/wp-json\/wp\/v2\/types\/page"}],"author":[{"embeddable":true,"href":"https:\/\/agora.xtec.cat\/iesfedericamontseny\/wp-json\/wp\/v2\/users\/1"}],"replies":[{"embeddable":true,"href":"https:\/\/agora.xtec.cat\/iesfedericamontseny\/wp-json\/wp\/v2\/comments?post=27"}],"version-history":[{"count":3,"href":"https:\/\/agora.xtec.cat\/iesfedericamontseny\/wp-json\/wp\/v2\/pages\/27\/revisions"}],"predecessor-version":[{"id":13180,"href":"https:\/\/agora.xtec.cat\/iesfedericamontseny\/wp-json\/wp\/v2\/pages\/27\/revisions\/13180"}],"up":[{"embeddable":true,"href":"https:\/\/agora.xtec.cat\/iesfedericamontseny\/wp-json\/wp\/v2\/pages\/19"}],"wp:attachment":[{"href":"https:\/\/agora.xtec.cat\/iesfedericamontseny\/wp-json\/wp\/v2\/media?parent=27"}],"curies":[{"name":"wp","href":"https:\/\/api.w.org\/{rel}","templated":true}]}}