{"id":21,"date":"2014-09-17T16:14:14","date_gmt":"2014-09-17T16:14:14","guid":{"rendered":"http:\/\/agora.xtec.cat\/iesfedericamontseny\/?page_id=21"},"modified":"2025-08-28T18:20:09","modified_gmt":"2025-08-28T16:20:09","slug":"on-som","status":"publish","type":"page","link":"https:\/\/agora.xtec.cat\/iesfedericamontseny\/linstitut\/on-som\/","title":{"rendered":"On som"},"content":{"rendered":"<p style=\"color: #666666;\"><span style=\"color: #008080;\"><b>Institut Federica Montseny<\/b><\/span><\/p>\n<p>Carrer d&#8217;Oporto, s\/n,<\/p>\n<p>08214 Badia del Vall\u00e8s, Barcelona<\/p>\n<p>&nbsp;<\/p>\n<p><iframe src=\"https:\/\/www.google.com\/maps\/embed?pb=!1m18!1m12!1m3!1d23901.74646803251!2d2.1121327613433785!3d41.510378828320924!2m3!1f0!2f0!3f0!3m2!1i1024!2i768!4f13.1!3m3!1m2!1s0x12a495d032cc749b%3A0x8fe5b65f696a6d63!2sIES%20Federica%20Montseny!5e0!3m2!1ses!2ses!4v1756397891363!5m2!1ses!2ses\" width=\"400\" height=\"300\" style=\"border:0;\" allowfullscreen=\"\" loading=\"lazy\" referrerpolicy=\"no-referrer-when-downgrade\"><\/iframe><\/p>\n<p><strong>Com arribar-hi:<br \/>\n<\/strong><\/p>\n<ul>\n<li>Per tren: Estaci\u00f3 de Barber\u00e0 del Vall\u00e8s<\/li>\n<li>Per bus: L\u00ednies A2 des de Barcelona,<\/li>\n<li>Per bus: L\u00ednia B1 des de Sabadell<\/li>\n<\/ul>\n<p><strong>Contacte<\/strong><\/p>\n<p><span class=\"_xdb\"><span style=\"color: #000000;\"><a class=\"fl\" style=\"color: #000000;\" href=\"https:\/\/www.google.es\/search?client=safari&amp;rls=en&amp;q=institut+public+federica+montseny+tel%C3%A9fono&amp;stick=H4sIAAAAAAAAAOPgE-LRT9c3LDRNyi7Oik_S0s9OttJPzs_JSU0uyczP08_Oyy_PSU1JT40vSMxLzSnWz0gsji_IyM9LtQKTAEiHgN1BAAAA&amp;sa=X&amp;ved=0ahUKEwjP2cvzydXOAhWJHxoKHUU4AXUQ6BMIiQEwDw\" data-ved=\"0ahUKEwjP2cvzydXOAhWJHxoKHUU4AXUQ6BMIiQEwDw\">Tel\u00e8fon<\/a>:<\/span>\u00a0<\/span><span style=\"color: #008080;\"><strong><span class=\"_Xbe _ZWk kno-fv\"><a class=\"fl r-isAfBKk5v1tI\" style=\"color: #008080;\" title=\"Llamar a trav\u00e9s de Hangouts\" data-number=\"+34937185114\" data-pstn-out-call-url=\"\" data-rtid=\"isAfBKk5v1tI\" data-ved=\"0ahUKEwjP2cvzydXOAhWJHxoKHUU4AXUQkAgIigEwDw\">93 718 51 14<\/a><\/span><\/strong><\/span><\/p>\n<p>Correu institut: <strong>a8034035@xtec.cat (general)<\/strong><\/p>\n<p>Correu secretaria: <strong>secretaria@insfedericamontseny.cat\u00a0 (per entrega documentaci\u00f3 matr\u00edcula)<\/strong><\/p>\n","protected":false},"excerpt":{"rendered":"<p>Institut Federica Montseny<br \/>\nCarrer d&#8217;Oporto, s\/n,<br \/>\n08214 Badia del Vall\u00e8s, Barcelona<br \/>\n&nbsp;<\/p>\n<p>Com arribar-hi:<\/p>\n<ul>\n<li>Per tren: Estaci\u00f3 de Barber\u00e0 del Vall\u00e8s<\/li>\n<li>Per bus: L\u00ednies A2 des de Barcelona,<\/li>\n<li>Per bus: L\u00ednia B1 des de Sabadell<\/li>\n<\/ul>\n<p>Contacte<br \/>\n<a class=\"fl\" style=\"color: #000000;\" href=\"https:\/\/www.google.es\/search?client=safari&amp;rls=en&amp;q=institut+public+federica+montseny+tel%C3%A9fono&amp;stick=H4sIAAAAAAAAAOPgE-LRT9c3LDRNyi7Oik_S0s9OttJPzs_JSU0uyczP08_Oyy_PSU1JT40vSMxLzSnWz0gsji_IyM9LtQKTAEiHgN1BAAAA&amp;sa=X&amp;ved=0ahUKEwjP2cvzydXOAhWJHxoKHUU4AXUQ6BMIiQEwDw\" data-ved=\"0ahUKEwjP2cvzydXOAhWJHxoKHUU4AXUQ6BMIiQEwDw\">Tel\u00e8fon<\/a>:\u00a0<a class=\"fl r-isAfBKk5v1tI\" style=\"color: #008080;\" title=\"Llamar a trav\u00e9s de Hangouts\" data-number=\"+34937185114\" data-pstn-out-call-url=\"\" data-rtid=\"isAfBKk5v1tI\"&hellip;  <a href=\"https:\/\/agora.xtec.cat\/iesfedericamontseny\/linstitut\/on-som\/\" title=\"Read On som\">Llegeix m\u00e9s\u00bb<\/a><\/p>\n","protected":false},"author":1,"featured_media":0,"parent":19,"menu_order":10,"comment_status":"closed","ping_status":"closed","template":"page-templates\/side-menu.php","meta":{"_bbp_topic_count":0,"_bbp_reply_count":0,"_bbp_total_topic_count":0,"_bbp_total_reply_count":0,"_bbp_voice_count":0,"_bbp_anonymous_reply_count":0,"_bbp_topic_count_hidden":0,"_bbp_reply_count_hidden":0,"_bbp_forum_subforum_count":0,"footnotes":""},"class_list":["post-21","page","type-page","status-publish","hentry"],"post_mailing_queue_ids":[],"_links":{"self":[{"href":"https:\/\/agora.xtec.cat\/iesfedericamontseny\/wp-json\/wp\/v2\/pages\/21","targetHints":{"allow":["GET"]}}],"collection":[{"href":"https:\/\/agora.xtec.cat\/iesfedericamontseny\/wp-json\/wp\/v2\/pages"}],"about":[{"href":"https:\/\/agora.xtec.cat\/iesfedericamontseny\/wp-json\/wp\/v2\/types\/page"}],"author":[{"embeddable":true,"href":"https:\/\/agora.xtec.cat\/iesfedericamontseny\/wp-json\/wp\/v2\/users\/1"}],"replies":[{"embeddable":true,"href":"https:\/\/agora.xtec.cat\/iesfedericamontseny\/wp-json\/wp\/v2\/comments?post=21"}],"version-history":[{"count":6,"href":"https:\/\/agora.xtec.cat\/iesfedericamontseny\/wp-json\/wp\/v2\/pages\/21\/revisions"}],"predecessor-version":[{"id":17499,"href":"https:\/\/agora.xtec.cat\/iesfedericamontseny\/wp-json\/wp\/v2\/pages\/21\/revisions\/17499"}],"up":[{"embeddable":true,"href":"https:\/\/agora.xtec.cat\/iesfedericamontseny\/wp-json\/wp\/v2\/pages\/19"}],"wp:attachment":[{"href":"https:\/\/agora.xtec.cat\/iesfedericamontseny\/wp-json\/wp\/v2\/media?parent=21"}],"curies":[{"name":"wp","href":"https:\/\/api.w.org\/{rel}","templated":true}]}}