{"id":17535,"date":"2026-03-01T09:24:32","date_gmt":"2026-03-01T08:24:32","guid":{"rendered":"https:\/\/agora.xtec.cat\/iesfedericamontseny\/?page_id=17535"},"modified":"2026-03-01T09:24:32","modified_gmt":"2026-03-01T08:24:32","slug":"qui-som","status":"publish","type":"page","link":"https:\/\/agora.xtec.cat\/iesfedericamontseny\/linstitut\/qui-som\/","title":{"rendered":"Qui som"},"content":{"rendered":"<p><span style=\"font-weight: 400;\">Som un centre educatiu p\u00fablic amb una traject\u00f2ria consolidada al servei de la comunitat. L\u2019origen de l\u2019Institut Federica Montseny es remunta a l\u2019any 1978, quan va n\u00e9ixer amb el nom d\u2019IES Ciutat Badia. Popularment era conegut com el\u00a0 \u201cBUP\u201d per diferenciar-lo del centre de Formaci\u00f3 Professional del municipi (FP).<\/span><\/p>\n<p><span style=\"font-weight: 400;\">L\u2019any 2006, el centre va ser rebatejat com a INS Federica Montseny, en homenatge a Federica Montseny, la primera dona ministra d\u2019Europa durant el govern de la Rep\u00fablica.<\/span><\/p>\n<p><span style=\"font-weight: 400;\">Al llarg d\u2019aquests anys, l\u2019institut ha evolucionat i s\u2019ha adaptat a les necessitats educatives i socials del seu entorn, amb un comprom\u00eds ferm amb la inclusi\u00f3, la qualitat i la innovaci\u00f3 educativa.<\/span><\/p>\n<p><span style=\"font-weight: 400;\">Actualment, fruit del proc\u00e9s de reforma de l\u2019oferta educativa del municipi, l\u2019institut s\u2019ha consolidat com a l\u2019\u00fanic institut del municipi que ofereix estudis d\u2019ESO i Batxillerat. Aquesta reorganitzaci\u00f3 ens ha perm\u00e8s redefinir la nostra identitat com a centre d\u2019ESO i Batxillerat, focalitzant l\u2019atenci\u00f3 en l\u2019acompanyament personalitzat, l\u2019orientaci\u00f3 acad\u00e8mica i el desenvolupament integral de l\u2019alumnat.<\/span><\/p>\n","protected":false},"excerpt":{"rendered":"<p>Som un centre educatiu p\u00fablic amb una traject\u00f2ria consolidada al servei de la comunitat. L\u2019origen de l\u2019Institut Federica Montseny es remunta a l\u2019any 1978, quan va n\u00e9ixer amb el nom d\u2019IES Ciutat Badia. Popularment era conegut com el\u00a0 \u201cBUP\u201d per diferenciar-lo del centre de Formaci\u00f3&hellip;  <a href=\"https:\/\/agora.xtec.cat\/iesfedericamontseny\/linstitut\/qui-som\/\" title=\"Read Qui som\">Llegeix m\u00e9s\u00bb<\/a><\/p>\n","protected":false},"author":1,"featured_media":0,"parent":19,"menu_order":0,"comment_status":"closed","ping_status":"closed","template":"","meta":{"_bbp_topic_count":0,"_bbp_reply_count":0,"_bbp_total_topic_count":0,"_bbp_total_reply_count":0,"_bbp_voice_count":0,"_bbp_anonymous_reply_count":0,"_bbp_topic_count_hidden":0,"_bbp_reply_count_hidden":0,"_bbp_forum_subforum_count":0,"footnotes":""},"class_list":["post-17535","page","type-page","status-publish","hentry"],"post_mailing_queue_ids":[],"_links":{"self":[{"href":"https:\/\/agora.xtec.cat\/iesfedericamontseny\/wp-json\/wp\/v2\/pages\/17535","targetHints":{"allow":["GET"]}}],"collection":[{"href":"https:\/\/agora.xtec.cat\/iesfedericamontseny\/wp-json\/wp\/v2\/pages"}],"about":[{"href":"https:\/\/agora.xtec.cat\/iesfedericamontseny\/wp-json\/wp\/v2\/types\/page"}],"author":[{"embeddable":true,"href":"https:\/\/agora.xtec.cat\/iesfedericamontseny\/wp-json\/wp\/v2\/users\/1"}],"replies":[{"embeddable":true,"href":"https:\/\/agora.xtec.cat\/iesfedericamontseny\/wp-json\/wp\/v2\/comments?post=17535"}],"version-history":[{"count":1,"href":"https:\/\/agora.xtec.cat\/iesfedericamontseny\/wp-json\/wp\/v2\/pages\/17535\/revisions"}],"predecessor-version":[{"id":17536,"href":"https:\/\/agora.xtec.cat\/iesfedericamontseny\/wp-json\/wp\/v2\/pages\/17535\/revisions\/17536"}],"up":[{"embeddable":true,"href":"https:\/\/agora.xtec.cat\/iesfedericamontseny\/wp-json\/wp\/v2\/pages\/19"}],"wp:attachment":[{"href":"https:\/\/agora.xtec.cat\/iesfedericamontseny\/wp-json\/wp\/v2\/media?parent=17535"}],"curies":[{"name":"wp","href":"https:\/\/api.w.org\/{rel}","templated":true}]}}