{"id":16196,"date":"2023-07-01T21:52:11","date_gmt":"2023-07-01T19:52:11","guid":{"rendered":"https:\/\/agora.xtec.cat\/iesfedericamontseny\/?page_id=16196"},"modified":"2024-05-28T12:56:09","modified_gmt":"2024-05-28T10:56:09","slug":"pedc","status":"publish","type":"page","link":"https:\/\/agora.xtec.cat\/iesfedericamontseny\/pedc\/","title":{"rendered":"Pla d&#8217;Estrat\u00e8gia Digital de Centre (PEDC)"},"content":{"rendered":"<p>Trobareu tota la informaci\u00f3 sobre el nostre Pla d&#8217;estrat\u00e8gia digital de centre en la seg\u00fcent <a href=\"https:\/\/sites.google.com\/xtec.cat\/edc-ies-federica-montseny\/l-estrat%C3%A8gia-digital-de-centre\" target=\"_blank\" rel=\"noopener\">web<\/a>.<\/p>\n","protected":false},"excerpt":{"rendered":"<p>Trobareu tota la informaci\u00f3 sobre el nostre Pla d&#8217;estrat\u00e8gia digital de centre en la seg\u00fcent <a href=\"https:\/\/sites.google.com\/xtec.cat\/edc-ies-federica-montseny\/l-estrat%C3%A8gia-digital-de-centre\" target=\"_blank\" rel=\"noopener\">web<\/a>.<\/p>\n","protected":false},"author":1,"featured_media":0,"parent":0,"menu_order":0,"comment_status":"closed","ping_status":"closed","template":"","meta":{"_bbp_topic_count":0,"_bbp_reply_count":0,"_bbp_total_topic_count":0,"_bbp_total_reply_count":0,"_bbp_voice_count":0,"_bbp_anonymous_reply_count":0,"_bbp_topic_count_hidden":0,"_bbp_reply_count_hidden":0,"_bbp_forum_subforum_count":0,"footnotes":""},"class_list":["post-16196","page","type-page","status-publish","hentry"],"post_mailing_queue_ids":[],"_links":{"self":[{"href":"https:\/\/agora.xtec.cat\/iesfedericamontseny\/wp-json\/wp\/v2\/pages\/16196","targetHints":{"allow":["GET"]}}],"collection":[{"href":"https:\/\/agora.xtec.cat\/iesfedericamontseny\/wp-json\/wp\/v2\/pages"}],"about":[{"href":"https:\/\/agora.xtec.cat\/iesfedericamontseny\/wp-json\/wp\/v2\/types\/page"}],"author":[{"embeddable":true,"href":"https:\/\/agora.xtec.cat\/iesfedericamontseny\/wp-json\/wp\/v2\/users\/1"}],"replies":[{"embeddable":true,"href":"https:\/\/agora.xtec.cat\/iesfedericamontseny\/wp-json\/wp\/v2\/comments?post=16196"}],"version-history":[{"count":6,"href":"https:\/\/agora.xtec.cat\/iesfedericamontseny\/wp-json\/wp\/v2\/pages\/16196\/revisions"}],"predecessor-version":[{"id":16899,"href":"https:\/\/agora.xtec.cat\/iesfedericamontseny\/wp-json\/wp\/v2\/pages\/16196\/revisions\/16899"}],"wp:attachment":[{"href":"https:\/\/agora.xtec.cat\/iesfedericamontseny\/wp-json\/wp\/v2\/media?parent=16196"}],"curies":[{"name":"wp","href":"https:\/\/api.w.org\/{rel}","templated":true}]}}