{"id":996,"date":"2018-10-17T19:58:03","date_gmt":"2018-10-17T17:58:03","guid":{"rendered":"http:\/\/agora.xtec.cat\/iesesteveterradas\/?page_id=996"},"modified":"2025-10-23T11:26:28","modified_gmt":"2025-10-23T09:26:28","slug":"pfi","status":"publish","type":"page","link":"https:\/\/agora.xtec.cat\/iesesteveterradas\/departaments\/departaments-fp\/pfi\/","title":{"rendered":"PFI &#8211; Programes de formaci\u00f3 i inserci\u00f3"},"content":{"rendered":"<div id=\"ja-contentwrap\" class=\"clearfix \">\n<div id=\"ja-content\" class=\"column\">\n<div id=\"ja-current-content\" class=\"column\">\n<div id=\"ja-content-main\" class=\"ja-content-main clearfix\">\n<div class=\"item-page clearfix\">\n<h2 class=\"contentheading\">Programes de formaci\u00f3 i inserci\u00f3<\/h2>\n<p>&nbsp;<\/p>\n<p>Els Programes de formaci\u00f3 i inserci\u00f3 s&#8217;ofereixen a joves, d&#8217;<strong>entre<\/strong> <strong>16 i 21 anys<\/strong>, una via de segona oportunitat que els permeti reintroduir-se en el sistema educatiu per prosseguir estudis de formaci\u00f3 professional i, alhora els facilita l&#8217;aprenentatge imprescindible per accedir al mercat de treball amb millors possibilitats d&#8217;obtenir una ocupaci\u00f3 qualificada i duradora. <a href=\"https:\/\/projectes.xtec.cat\/pfi\/informacio-pfi\/\">M\u00e9s informaci\u00f3 sobre el funcionament del PFI<\/a><\/p>\n<p style=\"text-align: center;\"><em>Durada: 1000 hores (1 curs).<\/em><br \/>\n<em>Formaci\u00f3 en el centre educatiu: 800h.<\/em><br \/>\n<em>Formaci\u00f3 en Centre de Treball (pr\u00e0ctiques): 200h.\u00a0<\/em><\/p>\n<p>Oferta:<\/p>\n<ul>\n<li class=\"LC20lb MBeuO DKV0Md\">Auxiliar de<strong> Vivers i Jardins\u00a0<\/strong><\/li>\n<li>Auxiliar de<strong> Muntatges d&#8217;Instal\u00b7lacions Electrot\u00e8cniques en Edificis<\/strong><\/li>\n<\/ul>\n<p><img loading=\"lazy\" decoding=\"async\" class=\"wp-image-17373 aligncenter\" src=\"https:\/\/agora.xtec.cat\/iesesteveterradas\/wp-content\/uploads\/usu855\/aux-munt.jpg\" alt=\"\" width=\"737\" height=\"283\" srcset=\"https:\/\/agora.xtec.cat\/iesesteveterradas\/wp-content\/uploads\/usu855\/aux-munt.jpg 832w, https:\/\/agora.xtec.cat\/iesesteveterradas\/wp-content\/uploads\/usu855\/aux-munt-300x115.jpg 300w, https:\/\/agora.xtec.cat\/iesesteveterradas\/wp-content\/uploads\/usu855\/aux-munt-768x295.jpg 768w\" sizes=\"auto, (max-width: 737px) 100vw, 737px\" \/><img loading=\"lazy\" decoding=\"async\" class=\"wp-image-14896 alignleft\" style=\"font-size: 14px;\" src=\"https:\/\/agora.xtec.cat\/iesesteveterradas\/wp-content\/uploads\/usu855\/Captura-de-pantalla-de-2024-02-09-11-12-56.png\" alt=\"\" width=\"388\" height=\"188\" srcset=\"https:\/\/agora.xtec.cat\/iesesteveterradas\/wp-content\/uploads\/usu855\/Captura-de-pantalla-de-2024-02-09-11-12-56.png 679w, https:\/\/agora.xtec.cat\/iesesteveterradas\/wp-content\/uploads\/usu855\/Captura-de-pantalla-de-2024-02-09-11-12-56-300x146.png 300w\" sizes=\"auto, (max-width: 388px) 100vw, 388px\" \/><img loading=\"lazy\" decoding=\"async\" class=\"wp-image-14895 alignright\" style=\"font-size: 14px;\" src=\"https:\/\/agora.xtec.cat\/iesesteveterradas\/wp-content\/uploads\/usu855\/Captura-de-pantalla-de-2024-02-09-11-13-53.png\" alt=\"\" width=\"360\" height=\"188\" srcset=\"https:\/\/agora.xtec.cat\/iesesteveterradas\/wp-content\/uploads\/usu855\/Captura-de-pantalla-de-2024-02-09-11-13-53.png 695w, https:\/\/agora.xtec.cat\/iesesteveterradas\/wp-content\/uploads\/usu855\/Captura-de-pantalla-de-2024-02-09-11-13-53-300x157.png 300w\" sizes=\"auto, (max-width: 360px) 100vw, 360px\" \/><\/p>\n<\/div>\n<\/div>\n<div id=\"ja-content-main\" class=\"ja-content-main clearfix\">\n<div class=\"item-page clearfix\">\n<p>&nbsp;<\/p>\n<\/div>\n<\/div>\n<\/div>\n<div id=\"ja-current-content\" class=\"column\">\n<div id=\"ja-content-main\" class=\"ja-content-main clearfix\">\n<div class=\"item-page clearfix\">\n<p><img loading=\"lazy\" decoding=\"async\" class=\"wp-image-17372 aligncenter\" style=\"font-family: inherit; font-size: 1em;\" src=\"https:\/\/agora.xtec.cat\/iesesteveterradas\/wp-content\/uploads\/usu855\/aux-jard.jpg\" alt=\"\" width=\"492\" height=\"379\" srcset=\"https:\/\/agora.xtec.cat\/iesesteveterradas\/wp-content\/uploads\/usu855\/aux-jard.jpg 366w, https:\/\/agora.xtec.cat\/iesesteveterradas\/wp-content\/uploads\/usu855\/aux-jard-300x231.jpg 300w\" sizes=\"auto, (max-width: 492px) 100vw, 492px\" \/><\/p>\n<\/div>\n<\/div>\n<\/div>\n<div id=\"ja-current-content\" class=\"column\">\n<div id=\"ja-content-main\" class=\"ja-content-main clearfix\">\n<div class=\"item-page clearfix\">\n<p style=\"text-align: center;\"><a href=\"https:\/\/sites.google.com\/iesesteveterradas.cat\/pfiesteveprojecteplataforma\/apropa?authuser=0\"><strong>Veure m\u00e9s imatges<\/strong><\/a><\/p>\n<h2 class=\"\" data-start=\"1659\" data-end=\"1706\">Com s\u2019estructura un PFI? Durada i continguts<\/h2>\n<p class=\"\" data-start=\"1707\" data-end=\"1811\">Cada PFI t\u00e9 una estructura ben definida que combina formaci\u00f3 professional espec\u00edfica i formaci\u00f3 general:<\/p>\n<ul data-start=\"1813\" data-end=\"3752\">\n<li class=\"\" data-start=\"1813\" data-end=\"2095\">\n<p class=\"\" data-start=\"1815\" data-end=\"2095\"><strong data-start=\"1815\" data-end=\"1826\">Durada:<\/strong> Com hem esmentat, aproximadament <strong data-start=\"1860\" data-end=\"1894\">1.000 hores en un curs escolar<\/strong>. D\u2019aquestes, unes <strong data-start=\"1913\" data-end=\"1944\">200 hores s\u00f3n de pr\u00e0ctiques<\/strong> en una empresa relacionada amb la fam\u00edlia professional triada\u200b (m\u00e9s informaci\u00f3 a\u00a0<a class=\"ml-1 inline-flex h-[22px] items-center rounded-xl bg-[#f4f4f4] px-2 text-[0.5em] font-medium text-token-text-secondary dark:bg-token-main-surface-secondary !text-token-text-secondary uppercase hover:bg-token-text-primary hover:!text-token-main-surface-secondary dark:hover:bg-token-text-primary group\" href=\"https:\/\/triaeducativa.gencat.cat\/ca\/fp\/pfi\/#:~:text=Els%20i%20les%20alumnes%20de,utilitzant%20metodologies%20actives%20i%20globals\" target=\"_blank\" rel=\"noopener\"><span class=\"truncate\">triaeducativa.gencat.cat).<\/span><\/a><\/p>\n<\/li>\n<li class=\"\" data-start=\"2097\" data-end=\"2742\">\n<p class=\"\" data-start=\"2099\" data-end=\"2742\"><strong data-start=\"2099\" data-end=\"2135\">M\u00f2duls de formaci\u00f3 professional:<\/strong> S\u00f3n els continguts t\u00e8cnics <strong data-start=\"2163\" data-end=\"2184\">propis de l\u2019ofici<\/strong> que es vol aprendre. En un PFI hi ha diversos m\u00f2duls pr\u00e0ctics on s\u2019ensenyen les <strong data-start=\"2265\" data-end=\"2314\">tasques i coneixements b\u00e0sics de la professi\u00f3<\/strong>. Per exemple, en un perfil de jardineria es fan m\u00f2duls sobre cultiu de plantes i manteniment de jardins, i en un perfil el\u00e8ctric, m\u00f2duls d\u2019instal\u00b7lacions el\u00e8ctriques i de telecomunicacions. A m\u00e9s, tots els PFI inclouen un petit <strong data-start=\"2543\" data-end=\"2564\">projecte integrat<\/strong> on l\u2019alumne aplica el que ha apr\u00e8s, i un m\u00f2dul de <strong data-start=\"2615\" data-end=\"2647\">prevenci\u00f3 de riscos laborals<\/strong> b\u00e0sic\u200b.<\/p>\n<\/li>\n<li class=\"\" data-start=\"2744\" data-end=\"3308\">\n<p class=\"\" data-start=\"2746\" data-end=\"3308\"><strong data-start=\"2746\" data-end=\"2777\">M\u00f2duls de formaci\u00f3 general:<\/strong> Aquests m\u00f2duls reforcen compet\u00e8ncies b\u00e0siques per a la vida quotidiana i acad\u00e8mica: <strong data-start=\"2888\" data-end=\"2903\">comunicaci\u00f3<\/strong> (llengua, expressi\u00f3 escrita i oral), <strong data-start=\"2941\" data-end=\"2957\">matem\u00e0tiques<\/strong> aplicades, <strong data-start=\"2969\" data-end=\"3003\">coneixement de l\u2019entorn social<\/strong> i eines per a la <strong data-start=\"3021\" data-end=\"3057\">incorporaci\u00f3 al m\u00f3n professional<\/strong> (orientaci\u00f3 laboral)\u200b. L\u2019objectiu \u00e9s que l\u2019alumne tamb\u00e9 millori en aspectes generals i estigui preparat tant per treballar com per continuar estudiant m\u00e9s endavant.<\/p>\n<\/li>\n<li class=\"\" data-start=\"3310\" data-end=\"3752\">\n<p class=\"\" data-start=\"3312\" data-end=\"3752\"><strong data-start=\"3312\" data-end=\"3337\">Tutoria i orientaci\u00f3:<\/strong> Al llarg de tot el programa hi ha una tutoria personalitzada. Els tutors ajuden els alumnes en el dia a dia, fan un seguiment de la seva evoluci\u00f3 i els orienten sobre els passos a seguir un cop acabat el PFI\u200b. Aquesta atenci\u00f3 individualitzada \u00e9s essencial per motivar els joves i acompanyar-los en el seu projecte de futur.<\/p>\n<\/li>\n<\/ul>\n<\/div>\n<p>&nbsp;<\/p>\n<div class=\"item-page clearfix\">\n<p><img loading=\"lazy\" decoding=\"async\" class=\"alignnone wp-image-17374\" src=\"https:\/\/agora.xtec.cat\/iesesteveterradas\/wp-content\/uploads\/usu855\/pfi-jard.jpg\" alt=\"\" width=\"377\" height=\"535\" srcset=\"https:\/\/agora.xtec.cat\/iesesteveterradas\/wp-content\/uploads\/usu855\/pfi-jard.jpg 504w, https:\/\/agora.xtec.cat\/iesesteveterradas\/wp-content\/uploads\/usu855\/pfi-jard-211x300.jpg 211w\" sizes=\"auto, (max-width: 377px) 100vw, 377px\" \/><img loading=\"lazy\" decoding=\"async\" class=\"alignnone wp-image-17375\" src=\"https:\/\/agora.xtec.cat\/iesesteveterradas\/wp-content\/uploads\/usu855\/pfi-munt.jpg\" alt=\"\" width=\"378\" height=\"535\" srcset=\"https:\/\/agora.xtec.cat\/iesesteveterradas\/wp-content\/uploads\/usu855\/pfi-munt.jpg 505w, https:\/\/agora.xtec.cat\/iesesteveterradas\/wp-content\/uploads\/usu855\/pfi-munt-212x300.jpg 212w\" sizes=\"auto, (max-width: 378px) 100vw, 378px\" \/><\/p>\n<p>&nbsp;<\/p>\n<\/div>\n<div class=\"item-page clearfix\">\n<p style=\"text-align: center;\"><em>Consultar al centre altres ofertes a <a href=\"mailto:a8016781@xtec.cat\">a8016781@xtec.cat<\/a><\/em><\/p>\n<\/div>\n<\/div>\n<\/div>\n<\/div>\n<\/div>\n","protected":false},"excerpt":{"rendered":"<p>Programes de formaci\u00f3 i inserci\u00f3<br \/>\n&nbsp;<br \/>\nEls Programes de formaci\u00f3 i inserci\u00f3 s&#8217;ofereixen a joves, d&#8217;entre 16 i 21 anys, una via de segona oportunitat que els permeti reintroduir-se en el sistema educatiu per prosseguir estudis de formaci\u00f3 professional i, alhora els facilita l&#8217;aprenentatge imprescindible per accedir&hellip;  <a href=\"https:\/\/agora.xtec.cat\/iesesteveterradas\/departaments\/departaments-fp\/pfi\/\" title=\"Read PFI &#8211; Programes de formaci\u00f3 i inserci\u00f3\">Llegeix m\u00e9s\u00bb<\/a><\/p>\n","protected":false},"author":1,"featured_media":0,"parent":18640,"menu_order":6,"comment_status":"closed","ping_status":"closed","template":"page-templates\/side-menu.php","meta":{"_bbp_topic_count":0,"_bbp_reply_count":0,"_bbp_total_topic_count":0,"_bbp_total_reply_count":0,"_bbp_voice_count":0,"_bbp_anonymous_reply_count":0,"_bbp_topic_count_hidden":0,"_bbp_reply_count_hidden":0,"_bbp_forum_subforum_count":0,"footnotes":""},"class_list":["post-996","page","type-page","status-publish","hentry"],"post_mailing_queue_ids":[],"_links":{"self":[{"href":"https:\/\/agora.xtec.cat\/iesesteveterradas\/wp-json\/wp\/v2\/pages\/996","targetHints":{"allow":["GET"]}}],"collection":[{"href":"https:\/\/agora.xtec.cat\/iesesteveterradas\/wp-json\/wp\/v2\/pages"}],"about":[{"href":"https:\/\/agora.xtec.cat\/iesesteveterradas\/wp-json\/wp\/v2\/types\/page"}],"author":[{"embeddable":true,"href":"https:\/\/agora.xtec.cat\/iesesteveterradas\/wp-json\/wp\/v2\/users\/1"}],"replies":[{"embeddable":true,"href":"https:\/\/agora.xtec.cat\/iesesteveterradas\/wp-json\/wp\/v2\/comments?post=996"}],"version-history":[{"count":7,"href":"https:\/\/agora.xtec.cat\/iesesteveterradas\/wp-json\/wp\/v2\/pages\/996\/revisions"}],"predecessor-version":[{"id":18497,"href":"https:\/\/agora.xtec.cat\/iesesteveterradas\/wp-json\/wp\/v2\/pages\/996\/revisions\/18497"}],"up":[{"embeddable":true,"href":"https:\/\/agora.xtec.cat\/iesesteveterradas\/wp-json\/wp\/v2\/pages\/18640"}],"wp:attachment":[{"href":"https:\/\/agora.xtec.cat\/iesesteveterradas\/wp-json\/wp\/v2\/media?parent=996"}],"curies":[{"name":"wp","href":"https:\/\/api.w.org\/{rel}","templated":true}]}}