{"id":992,"date":"2018-10-17T19:58:03","date_gmt":"2018-10-17T17:58:03","guid":{"rendered":"http:\/\/agora.xtec.cat\/iesesteveterradas\/?page_id=992"},"modified":"2025-10-13T09:31:06","modified_gmt":"2025-10-13T07:31:06","slug":"escola-empresa-2","status":"publish","type":"page","link":"https:\/\/agora.xtec.cat\/iesesteveterradas\/serveis-2\/escola-empresa-2\/","title":{"rendered":"Escola &#8211; Empresa"},"content":{"rendered":"<table class=\" aligncenter\" style=\"height: 257px;\" width=\"587\">\n<tbody>\n<tr>\n<td style=\"width: 283.556px;\"><img loading=\"lazy\" decoding=\"async\" class=\"alignnone wp-image-2359\" src=\"https:\/\/agora.xtec.cat\/iesesteveterradas\/wp-content\/uploads\/usu855\/Escola-Empresa.png\" alt=\"\" width=\"271\" height=\"192\" srcset=\"https:\/\/agora.xtec.cat\/iesesteveterradas\/wp-content\/uploads\/usu855\/Escola-Empresa.png 748w, https:\/\/agora.xtec.cat\/iesesteveterradas\/wp-content\/uploads\/usu855\/Escola-Empresa-300x213.png 300w\" sizes=\"auto, (max-width: 271px) 100vw, 271px\" \/><\/td>\n<td style=\"width: 296px;\"><a href=\"https:\/\/forms.gle\/WSoaVZuxqXcWvbXF6\" rel=\"attachment wp-att-2359\"><img loading=\"lazy\" decoding=\"async\" class=\"aligncenter wp-image-7023 size-full\" src=\"https:\/\/agora.xtec.cat\/iesesteveterradas\/wp-content\/uploads\/usu855\/boto-sol-colaboracio-FCT-Dual-copia.jpg\" alt=\"\" width=\"283\" height=\"251\" \/><\/a><\/td>\n<\/tr>\n<\/tbody>\n<\/table>\n<p>&nbsp;<\/p>\n<p>Des de l\u2019Institut Esteve Terradas i Illa es pret\u00e9n que la formaci\u00f3 del seu alumnat estigui vinculada al m\u00f3n empresarial.<br \/>\nAquesta vinculaci\u00f3 es concreta a trav\u00e9s de:<\/p>\n<ul>\n<li>La DUAL general consolidada al llarg dels anys i com a activitat inclosa en el Pla d\u2019Estudis de cada Cicle Formatiu.<\/li>\n<li>La DUAL intensiva, el centre ofereix la modalitat de formaci\u00f3 professional Dual intensiva, en la qual l\u2019estudiant esdev\u00e9 aprenent i combina la formaci\u00f3 en el centre educatiu amb l\u2019activitat productiva. <a href=\"https:\/\/projectes.xtec.cat\/fpdual\/\">https:\/\/projectes.xtec.cat\/fpdual\/<\/a><\/li>\n<li>El nostre institut ofereix el servei d\u2019Assessorament i Reconeixement, que consisteix en el reconeixement dels aprenentatges assolits mitjan\u00e7ant l\u2019experi\u00e8ncia laboral o en activitats socials, s\u2019adre\u00e7a a persones amb experi\u00e8ncia laboral que vulguin un reconeixement acad\u00e8mic.<\/li>\n<li>La carta de Serveis a les Empreses. A part de les pr\u00e0ctiques en modalitat FCT i DUAL tamb\u00e9 oferim:\n<ul>\n<li>La Borsa de Treball per promoure la inserci\u00f3 de l\u2019alumnat i facilitar a les empreses de l\u2019entorn la possibilitat d\u2019accedir a personal qualificat.<\/li>\n<li>Lloguer d\u2019espais per formaci\u00f3.<\/li>\n<li>Innovaci\u00f3 i transfer\u00e8ncia del coneixement.<\/li>\n<li>Emprenedoria.<\/li>\n<li>Relacions internacionals.<\/li>\n<\/ul>\n<\/li>\n<\/ul>\n<h5>Contacte:<\/h5>\n<ul>\n<li>Tel.: 933771100 o 933775602<\/li>\n<li>Correu-e: empreses@iesesteveterradas.cat<\/li>\n<li>En el cas de sol\u00b7licitar alumnat en pr\u00e0ctiques o informaci\u00f3 relacionada hi ha el seg\u00fcent formulari: <a href=\"https:\/\/docs.google.com\/forms\/d\/e\/1FAIpQLSdAGNolN7sFovzsTizGMtPFXzoeE6Sbdf0UJdOi0fYK3eY3ig\/viewform\">enlla\u00e7<\/a><\/li>\n<\/ul>\n<h5>Enlla\u00e7os BID<\/h5>\n<ul>\n<li><a href=\"https:\/\/www.empresaiformacio.org\/sBid6\">Plataforma QBID v6<\/a><\/li>\n<\/ul>\n<h5><a href=\"http:\/\/agora.xtec.cat\/iesesteveterradas\/contacte-per-borsa-de-treball\/\">Borsa de Treball<\/a><\/h5>\n<p>&nbsp;<\/p>\n","protected":false},"excerpt":{"rendered":"<p><a href=\"https:\/\/forms.gle\/WSoaVZuxqXcWvbXF6\" rel=\"attachment wp-att-2359\"><\/a><\/p>\n<p>&nbsp;<br \/>\nDes de l\u2019Institut Esteve Terradas i Illa es pret\u00e9n que la formaci\u00f3 del seu alumnat estigui vinculada al m\u00f3n empresarial.<br \/>\nAquesta vinculaci\u00f3 es concreta a trav\u00e9s de:<\/p>\n<ul>\n<li>La DUAL general consolidada al llarg dels anys i com a activitat inclosa en el Pla d\u2019Estudis&hellip;  <a href=\"https:\/\/agora.xtec.cat\/iesesteveterradas\/serveis-2\/escola-empresa-2\/\" title=\"Read Escola &#8211; Empresa\">Llegeix m\u00e9s\u00bb<\/a><br \/>\n","protected":false},"author":1,"featured_media":0,"parent":8658,"menu_order":0,"comment_status":"closed","ping_status":"closed","template":"","meta":{"_bbp_topic_count":0,"_bbp_reply_count":0,"_bbp_total_topic_count":0,"_bbp_total_reply_count":0,"_bbp_voice_count":0,"_bbp_anonymous_reply_count":0,"_bbp_topic_count_hidden":0,"_bbp_reply_count_hidden":0,"_bbp_forum_subforum_count":0,"footnotes":""},"class_list":["post-992","page","type-page","status-publish","hentry"],"post_mailing_queue_ids":[],"_links":{"self":[{"href":"https:\/\/agora.xtec.cat\/iesesteveterradas\/wp-json\/wp\/v2\/pages\/992","targetHints":{"allow":["GET"]}}],"collection":[{"href":"https:\/\/agora.xtec.cat\/iesesteveterradas\/wp-json\/wp\/v2\/pages"}],"about":[{"href":"https:\/\/agora.xtec.cat\/iesesteveterradas\/wp-json\/wp\/v2\/types\/page"}],"author":[{"embeddable":true,"href":"https:\/\/agora.xtec.cat\/iesesteveterradas\/wp-json\/wp\/v2\/users\/1"}],"replies":[{"embeddable":true,"href":"https:\/\/agora.xtec.cat\/iesesteveterradas\/wp-json\/wp\/v2\/comments?post=992"}],"version-history":[{"count":5,"href":"https:\/\/agora.xtec.cat\/iesesteveterradas\/wp-json\/wp\/v2\/pages\/992\/revisions"}],"predecessor-version":[{"id":17603,"href":"https:\/\/agora.xtec.cat\/iesesteveterradas\/wp-json\/wp\/v2\/pages\/992\/revisions\/17603"}],"up":[{"embeddable":true,"href":"https:\/\/agora.xtec.cat\/iesesteveterradas\/wp-json\/wp\/v2\/pages\/8658"}],"wp:attachment":[{"href":"https:\/\/agora.xtec.cat\/iesesteveterradas\/wp-json\/wp\/v2\/media?parent=992"}],"curies":[{"name":"wp","href":"https:\/\/api.w.org\/{rel}","templated":true}]}}