{"id":991,"date":"2018-10-17T19:58:03","date_gmt":"2018-10-17T17:58:03","guid":{"rendered":"http:\/\/agora.xtec.cat\/iesesteveterradas\/?page_id=991"},"modified":"2025-10-23T11:25:51","modified_gmt":"2025-10-23T09:25:51","slug":"automocio","status":"publish","type":"page","link":"https:\/\/agora.xtec.cat\/iesesteveterradas\/departaments\/departaments-fp\/automocio\/","title":{"rendered":"Transport i Manteniment de vehicles"},"content":{"rendered":"<p>&nbsp;<\/p>\n<header class=\"entry-header\">\n<h1 class=\"entry-title\"><img loading=\"lazy\" decoding=\"async\" class=\"alignnone wp-image-18164\" src=\"https:\/\/agora.xtec.cat\/iesesteveterradas\/wp-content\/uploads\/usu855\/Mechanic-Workshop-with-IES-Esteve-Terradas-i-Illa-Sign.png\" alt=\"\" width=\"582\" height=\"582\" srcset=\"https:\/\/agora.xtec.cat\/iesesteveterradas\/wp-content\/uploads\/usu855\/Mechanic-Workshop-with-IES-Esteve-Terradas-i-Illa-Sign.png 1024w, https:\/\/agora.xtec.cat\/iesesteveterradas\/wp-content\/uploads\/usu855\/Mechanic-Workshop-with-IES-Esteve-Terradas-i-Illa-Sign-300x300.png 300w, https:\/\/agora.xtec.cat\/iesesteveterradas\/wp-content\/uploads\/usu855\/Mechanic-Workshop-with-IES-Esteve-Terradas-i-Illa-Sign-150x150.png 150w, https:\/\/agora.xtec.cat\/iesesteveterradas\/wp-content\/uploads\/usu855\/Mechanic-Workshop-with-IES-Esteve-Terradas-i-Illa-Sign-768x768.png 768w\" sizes=\"auto, (max-width: 582px) 100vw, 582px\" \/><\/h1>\n<\/header>\n<div class=\"entry-content\">\n<div id=\"ja-contentwrap\" class=\"clearfix \">\n<div id=\"ja-content\" class=\"column\">\n<div id=\"ja-current-content\" class=\"column\">\n<div id=\"ja-content-main\" class=\"ja-content-main clearfix\">\n<div class=\"item-page clearfix\">\n<p>A la fam\u00edlia professional de Transport i Manteniment de Vehicles de l&#8217;INS Esteve Terradas i Illa,<\/p>\n<p>s&#8217;imparteixen dos cicles formatius:<\/p>\n<ul>\n<li>CFGM Electromec\u00e0nica de vehicles autom\u00f2bils (CFPM TM10).<\/li>\n<li>CFGS Automoci\u00f3 (CFPS TMA0).<\/li>\n<\/ul>\n<p>Quant a instal\u00b7lacions, disposem de:<\/p>\n<ul>\n<li>Cinc aules te\u00f2riques amb capacitat aproximada de 30 persones cadascuna.<\/li>\n<li>Set tallers per a realitzar pr\u00e0ctiques, dotats amb 20 vehicles d&#8217;\u00faltima generaci\u00f3 perqu\u00e8 l&#8217;alumnat es formi en les \u00faltimes tecnologies del sector, <span lang=\"ca\" tabindex=\"0\">el departament t\u00e9 convenis de col\u00b7laboraci\u00f3 amb empreses punteres del sector, a m\u00e9s est\u00e0 inscrita al programa de formaci\u00f3 mundial T-TEP de TOYOTA.<\/span><\/li>\n<\/ul>\n<p>Els professionals del departament treballem, perqu\u00e8 alumnat surti preparat per a un sector tan exigent com \u00e9s el de l&#8217;automoci\u00f3, es treballa per compet\u00e8ncies amb t\u00e8cniques avan\u00e7ades, amb responsabilitat i exig\u00e8ncia, per facilitar el desenvolupament personal de l&#8217;alumnat, facilitant aix\u00ed, l&#8217;adaptaci\u00f3 al m\u00f3n laboral.<\/p>\n<h1 class=\"entry-title\"><img loading=\"lazy\" decoding=\"async\" class=\"size-large wp-image-16234 aligncenter\" style=\"font-size: 16px; font-weight: 400;\" src=\"https:\/\/agora.xtec.cat\/iesesteveterradas\/wp-content\/uploads\/usu855\/Untitled-3-1-1024x497.jpg\" alt=\"\" width=\"1024\" height=\"497\" srcset=\"https:\/\/agora.xtec.cat\/iesesteveterradas\/wp-content\/uploads\/usu855\/Untitled-3-1-1024x497.jpg 1024w, https:\/\/agora.xtec.cat\/iesesteveterradas\/wp-content\/uploads\/usu855\/Untitled-3-1-300x146.jpg 300w, https:\/\/agora.xtec.cat\/iesesteveterradas\/wp-content\/uploads\/usu855\/Untitled-3-1-768x373.jpg 768w, https:\/\/agora.xtec.cat\/iesesteveterradas\/wp-content\/uploads\/usu855\/Untitled-3-1.jpg 1397w\" sizes=\"auto, (max-width: 1024px) 100vw, 1024px\" \/><\/h1>\n<p>&nbsp;<\/p>\n<p>Disposem d\u2019un ampli ventall d\u2019empreses que permetran a l\u2019alumnat dur a terme pr\u00e0ctiques en diferents \u00e0mbits relacionats amb el m\u00f3n automobil\u00edstic.<\/p>\n<p>Estem compromesos tamb\u00e9 amb la mobilitat transfronterera, participant en diversos projectes Erasmus, dirigits al coneixement idiom\u00e0tic i al proc\u00e9s maduratiu dels i les nostres alumnes.<\/p>\n<p>&nbsp;<\/p>\n<h3>INS Esteve Terradas i Illa<\/h3>\n<p>c\/ Bonavista 70, 08940 Cornell\u00e0 de Llobregat<br \/>\nTel. 93 377 11 00<br \/>\nFax 93 377 27 09<br \/>\nP\u00e0gina web:\u00a0<a href=\"http:\/\/www.iesesteveterradas.com\/\">http:\/\/www.esteveterradas.cat\/<\/a><\/p>\n<h3><\/h3>\n<h3>Contactes del departament<\/h3>\n<ul>\n<li>\u00a0<strong>Cap de Departament:<\/strong> Isidro Garc\u00eda Mart\u00ednez\u00a0 \u00a0 \u00a0 \u00a0 \u00a0 \u00a0e<em>-mail:<\/em> <a href=\"mailto:igarci98@iesesteveterradas.cat\">igarci98@iesesteveterradas.cat<\/a><\/li>\n<li>\u00a0<strong>Cap de Seminari:<\/strong> Alex Bejarano Zarate\u00a0 \u00a0 \u00a0 \u00a0 \u00a0 \u00a0 \u00a0 \u00a0e<em>-mail:<\/em> <a href=\"mailto:abejara4@iesesteveterradas.cat\">abejara4@iesesteveterradas.cat<\/a><\/li>\n<\/ul>\n<\/div>\n<ul>\n<li><strong>Tutors de pr\u00e0ctiques en empresa:\u00a0 \u00a0 \u00a0 \u00a0 \u00a0<\/strong>\u00a0 \u00a0 \u00a0 \u00a0 \u00a0 \u00a0 \u00a0<em>e-mail:<\/em> <a href=\"mailto:practiquestmv@iesesteveterradas.cat\" target=\"_blank\" rel=\"noopener\">practiquestmv@<wbr \/>iesesteveterradas.cat<\/a><\/li>\n<\/ul>\n<p>CFGM Electremec\u00e0nica de vehicles: Adri\u00e1n Barroso Brito i Jordi Gamero Parra<\/p>\n<p>CFGS Automoci\u00f3: Francisco Castilla Recio<\/p>\n<p>&nbsp;<\/p>\n<p>&nbsp;<\/p>\n<\/div>\n<\/div>\n<\/div>\n<\/div>\n<\/div>\n","protected":false},"excerpt":{"rendered":"<p>&nbsp;<\/p>\n<p>A la fam\u00edlia professional de Transport i Manteniment de Vehicles de l&#8217;INS Esteve Terradas i Illa,<br \/>\ns&#8217;imparteixen dos cicles formatius:<\/p>\n<ul>\n<li>CFGM Electromec\u00e0nica de vehicles autom\u00f2bils (CFPM TM10).<\/li>\n<li>CFGS Automoci\u00f3 (CFPS TMA0).<\/li>\n<\/ul>\n<p>Quant a instal\u00b7lacions, disposem de:<\/p>\n<ul>\n<li>Cinc aules te\u00f2riques amb capacitat aproximada de 30 persones cadascuna.<\/li>\n<li>Set tallers per a realitzar&hellip;  <a href=\"https:\/\/agora.xtec.cat\/iesesteveterradas\/departaments\/departaments-fp\/automocio\/\" title=\"Read Transport i Manteniment de vehicles\">Llegeix m\u00e9s\u00bb<\/a><br \/>\n","protected":false},"author":1,"featured_media":0,"parent":18640,"menu_order":4,"comment_status":"closed","ping_status":"closed","template":"","meta":{"_bbp_topic_count":0,"_bbp_reply_count":0,"_bbp_total_topic_count":0,"_bbp_total_reply_count":0,"_bbp_voice_count":0,"_bbp_anonymous_reply_count":0,"_bbp_topic_count_hidden":0,"_bbp_reply_count_hidden":0,"_bbp_forum_subforum_count":0,"footnotes":""},"class_list":["post-991","page","type-page","status-publish","hentry"],"post_mailing_queue_ids":[],"_links":{"self":[{"href":"https:\/\/agora.xtec.cat\/iesesteveterradas\/wp-json\/wp\/v2\/pages\/991","targetHints":{"allow":["GET"]}}],"collection":[{"href":"https:\/\/agora.xtec.cat\/iesesteveterradas\/wp-json\/wp\/v2\/pages"}],"about":[{"href":"https:\/\/agora.xtec.cat\/iesesteveterradas\/wp-json\/wp\/v2\/types\/page"}],"author":[{"embeddable":true,"href":"https:\/\/agora.xtec.cat\/iesesteveterradas\/wp-json\/wp\/v2\/users\/1"}],"replies":[{"embeddable":true,"href":"https:\/\/agora.xtec.cat\/iesesteveterradas\/wp-json\/wp\/v2\/comments?post=991"}],"version-history":[{"count":7,"href":"https:\/\/agora.xtec.cat\/iesesteveterradas\/wp-json\/wp\/v2\/pages\/991\/revisions"}],"predecessor-version":[{"id":18166,"href":"https:\/\/agora.xtec.cat\/iesesteveterradas\/wp-json\/wp\/v2\/pages\/991\/revisions\/18166"}],"up":[{"embeddable":true,"href":"https:\/\/agora.xtec.cat\/iesesteveterradas\/wp-json\/wp\/v2\/pages\/18640"}],"wp:attachment":[{"href":"https:\/\/agora.xtec.cat\/iesesteveterradas\/wp-json\/wp\/v2\/media?parent=991"}],"curies":[{"name":"wp","href":"https:\/\/api.w.org\/{rel}","templated":true}]}}