{"id":989,"date":"2018-10-17T19:58:03","date_gmt":"2018-10-17T17:58:03","guid":{"rendered":"http:\/\/agora.xtec.cat\/iesesteveterradas\/?page_id=989"},"modified":"2025-10-23T11:27:00","modified_gmt":"2025-10-23T09:27:00","slug":"llengues-extrangeres","status":"publish","type":"page","link":"https:\/\/agora.xtec.cat\/iesesteveterradas\/departaments\/departaments-fp\/llengues-extrangeres\/","title":{"rendered":"Lleng\u00fces Extrangeres"},"content":{"rendered":"<h1><a href=\"https:\/\/agora.xtec.cat\/iesesteveterradas\/inici\/departaments\/llengues-extrangeres\/llengues-extrangeres-2\">Angl\u00e8s<\/a><\/h1>\n<p>&nbsp;<\/p>\n<p><a href=\"https:\/\/agora.xtec.cat\/iesesteveterradas\/wp-content\/uploads\/usu855\/Flag_of_the_United_Kingdom_1-2.svg\"><img loading=\"lazy\" decoding=\"async\" class=\"wp-image-18242 alignleft\" src=\"https:\/\/agora.xtec.cat\/iesesteveterradas\/wp-content\/uploads\/usu855\/Flag_of_the_United_Kingdom_1-2.svg\" alt=\"\" width=\"448\" height=\"224\" \/><\/a>A cicles formatius, l&#8217;aprenentatge de la llengua anglesa segueix les indicacions del curr\u00edculum de cada fam\u00edlia i t\u00e9 com a objectiu la comunicaci\u00f3 amb \u00e8xit en la llengua meta en les situacions professionals m\u00e9s habituals. Tot i que l&#8217;enfocament \u00e9s majorit\u00e0riament pr\u00e0ctic funcional, es consoliden alhora les estructures gramaticals i el vocabulari b\u00e0sics adquirits durant les etapes anteriors. Als cicles formatius de la fam\u00edlia d&#8217;Administraci\u00f3 d&#8217;Empreses, els alumnes aprenen angl\u00e8s comercial i a la resta de fam\u00edlies, angl\u00e8s t\u00e8cnic adaptat a les caracter\u00edstiques professionals de cada fam\u00edlia professional.<\/p>\n<p style=\"text-align: justify;\">El centre col\u00b7labora amb l&#8217;Escola Oficial de Cornell\u00e0 de Llobregat en el de preparaci\u00f3 dels certificats oficials del nivell B1 i del nivell B2 d&#8217;angl\u00e8s. Tant els alumnes de batxillerat com de Cicles Formatius hi poden participar. Segons el curs acad\u00e8mic, l&#8217;escola compta amb auxiliars de conversa nadius.<\/p>\n<h1><\/h1>\n<h1 style=\"text-align: left;\"><a href=\"https:\/\/agora.xtec.cat\/iesesteveterradas\/inici\/departaments\/llengues-extrangeres\/llengues-extrangeres-frances\">Franc\u00e8s<\/a><\/h1>\n<p><img loading=\"lazy\" decoding=\"async\" class=\"wp-image-18243 alignleft\" src=\"https:\/\/agora.xtec.cat\/iesesteveterradas\/wp-content\/uploads\/usu855\/Flag_of_France.svg-1024x683.png\" alt=\"\" width=\"383\" height=\"255\" srcset=\"https:\/\/agora.xtec.cat\/iesesteveterradas\/wp-content\/uploads\/usu855\/Flag_of_France.svg-1024x683.png 1024w, https:\/\/agora.xtec.cat\/iesesteveterradas\/wp-content\/uploads\/usu855\/Flag_of_France.svg-300x200.png 300w, https:\/\/agora.xtec.cat\/iesesteveterradas\/wp-content\/uploads\/usu855\/Flag_of_France.svg-768x512.png 768w, https:\/\/agora.xtec.cat\/iesesteveterradas\/wp-content\/uploads\/usu855\/Flag_of_France.svg-1536x1024.png 1536w, https:\/\/agora.xtec.cat\/iesesteveterradas\/wp-content\/uploads\/usu855\/Flag_of_France.svg-2048x1366.png 2048w\" sizes=\"auto, (max-width: 383px) 100vw, 383px\" \/><\/p>\n<p style=\"text-align: justify;\">El franc\u00e8s com a segona llengua estrangera es cursa a segon curs del cicle formatiu de grau superior &#8220;Assistent a la direcci\u00f3&#8221; i es tracta de franc\u00e8s comercial. Donat no tots els alumnes han cursat aquesta llengua en etapes anteriors, no es demanen coneixements previs: s&#8217;introdueixen estructures gramaticals juntament amb l\u00e8xic general i espec\u00edfic del mon de l&#8217;empresa. Segons el curs acad\u00e8mic, l&#8217;escola compta amb auxiliars de conversa nadius.<\/p>\n<p>&nbsp;<\/p>\n<p>&nbsp;<\/p>\n<p>&nbsp;<\/p>\n<p>Per a m\u00e9s informaci\u00f3 contacteu amb el cap de departament: Llu\u00eds Vives<\/p>\n<p>Correu electr\u00f2nic: <a href=\"mailto:nornaque@iesesteveterradas.cat\">lvives6@iesesteveterradas.cat <span style=\"color: #0000ff;\">\u00a0<\/span><\/a><\/p>\n","protected":false},"excerpt":{"rendered":"<p><a href=\"https:\/\/agora.xtec.cat\/iesesteveterradas\/inici\/departaments\/llengues-extrangeres\/llengues-extrangeres-2\">Angl\u00e8s<\/a><br \/>\n&nbsp;<br \/>\n<a href=\"https:\/\/agora.xtec.cat\/iesesteveterradas\/wp-content\/uploads\/usu855\/Flag_of_the_United_Kingdom_1-2.svg\"><\/a>A cicles formatius, l&#8217;aprenentatge de la llengua anglesa segueix les indicacions del curr\u00edculum de cada fam\u00edlia i t\u00e9 com a objectiu la comunicaci\u00f3 amb \u00e8xit en la llengua meta en les situacions professionals m\u00e9s habituals. Tot i que l&#8217;enfocament \u00e9s majorit\u00e0riament pr\u00e0ctic funcional,&hellip;  <a href=\"https:\/\/agora.xtec.cat\/iesesteveterradas\/departaments\/departaments-fp\/llengues-extrangeres\/\" title=\"Read Lleng\u00fces Extrangeres\">Llegeix m\u00e9s\u00bb<\/a><\/p>\n","protected":false},"author":1,"featured_media":0,"parent":18640,"menu_order":9,"comment_status":"closed","ping_status":"closed","template":"page-templates\/side-menu.php","meta":{"_bbp_topic_count":0,"_bbp_reply_count":0,"_bbp_total_topic_count":0,"_bbp_total_reply_count":0,"_bbp_voice_count":0,"_bbp_anonymous_reply_count":0,"_bbp_topic_count_hidden":0,"_bbp_reply_count_hidden":0,"_bbp_forum_subforum_count":0,"footnotes":""},"class_list":["post-989","page","type-page","status-publish","hentry"],"post_mailing_queue_ids":[],"_links":{"self":[{"href":"https:\/\/agora.xtec.cat\/iesesteveterradas\/wp-json\/wp\/v2\/pages\/989","targetHints":{"allow":["GET"]}}],"collection":[{"href":"https:\/\/agora.xtec.cat\/iesesteveterradas\/wp-json\/wp\/v2\/pages"}],"about":[{"href":"https:\/\/agora.xtec.cat\/iesesteveterradas\/wp-json\/wp\/v2\/types\/page"}],"author":[{"embeddable":true,"href":"https:\/\/agora.xtec.cat\/iesesteveterradas\/wp-json\/wp\/v2\/users\/1"}],"replies":[{"embeddable":true,"href":"https:\/\/agora.xtec.cat\/iesesteveterradas\/wp-json\/wp\/v2\/comments?post=989"}],"version-history":[{"count":6,"href":"https:\/\/agora.xtec.cat\/iesesteveterradas\/wp-json\/wp\/v2\/pages\/989\/revisions"}],"predecessor-version":[{"id":18244,"href":"https:\/\/agora.xtec.cat\/iesesteveterradas\/wp-json\/wp\/v2\/pages\/989\/revisions\/18244"}],"up":[{"embeddable":true,"href":"https:\/\/agora.xtec.cat\/iesesteveterradas\/wp-json\/wp\/v2\/pages\/18640"}],"wp:attachment":[{"href":"https:\/\/agora.xtec.cat\/iesesteveterradas\/wp-json\/wp\/v2\/media?parent=989"}],"curies":[{"name":"wp","href":"https:\/\/api.w.org\/{rel}","templated":true}]}}