{"id":986,"date":"2018-10-17T19:58:03","date_gmt":"2018-10-17T17:58:03","guid":{"rendered":"http:\/\/agora.xtec.cat\/iesesteveterradas\/?page_id=986"},"modified":"2025-10-23T11:26:49","modified_gmt":"2025-10-23T09:26:49","slug":"fol","status":"publish","type":"page","link":"https:\/\/agora.xtec.cat\/iesesteveterradas\/departaments\/departaments-fp\/fol\/","title":{"rendered":"Formaci\u00f3 i Orientaci\u00f3 Laboral"},"content":{"rendered":"<div id=\"ja-content\" class=\"column\">\n<div id=\"ja-current-content\" class=\"column\">\n<div id=\"ja-content-main\" class=\"ja-content-main clearfix\">\n<div class=\"item-page clearfix\">\n<p><strong>DEPARTAMENT DE FORMACI\u00d3 I ORIENTACI\u00d3 LABORAL<\/strong><\/p>\n<p>Cap de departament:\u00a0 \u00a0 \u00a0 \u00a0 \u00a0 \u00a0 \u00a0 \u00a0 \u00a0 \u00a0 \u00a0 \u00a0 \u00a0 \u00a0 \u00a0 \u00a0 \u00a0 \u00a0 \u00a0Cati Valera Escobar\u00a0 \u00a0 \u00a0 \u00a0 \u00a0Correu electr\u00f2nic:<a href=\"mailto:mvalera5@iesesteveterradas.cat\"> mvalera5@iesesteveterradas.cat<\/a><\/p>\n<\/div>\n<div class=\"item-page clearfix\">\n<p>Coordinaci\u00f3 Prevenci\u00f3 de riscos laborals:\u00a0 \u00a0 Patr\u00edcia Ovies Rusca<\/p>\n<p>Coordinaci\u00f3 Emprenedoria:\u00a0 \u00a0 \u00a0 \u00a0 \u00a0 \u00a0 \u00a0 \u00a0 \u00a0 \u00a0 \u00a0 \u00a0 \u00a0 Cristina Mart\u00ednez<\/p>\n<p>El departament s&#8217;encarrega de la doc\u00e8ncia dels m\u00f2duls Itinerari Personal per a l&#8217;Ocupabilitat I (IPO I) i Itinerari Personal per a l&#8217;Ocupabilitat II (IPO II),\u00a0\u00a0els quals s\u00f3n transversals a tots els m\u00f2duls de cicles formatius de grau mitj\u00e0 i superior.<\/p>\n<p><strong>M\u00f2dul 1709 Itinerari Personal per a l&#8217;Ocupabilitat I (IPO I)<\/strong><\/p>\n<h3 data-start=\"294\" data-end=\"313\">\ud83c\udfaf Idea central<\/h3>\n<p data-start=\"314\" data-end=\"427\">Aquest m\u00f2dul no \u00e9s nom\u00e9s una assignatura, sin\u00f3 <strong data-start=\"361\" data-end=\"383\">un viatge personal<\/strong> cap al futur professional de cada alumne.<\/p>\n<hr data-start=\"429\" data-end=\"432\" \/>\n<h3 data-start=\"434\" data-end=\"459\">\ud83d\udd11 Missatge d\u2019entrada<\/h3>\n<blockquote data-start=\"460\" data-end=\"699\">\n<p data-start=\"462\" data-end=\"699\">\u201cDurant aquest m\u00f2dul et convertir\u00e0s en el\/la protagonista del teu propi projecte professional. No aprendr\u00e0s nom\u00e9s conceptes: crear\u00e0s un pla per con\u00e8ixer-te millor, descobrir oportunitats laborals i preparar-te per a l\u2019ocupabilitat real.\u201d<\/p>\n<\/blockquote>\n<hr data-start=\"701\" data-end=\"704\" \/>\n<h3 data-start=\"706\" data-end=\"730\">\ud83d\udee0\ufe0f Eixos del viatge<\/h3>\n<ol data-start=\"731\" data-end=\"1398\">\n<li data-start=\"731\" data-end=\"899\">\n<p data-start=\"734\" data-end=\"899\"><strong data-start=\"734\" data-end=\"759\">Explorador del sector<\/strong> \u2192 Descobrir\u00e0s el m\u00f3n laboral que t\u2019espera: quins llocs de treball hi ha, quines compet\u00e8ncies es demanen i com encaixes tu en aquest mapa.<\/p>\n<\/li>\n<li data-start=\"900\" data-end=\"1027\">\n<p data-start=\"903\" data-end=\"1027\"><strong data-start=\"903\" data-end=\"921\">Drets i deures<\/strong> \u2192 Aprendr\u00e0s a moure\u2019t dins les regles del joc: contractes, convenis, seguretat social i drets laborals.<\/p>\n<\/li>\n<li data-start=\"1028\" data-end=\"1148\">\n<p data-start=\"1031\" data-end=\"1148\"><strong data-start=\"1031\" data-end=\"1052\">Seguretat en ruta<\/strong> \u2192 Identificar\u00e0s riscos i aprendr\u00e0s a prevenir-los. La salut laboral \u00e9s la teva millor aliada.<\/p>\n<\/li>\n<li data-start=\"1149\" data-end=\"1279\">\n<p data-start=\"1152\" data-end=\"1279\"><strong data-start=\"1152\" data-end=\"1171\">Mirall personal<\/strong> \u2192 Descobrir\u00e0s els teus punts forts, interessos i valors professionals. Qu\u00e8 t\u2019agrada fer? En qu\u00e8 ets bo\/a?<\/p>\n<\/li>\n<li data-start=\"1280\" data-end=\"1398\">\n<p data-start=\"1283\" data-end=\"1398\"><strong data-start=\"1283\" data-end=\"1299\">Full de ruta<\/strong> \u2192 Construir\u00e0s el teu propi itinerari: objectius, estrat\u00e8gies i eines digitals per aconseguir-ho.<\/p>\n<\/li>\n<\/ol>\n<hr data-start=\"1400\" data-end=\"1403\" \/>\n<h3 data-start=\"1405\" data-end=\"1447\">\ud83d\ude80 Din\u00e0mica inicial per trencar el gel<\/h3>\n<ul data-start=\"1448\" data-end=\"1729\">\n<li data-start=\"1448\" data-end=\"1583\">\n<p data-start=\"1450\" data-end=\"1583\"><strong data-start=\"1450\" data-end=\"1488\">Activitat \u201cPassaport professional\u201d<\/strong>: cada alumne crea una \u201ctargeta d\u2019embarcament\u201d amb el seu nom, interessos i un somni laboral.<\/p>\n<\/li>\n<li data-start=\"1584\" data-end=\"1729\">\n<p data-start=\"1586\" data-end=\"1729\"><strong data-start=\"1586\" data-end=\"1605\">Mapa del viatge<\/strong>: col\u00b7loques un mural amb cinc parades (els eixos del m\u00f2dul). Cada vegada que s\u2019avan\u00e7a, s\u2019afegeix una \u201cpegatina\u201d o s\u00edmbol.<\/p>\n<\/li>\n<\/ul>\n<hr data-start=\"1731\" data-end=\"1734\" \/>\n<h3 data-start=\"1736\" data-end=\"1757\">\ud83c\udf1f Missatge final<\/h3>\n<blockquote data-start=\"1758\" data-end=\"1897\">\n<p data-start=\"1760\" data-end=\"1897\">\u201cAquest m\u00f2dul \u00e9s com un GPS per al teu futur laboral: t\u2019ajudar\u00e0 a orientar-te, a con\u00e8ixer el cam\u00ed i a preparar-te per arribar on vols.\u201d<\/p>\n<\/blockquote>\n<p><strong>M\u00f2dul 1710 Itinerari Personal per a l&#8217;Ocupabilitat II (IPO II)<\/strong><\/p>\n<h2 data-start=\"234\" data-end=\"283\">\ud83c\udfe2 La part de Projecte professional al M\u00f2dul 1710<\/h2>\n<div class=\"relative basis-auto flex-col -mb-(--composer-overlap-px) [--composer-overlap-px:28px] grow flex overflow-hidden\">\n<div class=\"relative h-full\">\n<div class=\"flex h-full flex-col overflow-y-auto thread-xl:pt-(--header-height) [scrollbar-gutter:stable_both-edges]\">\n<div class=\"flex flex-col text-sm thread-xl:pt-header-height\">\n<article class=\"text-token-text-primary w-full focus:outline-none scroll-mt-[calc(var(--header-height)+min(200px,max(70px,20svh)))]\" dir=\"auto\" tabindex=\"-1\" data-turn-id=\"request-WEB:01add24b-dad1-42b8-b8d8-d65a1209ccb8-8\" data-testid=\"conversation-turn-18\" data-scroll-anchor=\"false\" data-turn=\"assistant\">\n<div class=\"text-base my-auto mx-auto [--thread-content-margin:--spacing(4)] thread-sm:[--thread-content-margin:--spacing(6)] thread-lg:[--thread-content-margin:--spacing(16)] px-(--thread-content-margin)\">\n<div class=\"[--thread-content-max-width:40rem] thread-lg:[--thread-content-max-width:48rem] mx-auto max-w-(--thread-content-max-width) flex-1 group\/turn-messages focus-visible:outline-hidden relative flex w-full min-w-0 flex-col agent-turn\" tabindex=\"-1\">\n<div class=\"flex max-w-full flex-col grow\">\n<div class=\"min-h-8 text-message relative flex w-full flex-col items-end gap-2 text-start break-words whitespace-normal [.text-message+&amp;]:mt-5\" dir=\"auto\" data-message-author-role=\"assistant\" data-message-id=\"23f6062e-fd96-4cc8-95da-d73968248f26\" data-message-model-slug=\"gpt-5\">\n<div class=\"flex w-full flex-col gap-1 empty:hidden first:pt-[3px]\">\n<div class=\"markdown prose dark:prose-invert w-full break-words light markdown-new-styling\">\n<p data-start=\"262\" data-end=\"414\">1\ufe0f\u20e3 <strong data-start=\"266\" data-end=\"319\">Construeix la teva carta de presentaci\u00f3 al m\u00f3n \ud83c\udf0d<\/strong><br data-start=\"319\" data-end=\"322\" \/>\u2192 Domina el curr\u00edculum i la carta de presentaci\u00f3 perqu\u00e8 parlin per tu i t\u2019obrin portes.<\/p>\n<p data-start=\"416\" data-end=\"552\">2\ufe0f\u20e3 <strong data-start=\"420\" data-end=\"461\">Supera l\u2019entrevista com un\/a crack \ud83c\udfa4<\/strong><br data-start=\"461\" data-end=\"464\" \/>\u2192 Practica com expressar-te amb seguretat, controlar nervis i transmetre confian\u00e7a.<\/p>\n<p data-start=\"554\" data-end=\"704\">3\ufe0f\u20e3 <strong data-start=\"558\" data-end=\"602\">Descobreix els teus aliats en el cam\u00ed \ud83e\udd1d<\/strong><br data-start=\"602\" data-end=\"605\" \/>\u2192 Coneix borses de treball, serveis d\u2019ocupaci\u00f3, orientadors i recursos que t\u2019ajuden a avan\u00e7ar.<\/p>\n<p data-start=\"706\" data-end=\"860\">4\ufe0f\u20e3 <strong data-start=\"710\" data-end=\"752\">Sigues estratega de la teva carrera \u265f\ufe0f<\/strong><br data-start=\"752\" data-end=\"755\" \/>\u2192 Apr\u00e8n a buscar feina de manera intel\u00b7ligent, amb eines digitals, networking i adaptaci\u00f3 al mercat.<\/p>\n<p data-start=\"862\" data-end=\"1012\">5\ufe0f\u20e3 <strong data-start=\"866\" data-end=\"899\">Dissenya el teu pla de vol \ud83d\ude80<\/strong><br data-start=\"899\" data-end=\"902\" \/>\u2192 Marca objectius, passos i terminis per fer realitat el teu projecte professional o continuar estudiant.<\/p>\n<\/div>\n<\/div>\n<\/div>\n<\/div>\n<\/div>\n<\/div>\n<\/article>\n<article class=\"text-token-text-primary w-full focus:outline-none scroll-mt-[calc(var(--header-height)+min(200px,max(70px,20svh)))]\" dir=\"auto\" tabindex=\"-1\" data-turn-id=\"request-WEB:01add24b-dad1-42b8-b8d8-d65a1209ccb8-9\" data-testid=\"conversation-turn-20\" data-scroll-anchor=\"false\" data-turn=\"assistant\">\n<div class=\"text-base my-auto mx-auto [--thread-content-margin:--spacing(4)] thread-sm:[--thread-content-margin:--spacing(6)] thread-lg:[--thread-content-margin:--spacing(16)] px-(--thread-content-margin)\">\n<div class=\"[--thread-content-max-width:40rem] thread-lg:[--thread-content-max-width:48rem] mx-auto max-w-(--thread-content-max-width) flex-1 group\/turn-messages focus-visible:outline-hidden relative flex w-full min-w-0 flex-col agent-turn\" tabindex=\"-1\">\n<div class=\"flex max-w-full flex-col grow\">\n<div class=\"min-h-8 text-message relative flex w-full flex-col items-end gap-2 text-start break-words whitespace-normal [.text-message+&amp;]:mt-5\" dir=\"auto\" data-message-author-role=\"assistant\" data-message-id=\"59bd3849-f27c-4b15-b982-63168ff556ec\" data-message-model-slug=\"gpt-5\">\n<div class=\"flex w-full flex-col gap-1 empty:hidden first:pt-[3px]\">\n<div class=\"markdown prose dark:prose-invert w-full break-words light markdown-new-styling\">\n<hr data-start=\"229\" data-end=\"232\" \/>\n<h2 data-start=\"234\" data-end=\"283\">\ud83c\udfe2 La part de projecte d\u2019empresa al M\u00f2dul 1710<\/h2>\n<h3 data-start=\"285\" data-end=\"301\">\u2728 Objectiu<\/h3>\n<p data-start=\"302\" data-end=\"520\">Que cada alumne\/a <strong data-start=\"320\" data-end=\"352\">imagini, dissenyi i presenti<\/strong> un projecte professional o empresarial propi, com si fos real. No es tracta nom\u00e9s de teoria, sin\u00f3 d\u2019exercitar la <strong data-start=\"466\" data-end=\"517\">creativitat, el realisme i l\u2019esperit emprenedor<\/strong>.<\/p>\n<hr data-start=\"522\" data-end=\"525\" \/>\n<h3 data-start=\"527\" data-end=\"552\">\ud83d\udd11 Qu\u00e8 s\u2019hi treballa?<\/h3>\n<ol data-start=\"553\" data-end=\"1114\">\n<li data-start=\"553\" data-end=\"669\">\n<p data-start=\"556\" data-end=\"669\"><strong data-start=\"556\" data-end=\"578\">Idees amb valor \ud83d\udca1<\/strong> \u2192 pensar una idea de negoci o projecte professional que respongui a una necessitat real.<\/p>\n<\/li>\n<li data-start=\"670\" data-end=\"775\">\n<p data-start=\"673\" data-end=\"775\"><strong data-start=\"673\" data-end=\"695\">Model de negoci \ud83d\udcca<\/strong> \u2192 descriure el producte\/servei, clients potencials, compet\u00e8ncia i avantatges.<\/p>\n<\/li>\n<li data-start=\"776\" data-end=\"883\">\n<p data-start=\"779\" data-end=\"883\"><strong data-start=\"779\" data-end=\"803\">Pla de viabilitat \ud83d\udcb6<\/strong> \u2192 costos, ingressos esperats, recursos necessaris i sostenibilitat econ\u00f2mica.<\/p>\n<\/li>\n<li data-start=\"884\" data-end=\"979\">\n<p data-start=\"887\" data-end=\"979\"><strong data-start=\"887\" data-end=\"916\">Identitat i m\u00e0rqueting \ud83d\udce2<\/strong> \u2192 nom, imatge, logotip i estrat\u00e8gia per donar-se a con\u00e8ixer.<\/p>\n<\/li>\n<li data-start=\"980\" data-end=\"1114\">\n<p data-start=\"983\" data-end=\"1114\"><strong data-start=\"983\" data-end=\"1007\">Presentaci\u00f3 final \ud83c\udfa4<\/strong> \u2192 exposar el projecte davant del professorat i\/o companys com si fossis un emprenedor buscant inversors.<\/p>\n<\/li>\n<\/ol>\n<hr data-start=\"1116\" data-end=\"1119\" \/>\n<h3 data-start=\"1121\" data-end=\"1158\">\ud83c\udfb2 Proposta d\u2019activitat divertida<\/h3>\n<ul data-start=\"1159\" data-end=\"1406\">\n<li data-start=\"1159\" data-end=\"1281\">\n<p data-start=\"1161\" data-end=\"1281\"><strong data-start=\"1161\" data-end=\"1181\">\u201cElevator pitch\u201d<\/strong>: l&#8217;alumnat t\u00e9 1 minut per vendre la seva idea com si estigu\u00e9s dins un ascensor amb un inversor<\/p>\n<\/li>\n<\/ul>\n<hr data-start=\"1408\" data-end=\"1411\" \/>\n<p data-start=\"1413\" data-end=\"1562\">\ud83d\udc49 Aquesta part del m\u00f2dul serveix per desenvolupar compet\u00e8ncies d\u2019<strong data-start=\"1479\" data-end=\"1528\">emprenedoria, creativitat i iniciativa pr\u00f2pia<\/strong>, molt valorades al m\u00f3n laboral.<\/p>\n<\/div>\n<\/div>\n<\/div>\n<\/div>\n<\/div>\n<\/div>\n<\/article>\n<article class=\"text-token-text-primary w-full focus:outline-none scroll-mt-[calc(var(--header-height)+min(200px,max(70px,20svh)))]\" dir=\"auto\" tabindex=\"-1\" data-turn-id=\"request-WEB:01add24b-dad1-42b8-b8d8-d65a1209ccb8-10\" data-testid=\"conversation-turn-22\" data-scroll-anchor=\"true\" data-turn=\"assistant\">\n<div class=\"text-base my-auto mx-auto pb-10 [--thread-content-margin:--spacing(4)] thread-sm:[--thread-content-margin:--spacing(6)] thread-lg:[--thread-content-margin:--spacing(16)] px-(--thread-content-margin)\">\n<div class=\"[--thread-content-max-width:40rem] thread-lg:[--thread-content-max-width:48rem] mx-auto max-w-(--thread-content-max-width) flex-1 group\/turn-messages focus-visible:outline-hidden relative flex w-full min-w-0 flex-col agent-turn\" tabindex=\"-1\">\n<div class=\"mt-3 w-full empty:hidden\">\n<div class=\"text-center\"><\/div>\n<\/div>\n<\/div>\n<\/div>\n<\/article>\n<\/div>\n<\/div>\n<\/div>\n<\/div>\n<\/div>\n<\/div>\n<\/div>\n<\/div>\n","protected":false},"excerpt":{"rendered":"<p>DEPARTAMENT DE FORMACI\u00d3 I ORIENTACI\u00d3 LABORAL<br \/>\nCap de departament:\u00a0 \u00a0 \u00a0 \u00a0 \u00a0 \u00a0 \u00a0 \u00a0 \u00a0 \u00a0 \u00a0 \u00a0 \u00a0 \u00a0 \u00a0 \u00a0 \u00a0 \u00a0 \u00a0Cati Valera Escobar\u00a0 \u00a0 \u00a0 \u00a0 \u00a0Correu electr\u00f2nic:<a href=\"mailto:mvalera5@iesesteveterradas.cat\"> mvalera5@iesesteveterradas.cat<\/a><\/p>\n<p>Coordinaci\u00f3 Prevenci\u00f3 de riscos laborals:\u00a0 \u00a0 Patr\u00edcia Ovies Rusca<br \/>\nCoordinaci\u00f3 Emprenedoria:\u00a0 \u00a0&hellip;  <a href=\"https:\/\/agora.xtec.cat\/iesesteveterradas\/departaments\/departaments-fp\/fol\/\" title=\"Read Formaci\u00f3 i Orientaci\u00f3 Laboral\">Llegeix m\u00e9s\u00bb<\/a><\/p>\n","protected":false},"author":1,"featured_media":0,"parent":18640,"menu_order":9,"comment_status":"closed","ping_status":"closed","template":"page-templates\/side-menu.php","meta":{"_bbp_topic_count":0,"_bbp_reply_count":0,"_bbp_total_topic_count":0,"_bbp_total_reply_count":0,"_bbp_voice_count":0,"_bbp_anonymous_reply_count":0,"_bbp_topic_count_hidden":0,"_bbp_reply_count_hidden":0,"_bbp_forum_subforum_count":0,"footnotes":""},"class_list":["post-986","page","type-page","status-publish","hentry"],"post_mailing_queue_ids":[],"_links":{"self":[{"href":"https:\/\/agora.xtec.cat\/iesesteveterradas\/wp-json\/wp\/v2\/pages\/986","targetHints":{"allow":["GET"]}}],"collection":[{"href":"https:\/\/agora.xtec.cat\/iesesteveterradas\/wp-json\/wp\/v2\/pages"}],"about":[{"href":"https:\/\/agora.xtec.cat\/iesesteveterradas\/wp-json\/wp\/v2\/types\/page"}],"author":[{"embeddable":true,"href":"https:\/\/agora.xtec.cat\/iesesteveterradas\/wp-json\/wp\/v2\/users\/1"}],"replies":[{"embeddable":true,"href":"https:\/\/agora.xtec.cat\/iesesteveterradas\/wp-json\/wp\/v2\/comments?post=986"}],"version-history":[{"count":7,"href":"https:\/\/agora.xtec.cat\/iesesteveterradas\/wp-json\/wp\/v2\/pages\/986\/revisions"}],"predecessor-version":[{"id":18536,"href":"https:\/\/agora.xtec.cat\/iesesteveterradas\/wp-json\/wp\/v2\/pages\/986\/revisions\/18536"}],"up":[{"embeddable":true,"href":"https:\/\/agora.xtec.cat\/iesesteveterradas\/wp-json\/wp\/v2\/pages\/18640"}],"wp:attachment":[{"href":"https:\/\/agora.xtec.cat\/iesesteveterradas\/wp-json\/wp\/v2\/media?parent=986"}],"curies":[{"name":"wp","href":"https:\/\/api.w.org\/{rel}","templated":true}]}}