{"id":9683,"date":"2021-06-07T13:07:51","date_gmt":"2021-06-07T11:07:51","guid":{"rendered":"http:\/\/agora.xtec.cat\/iesesteveterradas\/?page_id=9683"},"modified":"2023-01-25T17:59:42","modified_gmt":"2023-01-25T16:59:42","slug":"cursos-ocupacionals","status":"publish","type":"page","link":"https:\/\/agora.xtec.cat\/iesesteveterradas\/cursos-ocupacionals\/","title":{"rendered":"Cursos Ocupacionals"},"content":{"rendered":"<header class=\"entry-header\">\n<h1 class=\"entry-title\">Presentaci\u00f3<\/h1>\n<\/header>\n<div class=\"entry-content\">\n<p>El Projecte, \u00e9s el resultat de la signatura d\u2019un conveni de col\u00b7laboraci\u00f3 entre els Departaments d\u2019Educaci\u00f3 i el de Treball, Afers Socials i Fam\u00edlies (a trav\u00e9s del SOC) de la Generalitat de Catalunya, per tal de incrementar l\u2019oferta de formaci\u00f3 per a l\u2019ocupaci\u00f3 en aquelles comarques on hi ha mancan\u00e7a de centres formatius per impartir-la.<\/p>\n<p>Una de les finalitats del Projecte \u00e9s aconseguir un reequilibri territorial, respecte al desenvolupament socioecon\u00f2mic, apropant la Formaci\u00f3 Professional Ocupacional laboral a\u00a0 territoris que eren deficitaris.<\/p>\n<p>Aconseguir mitjan\u00e7ant la formaci\u00f3 de les persones aturades, una millor integraci\u00f3 socioecon\u00f2mica, afavorint el seu desenvolupament personal,\u00a0 augmentar la seva autoestima i la recuperaci\u00f3 de la seva il\u00b7lusi\u00f3 per a l\u2019adquisici\u00f3 de formaci\u00f3 i coneixement.<\/p>\n<\/div>\n<p>Qualsevol dubte ens podeu escriure al seg\u00fcent mail: <a href=\"mailto:fpo@iesesteveterradas.cat\">fpo@iesesteveterradas.cat<\/a><\/p>\n<p>&nbsp;<\/p>\n<p>En aquesta web podreu trobar tota la informaci\u00f3 dels certificats de professionalitat que impartim:<\/p>\n<p>AQUEST CURS NO IMPARTIM CURSOS DEL SOC<\/p>\n<p>&nbsp;<\/p>\n<p><img loading=\"lazy\" decoding=\"async\" class=\" wp-image-9805 alignleft\" src=\"https:\/\/agora.xtec.cat\/iesesteveterradas\/wp-content\/uploads\/usu855\/SOC-300x53-300x53.png\" alt=\"\" width=\"391\" height=\"69\" \/> <img loading=\"lazy\" decoding=\"async\" class=\"size-medium wp-image-9806 alignleft\" src=\"https:\/\/agora.xtec.cat\/iesesteveterradas\/wp-content\/uploads\/usu855\/Ministerio_de_Educaci\u00f3n_y_Formaci\u00f3n_Profesional-300x73-300x73.png\" alt=\"\" width=\"300\" height=\"73\" \/><\/p>\n","protected":false},"excerpt":{"rendered":"<p>Presentaci\u00f3<\/p>\n<p>El Projecte, \u00e9s el resultat de la signatura d\u2019un conveni de col\u00b7laboraci\u00f3 entre els Departaments d\u2019Educaci\u00f3 i el de Treball, Afers Socials i Fam\u00edlies (a trav\u00e9s del SOC) de la Generalitat de Catalunya, per tal de incrementar l\u2019oferta de formaci\u00f3 per a l\u2019ocupaci\u00f3 en aquelles&hellip;  <a href=\"https:\/\/agora.xtec.cat\/iesesteveterradas\/cursos-ocupacionals\/\" title=\"Read Cursos Ocupacionals\">Llegeix m\u00e9s\u00bb<\/a><\/p>\n","protected":false},"author":6,"featured_media":0,"parent":0,"menu_order":0,"comment_status":"closed","ping_status":"closed","template":"page-templates\/side-menu.php","meta":{"_bbp_topic_count":0,"_bbp_reply_count":0,"_bbp_total_topic_count":0,"_bbp_total_reply_count":0,"_bbp_voice_count":0,"_bbp_anonymous_reply_count":0,"_bbp_topic_count_hidden":0,"_bbp_reply_count_hidden":0,"_bbp_forum_subforum_count":0,"footnotes":""},"class_list":["post-9683","page","type-page","status-publish","hentry"],"post_mailing_queue_ids":[],"_links":{"self":[{"href":"https:\/\/agora.xtec.cat\/iesesteveterradas\/wp-json\/wp\/v2\/pages\/9683","targetHints":{"allow":["GET"]}}],"collection":[{"href":"https:\/\/agora.xtec.cat\/iesesteveterradas\/wp-json\/wp\/v2\/pages"}],"about":[{"href":"https:\/\/agora.xtec.cat\/iesesteveterradas\/wp-json\/wp\/v2\/types\/page"}],"author":[{"embeddable":true,"href":"https:\/\/agora.xtec.cat\/iesesteveterradas\/wp-json\/wp\/v2\/users\/6"}],"replies":[{"embeddable":true,"href":"https:\/\/agora.xtec.cat\/iesesteveterradas\/wp-json\/wp\/v2\/comments?post=9683"}],"version-history":[{"count":4,"href":"https:\/\/agora.xtec.cat\/iesesteveterradas\/wp-json\/wp\/v2\/pages\/9683\/revisions"}],"predecessor-version":[{"id":12878,"href":"https:\/\/agora.xtec.cat\/iesesteveterradas\/wp-json\/wp\/v2\/pages\/9683\/revisions\/12878"}],"wp:attachment":[{"href":"https:\/\/agora.xtec.cat\/iesesteveterradas\/wp-json\/wp\/v2\/media?parent=9683"}],"curies":[{"name":"wp","href":"https:\/\/api.w.org\/{rel}","templated":true}]}}