{"id":9462,"date":"2021-05-09T19:14:38","date_gmt":"2021-05-09T17:14:38","guid":{"rendered":"http:\/\/agora.xtec.cat\/iesesteveterradas\/?page_id=9462"},"modified":"2025-10-16T08:57:27","modified_gmt":"2025-10-16T06:57:27","slug":"cursos-destiu-a-leoi-de-cornella","status":"publish","type":"page","link":"https:\/\/agora.xtec.cat\/iesesteveterradas\/alumnat-ieti\/cursos-destiu-a-leoi-de-cornella\/","title":{"rendered":"Cursos d&#8217;estiu a l&#8217;EOI de Cornell\u00e0"},"content":{"rendered":"<p><strong>CURSOS INTENSIUS D&#8217;ESTIU 2021<\/strong><\/p>\n<p>Angl\u00e8s, franc\u00e8s, alemany i japon\u00e8s<br \/>\nde l&#8217;1 al 21 de juliol<br \/>\na l&#8217;EOI de Cornell\u00e0 de Llobregat, la p\u00fablica dels idiomes<br \/>\nPer a + inf<a href=\"http:\/\/www.eoicornella.cat\/\" target=\"_blank\" rel=\"noopener noreferrer\" data-saferedirecturl=\"https:\/\/www.google.com\/url?q=http:\/\/www.eoicornella.cat\/&amp;source=gmail&amp;ust=1620666512798000&amp;usg=AFQjCNHVLAfEtdoyROr2YHiGIggDoCqn4Q\">o:\u00a0<\/a><a href=\"http:\/\/www.eoicornella.cat\/\" target=\"_blank\" rel=\"noopener noreferrer\" data-saferedirecturl=\"https:\/\/www.google.com\/url?q=http:\/\/www.eoicornella.cat\/&amp;source=gmail&amp;ust=1620666512798000&amp;usg=AFQjCNHVLAfEtdoyROr2YHiGIggDoCqn4Q\">www.eoicornella.<\/a>cat<\/p>\n","protected":false},"excerpt":{"rendered":"<p>CURSOS INTENSIUS D&#8217;ESTIU 2021<br \/>\nAngl\u00e8s, franc\u00e8s, alemany i japon\u00e8s<br \/>\nde l&#8217;1 al 21 de juliol<br \/>\na l&#8217;EOI de Cornell\u00e0 de Llobregat, la p\u00fablica dels idiomes<br \/>\nPer a + inf<a href=\"http:\/\/www.eoicornella.cat\/\" target=\"_blank\" rel=\"noopener noreferrer\" data-saferedirecturl=\"https:\/\/www.google.com\/url?q=http:\/\/www.eoicornella.cat\/&amp;source=gmail&amp;ust=1620666512798000&amp;usg=AFQjCNHVLAfEtdoyROr2YHiGIggDoCqn4Q\">o:\u00a0<\/a><a href=\"http:\/\/www.eoicornella.cat\/\" target=\"_blank\" rel=\"noopener noreferrer\" data-saferedirecturl=\"https:\/\/www.google.com\/url?q=http:\/\/www.eoicornella.cat\/&amp;source=gmail&amp;ust=1620666512798000&amp;usg=AFQjCNHVLAfEtdoyROr2YHiGIggDoCqn4Q\">www.eoicornella.<\/a>cat<\/p>\n","protected":false},"author":6,"featured_media":0,"parent":18576,"menu_order":0,"comment_status":"closed","ping_status":"closed","template":"","meta":{"_bbp_topic_count":0,"_bbp_reply_count":0,"_bbp_total_topic_count":0,"_bbp_total_reply_count":0,"_bbp_voice_count":0,"_bbp_anonymous_reply_count":0,"_bbp_topic_count_hidden":0,"_bbp_reply_count_hidden":0,"_bbp_forum_subforum_count":0,"footnotes":""},"class_list":["post-9462","page","type-page","status-publish","hentry"],"post_mailing_queue_ids":[],"_links":{"self":[{"href":"https:\/\/agora.xtec.cat\/iesesteveterradas\/wp-json\/wp\/v2\/pages\/9462","targetHints":{"allow":["GET"]}}],"collection":[{"href":"https:\/\/agora.xtec.cat\/iesesteveterradas\/wp-json\/wp\/v2\/pages"}],"about":[{"href":"https:\/\/agora.xtec.cat\/iesesteveterradas\/wp-json\/wp\/v2\/types\/page"}],"author":[{"embeddable":true,"href":"https:\/\/agora.xtec.cat\/iesesteveterradas\/wp-json\/wp\/v2\/users\/6"}],"replies":[{"embeddable":true,"href":"https:\/\/agora.xtec.cat\/iesesteveterradas\/wp-json\/wp\/v2\/comments?post=9462"}],"version-history":[{"count":1,"href":"https:\/\/agora.xtec.cat\/iesesteveterradas\/wp-json\/wp\/v2\/pages\/9462\/revisions"}],"predecessor-version":[{"id":9463,"href":"https:\/\/agora.xtec.cat\/iesesteveterradas\/wp-json\/wp\/v2\/pages\/9462\/revisions\/9463"}],"up":[{"embeddable":true,"href":"https:\/\/agora.xtec.cat\/iesesteveterradas\/wp-json\/wp\/v2\/pages\/18576"}],"wp:attachment":[{"href":"https:\/\/agora.xtec.cat\/iesesteveterradas\/wp-json\/wp\/v2\/media?parent=9462"}],"curies":[{"name":"wp","href":"https:\/\/api.w.org\/{rel}","templated":true}]}}