{"id":931,"date":"2018-10-11T20:19:37","date_gmt":"2018-10-11T18:19:37","guid":{"rendered":"http:\/\/agora.xtec.cat\/iesesteveterradas\/?page_id=931"},"modified":"2025-10-30T11:07:07","modified_gmt":"2025-10-30T10:07:07","slug":"informatica","status":"publish","type":"page","link":"https:\/\/agora.xtec.cat\/iesesteveterradas\/departaments\/departaments-fp\/informatica\/","title":{"rendered":"Inform\u00e0tica"},"content":{"rendered":"<p>Benvinguts al Departament d&#8217;Inform\u00e0tica de l&#8217;IES Esteve Terradas i Illa.<\/p>\n<div class=\"boto-wrapper\"><a class=\"boto-terrades\" href=\"https:\/\/docs.google.com\/forms\/d\/e\/1FAIpQLSdNHMayZgFKK5JNJmkAejPdejy2pr2FbEgnTuJD56mIH7HeQQ\/viewform\" target=\"_blank\" rel=\"noopener noreferrer\">Formulari Incid\u00e8ncies Internes<br \/>\n<\/a><\/div>\n<p>&nbsp;<\/p>\n<p>Aquest departament est\u00e0 format per un professorat que busca en tot moment la formaci\u00f3 integral del seu alumnat.<\/p>\n<p>Tamb\u00e9 est\u00e0 involucrat en tot tipus d&#8217;events que van sorgint durant el curs escolar, com pot ser:<\/p>\n<ul>\n<li>CatSkills, SpainSkills i WorldSkills.<\/li>\n<li>Diverses certficacions: Cisco, Oracle, Microsoft, Linux, etc.<\/li>\n<li>Associaci\u00f3 d&#8217;Inform\u00e0tics de Catalunya.<\/li>\n<li>Certificats ACTIC.<\/li>\n<li>Certificaci\u00f3 CiberOPS.<\/li>\n<li>Certificaci\u00f3 Python.<\/li>\n<\/ul>\n<p>Com centre de refer\u00e8ncia d&#8217;Inform\u00e0tica a Catalunya, intentem millorar dia a dia.<\/p>\n<p>Oferta formativa:<\/p>\n<ul>\n<li>Cicles Formatius de Grau Mitj\u00e0 Sistemes Microinform\u00e0tics i Xarxes<\/li>\n<li>Cicles Formatius de Grau Superior Desenvolupament d&#8217;aplicacions web (en mode Dual)<\/li>\n<li>Cicles Formatius de Grau Superior Administraci\u00f3 de Sistemes Inform\u00e0tics en Xarxa<\/li>\n<li>Cicles Formatius de Grau Superior Desenvolupament d&#8217;aplicacions multiplataforma (en mode Dual)<\/li>\n<li>Curs d&#8217;Especialitzaci\u00f3 en Ciberseguretat en Entorns de les Tecnologies de la Informaci\u00f3<\/li>\n<\/ul>\n<p>Disposem de dues aules taller:<\/p>\n<ol>\n<li>Taller de Xarxes.<\/li>\n<li>Taller de Hardware ( muntatge d&#8217;equips i perif\u00e8rics).<\/li>\n<\/ol>\n<p>&nbsp;<\/p>\n<p><span style=\"font-family: inherit; font-size: 1em;\">Cada alumne disposar\u00e0 d&#8217;un port\u00e0til proporcionat per l&#8217;institut, per\u00f2 poden utilitzar el seu si disposen d&#8217;un. En cas de no tenir un ordinador a casa, el departament d&#8217;inform\u00e0tica disposa d&#8217;un <\/span><span style=\"text-decoration: underline;\">servei de pr\u00e8stec<\/span><span style=\"font-family: inherit; font-size: 1em;\"> de port\u00e0til per aquells alumnes que ho necessitin.<\/span><\/p>\n<p>Per a m\u00e9s info contacteu amb el Toni Verges: <span style=\"color: #0000ff;\">averges@iesesteveterradas.cat\u00a0<\/span><\/p>\n<p><code><\/code><\/p>\n<p>&nbsp;<\/p>\n<table style=\"border-collapse: collapse; width: 100%;\">\n<tbody>\n<tr>\n<td style=\"width: 50%;\"><code><iframe loading=\"lazy\" src=\"https:\/\/agora.xtec.cat\/iesesteveterradas\/wp-content\/uploads\/usu855\/JPO-CFGM_PFI_2526.pdf\" width=\"600\" height=\"480\"><span data-mce-type=\"bookmark\" style=\"display: inline-block; width: 0px; overflow: hidden; line-height: 0;\" class=\"mce_SELRES_start\">\ufeff<\/span><span data-mce-type=\"bookmark\" style=\"display: inline-block; width: 0px; overflow: hidden; line-height: 0;\" class=\"mce_SELRES_start\">\ufeff<\/span><span data-mce-type=\"bookmark\" style=\"display: inline-block; width: 0px; overflow: hidden; line-height: 0;\" class=\"mce_SELRES_start\">\ufeff<\/span><span data-mce-type=\"bookmark\" style=\"display: inline-block; width: 0px; overflow: hidden; line-height: 0;\" class=\"mce_SELRES_start\">\ufeff<\/span><span data-mce-type=\"bookmark\" style=\"display: inline-block; width: 0px; overflow: hidden; line-height: 0;\" class=\"mce_SELRES_start\">\ufeff<\/span><br \/>\n<span style=\"display: inline-block; width: 0px; overflow: hidden; line-height: 0;\" data-mce-type=\"bookmark\" class=\"mce_SELRES_start\">\ufeff<\/span><br \/>\n<span style=\"display: inline-block; width: 0px; overflow: hidden; line-height: 0;\" data-mce-type=\"bookmark\" class=\"mce_SELRES_start\">\ufeff<\/span><br \/>\n<span style=\"display: inline-block; width: 0px; overflow: hidden; line-height: 0;\" data-mce-type=\"bookmark\" class=\"mce_SELRES_start\">\ufeff<\/span><br \/>\n<span style=\"display: inline-block; width: 0px; overflow: hidden; line-height: 0;\" data-mce-type=\"bookmark\" class=\"mce_SELRES_start\">\ufeff<\/span><br \/>\n<\/iframe><\/code><\/td>\n<td style=\"width: 50%;\"><code><iframe loading=\"lazy\" src=\"https:\/\/agora.xtec.cat\/iesesteveterradas\/wp-content\/uploads\/usu855\/JPO_CFGS_2526pptx.pdf\" width=\"600\" height=\"480\"><span data-mce-type=\"bookmark\" style=\"display: inline-block; width: 0px; overflow: hidden; line-height: 0;\" class=\"mce_SELRES_start\">\ufeff<\/span><span data-mce-type=\"bookmark\" style=\"display: inline-block; width: 0px; overflow: hidden; line-height: 0;\" class=\"mce_SELRES_start\">\ufeff<\/span><span data-mce-type=\"bookmark\" style=\"display: inline-block; width: 0px; overflow: hidden; line-height: 0;\" class=\"mce_SELRES_start\">\ufeff<\/span><br \/>\n<span style=\"display: inline-block; width: 0px; overflow: hidden; line-height: 0;\" data-mce-type=\"bookmark\" class=\"mce_SELRES_start\">\ufeff<\/span><br \/>\n<span style=\"display: inline-block; width: 0px; overflow: hidden; line-height: 0;\" data-mce-type=\"bookmark\" class=\"mce_SELRES_start\">\ufeff<\/span><br \/>\n<span style=\"display: inline-block; width: 0px; overflow: hidden; line-height: 0;\" data-mce-type=\"bookmark\" class=\"mce_SELRES_start\">\ufeff<\/span><br \/>\n<span style=\"display: inline-block; width: 0px; overflow: hidden; line-height: 0;\" data-mce-type=\"bookmark\" class=\"mce_SELRES_start\">\ufeff<\/span><br \/>\n<\/iframe><\/code><\/td>\n<\/tr>\n<tr>\n<td style=\"width: 50%;\"><code><iframe loading=\"lazy\" src=\"https:\/\/agora.xtec.cat\/iesesteveterradas\/wp-content\/uploads\/usu855\/JPO-3xCFGS-2024.pdf\" width=\"600\" height=\"480\"><span data-mce-type=\"bookmark\" style=\"display: inline-block; width: 0px; overflow: hidden; line-height: 0;\" class=\"mce_SELRES_start\">\ufeff<\/span><span data-mce-type=\"bookmark\" style=\"display: inline-block; width: 0px; overflow: hidden; line-height: 0;\" class=\"mce_SELRES_start\">\ufeff<\/span><span data-mce-type=\"bookmark\" style=\"display: inline-block; width: 0px; overflow: hidden; line-height: 0;\" class=\"mce_SELRES_start\">\ufeff<\/span><span data-mce-type=\"bookmark\" style=\"display: inline-block; width: 0px; overflow: hidden; line-height: 0;\" class=\"mce_SELRES_start\">\ufeff<\/span><br \/>\n<span style=\"display: inline-block; width: 0px; overflow: hidden; line-height: 0;\" data-mce-type=\"bookmark\" class=\"mce_SELRES_start\">\ufeff<\/span><br \/>\n<span style=\"display: inline-block; width: 0px; overflow: hidden; line-height: 0;\" data-mce-type=\"bookmark\" class=\"mce_SELRES_start\">\ufeff<\/span><br \/>\n<span style=\"display: inline-block; width: 0px; overflow: hidden; line-height: 0;\" data-mce-type=\"bookmark\" class=\"mce_SELRES_start\">\ufeff<\/span><br \/>\n<span style=\"display: inline-block; width: 0px; overflow: hidden; line-height: 0;\" data-mce-type=\"bookmark\" class=\"mce_SELRES_start\">\ufeff<\/span><br \/>\n<\/iframe><\/code><\/td>\n<\/tr>\n<\/tbody>\n<\/table>\n<p>&nbsp;<\/p>\n<p><b><span style=\"font-size: large;\">OpenWebinars &#8211; Cursos online en plataforma l\u00edder de #eLearning IT amb obtenci\u00f3 de diplomes<\/span><\/b><b><span style=\"font-size: large;\">OpenWebinars &#8211; Cursos online en plataforma l\u00edder de #eLearning IT amb obtenci\u00f3 de diplomes<\/span><\/b><\/p>\n<p>&nbsp;<\/p>\n<table style=\"height: 609px;\" width=\"952\">\n<tbody>\n<tr style=\"height: 58px;\">\n<td style=\"width: 947.2px; height: 58px;\" colspan=\"5\">\n<h4>Certificacions<\/h4>\n<\/td>\n<\/tr>\n<tr style=\"height: 50px;\">\n<td style=\"width: 24px; height: 50px;\"><\/td>\n<td style=\"width: 921.6px; height: 50px;\" colspan=\"4\"><b><span style=\"font-size: large;\">Certificacions Microsoft<\/span><\/b><\/td>\n<\/tr>\n<tr style=\"height: 31px;\">\n<td style=\"width: 24px; height: 31px;\"><\/td>\n<td style=\"width: 921.6px; height: 31px;\" colspan=\"4\">\n<p style=\"padding-left: 40px;\"><strong>MTA DEVELOPER<\/strong><\/p>\n<ul>\n<li style=\"list-style-type: none;\">\n<ul>\n<li style=\"list-style-type: none;\">\n<ul>\n<li style=\"list-style-type: none;\">\n<ul>\n<li style=\"list-style-type: none;\">\n<ul>\n<li><a href=\"https:\/\/www.microsoft.com\/es-es\/learning\/exam-98-388.aspx\" target=\"_blank\" rel=\"noopener noreferrer\" data-saferedirecturl=\"https:\/\/www.google.com\/url?q=https:\/\/www.microsoft.com\/es-es\/learning\/exam-98-388.aspx&amp;source=gmail&amp;ust=1572362388091000&amp;usg=AFQjCNGpLb2PN-EUllXzJOjD1tUkWHN9TQ\">98-388 Introducci\u00f3n a la programaci\u00f3n con Java<\/a><\/li>\n<li><a href=\"https:\/\/www.microsoft.com\/es-es\/learning\/exam-98-383.aspx\" target=\"_blank\" rel=\"noopener noreferrer\" data-saferedirecturl=\"https:\/\/www.google.com\/url?q=https:\/\/www.microsoft.com\/es-es\/learning\/exam-98-383.aspx&amp;source=gmail&amp;ust=1572362388092000&amp;usg=AFQjCNEos4h9zdST4LmsiSMEo4aeGr39Ow\">98-383 Introducci\u00f3n a la programaci\u00f3n con HTML y CSS<\/a><\/li>\n<li><a href=\"https:\/\/www.microsoft.com\/es-es\/learning\/exam-98-382.aspx\" target=\"_blank\" rel=\"noopener noreferrer\" data-saferedirecturl=\"https:\/\/www.google.com\/url?q=https:\/\/www.microsoft.com\/es-es\/learning\/exam-98-382.aspx&amp;source=gmail&amp;ust=1572362388092000&amp;usg=AFQjCNE9B0tDlWHAPsvM2C2C4nSGoKoRJw\">98-382 Introducci\u00f3n a la programaci\u00f3n con JavaScript<\/a><\/li>\n<li><a href=\"https:\/\/www.microsoft.com\/es-es\/learning\/exam-98-381.aspx\" target=\"_blank\" rel=\"noopener noreferrer\" data-saferedirecturl=\"https:\/\/www.google.com\/url?q=https:\/\/www.microsoft.com\/es-es\/learning\/exam-98-381.aspx&amp;source=gmail&amp;ust=1572362388092000&amp;usg=AFQjCNEEkCIwkWVRdUCl3Nj4C02C118sHQ\">98-381 Introducci\u00f3n a la programaci\u00f3n con Python<\/a><\/li>\n<li><a href=\"https:\/\/www.microsoft.com\/es-es\/learning\/exam-98-375.aspx\" target=\"_blank\" rel=\"noopener noreferrer\" data-saferedirecturl=\"https:\/\/www.google.com\/url?q=https:\/\/www.microsoft.com\/es-es\/learning\/exam-98-375.aspx&amp;source=gmail&amp;ust=1572362388092000&amp;usg=AFQjCNHIS12J5lRYGc6GbIBbI2mZiUFL-w\">98-375 Fundamentos de desarrollo de aplicaciones HTML5<\/a><\/li>\n<\/ul>\n<\/li>\n<\/ul>\n<\/li>\n<\/ul>\n<\/li>\n<\/ul>\n<\/li>\n<\/ul>\n<p style=\"padding-left: 40px;\"><strong style=\"font-family: inherit; font-size: 1em;\">MTA DATABASE<\/strong><\/p>\n<div style=\"padding-left: 40px;\">\n<div style=\"padding-left: 40px;\">\n<ul>\n<li style=\"list-style-type: none;\">\n<ul>\n<li><a href=\"https:\/\/www.microsoft.com\/es-es\/learning\/exam-98-364.aspx\" target=\"_blank\" rel=\"noopener noreferrer\" data-saferedirecturl=\"https:\/\/www.google.com\/url?q=https:\/\/www.microsoft.com\/es-es\/learning\/exam-98-364.aspx&amp;source=gmail&amp;ust=1572362388092000&amp;usg=AFQjCNEgu8vWviV8rIAWxSrYzQyBqIAmlg\">98-364 Fundamentos de administraci\u00f3n de bases de datos<\/a><\/li>\n<\/ul>\n<\/li>\n<\/ul>\n<\/div>\n<div>\n<p><strong>MTA IT PROFESSIONAL<\/strong><\/p>\n<ul>\n<li style=\"list-style-type: none;\">\n<ul>\n<li><a href=\"https:\/\/www.microsoft.com\/es-es\/learning\/exam-98-365.aspx\" target=\"_blank\" rel=\"noopener noreferrer\" data-saferedirecturl=\"https:\/\/www.google.com\/url?q=https:\/\/www.microsoft.com\/es-es\/learning\/exam-98-365.aspx&amp;source=gmail&amp;ust=1572362388092000&amp;usg=AFQjCNGe-Nr21miwclXNanzhg-RcpZ7kZw\">98-365 Fundamentos de administraci\u00f3n de servidores Windows<\/a><\/li>\n<\/ul>\n<\/li>\n<\/ul>\n<\/div>\n<\/div>\n<div style=\"padding-left: 40px;\"><\/div>\n<\/td>\n<\/tr>\n<tr style=\"height: 31px;\">\n<td style=\"width: 24px; height: 31px;\"><\/td>\n<td style=\"width: 921.6px; height: 31px;\" colspan=\"4\"><b><span style=\"font-size: large;\">Certificacions CISCO<\/span><\/b><\/td>\n<\/tr>\n<tr style=\"height: 31px;\">\n<td style=\"width: 24px; height: 31px;\"><\/td>\n<td style=\"width: 921.6px; height: 31px;\" colspan=\"4\">\n<div style=\"padding-left: 80px;\">100-105 ICND1\u00a0(CCNA)<\/div>\n<div style=\"padding-left: 80px;\">200-105 ICND2 (CCNA)<\/div>\n<div style=\"padding-left: 80px;\">CiberOPS\u00a0(CISCO Netacad)<\/div>\n<\/td>\n<\/tr>\n<tr style=\"height: 31px;\">\n<td style=\"width: 24px; height: 31px;\"><\/td>\n<td style=\"height: 31px; width: 921.6px;\" colspan=\"4\"><b><span style=\"font-size: large;\">ORACLE<\/span><\/b><\/td>\n<\/tr>\n<tr style=\"height: 62px;\">\n<td style=\"width: 24px; height: 62px;\"><\/td>\n<td style=\"width: 921.6px; height: 62px;\" colspan=\"4\">\n<div style=\"padding-left: 80px;\">1Z0-006 Oracle Datatase Fundations<\/div>\n<div style=\"padding-left: 80px;\">1Z0-071 Oracle Database 12c SQL<\/div>\n<div style=\"padding-left: 120px;\"><\/div>\n<\/td>\n<\/tr>\n<tr style=\"height: 33px;\">\n<td style=\"width: 24px; height: 33px;\"><\/td>\n<td style=\"width: 921.6px; height: 33px;\" colspan=\"4\"><b><span style=\"font-size: large;\">Linux<\/span><\/b><\/td>\n<\/tr>\n<tr style=\"height: 46px;\">\n<td style=\"width: 24px; height: 46px;\"><\/td>\n<td style=\"width: 921.6px; height: 46px;\" colspan=\"4\">\n<div style=\"padding-left: 80px;\">Linux Essentials<\/div>\n<div style=\"padding-left: 80px;\"><\/div>\n<\/td>\n<\/tr>\n<tr style=\"height: 48px;\">\n<td style=\"width: 24px; height: 48px;\"><\/td>\n<td style=\"width: 921.6px; height: 48px;\" colspan=\"4\">\n<div><strong>ACTIC (Acreditaci\u00f3 de compet\u00e8ncies en tecnologies de la informaci\u00f3 i la comunicaci\u00f3 &#8211; Generalitat de Catalunya)<\/strong><b><\/b><\/div>\n<\/td>\n<\/tr>\n<tr style=\"height: 94px;\">\n<td style=\"width: 24px; height: 94px;\"><\/td>\n<td style=\"width: 921.6px; height: 94px;\" colspan=\"4\">\n<div style=\"padding-left: 80px;\">Nivell b\u00e0sic<\/div>\n<div style=\"padding-left: 80px;\">Nivell mitj\u00e0<\/div>\n<div style=\"padding-left: 80px;\">Nivell avan\u00e7at<\/div>\n<\/td>\n<\/tr>\n<tr style=\"height: 63px;\">\n<td style=\"width: 24px; height: 63px;\"><\/td>\n<td style=\"width: 921.6px; height: 63px;\" colspan=\"4\">\n<div>\n<div><b><span style=\"font-size: large;\">OpenWebinars &#8211; Cursos online en plataforma l\u00edder de #eLearning IT amb obtenci\u00f3 de diplomes<\/span><\/b><\/div>\n<\/div>\n<\/td>\n<\/tr>\n<tr style=\"height: 31px;\">\n<td style=\"width: 24px; height: 31px;\"><\/td>\n<td style=\"width: 921.6px; height: 31px;\" colspan=\"4\">\n<div><\/div>\n<\/td>\n<\/tr>\n<tr style=\"height: 31px;\">\n<td style=\"width: 24px; height: 31px;\"><\/td>\n<td style=\"width: 921.6px; height: 31px;\" colspan=\"4\"><b><span style=\"font-size: large;\">Certificaci\u00f3 CiberOPS<\/span><\/b><\/td>\n<\/tr>\n<tr style=\"height: 31px;\">\n<td style=\"width: 24px; height: 31px;\"><\/td>\n<td style=\"width: 921.6px; height: 31px;\" colspan=\"4\">\n<div><\/div>\n<\/td>\n<\/tr>\n<tr style=\"height: 31px;\">\n<td style=\"width: 24px; height: 31px;\"><\/td>\n<td style=\"width: 921.6px; height: 31px;\" colspan=\"4\"><b><span style=\"font-size: large;\">Certificaci\u00f3 Python<\/span><\/b><\/td>\n<\/tr>\n<tr style=\"height: 31px;\">\n<td style=\"width: 24px; height: 31px;\"><\/td>\n<td style=\"width: 921.6px; height: 31px;\" colspan=\"4\">\n<div><\/div>\n<\/td>\n<\/tr>\n<\/tbody>\n<\/table>\n<div><\/div>\n<div>\n<table style=\"height: 170px; width: 947px; border-style: hidden;\">\n<tbody>\n<tr style=\"height: 110px;\">\n<td style=\"width: 477.867px; height: 110px; text-align: left; vertical-align: top;\"><a href=\"https:\/\/agora.xtec.cat\/iesesteveterradas\/wp-content\/uploads\/usu855\/00070_MG_8975.jpg\"><img loading=\"lazy\" decoding=\"async\" class=\"alignleft size-large wp-image-5257\" src=\"https:\/\/agora.xtec.cat\/iesesteveterradas\/wp-content\/uploads\/usu855\/00070_MG_8975-1024x682.jpg\" alt=\"\" width=\"1024\" height=\"682\" srcset=\"https:\/\/agora.xtec.cat\/iesesteveterradas\/wp-content\/uploads\/usu855\/00070_MG_8975-1024x682.jpg 1024w, https:\/\/agora.xtec.cat\/iesesteveterradas\/wp-content\/uploads\/usu855\/00070_MG_8975-300x200.jpg 300w, https:\/\/agora.xtec.cat\/iesesteveterradas\/wp-content\/uploads\/usu855\/00070_MG_8975-768x512.jpg 768w\" sizes=\"auto, (max-width: 1024px) 100vw, 1024px\" \/><\/a><\/td>\n<td style=\"width: 465.067px; height: 110px;\"><code><a href=\"https:\/\/agora.xtec.cat\/iesesteveterradas\/wp-content\/uploads\/usu855\/DSCN0053.jpg\"><img loading=\"lazy\" decoding=\"async\" class=\"\" src=\"https:\/\/agora.xtec.cat\/iesesteveterradas\/wp-content\/uploads\/usu855\/DSCN0053-1024x768.jpg\" alt=\"\" width=\"417\" height=\"313\" \/><\/a><\/code><\/td>\n<\/tr>\n<tr style=\"height: 31px;\">\n<td style=\"height: 31px; width: 477.867px;\"><code><a href=\"https:\/\/agora.xtec.cat\/iesesteveterradas\/wp-content\/uploads\/usu855\/img_101040.jpg\"><img loading=\"lazy\" decoding=\"async\" class=\"alignleft size-large wp-image-5246\" src=\"https:\/\/agora.xtec.cat\/iesesteveterradas\/wp-content\/uploads\/usu855\/img_101040-1024x682.jpg\" alt=\"\" width=\"1024\" height=\"682\" srcset=\"https:\/\/agora.xtec.cat\/iesesteveterradas\/wp-content\/uploads\/usu855\/img_101040-1024x682.jpg 1024w, https:\/\/agora.xtec.cat\/iesesteveterradas\/wp-content\/uploads\/usu855\/img_101040-300x200.jpg 300w, https:\/\/agora.xtec.cat\/iesesteveterradas\/wp-content\/uploads\/usu855\/img_101040-768x511.jpg 768w\" sizes=\"auto, (max-width: 1024px) 100vw, 1024px\" \/><\/a><\/code><\/td>\n<td style=\"height: 31px; width: 465.067px;\"><code><a href=\"https:\/\/agora.xtec.cat\/iesesteveterradas\/wp-content\/uploads\/usu855\/SCN0512.jpg\"><img loading=\"lazy\" decoding=\"async\" class=\"alignleft size-large wp-image-5256\" src=\"https:\/\/agora.xtec.cat\/iesesteveterradas\/wp-content\/uploads\/usu855\/SCN0512-1024x768.jpg\" alt=\"\" width=\"1024\" height=\"768\" srcset=\"https:\/\/agora.xtec.cat\/iesesteveterradas\/wp-content\/uploads\/usu855\/SCN0512-1024x768.jpg 1024w, https:\/\/agora.xtec.cat\/iesesteveterradas\/wp-content\/uploads\/usu855\/SCN0512-300x225.jpg 300w, https:\/\/agora.xtec.cat\/iesesteveterradas\/wp-content\/uploads\/usu855\/SCN0512-768x576.jpg 768w, https:\/\/agora.xtec.cat\/iesesteveterradas\/wp-content\/uploads\/usu855\/SCN0512-200x150.jpg 200w\" sizes=\"auto, (max-width: 1024px) 100vw, 1024px\" \/><\/a><\/code><\/td>\n<\/tr>\n<tr style=\"height: 29px;\">\n<td style=\"height: 29px; width: 477.867px;\"><code><a href=\"https:\/\/agora.xtec.cat\/iesesteveterradas\/wp-content\/uploads\/usu855\/img_101920.jpg\"><img loading=\"lazy\" decoding=\"async\" class=\"alignleft size-large wp-image-5245\" src=\"https:\/\/agora.xtec.cat\/iesesteveterradas\/wp-content\/uploads\/usu855\/img_101920-1024x682.jpg\" alt=\"\" width=\"1024\" height=\"682\" srcset=\"https:\/\/agora.xtec.cat\/iesesteveterradas\/wp-content\/uploads\/usu855\/img_101920-1024x682.jpg 1024w, https:\/\/agora.xtec.cat\/iesesteveterradas\/wp-content\/uploads\/usu855\/img_101920-300x200.jpg 300w, https:\/\/agora.xtec.cat\/iesesteveterradas\/wp-content\/uploads\/usu855\/img_101920-768x511.jpg 768w\" sizes=\"auto, (max-width: 1024px) 100vw, 1024px\" \/><\/a><\/code><\/td>\n<td style=\"height: 29px; width: 465.067px;\"><a href=\"https:\/\/agora.xtec.cat\/iesesteveterradas\/wp-content\/uploads\/usu855\/img_101910.jpg\"><img loading=\"lazy\" decoding=\"async\" class=\"alignleft size-large wp-image-5258\" src=\"https:\/\/agora.xtec.cat\/iesesteveterradas\/wp-content\/uploads\/usu855\/img_101910-1024x682.jpg\" alt=\"\" width=\"1024\" height=\"682\" srcset=\"https:\/\/agora.xtec.cat\/iesesteveterradas\/wp-content\/uploads\/usu855\/img_101910-1024x682.jpg 1024w, https:\/\/agora.xtec.cat\/iesesteveterradas\/wp-content\/uploads\/usu855\/img_101910-300x200.jpg 300w, https:\/\/agora.xtec.cat\/iesesteveterradas\/wp-content\/uploads\/usu855\/img_101910-768x512.jpg 768w\" sizes=\"auto, (max-width: 1024px) 100vw, 1024px\" \/><\/a><\/td>\n<\/tr>\n<\/tbody>\n<\/table>\n<\/div>\n<div><\/div>\n<div>\n<p><a href=\"https:\/\/www.facebook.com\/informaticaet\">Facebook d&#8217;Inform\u00e0tica<\/a><\/p>\n<h2><\/h2>\n<\/div>\n","protected":false},"excerpt":{"rendered":"<p>Benvinguts al Departament d&#8217;Inform\u00e0tica de l&#8217;IES Esteve Terradas i Illa.<br \/>\n<a class=\"boto-terrades\" href=\"https:\/\/docs.google.com\/forms\/d\/e\/1FAIpQLSdNHMayZgFKK5JNJmkAejPdejy2pr2FbEgnTuJD56mIH7HeQQ\/viewform\" target=\"_blank\" rel=\"noopener noreferrer\">Formulari Incid\u00e8ncies Internes<br \/>\n<\/a><br \/>\n&nbsp;<br \/>\nAquest departament est\u00e0 format per un professorat que busca en tot moment la formaci\u00f3 integral del seu alumnat.<br \/>\nTamb\u00e9 est\u00e0 involucrat en tot tipus d&#8217;events que van sorgint durant el&hellip;  <a href=\"https:\/\/agora.xtec.cat\/iesesteveterradas\/departaments\/departaments-fp\/informatica\/\" title=\"Read Inform\u00e0tica\">Llegeix m\u00e9s\u00bb<\/a><\/p>\n","protected":false},"author":1,"featured_media":0,"parent":18640,"menu_order":2,"comment_status":"closed","ping_status":"closed","template":"","meta":{"_bbp_topic_count":0,"_bbp_reply_count":0,"_bbp_total_topic_count":0,"_bbp_total_reply_count":0,"_bbp_voice_count":0,"_bbp_anonymous_reply_count":0,"_bbp_topic_count_hidden":0,"_bbp_reply_count_hidden":0,"_bbp_forum_subforum_count":0,"footnotes":""},"class_list":["post-931","page","type-page","status-publish","hentry"],"post_mailing_queue_ids":[],"_links":{"self":[{"href":"https:\/\/agora.xtec.cat\/iesesteveterradas\/wp-json\/wp\/v2\/pages\/931","targetHints":{"allow":["GET"]}}],"collection":[{"href":"https:\/\/agora.xtec.cat\/iesesteveterradas\/wp-json\/wp\/v2\/pages"}],"about":[{"href":"https:\/\/agora.xtec.cat\/iesesteveterradas\/wp-json\/wp\/v2\/types\/page"}],"author":[{"embeddable":true,"href":"https:\/\/agora.xtec.cat\/iesesteveterradas\/wp-json\/wp\/v2\/users\/1"}],"replies":[{"embeddable":true,"href":"https:\/\/agora.xtec.cat\/iesesteveterradas\/wp-json\/wp\/v2\/comments?post=931"}],"version-history":[{"count":8,"href":"https:\/\/agora.xtec.cat\/iesesteveterradas\/wp-json\/wp\/v2\/pages\/931\/revisions"}],"predecessor-version":[{"id":18722,"href":"https:\/\/agora.xtec.cat\/iesesteveterradas\/wp-json\/wp\/v2\/pages\/931\/revisions\/18722"}],"up":[{"embeddable":true,"href":"https:\/\/agora.xtec.cat\/iesesteveterradas\/wp-json\/wp\/v2\/pages\/18640"}],"wp:attachment":[{"href":"https:\/\/agora.xtec.cat\/iesesteveterradas\/wp-json\/wp\/v2\/media?parent=931"}],"curies":[{"name":"wp","href":"https:\/\/api.w.org\/{rel}","templated":true}]}}