{"id":8935,"date":"2021-03-18T09:26:08","date_gmt":"2021-03-18T08:26:08","guid":{"rendered":"http:\/\/agora.xtec.cat\/iesesteveterradas\/?page_id=8935"},"modified":"2025-10-17T09:15:38","modified_gmt":"2025-10-17T07:15:38","slug":"bluecity","status":"publish","type":"page","link":"https:\/\/agora.xtec.cat\/iesesteveterradas\/projectes-2\/bluecity\/","title":{"rendered":"Bluecity"},"content":{"rendered":"<p><img loading=\"lazy\" decoding=\"async\" class=\" wp-image-8744 alignleft\" src=\"https:\/\/agora.xtec.cat\/iesesteveterradas\/wp-content\/uploads\/usu855\/BLUECITY-1024x411.jpg\" alt=\"\" width=\"1018\" height=\"409\" srcset=\"https:\/\/agora.xtec.cat\/iesesteveterradas\/wp-content\/uploads\/usu855\/BLUECITY-1024x411.jpg 1024w, https:\/\/agora.xtec.cat\/iesesteveterradas\/wp-content\/uploads\/usu855\/BLUECITY-300x120.jpg 300w, https:\/\/agora.xtec.cat\/iesesteveterradas\/wp-content\/uploads\/usu855\/BLUECITY-768x308.jpg 768w, https:\/\/agora.xtec.cat\/iesesteveterradas\/wp-content\/uploads\/usu855\/BLUECITY.jpg 1914w\" sizes=\"auto, (max-width: 1018px) 100vw, 1018px\" \/>L\u2019alumnat i professorat que participa en el projecte Bluecity dels Instituts Bernat el Ferrer i Esteve Terradas (tots dos del Baix Llobregat), es troben al nostre Institut per fer proves al prototip d\u2019aparcapatinets.<\/p>\n<p>Properament hi haur\u00e0 una propera reuni\u00f3 amb els altres participants del projecte, l\u2019Institut El Rinc\u00f3n de Las Palmas (Gran Can\u00e0ries) i l\u2019empresa Furious Koala (Ciutat Real).<\/p>\n<p>Aquest projecte est\u00e0 finan\u00e7at pel fons social europeu, mitjan\u00e7ant convocat\u00f2ria del Ministerio de Educaci\u00f3n y Formaci\u00f3n Profesional.<\/p>\n<p>Agra\u00efm als participants per realitzar un projecte que ajudi a la mobilitat de les nostres ciutats, i donin seguretat als usuaris de patinets el\u00e8ctrics a l\u2019hora de deixar-los aparcats.<\/p>\n<p>Cal destacar que els usuaris d\u2019aquest servei es podran descarregar una app, per tal de localitzar els aparcaments Bluecity, i fins i tot reservar-ne un.<\/p>\n","protected":false},"excerpt":{"rendered":"<p>L\u2019alumnat i professorat que participa en el projecte Bluecity dels Instituts Bernat el Ferrer i Esteve Terradas (tots dos del Baix Llobregat), es troben al nostre Institut per fer proves al prototip d\u2019aparcapatinets.<br \/>\nProperament hi haur\u00e0 una propera reuni\u00f3 amb els altres participants del projecte, l\u2019Institut&hellip;  <a href=\"https:\/\/agora.xtec.cat\/iesesteveterradas\/projectes-2\/bluecity\/\" title=\"Read Bluecity\">Llegeix m\u00e9s\u00bb<\/a><\/p>\n","protected":false},"author":6,"featured_media":0,"parent":8626,"menu_order":0,"comment_status":"closed","ping_status":"closed","template":"page-templates\/side-menu.php","meta":{"_bbp_topic_count":0,"_bbp_reply_count":0,"_bbp_total_topic_count":0,"_bbp_total_reply_count":0,"_bbp_voice_count":0,"_bbp_anonymous_reply_count":0,"_bbp_topic_count_hidden":0,"_bbp_reply_count_hidden":0,"_bbp_forum_subforum_count":0,"footnotes":""},"class_list":["post-8935","page","type-page","status-publish","hentry"],"post_mailing_queue_ids":[],"_links":{"self":[{"href":"https:\/\/agora.xtec.cat\/iesesteveterradas\/wp-json\/wp\/v2\/pages\/8935","targetHints":{"allow":["GET"]}}],"collection":[{"href":"https:\/\/agora.xtec.cat\/iesesteveterradas\/wp-json\/wp\/v2\/pages"}],"about":[{"href":"https:\/\/agora.xtec.cat\/iesesteveterradas\/wp-json\/wp\/v2\/types\/page"}],"author":[{"embeddable":true,"href":"https:\/\/agora.xtec.cat\/iesesteveterradas\/wp-json\/wp\/v2\/users\/6"}],"replies":[{"embeddable":true,"href":"https:\/\/agora.xtec.cat\/iesesteveterradas\/wp-json\/wp\/v2\/comments?post=8935"}],"version-history":[{"count":2,"href":"https:\/\/agora.xtec.cat\/iesesteveterradas\/wp-json\/wp\/v2\/pages\/8935\/revisions"}],"predecessor-version":[{"id":18595,"href":"https:\/\/agora.xtec.cat\/iesesteveterradas\/wp-json\/wp\/v2\/pages\/8935\/revisions\/18595"}],"up":[{"embeddable":true,"href":"https:\/\/agora.xtec.cat\/iesesteveterradas\/wp-json\/wp\/v2\/pages\/8626"}],"wp:attachment":[{"href":"https:\/\/agora.xtec.cat\/iesesteveterradas\/wp-json\/wp\/v2\/media?parent=8935"}],"curies":[{"name":"wp","href":"https:\/\/api.w.org\/{rel}","templated":true}]}}