{"id":8640,"date":"2021-03-11T19:43:32","date_gmt":"2021-03-11T18:43:32","guid":{"rendered":"http:\/\/agora.xtec.cat\/iesesteveterradas\/?page_id=8640"},"modified":"2024-09-18T12:42:47","modified_gmt":"2024-09-18T10:42:47","slug":"innova-fp","status":"publish","type":"page","link":"https:\/\/agora.xtec.cat\/iesesteveterradas\/serveis-2\/impuls-fp\/innova-fp\/","title":{"rendered":"Innova FP"},"content":{"rendered":"<p>L\u2019institut Esteve Terradas participa al pla d\u2019innovaci\u00f3 i transfer\u00e8ncia de coneixement, altrament conegut com a Innova FP. Durant el curs 2017-18 participem a la xarxa 1B.<br \/>\nL\u2019objectiu final del programa \u00e9s que els centres siguin un referent en innovaci\u00f3 en el seu territori. Les empreses, especialment les micro i petites empreses i altres organitzacions, han d\u2019acabar veient els centres d\u2019FP com a possibles col\u00b7laboradors quan es plantegin endegar un projecte d\u2019innovaci\u00f3 o transfer\u00e8ncia de coneixement.<\/p>\n<p>A m\u00e9s, tamb\u00e9 es facilitar\u00e0 l\u2019actualitzaci\u00f3 dels coneixements del professorat de FP, la millora dels coneixements dels alumnes, l\u2019augment de competitivat de les empreses de la zona i la millora de les relacions escola-empresa.<\/p>\n<p>Si est\u00e0s interessant en els serveis d\u2019innovaci\u00f3 i transfer\u00e8ncia tecnol\u00f2gia envia\u2019ns un correu a\u00a0<a href=\"mailto:innovafp@iesesteveterradas.cat\" target=\"_blank\" rel=\"noopener noreferrer\">innovafp@iesesteveterradas.cat<\/a><\/p>\n","protected":false},"excerpt":{"rendered":"<p>L\u2019institut Esteve Terradas participa al pla d\u2019innovaci\u00f3 i transfer\u00e8ncia de coneixement, altrament conegut com a Innova FP. Durant el curs 2017-18 participem a la xarxa 1B.<br \/>\nL\u2019objectiu final del programa \u00e9s que els centres siguin un referent en innovaci\u00f3 en el seu territori. Les empreses, especialment&hellip;  <a href=\"https:\/\/agora.xtec.cat\/iesesteveterradas\/serveis-2\/impuls-fp\/innova-fp\/\" title=\"Read Innova FP\">Llegeix m\u00e9s\u00bb<\/a><\/p>\n","protected":false},"author":6,"featured_media":0,"parent":8635,"menu_order":0,"comment_status":"closed","ping_status":"closed","template":"page-templates\/side-menu.php","meta":{"_bbp_topic_count":0,"_bbp_reply_count":0,"_bbp_total_topic_count":0,"_bbp_total_reply_count":0,"_bbp_voice_count":0,"_bbp_anonymous_reply_count":0,"_bbp_topic_count_hidden":0,"_bbp_reply_count_hidden":0,"_bbp_forum_subforum_count":0,"footnotes":""},"class_list":["post-8640","page","type-page","status-publish","hentry"],"post_mailing_queue_ids":[],"_links":{"self":[{"href":"https:\/\/agora.xtec.cat\/iesesteveterradas\/wp-json\/wp\/v2\/pages\/8640","targetHints":{"allow":["GET"]}}],"collection":[{"href":"https:\/\/agora.xtec.cat\/iesesteveterradas\/wp-json\/wp\/v2\/pages"}],"about":[{"href":"https:\/\/agora.xtec.cat\/iesesteveterradas\/wp-json\/wp\/v2\/types\/page"}],"author":[{"embeddable":true,"href":"https:\/\/agora.xtec.cat\/iesesteveterradas\/wp-json\/wp\/v2\/users\/6"}],"replies":[{"embeddable":true,"href":"https:\/\/agora.xtec.cat\/iesesteveterradas\/wp-json\/wp\/v2\/comments?post=8640"}],"version-history":[{"count":2,"href":"https:\/\/agora.xtec.cat\/iesesteveterradas\/wp-json\/wp\/v2\/pages\/8640\/revisions"}],"predecessor-version":[{"id":8654,"href":"https:\/\/agora.xtec.cat\/iesesteveterradas\/wp-json\/wp\/v2\/pages\/8640\/revisions\/8654"}],"up":[{"embeddable":true,"href":"https:\/\/agora.xtec.cat\/iesesteveterradas\/wp-json\/wp\/v2\/pages\/8635"}],"wp:attachment":[{"href":"https:\/\/agora.xtec.cat\/iesesteveterradas\/wp-json\/wp\/v2\/media?parent=8640"}],"curies":[{"name":"wp","href":"https:\/\/api.w.org\/{rel}","templated":true}]}}