{"id":8606,"date":"2021-03-10T21:32:45","date_gmt":"2021-03-10T20:32:45","guid":{"rendered":"http:\/\/agora.xtec.cat\/iesesteveterradas\/?page_id=8606"},"modified":"2026-04-10T09:37:48","modified_gmt":"2026-04-10T07:37:48","slug":"cursos-despecialitzacio","status":"publish","type":"page","link":"https:\/\/agora.xtec.cat\/iesesteveterradas\/blogs\/formacio-professional\/cursos-despecialitzacio\/","title":{"rendered":"Cursos d&#8217;especialitzaci\u00f3"},"content":{"rendered":"<h4><strong>Curs d\u2019especialitzaci\u00f3 de Ciberseguretat en entorns de tecnologies de la informaci\u00f3. <a href=\"https:\/\/agora.xtec.cat\/iesesteveterradas\/wp-content\/uploads\/usu855\/curs-esp_ciberseguretat1.pdf\">Descarrega el tr\u00edptic<\/a><br \/>\n<\/strong><\/h4>\n<ul>\n<li>Ensenyament: <strong>Formaci\u00f3 professional<\/strong><\/li>\n<li>Grau: <strong>Curs d\u2019especialitzaci\u00f3<\/strong><\/li>\n<li>Titulaci\u00f3: <strong>M\u00e0ster<\/strong><\/li>\n<li>Sistema: <strong>LOE<\/strong><\/li>\n<li>Fam\u00edlia professional: <strong>Inform\u00e0tica i comunicacions<\/strong><\/li>\n<li>Codi:\u00a0<strong>EFPS IC01<\/strong><\/li>\n<li>Duraci\u00f3: <strong>720 hores<\/strong><\/li>\n<li>Horari: <strong>de 15:15 a 19:15 hores<\/strong><\/li>\n<\/ul>\n<p>El requisit per accedir a aquest curs d\u2019especialitzaci\u00f3 \u00e9s estar en possessi\u00f3 d\u2019algun dels seg\u00fcents t\u00edtols acad\u00e8mics:<\/p>\n<ul>\n<li>CFPS Administraci\u00f3 de sistemes inform\u00e0tics en xarxa &#8211; ICA0<\/li>\n<li>CFPS Desenvolupament d\u2019aplicacions multiplataforma &#8211; ICB0<\/li>\n<li>CFPS Desenvolupament d\u2019aplicacions web &#8211; ICC0<\/li>\n<li>CFPS Sistemes de telecomunicacions i inform\u00e0tics &#8211; EED0<\/li>\n<li>CFPS Manteniment electr\u00f2nic &#8211; EEC0<\/li>\n<\/ul>\n<p><strong>Curr\u00edculum<\/strong><\/p>\n<ul>\n<li>M\u00f2dul 1: Incidents de ciberseguretat &#8211; 99 hores<\/li>\n<li>M\u00f2dul 2: Enfortiment de xarxes i sistemes &#8211; 132 hores<\/li>\n<li>M\u00f2dul 3: Posada en producci\u00f3 segura &#8211; 99 hores<\/li>\n<li>M\u00f2dul 4: An\u00e0lisi forense inform\u00e0tic &#8211; 99 hores<\/li>\n<li>M\u00f2dul 5: Hacking \u00e8tic &#8211; 99 hores<\/li>\n<li>M\u00f2dul 6: Normativa de ciberseguretat &#8211; 99 hores<\/li>\n<li>M\u00f2dul 7:\u00a0 Projecte o Formaci\u00f3 en centres de treball &#8211; 126 hores<\/li>\n<\/ul>\n<p><strong>Sortides professionals<\/strong><\/p>\n<div id=\"bloc1-2\" class=\"panel-collapse collapse in\">\n<div class=\"col-xs-12 columna_esquerra\">\n<p>Les persones que hagin obtingut el certificat que acredita la superaci\u00f3 d&#8217;aquest curs d&#8217;especialitzaci\u00f3 podran exercir la seva activitat principalment en entitats dels sectors on sigui necessari establir mecanismes i mesures per a la protecci\u00f3 dels sistemes d&#8217;informaci\u00f3 i xarxes de comunicacions.<\/p>\n<p>Les ocupacions i llocs de treball m\u00e9s rellevants s\u00f3n els seg\u00fcents:<\/p>\n<ul>\n<li>expert o experta en ciberseguretat<\/li>\n<li>auditor o auditora de ciberseguretat<\/li>\n<li>consultor o consultora de ciberseguretat<\/li>\n<li><em>hacker<\/em> \u00e8tic o \u00e8tica<\/li>\n<\/ul>\n<div style=\"width: 640px;\" class=\"wp-video\"><!--[if lt IE 9]><script>document.createElement('video');<\/script><![endif]-->\n<video class=\"wp-video-shortcode\" id=\"video-8606-1\" width=\"640\" height=\"360\" preload=\"metadata\" controls=\"controls\"><source type=\"video\/mp4\" src=\"https:\/\/agora.xtec.cat\/iesesteveterradas\/wp-content\/uploads\/usu855\/hacker-etic.mp4?_=1\" \/><a href=\"https:\/\/agora.xtec.cat\/iesesteveterradas\/wp-content\/uploads\/usu855\/hacker-etic.mp4\">https:\/\/agora.xtec.cat\/iesesteveterradas\/wp-content\/uploads\/usu855\/hacker-etic.mp4<\/a><\/video><\/div>\n<\/div>\n<\/div>\n<h4><\/h4>\n<h4>Curs d&#8217;especialitzaci\u00f3 de Fabricaci\u00f3 additiva<\/h4>\n<ul>\n<li>Ensenyament: <strong>Formaci\u00f3 professional<\/strong><\/li>\n<li>Grau: <strong>Curs d\u2019especialitzaci\u00f3<\/strong><\/li>\n<li>Titulaci\u00f3: <strong>M\u00e0ster<\/strong><\/li>\n<li>Sistema: <strong>LOE<\/strong><\/li>\n<li>Fam\u00edlia professional: <strong>Fabricaci\u00f3 mec\u00e0nica<\/strong><\/li>\n<li>Codi:\u00a0<strong>EFPS FM01<\/strong><\/li>\n<li>Duraci\u00f3: <strong>600 hores<\/strong><\/li>\n<li>Horari: <strong>de 15:15 a 19:15 hores<\/strong><\/li>\n<\/ul>\n<p>El requisit per accedir a aquest curs d\u2019especialitzaci\u00f3 \u00e9s estar en possessi\u00f3 d\u2019algun dels seg\u00fcents t\u00edtols acad\u00e8mics:<\/p>\n<ul style=\"list-style-type: disc;\">\n<li>CFGS Audiologia prot\u00e8tica &#8211; SAG0<\/li>\n<li>CFPS Programaci\u00f3 de la producci\u00f3 en fabricaci\u00f3 mec\u00e0nica &#8211; CFPS FMB0<\/li>\n<li>CFGS Construccions met\u00e0l\u00b7liques &#8211; CFPS FMA0<\/li>\n<li>CFGS Patronatge i moda &#8211; CFPS TXE0<\/li>\n<li>CFGS Automoci\u00f3 &#8211; CFPS TMA0<\/li>\n<li>CFPS Disseny en fabricaci\u00f3 mec\u00e0nica &#8211; CFPS FMC0<\/li>\n<li>CFGS Direcci\u00f3 de cuina &#8211; CFPS HTD0<\/li>\n<li>CFGS Disseny i producci\u00f3 de cal\u00e7at i complements &#8211; CFPS TXG0<\/li>\n<li>CFGS Projectes d&#8217;edificaci\u00f3 &#8211; CFPS EOB0<\/li>\n<li>CFGS Energies renovables &#8211; CFPS EAC0<\/li>\n<li>CFGS Projectes d&#8217;obra civil &#8211; CFPS EOA0<\/li>\n<li>CFGS Programaci\u00f3 de la producci\u00f3 en l&#8217;emmotllament de metalls i pol\u00edmers &#8211; CFPS FMD0<\/li>\n<li>CFGS Disseny i moblament &#8211; CFPS FSA0<\/li>\n<li>CFGS Disseny t\u00e8cnic en t\u00e8xtil i pell &#8211; CFPS TXA0<\/li>\n<li>CFPS Automatitzaci\u00f3 i rob\u00f2tica industrial &#8211; CFPS EEB0<\/li>\n<li>CFGS Animacions 3D, jocs i entorns interactius &#8211; CFPS ISE0<\/li>\n<li>CFGS Vestuari a mida i d&#8217;espectacles &#8211; CFPS TXB0<\/li>\n<li>CFGS Caracteritzaci\u00f3 i maquillatge professional &#8211; CFPS IPD0<\/li>\n<li>CFGS Ortopr\u00f2tesi i productes de suport &#8211; CFPS SAB0<\/li>\n<li>CFGS Mecatr\u00f2nica industrial &#8211; CFPS IMC0<\/li>\n<\/ul>\n<p><strong>Curr\u00edculum<\/strong><\/p>\n<ul style=\"list-style-type: disc;\">\n<li>M\u00f2dul 1: Tecnologies de fabricaci\u00f3 additiva &#8211; 66 hores<\/li>\n<li>M\u00f2dul 2: Disseny d&#8217;estructures alleugerides i optimitzaci\u00f3 topol\u00f2gica en fabricaci\u00f3 &#8211; 99 hores<\/li>\n<li>M\u00f2dul 3: Modelatge, laminat i impressi\u00f3 3D &#8211; 132 hores<\/li>\n<li>M\u00f2dul 4: Escanejat i reparaci\u00f3 de malles 3D &#8211; 66 hores<\/li>\n<li>M\u00f2dul 5: Postprocessat &#8211; 66 hores<\/li>\n<li>M\u00f2dul 6: Maneig, reparaci\u00f3 i costos de la fabricaci\u00f3 additiva &#8211; 66 hores<\/li>\n<li>M\u00f2dul 7: Projecte de fabricaci\u00f3 additiva &#8211; 105 hores<\/li>\n<\/ul>\n<div id=\"bloc1-2\" class=\"panel-collapse collapse in\">\n<div class=\"col-xs-12 columna_esquerra\">\n<p><strong>Sortides professionals<\/strong><\/p>\n<div id=\"bloc1-2\" class=\"panel-collapse collapse in\">\n<div class=\"col-xs-12 columna_esquerra\">\n<p>Les persones que hagin obtingut el certificat que acredita la superaci\u00f3 d\u2019aquest curs d\u2019especialitzaci\u00f3 podran exercir la seva activitat en petites, mitjanes i grans empreses, tant p\u00fabliques com privades, principalment en els \u00e0mbits de la recerca, desenvolupament de productes, producci\u00f3 industrial, manteniment industrial i serveis.<\/p>\n<p>Les ocupacions i llocs de treball m\u00e9s rellevants s\u00f3n els seg\u00fcents:<\/p>\n<ul>\n<li>expert en sistemes de fabricaci\u00f3 additiva<\/li>\n<li>expert en impressi\u00f3 3D<\/li>\n<li>expert en disseny de producte per a impressi\u00f3 3D<\/li>\n<li>dissenyador 3D per escanejat<\/li>\n<li>expert en prototipat r\u00e0pid<\/li>\n<\/ul>\n<\/div>\n<\/div>\n<\/div>\n<\/div>\n<p>&nbsp;<\/p>\n","protected":false},"excerpt":{"rendered":"<p>Curs d\u2019especialitzaci\u00f3 de Ciberseguretat en entorns de tecnologies de la informaci\u00f3. <a href=\"https:\/\/agora.xtec.cat\/iesesteveterradas\/wp-content\/uploads\/usu855\/curs-esp_ciberseguretat1.pdf\">Descarrega el tr\u00edptic<\/a><\/p>\n<ul>\n<li>Ensenyament: Formaci\u00f3 professional<\/li>\n<li>Grau: Curs d\u2019especialitzaci\u00f3<\/li>\n<li>Titulaci\u00f3: M\u00e0ster<\/li>\n<li>Sistema: LOE<\/li>\n<li>Fam\u00edlia professional: Inform\u00e0tica i comunicacions<\/li>\n<li>Codi:\u00a0EFPS IC01<\/li>\n<li>Duraci\u00f3: 720 hores<\/li>\n<li>Horari: de 15:15 a 19:15 hores<\/li>\n<\/ul>\n<p>El requisit per accedir a aquest curs d\u2019especialitzaci\u00f3 \u00e9s estar en possessi\u00f3 d\u2019algun&hellip;  <a href=\"https:\/\/agora.xtec.cat\/iesesteveterradas\/blogs\/formacio-professional\/cursos-despecialitzacio\/\" title=\"Read Cursos d&#8217;especialitzaci\u00f3\">Llegeix m\u00e9s\u00bb<\/a><\/p>\n","protected":false},"author":6,"featured_media":0,"parent":590,"menu_order":244,"comment_status":"closed","ping_status":"closed","template":"page-templates\/side-menu.php","meta":{"_bbp_topic_count":0,"_bbp_reply_count":0,"_bbp_total_topic_count":0,"_bbp_total_reply_count":0,"_bbp_voice_count":0,"_bbp_anonymous_reply_count":0,"_bbp_topic_count_hidden":0,"_bbp_reply_count_hidden":0,"_bbp_forum_subforum_count":0,"footnotes":""},"class_list":["post-8606","page","type-page","status-publish","hentry"],"post_mailing_queue_ids":[],"_links":{"self":[{"href":"https:\/\/agora.xtec.cat\/iesesteveterradas\/wp-json\/wp\/v2\/pages\/8606","targetHints":{"allow":["GET"]}}],"collection":[{"href":"https:\/\/agora.xtec.cat\/iesesteveterradas\/wp-json\/wp\/v2\/pages"}],"about":[{"href":"https:\/\/agora.xtec.cat\/iesesteveterradas\/wp-json\/wp\/v2\/types\/page"}],"author":[{"embeddable":true,"href":"https:\/\/agora.xtec.cat\/iesesteveterradas\/wp-json\/wp\/v2\/users\/6"}],"replies":[{"embeddable":true,"href":"https:\/\/agora.xtec.cat\/iesesteveterradas\/wp-json\/wp\/v2\/comments?post=8606"}],"version-history":[{"count":6,"href":"https:\/\/agora.xtec.cat\/iesesteveterradas\/wp-json\/wp\/v2\/pages\/8606\/revisions"}],"predecessor-version":[{"id":19409,"href":"https:\/\/agora.xtec.cat\/iesesteveterradas\/wp-json\/wp\/v2\/pages\/8606\/revisions\/19409"}],"up":[{"embeddable":true,"href":"https:\/\/agora.xtec.cat\/iesesteveterradas\/wp-json\/wp\/v2\/pages\/590"}],"wp:attachment":[{"href":"https:\/\/agora.xtec.cat\/iesesteveterradas\/wp-json\/wp\/v2\/media?parent=8606"}],"curies":[{"name":"wp","href":"https:\/\/api.w.org\/{rel}","templated":true}]}}