{"id":8594,"date":"2021-03-10T13:01:45","date_gmt":"2021-03-10T12:01:45","guid":{"rendered":"http:\/\/agora.xtec.cat\/iesesteveterradas\/?page_id=8594"},"modified":"2026-02-09T11:54:25","modified_gmt":"2026-02-09T10:54:25","slug":"prevencio-de-riscos-laborals","status":"publish","type":"page","link":"https:\/\/agora.xtec.cat\/iesesteveterradas\/serveis-2\/qualitat\/prevencio-de-riscos-laborals\/","title":{"rendered":"Prevenci\u00f3 de riscos laborals"},"content":{"rendered":"<p><b>Hola, s\u00f3c la responsable de Prevenci\u00f3 de Riscos Laborals, la Patricia Ovies. Treballar en un entorn segur dins del nostre institut \u00e9s un objectiu de totes i tots. Aix\u00ed doncs, si detectes algun perill o risc, fes clic sobre l&#8217;Arale i omple el formulari online per registrar-lo. Gr\u00e0cies per ajudar-nos a fer de l&#8217;Esteve Terradas un lloc m\u00e9s segur.<\/b><\/p>\n<p><a href=\"https:\/\/forms.gle\/FFUb8n4od5gtKgRt7\"><img loading=\"lazy\" decoding=\"async\" class=\"aligncenter wp-image-8595 size-full\" src=\"https:\/\/agora.xtec.cat\/iesesteveterradas\/wp-content\/uploads\/usu855\/arale_hola.png\" alt=\"\" width=\"158\" height=\"319\" srcset=\"https:\/\/agora.xtec.cat\/iesesteveterradas\/wp-content\/uploads\/usu855\/arale_hola.png 158w, https:\/\/agora.xtec.cat\/iesesteveterradas\/wp-content\/uploads\/usu855\/arale_hola-149x300.png 149w\" sizes=\"auto, (max-width: 158px) 100vw, 158px\" \/><\/a><\/p>\n<p>Enlla\u00e7 al formulari -&gt; <a href=\"https:\/\/forms.gle\/FFUb8n4od5gtKgRt7\">Formulari riscos<\/a><\/p>\n","protected":false},"excerpt":{"rendered":"<p>Hola, s\u00f3c la responsable de Prevenci\u00f3 de Riscos Laborals, la Patricia Ovies. Treballar en un entorn segur dins del nostre institut \u00e9s un objectiu de totes i tots. Aix\u00ed doncs, si detectes algun perill o risc, fes clic sobre l&#8217;Arale i omple el formulari online&hellip;  <a href=\"https:\/\/agora.xtec.cat\/iesesteveterradas\/serveis-2\/qualitat\/prevencio-de-riscos-laborals\/\" title=\"Read Prevenci\u00f3 de riscos laborals\">Llegeix m\u00e9s\u00bb<\/a><\/p>\n","protected":false},"author":45,"featured_media":0,"parent":1784,"menu_order":0,"comment_status":"closed","ping_status":"closed","template":"page-templates\/side-menu.php","meta":{"_bbp_topic_count":0,"_bbp_reply_count":0,"_bbp_total_topic_count":0,"_bbp_total_reply_count":0,"_bbp_voice_count":0,"_bbp_anonymous_reply_count":0,"_bbp_topic_count_hidden":0,"_bbp_reply_count_hidden":0,"_bbp_forum_subforum_count":0,"footnotes":""},"class_list":["post-8594","page","type-page","status-publish","hentry"],"post_mailing_queue_ids":[],"_links":{"self":[{"href":"https:\/\/agora.xtec.cat\/iesesteveterradas\/wp-json\/wp\/v2\/pages\/8594","targetHints":{"allow":["GET"]}}],"collection":[{"href":"https:\/\/agora.xtec.cat\/iesesteveterradas\/wp-json\/wp\/v2\/pages"}],"about":[{"href":"https:\/\/agora.xtec.cat\/iesesteveterradas\/wp-json\/wp\/v2\/types\/page"}],"author":[{"embeddable":true,"href":"https:\/\/agora.xtec.cat\/iesesteveterradas\/wp-json\/wp\/v2\/users\/45"}],"replies":[{"embeddable":true,"href":"https:\/\/agora.xtec.cat\/iesesteveterradas\/wp-json\/wp\/v2\/comments?post=8594"}],"version-history":[{"count":3,"href":"https:\/\/agora.xtec.cat\/iesesteveterradas\/wp-json\/wp\/v2\/pages\/8594\/revisions"}],"predecessor-version":[{"id":8601,"href":"https:\/\/agora.xtec.cat\/iesesteveterradas\/wp-json\/wp\/v2\/pages\/8594\/revisions\/8601"}],"up":[{"embeddable":true,"href":"https:\/\/agora.xtec.cat\/iesesteveterradas\/wp-json\/wp\/v2\/pages\/1784"}],"wp:attachment":[{"href":"https:\/\/agora.xtec.cat\/iesesteveterradas\/wp-json\/wp\/v2\/media?parent=8594"}],"curies":[{"name":"wp","href":"https:\/\/api.w.org\/{rel}","templated":true}]}}