{"id":8296,"date":"2021-03-02T19:49:51","date_gmt":"2021-03-02T18:49:51","guid":{"rendered":"http:\/\/agora.xtec.cat\/iesesteveterradas\/?page_id=8296"},"modified":"2021-04-16T10:53:54","modified_gmt":"2021-04-16T08:53:54","slug":"portes-obertes-virtuals-2021","status":"publish","type":"page","link":"https:\/\/agora.xtec.cat\/iesesteveterradas\/portes-obertes-virtuals-2021\/","title":{"rendered":"Portes Obertes Virtuals FP 2021"},"content":{"rendered":"<h5><span style=\"color: #000000;\"><strong>Estem preparant les Portes Obertes virtuals 2021 per a resoldre tots els vostres dubtes. <\/strong><\/span><\/h5>\n<h5><span style=\"text-decoration: underline;\"><span style=\"color: #000000;\"><strong>Inscriviu-vos al seg\u00fcent formulari i us informarem de tot: <\/strong><\/span><\/span><\/h5>\n<h5><a href=\"https:\/\/docs.google.com\/forms\/d\/e\/1FAIpQLScT-U2lXAQbdmLFmgIGb1YjovDDBJ-aSV5qhUATk-_vr1Ql9A\/viewform?usp=sf_link\">\u00a0 \u00a0 \u00a0 \u00a0 \u00a0 \u00a0 \u00a0 \u00a0 \u00a0 \u00a0 \u00a0 \u00a0 \u00a0 \u00a0 \u00a0 \u00a0 \u00a0 \u00a0 \u00a0 \u00a0 \u00a0 \u00a0 \u00a0 \u00a0 \u00a0 \u00a0 \u00a0 \u00a0 \u00a0 \u00a0 \u00a0 \u00a0 \u00a0 \u00a0 \u00a0 \u00a0 \u00a0 \u00a0 \u00a0 \u00a0 \u00a0 \u00a0 clica aqu\u00ed <\/a><span style=\"color: #000000;\"><strong><a href=\"https:\/\/docs.google.com\/forms\/d\/e\/1FAIpQLScT-U2lXAQbdmLFmgIGb1YjovDDBJ-aSV5qhUATk-_vr1Ql9A\/viewform?usp=sf_link\"><img loading=\"lazy\" decoding=\"async\" class=\"aligncenter wp-image-9128\" src=\"https:\/\/agora.xtec.cat\/iesesteveterradas\/wp-content\/uploads\/usu855\/clic.png\" alt=\"\" width=\"150\" height=\"186\" \/><br \/>\n<\/a><\/strong><\/span><\/h5>\n<p><span style=\"color: #000000;\"><strong><em>(i el dilluns 26 d&#8217;abril us farem arribar l&#8217;enlla\u00e7 a la confer\u00e8ncia online)<\/em><\/strong><\/span><\/p>\n<p><span style=\"font-size: 1.6875em; font-weight: bold;\">Coneix els cicles que t\u2019interessin i descobreix tot el que t\u2019espera al nostre centre. Prepara el teu futur a l\u2019Institut Esteve Terradas, som FP!<\/span><\/p>\n<header class=\"entry-header\">\n<h3 class=\"entry-title\"><strong>CICLES FORMATIUS DE GRAU MITJ\u00c0<\/strong><\/h3>\n<\/header>\n<div class=\"entry-content\">\n<ul>\n<li><a title=\"XTEC - Electromec\u00e0nica de Vehicles\" href=\"http:\/\/xtec.gencat.cat\/ca\/curriculum\/professionals\/fp\/titolsloe\/transmantvehicles\/\" target=\"_blank\" rel=\"noopener noreferrer\">Electromec\u00e0nica de vehicles autom\u00f2bils<\/a>: 2000 hores (2 cursos) <a href=\"https:\/\/agora.xtec.cat\/iesesteveterradas\/wp-content\/uploads\/usu855\/auto_Electr-vehicles.pdf\">Descarrega&#8217;t el tr\u00edptic<\/a><\/li>\n<li><a title=\"XTEC - Gesti\u00f3 Administrativa\" href=\"http:\/\/xtec.gencat.cat\/ca\/curriculum\/professionals\/fp\/titolsloe\/admingestio\/\" target=\"_blank\" rel=\"noopener noreferrer\">Gesti\u00f3 administrativa<\/a>: 2000 hores (2 cursos) <a href=\"https:\/\/agora.xtec.cat\/iesesteveterradas\/wp-content\/uploads\/usu855\/admin_gesti\u00f3-administrativa.pdf\">Descarrega&#8217;t el tr\u00edptic<\/a><\/li>\n<li><a title=\"XTEC - Instal\u00b7laci\u00f3 i Manteniment Electromec\u00e0nic\" href=\"http:\/\/xtec.gencat.cat\/ca\/curriculum\/professionals\/fp\/titolsloe\/instmanteniment\/\" target=\"_blank\" rel=\"noopener noreferrer\">Manteniment electromec\u00e0nic<\/a>: 2000 hores (2 cursos) <a href=\"https:\/\/agora.xtec.cat\/iesesteveterradas\/wp-content\/uploads\/usu855\/mant-ind_mant-electromec\u00e0nic.pdf\">Descarrega&#8217;t el tr\u00edptic<\/a><\/li>\n<li><a title=\"XTEC - Mecanitzaci\u00f3\" href=\"http:\/\/xtec.gencat.cat\/ca\/curriculum\/professionals\/fp\/titolsloe\/fabmecanica\/\" target=\"_blank\" rel=\"noopener noreferrer\">Mecanitzaci\u00f3<\/a>: 2000 hores (2 cursos) <a href=\"https:\/\/agora.xtec.cat\/iesesteveterradas\/wp-content\/uploads\/usu855\/fabr-mec_mecanitzacio.pdf\">Descarrega&#8217;t el tr\u00edptic<\/a><\/li>\n<li><a title=\"XTEC - Preimpressi\u00f3 en Arts Gr\u00e0fiques\" href=\"http:\/\/xtec.gencat.cat\/ca\/curriculum\/professionals\/fp\/titolsloe\/artsgrafiques\/\" target=\"_blank\" rel=\"noopener noreferrer\">Preimpressi\u00f3 digital<\/a>: 2000 hores (2 cursos) <a href=\"https:\/\/agora.xtec.cat\/iesesteveterradas\/wp-content\/uploads\/usu855\/ag_preimpressi\u00f3.pdf\">Descarrega&#8217;t el tr\u00edptic<\/a><\/li>\n<li><a title=\"XTEC - Sistemes Microinform\u00e0tics i Xarxes\" href=\"http:\/\/xtec.gencat.cat\/ca\/curriculum\/professionals\/fp\/titolsloe\/infcomunicacions\/\" target=\"_blank\" rel=\"noopener noreferrer\">Sistemes microinform\u00e0tics i xarxes<\/a>: 2000 hores (2 cursos) <a href=\"https:\/\/agora.xtec.cat\/iesesteveterradas\/wp-content\/uploads\/usu855\/inf_Sistemes-microinform\u00e0tics-i-xarxes.pdf\">Descarrega&#8217;t el tr\u00edptic<\/a><\/li>\n<\/ul>\n<p><em>Per a m\u00e9s informaci\u00f3 sobre els CFGM, fer un clic <a href=\"http:\/\/queestudiar.gencat.cat\/ca\/preinscripcio\/estudis\/fp-gm\/info-general\/\" target=\"_blank\" rel=\"noopener noreferrer\"><strong>aqu\u00ed<\/strong><\/a><\/em><\/p>\n<\/div>\n<h3><strong>CICLES FORMATIUS DE GRAU SUPERIOR<\/strong><\/h3>\n<ul>\n<li><a title=\"XTEC - Administraci\u00f3 i Finances\" href=\"http:\/\/xtec.gencat.cat\/ca\/curriculum\/professionals\/fp\/titolsloe\/admingestio\/\" target=\"_blank\" rel=\"noopener noreferrer\">Administraci\u00f3 i finances<\/a>: 2000 hores (2 cursos) <a href=\"https:\/\/agora.xtec.cat\/iesesteveterradas\/wp-content\/uploads\/usu855\/admin_admin-finances.pdf\">Descarrega&#8217;t el tr\u00edptic<\/a><\/li>\n<li><a href=\"http:\/\/xtec.gencat.cat\/ca\/curriculum\/professionals\/fp\/titolsloe\/admingestio\/\" target=\"_blank\" rel=\"noopener noreferrer\">Assist\u00e8ncia a la direcci\u00f3<\/a>: 2000 hores (2 cursos) <a href=\"https:\/\/agora.xtec.cat\/iesesteveterradas\/wp-content\/uploads\/usu855\/admin_assit_direcci\u00f3-copia.pdf\">Descarrega&#8217;t el tr\u00edptic<\/a><\/li>\n<li><a title=\"XTEC - Administraci\u00f3 de Sistemes Inform\u00e0tics\" href=\"http:\/\/xtec.gencat.cat\/ca\/curriculum\/professionals\/fp\/titolsloe\/infcomunicacions\/\" target=\"_blank\" rel=\"noopener noreferrer\">Administraci\u00f3 de sistemes inform\u00e0tics en xarxa &#8211; orientat a Ciberseguretat<\/a>: 2000 hores (2 cursos) <a href=\"https:\/\/agora.xtec.cat\/iesesteveterradas\/wp-content\/uploads\/usu855\/inf_admin-sist-inform.pdf\">Descarrega&#8217;t el tr\u00edptic<\/a><\/li>\n<li><a title=\"XTEC - Desenvolupament d'Aplicacions Multiplataforma\" href=\"http:\/\/xtec.gencat.cat\/ca\/curriculum\/professionals\/fp\/titolsloe\/infcomunicacions\/\" target=\"_blank\" rel=\"noopener noreferrer\">Desenvolupament d&#8217;aplicacions multiplatafoma<\/a>: 2000 hores (2 cursos) <a href=\"https:\/\/agora.xtec.cat\/iesesteveterradas\/wp-content\/uploads\/usu855\/inf_desenvol-aplic-multplataf.pdf\">Descarrega&#8217;t el tr\u00edptic<\/a><\/li>\n<li><a title=\"XTEC - Desenvolupament d'Aplicacions Web\" href=\"http:\/\/xtec.gencat.cat\/ca\/curriculum\/professionals\/fp\/titolsloe\/infcomunicacions\/\" target=\"_blank\" rel=\"noopener noreferrer\">Desenvolupament d&#8217;aplicacions web<\/a>: 2000 hores (2 cursos) <a href=\"https:\/\/agora.xtec.cat\/iesesteveterradas\/wp-content\/uploads\/usu855\/inf_desenvol-aplic-web.pdf\">Descarrega&#8217;t el tr\u00edptic<\/a><\/li>\n<li><a href=\"http:\/\/xtec.gencat.cat\/ca\/curriculum\/professionals\/fp\/titolsloe\/artsgrafiques\/\" target=\"_blank\" rel=\"noopener noreferrer\">Disseny i edici\u00f3 de publicacions impreses i multim\u00e8dia<\/a>: 2000 hores (2 cursos) <a href=\"https:\/\/agora.xtec.cat\/iesesteveterradas\/wp-content\/uploads\/usu855\/ag_disseny.pdf\">Descarrega&#8217;t el tr\u00edptic<\/a><\/li>\n<li><a title=\"XTEC - Mecatr\u00f2nica Industrial\" href=\"http:\/\/xtec.gencat.cat\/ca\/curriculum\/professionals\/fp\/titolsloe\/instmanteniment\/\" target=\"_blank\" rel=\"noopener noreferrer\">Mecatr\u00f2nica industrial<\/a>: 2000 hores (2 cursos) <a href=\"https:\/\/agora.xtec.cat\/iesesteveterradas\/wp-content\/uploads\/usu855\/mant-ind_mecatronica-indust.pdf\">Descarrega&#8217;t el tr\u00edptic<\/a><\/li>\n<li><a title=\"XTEC - Programaci\u00f3 de la producci\u00f3 en fabricaci\u00f3 mec\u00e0nica\" href=\"http:\/\/xtec.gencat.cat\/ca\/curriculum\/professionals\/fp\/titolsloe\/fabmecanica\/\" target=\"_blank\" rel=\"noopener noreferrer\">Programaci\u00f3 de la producci\u00f3 en fabricaci\u00f3 mec\u00e0nica<\/a>: 2000 hores (2 cursos) <a href=\"https:\/\/agora.xtec.cat\/iesesteveterradas\/wp-content\/uploads\/usu855\/fabr-mec_Programaci\u00f3-produc-fabricaci\u00f3-mec\u00e0nica.pdf\">Descarrega&#8217;t el tr\u00edptic<\/a><\/li>\n<li><a href=\"http:\/\/xtec.gencat.cat\/ca\/curriculum\/professionals\/fp\/dual\/energia-i-aigua\/\">Gesti\u00f3 de l&#8217;aigua<\/a>: 2000 hores (2 cursos) <a href=\"https:\/\/agora.xtec.cat\/iesesteveterradas\/wp-content\/uploads\/usu855\/energia-aigua_gestio-aigua.pdf\">Descarrega&#8217;t el tr\u00edptic<\/a><\/li>\n<\/ul>\n<p><em>Per a m\u00e9s informaci\u00f3 sobre els CFGS, fer un clic <a href=\"http:\/\/queestudiar.gencat.cat\/ca\/preinscripcio\/estudis\/fp-gs\/\" target=\"_blank\" rel=\"noopener noreferrer\"><strong>aqu\u00ed<\/strong><\/a><\/em><\/p>\n<h3><strong>CURS D&#8217;ESPECIALITZACI\u00d3 DE CIBERSEGURETAT EN ENTORNS DE TECNOLOGIES DE LA INFORMACI\u00d3 <\/strong><\/h3>\n<p><strong><em>Per a m\u00e9s informaci\u00f3 sobre el curs d&#8217;Especialitzaci\u00f3, fer un clic <span style=\"color: #3366ff;\"><a style=\"color: #3366ff;\" href=\"http:\/\/agora.xtec.cat\/iesesteveterradas\/ce-ciberseguretat\/\">AQU\u00cd<\/a><\/span><\/em><\/strong><\/p>\n<header class=\"entry-header\">\n<h3 class=\"entry-title\"><strong>PROGRAMA DE FORMACI\u00d3 I INSERCI\u00d3<\/strong><\/h3>\n<\/header>\n<div class=\"entry-content\">\n<p>Els\u00a0<strong>programes de formaci\u00f3 i inserci\u00f3 (PFI)<\/strong>, que s\u00f3n <strong>voluntaris<\/strong> i duren un curs acad\u00e8mic, estan pensats per a <strong>joves d\u2019entre 16 i 21 anys<\/strong>que han deixat l\u2019educaci\u00f3 secund\u00e0ria obligat\u00f2ria i no segueixen estudis en el sistema educatiu ni participen en cap acci\u00f3 formativa. L\u2019objectiu\u00a0dels PFI \u00e9s proporcionar-los, d\u2019una banda, la possibilitat de <strong>tornar al sistema educatiu<\/strong> (a la formaci\u00f3 professional) i, de l\u2019altra, l\u2019aprenentatge imprescindible per <strong>accedir al mercat de treball<\/strong>.<\/p>\n<p>Els PFI s\u2019adscriuen a diferents\u00a0<strong>fam\u00edlies professionals<\/strong>.<\/p>\n<p>A l\u2019institut oferim:<\/p>\n<ul>\n<li><strong>Auxiliar de jardineria: Vivers i jardins.<\/strong><\/li>\n<li><strong>Auxiliar en muntatges d\u2019instal.lacions el\u00e8ctriques i d\u2019aigua i gas.<\/strong><\/li>\n<\/ul>\n<p><em>Per a <a href=\"http:\/\/queestudiar.gencat.cat\/ca\/estudis\/pfi\/info-general\/\" target=\"_blank\" rel=\"noopener noreferrer\">m\u00e9s informaci\u00f3<\/a><\/em><\/p>\n<\/div>\n<h3><strong>VOLS CON\u00c8IXER LES NOSTRES INSTAL\u00b7LACIONS?<\/strong><\/h3>\n<p><iframe loading=\"lazy\" src=\"\/\/www.youtube.com\/embed\/p8uAVGJoCe4\" width=\"560\" height=\"314\"><\/iframe><\/p>\n<p>&nbsp;<\/p>\n","protected":false},"excerpt":{"rendered":"<p>Estem preparant les Portes Obertes virtuals 2021 per a resoldre tots els vostres dubtes.<br \/>\nInscriviu-vos al seg\u00fcent formulari i us informarem de tot:<br \/>\n<a href=\"https:\/\/docs.google.com\/forms\/d\/e\/1FAIpQLScT-U2lXAQbdmLFmgIGb1YjovDDBJ-aSV5qhUATk-_vr1Ql9A\/viewform?usp=sf_link\">\u00a0 \u00a0 \u00a0 \u00a0 \u00a0 \u00a0 \u00a0 \u00a0 \u00a0 \u00a0 \u00a0 \u00a0 \u00a0 \u00a0 \u00a0 \u00a0 \u00a0 \u00a0 \u00a0 \u00a0 \u00a0&hellip;  <a href=\"https:\/\/agora.xtec.cat\/iesesteveterradas\/portes-obertes-virtuals-2021\/\" title=\"Read Portes Obertes Virtuals FP 2021\">Llegeix m\u00e9s\u00bb<\/a><\/p>\n","protected":false},"author":6,"featured_media":0,"parent":0,"menu_order":0,"comment_status":"closed","ping_status":"closed","template":"","meta":{"_bbp_topic_count":0,"_bbp_reply_count":0,"_bbp_total_topic_count":0,"_bbp_total_reply_count":0,"_bbp_voice_count":0,"_bbp_anonymous_reply_count":0,"_bbp_topic_count_hidden":0,"_bbp_reply_count_hidden":0,"_bbp_forum_subforum_count":0,"footnotes":""},"class_list":["post-8296","page","type-page","status-publish","hentry"],"post_mailing_queue_ids":[],"_links":{"self":[{"href":"https:\/\/agora.xtec.cat\/iesesteveterradas\/wp-json\/wp\/v2\/pages\/8296","targetHints":{"allow":["GET"]}}],"collection":[{"href":"https:\/\/agora.xtec.cat\/iesesteveterradas\/wp-json\/wp\/v2\/pages"}],"about":[{"href":"https:\/\/agora.xtec.cat\/iesesteveterradas\/wp-json\/wp\/v2\/types\/page"}],"author":[{"embeddable":true,"href":"https:\/\/agora.xtec.cat\/iesesteveterradas\/wp-json\/wp\/v2\/users\/6"}],"replies":[{"embeddable":true,"href":"https:\/\/agora.xtec.cat\/iesesteveterradas\/wp-json\/wp\/v2\/comments?post=8296"}],"version-history":[{"count":4,"href":"https:\/\/agora.xtec.cat\/iesesteveterradas\/wp-json\/wp\/v2\/pages\/8296\/revisions"}],"predecessor-version":[{"id":9294,"href":"https:\/\/agora.xtec.cat\/iesesteveterradas\/wp-json\/wp\/v2\/pages\/8296\/revisions\/9294"}],"wp:attachment":[{"href":"https:\/\/agora.xtec.cat\/iesesteveterradas\/wp-json\/wp\/v2\/media?parent=8296"}],"curies":[{"name":"wp","href":"https:\/\/api.w.org\/{rel}","templated":true}]}}