{"id":81,"date":"2014-09-18T10:38:05","date_gmt":"2014-09-18T08:38:05","guid":{"rendered":"http:\/\/agora.xtec.cat\/iesesteveterradas\/?page_id=81"},"modified":"2023-11-26T01:42:12","modified_gmt":"2023-11-26T00:42:12","slug":"secretaria","status":"publish","type":"page","link":"https:\/\/agora.xtec.cat\/iesesteveterradas\/secretaria\/","title":{"rendered":"Secretaria"},"content":{"rendered":"<p><img loading=\"lazy\" decoding=\"async\" class=\"size-full wp-image-14308\" src=\"https:\/\/agora.xtec.cat\/iesesteveterradas\/wp-content\/uploads\/usu855\/S_mm2223-scaled.jpg\" alt=\"\" width=\"2560\" height=\"853\" srcset=\"https:\/\/agora.xtec.cat\/iesesteveterradas\/wp-content\/uploads\/usu855\/S_mm2223-scaled.jpg 2560w, https:\/\/agora.xtec.cat\/iesesteveterradas\/wp-content\/uploads\/usu855\/S_mm2223-300x100.jpg 300w, https:\/\/agora.xtec.cat\/iesesteveterradas\/wp-content\/uploads\/usu855\/S_mm2223-1024x341.jpg 1024w, https:\/\/agora.xtec.cat\/iesesteveterradas\/wp-content\/uploads\/usu855\/S_mm2223-768x256.jpg 768w, https:\/\/agora.xtec.cat\/iesesteveterradas\/wp-content\/uploads\/usu855\/S_mm2223-1536x512.jpg 1536w, https:\/\/agora.xtec.cat\/iesesteveterradas\/wp-content\/uploads\/usu855\/S_mm2223-2048x683.jpg 2048w\" sizes=\"auto, (max-width: 2560px) 100vw, 2560px\" \/><\/p>\n<p style=\"text-align: justify;\">En els centres d\u2019ensenyament secundari, la secretaria \u00e9s l\u2019agent de gesti\u00f3 administrativa visible, \u00e9s b\u00e0sic que la seva pres\u00e8ncia a la web sigui un dels elements de navegaci\u00f3 principals i que la informaci\u00f3 sigui clara per facilitar la gesti\u00f3 als usuaris. \u00a0A l&#8217;espai de SECRETARIA trobareu tota la informaci\u00f3 actualitzada i podreu fer tr\u00e0mits.<\/p>\n<ul>\n<li>Atenci\u00f3 al p\u00fablic<\/li>\n<li>Tr\u00e0mits i gestions: petici\u00f3 de certificats, t\u00edtols<\/li>\n<li>Impresos<\/li>\n<li>Informaci\u00f3 sobre la Preinscripci\u00f3 i matr\u00edcula<\/li>\n<li>Convalidacions<\/li>\n<li>Proves d&#8217;acc\u00e9s als cicles formatius<\/li>\n<li>Proves GESO<\/li>\n<li>Beques i ajuts<\/li>\n<li>Pol\u00edtica de devoluci\u00f3 de preus<\/li>\n<\/ul>\n<p>&nbsp;<\/p>\n<p>&nbsp;<\/p>\n<p>&nbsp;<\/p>\n<p>&nbsp;<\/p>\n<p>&nbsp;<\/p>\n<p>&nbsp;<\/p>\n","protected":false},"excerpt":{"rendered":"<p>En els centres d\u2019ensenyament secundari, la secretaria \u00e9s l\u2019agent de gesti\u00f3 administrativa visible, \u00e9s b\u00e0sic que la seva pres\u00e8ncia a la web sigui un dels elements de navegaci\u00f3 principals i que la informaci\u00f3 sigui clara per facilitar la gesti\u00f3 als usuaris. \u00a0A l&#8217;espai de SECRETARIA&hellip;  <a href=\"https:\/\/agora.xtec.cat\/iesesteveterradas\/secretaria\/\" title=\"Read Secretaria\">Llegeix m\u00e9s\u00bb<\/a><\/p>\n","protected":false},"author":1,"featured_media":0,"parent":0,"menu_order":400,"comment_status":"closed","ping_status":"closed","template":"page-templates\/side-menu.php","meta":{"_bbp_topic_count":0,"_bbp_reply_count":0,"_bbp_total_topic_count":0,"_bbp_total_reply_count":0,"_bbp_voice_count":0,"_bbp_anonymous_reply_count":0,"_bbp_topic_count_hidden":0,"_bbp_reply_count_hidden":0,"_bbp_forum_subforum_count":0,"footnotes":""},"class_list":["post-81","page","type-page","status-publish","hentry"],"post_mailing_queue_ids":[],"_links":{"self":[{"href":"https:\/\/agora.xtec.cat\/iesesteveterradas\/wp-json\/wp\/v2\/pages\/81","targetHints":{"allow":["GET"]}}],"collection":[{"href":"https:\/\/agora.xtec.cat\/iesesteveterradas\/wp-json\/wp\/v2\/pages"}],"about":[{"href":"https:\/\/agora.xtec.cat\/iesesteveterradas\/wp-json\/wp\/v2\/types\/page"}],"author":[{"embeddable":true,"href":"https:\/\/agora.xtec.cat\/iesesteveterradas\/wp-json\/wp\/v2\/users\/1"}],"replies":[{"embeddable":true,"href":"https:\/\/agora.xtec.cat\/iesesteveterradas\/wp-json\/wp\/v2\/comments?post=81"}],"version-history":[{"count":8,"href":"https:\/\/agora.xtec.cat\/iesesteveterradas\/wp-json\/wp\/v2\/pages\/81\/revisions"}],"predecessor-version":[{"id":14317,"href":"https:\/\/agora.xtec.cat\/iesesteveterradas\/wp-json\/wp\/v2\/pages\/81\/revisions\/14317"}],"wp:attachment":[{"href":"https:\/\/agora.xtec.cat\/iesesteveterradas\/wp-json\/wp\/v2\/media?parent=81"}],"curies":[{"name":"wp","href":"https:\/\/api.w.org\/{rel}","templated":true}]}}