{"id":7908,"date":"2020-11-08T12:00:11","date_gmt":"2020-11-08T11:00:11","guid":{"rendered":"http:\/\/agora.xtec.cat\/iesesteveterradas\/?page_id=7908"},"modified":"2021-04-07T17:10:32","modified_gmt":"2021-04-07T15:10:32","slug":"horaris-semipresencialitat","status":"publish","type":"page","link":"https:\/\/agora.xtec.cat\/iesesteveterradas\/alumnat-ieti\/alumnat-fp\/horaris-semipresencialitat\/","title":{"rendered":"Horaris Formaci\u00f3 H\u00edbrida"},"content":{"rendered":"<p>Trobareu la planificaci\u00f3 sobre quan ha d\u2019assistir cada grup clicant sobre cada fam\u00edlia professional:<\/p>\n<p><a href=\"https:\/\/docs.google.com\/spreadsheets\/d\/1TUVqeQYlH1EbSPfBIs8_o_X-3v__YgSqpHt48-YJAWM\/edit#gid=849235516\">Administatiu<\/a><\/p>\n<p><a href=\"https:\/\/docs.google.com\/spreadsheets\/d\/1TUVqeQYlH1EbSPfBIs8_o_X-3v__YgSqpHt48-YJAWM\/edit#gid=66444317\">Arts Gr\u00e0fiques<\/a><\/p>\n<p><a href=\"https:\/\/docs.google.com\/spreadsheets\/d\/1TUVqeQYlH1EbSPfBIs8_o_X-3v__YgSqpHt48-YJAWM\/edit#gid=148734463\">Automoci\u00f3 <\/a><\/p>\n<p><a href=\"https:\/\/docs.google.com\/spreadsheets\/d\/1TUVqeQYlH1EbSPfBIs8_o_X-3v__YgSqpHt48-YJAWM\/edit#gid=452159659\">Energ\u00eda i Aigua<\/a><\/p>\n<p><a href=\"https:\/\/docs.google.com\/spreadsheets\/d\/1TUVqeQYlH1EbSPfBIs8_o_X-3v__YgSqpHt48-YJAWM\/edit#gid=279603569\">Fabricaci\u00f3 Mec\u00e0nica <\/a><\/p>\n<p><a href=\"https:\/\/docs.google.com\/spreadsheets\/d\/1TUVqeQYlH1EbSPfBIs8_o_X-3v__YgSqpHt48-YJAWM\/edit#gid=899115135\">Manteniment Industrial<\/a><\/p>\n<p><a href=\"https:\/\/docs.google.com\/spreadsheets\/d\/1TUVqeQYlH1EbSPfBIs8_o_X-3v__YgSqpHt48-YJAWM\/edit#gid=271072182\">Inform\u00e0tica<\/a><\/p>\n<p>PFI Mantenimient i Jardineria (Presencial)<\/p>\n<p>Per tal de donar compliment, a la resoluci\u00f3 de la consellera de Salut i del conseller d\u2019Interior, per la qual es publiquen noves mesures en mat\u00e8ria de salut p\u00fablica per a la contenci\u00f3 del brot epid\u00e8mic\u00a0de la pand\u00e8mia de COVID19\u200b, i el comunicat del Departament d\u2019Educaci\u00f3 de data 29 d\u2019octubre, l\u2019equip directiu de l\u2019Institut Esteve Terradas va analitzar les diferents f\u00f3rmules per reduir la presencialitat i tamb\u00e9 la mobilitat de l\u2019alumnat m\u00e9s tenint present la diversa proced\u00e8ncia.<\/p>\n<p>Finalment, es va optar per un model de formaci\u00f3 h\u00edbrida que, prenent com a refer\u00e8ncia l\u2019estructura\u00a0hor\u00e0ria i organitzativa actual, garanteixi el m\u00ednim de 50% de presencialitat i que permeti, donades les caracter\u00edstiques\u00a0del nostres ensenyaments, el <strong>m\u00e0xim assoliment d\u2019aquelles\u00a0compet\u00e8ncies professionals m\u00e9s relacionades als aspectes procedimentals.<\/strong><\/p>\n<p>Tenen per objectiu continuar prioritzant la realitzaci\u00f3 de les activitats de <strong>caire m\u00e9s pr\u00e0ctic<\/strong> i <strong>procedimental<\/strong>,\u00a0al temps que contribueixen a la reducci\u00f3 de la pres\u00e8ncia, i la mobilitat, de l\u2019alumnat del centre.<\/p>\n<p>En definitiva, optem per aquest model que d\u00f3na compliment a la resoluci\u00f3 publicada per Salut, a les instruccions de <strong>30 de juny del Departament d\u2019Educaci\u00f3<\/strong>\u00a0i al que s\u2019estableix al comunicat del Departament de data 29 d\u2019octubre,\u00a0\u00a0sobre les noves mesures sanit\u00e0ries, entenent que \u00e9s el que m\u00e9s s\u2019ajusta a l\u2019organitzaci\u00f3 del nostre centre i a la singularitat i caracter\u00edstiques dels ensenyaments i de l\u2019alumnat.<\/p>\n<p>&nbsp;<\/p>\n<p>&nbsp;<\/p>\n<p>&nbsp;<\/p>\n<p>&nbsp;<\/p>\n","protected":false},"excerpt":{"rendered":"<p>Trobareu la planificaci\u00f3 sobre quan ha d\u2019assistir cada grup clicant sobre cada fam\u00edlia professional:<br \/>\n<a href=\"https:\/\/docs.google.com\/spreadsheets\/d\/1TUVqeQYlH1EbSPfBIs8_o_X-3v__YgSqpHt48-YJAWM\/edit#gid=849235516\">Administatiu<\/a><br \/>\n<a href=\"https:\/\/docs.google.com\/spreadsheets\/d\/1TUVqeQYlH1EbSPfBIs8_o_X-3v__YgSqpHt48-YJAWM\/edit#gid=66444317\">Arts Gr\u00e0fiques<\/a><br \/>\n<a href=\"https:\/\/docs.google.com\/spreadsheets\/d\/1TUVqeQYlH1EbSPfBIs8_o_X-3v__YgSqpHt48-YJAWM\/edit#gid=148734463\">Automoci\u00f3 <\/a><br \/>\n<a href=\"https:\/\/docs.google.com\/spreadsheets\/d\/1TUVqeQYlH1EbSPfBIs8_o_X-3v__YgSqpHt48-YJAWM\/edit#gid=452159659\">Energ\u00eda i Aigua<\/a><br \/>\n<a href=\"https:\/\/docs.google.com\/spreadsheets\/d\/1TUVqeQYlH1EbSPfBIs8_o_X-3v__YgSqpHt48-YJAWM\/edit#gid=279603569\">Fabricaci\u00f3 Mec\u00e0nica <\/a><br \/>\n<a href=\"https:\/\/docs.google.com\/spreadsheets\/d\/1TUVqeQYlH1EbSPfBIs8_o_X-3v__YgSqpHt48-YJAWM\/edit#gid=899115135\">Manteniment Industrial<\/a><br \/>\n<a href=\"https:\/\/docs.google.com\/spreadsheets\/d\/1TUVqeQYlH1EbSPfBIs8_o_X-3v__YgSqpHt48-YJAWM\/edit#gid=271072182\">Inform\u00e0tica<\/a><br \/>\nPFI Mantenimient i Jardineria (Presencial)<br \/>\nPer tal de donar compliment, a la resoluci\u00f3 de la consellera de Salut i&hellip;  <a href=\"https:\/\/agora.xtec.cat\/iesesteveterradas\/alumnat-ieti\/alumnat-fp\/horaris-semipresencialitat\/\" title=\"Read Horaris Formaci\u00f3 H\u00edbrida\">Llegeix m\u00e9s\u00bb<\/a><\/p>\n","protected":false},"author":6,"featured_media":0,"parent":3091,"menu_order":0,"comment_status":"closed","ping_status":"closed","template":"page-templates\/side-menu.php","meta":{"_bbp_topic_count":0,"_bbp_reply_count":0,"_bbp_total_topic_count":0,"_bbp_total_reply_count":0,"_bbp_voice_count":0,"_bbp_anonymous_reply_count":0,"_bbp_topic_count_hidden":0,"_bbp_reply_count_hidden":0,"_bbp_forum_subforum_count":0,"footnotes":""},"class_list":["post-7908","page","type-page","status-publish","hentry"],"post_mailing_queue_ids":[],"_links":{"self":[{"href":"https:\/\/agora.xtec.cat\/iesesteveterradas\/wp-json\/wp\/v2\/pages\/7908","targetHints":{"allow":["GET"]}}],"collection":[{"href":"https:\/\/agora.xtec.cat\/iesesteveterradas\/wp-json\/wp\/v2\/pages"}],"about":[{"href":"https:\/\/agora.xtec.cat\/iesesteveterradas\/wp-json\/wp\/v2\/types\/page"}],"author":[{"embeddable":true,"href":"https:\/\/agora.xtec.cat\/iesesteveterradas\/wp-json\/wp\/v2\/users\/6"}],"replies":[{"embeddable":true,"href":"https:\/\/agora.xtec.cat\/iesesteveterradas\/wp-json\/wp\/v2\/comments?post=7908"}],"version-history":[{"count":4,"href":"https:\/\/agora.xtec.cat\/iesesteveterradas\/wp-json\/wp\/v2\/pages\/7908\/revisions"}],"predecessor-version":[{"id":9223,"href":"https:\/\/agora.xtec.cat\/iesesteveterradas\/wp-json\/wp\/v2\/pages\/7908\/revisions\/9223"}],"up":[{"embeddable":true,"href":"https:\/\/agora.xtec.cat\/iesesteveterradas\/wp-json\/wp\/v2\/pages\/3091"}],"wp:attachment":[{"href":"https:\/\/agora.xtec.cat\/iesesteveterradas\/wp-json\/wp\/v2\/media?parent=7908"}],"curies":[{"name":"wp","href":"https:\/\/api.w.org\/{rel}","templated":true}]}}