{"id":75,"date":"2014-09-18T10:21:02","date_gmt":"2014-09-18T08:21:02","guid":{"rendered":"http:\/\/agora.xtec.cat\/iesesteveterradas\/?page_id=75"},"modified":"2025-10-23T18:20:39","modified_gmt":"2025-10-23T16:20:39","slug":"innovacio","status":"publish","type":"page","link":"https:\/\/agora.xtec.cat\/iesesteveterradas\/serveis\/innovacio\/","title":{"rendered":"Innovaci\u00f3"},"content":{"rendered":"<p style=\"text-align: justify; padding-left: 30px;\">L&#8217;institut Esteve Terradas participa al pla d&#8217;innovaci\u00f3 i transfer\u00e8ncia de coneixement, altrament conegut com a Innova FP ddurant el curs 2025-26.<br \/>\nL\u2019objectiu final del programa \u00e9s que els centres siguin un referent en innovaci\u00f3 en el seu territori. Les empreses, especialment les micro i petites empreses i altres organitzacions, han d\u2019acabar veient els centres d\u2019FP com a possibles col\u00b7laboradors quan es plantegin endegar un projecte d\u2019innovaci\u00f3 o transfer\u00e8ncia de coneixement.<\/p>\n<p style=\"text-align: justify; padding-left: 30px;\">A m\u00e9s, tamb\u00e9 es facilitar\u00e0 l&#8217;actualitzaci\u00f3 dels coneixements del professorat de FP, la millora dels coneixements dels alumnes, l&#8217;augment de competitivat de les empreses de la zona i la millora de les relacions escola-empresa.<\/p>\n<p style=\"text-align: justify; padding-left: 30px;\">Si est\u00e0s interessant en els serveis d&#8217;innovaci\u00f3 i transfer\u00e8ncia tecnol\u00f2gica envia&#8217;ns un correu a <a href=\"mailto:innovafp@iesesteveterradas.cat\" target=\"_blank\" rel=\"noopener noreferrer\">innovafp@iesesteveterradas.cat<\/a><\/p>\n<div><wbr \/><\/div>\n<div><img decoding=\"async\" class=\"aligncenter\" src=\"http:\/\/esteveterradas.cat\/images\/Captura_de_pantalla_de_2018-02-22_16-26-21.png\" alt=\"\" \/><\/div>\n","protected":false},"excerpt":{"rendered":"<p>L&#8217;institut Esteve Terradas participa al pla d&#8217;innovaci\u00f3 i transfer\u00e8ncia de coneixement, altrament conegut com a Innova FP ddurant el curs 2025-26.<br \/>\nL\u2019objectiu final del programa \u00e9s que els centres siguin un referent en innovaci\u00f3 en el seu territori. Les empreses, especialment les micro i petites empreses&hellip;  <a href=\"https:\/\/agora.xtec.cat\/iesesteveterradas\/serveis\/innovacio\/\" title=\"Read Innovaci\u00f3\">Llegeix m\u00e9s\u00bb<\/a><\/p>\n","protected":false},"author":1,"featured_media":0,"parent":63,"menu_order":340,"comment_status":"closed","ping_status":"closed","template":"page-templates\/side-menu.php","meta":{"_bbp_topic_count":0,"_bbp_reply_count":0,"_bbp_total_topic_count":0,"_bbp_total_reply_count":0,"_bbp_voice_count":0,"_bbp_anonymous_reply_count":0,"_bbp_topic_count_hidden":0,"_bbp_reply_count_hidden":0,"_bbp_forum_subforum_count":0,"footnotes":""},"class_list":["post-75","page","type-page","status-publish","hentry"],"post_mailing_queue_ids":[],"_links":{"self":[{"href":"https:\/\/agora.xtec.cat\/iesesteveterradas\/wp-json\/wp\/v2\/pages\/75","targetHints":{"allow":["GET"]}}],"collection":[{"href":"https:\/\/agora.xtec.cat\/iesesteveterradas\/wp-json\/wp\/v2\/pages"}],"about":[{"href":"https:\/\/agora.xtec.cat\/iesesteveterradas\/wp-json\/wp\/v2\/types\/page"}],"author":[{"embeddable":true,"href":"https:\/\/agora.xtec.cat\/iesesteveterradas\/wp-json\/wp\/v2\/users\/1"}],"replies":[{"embeddable":true,"href":"https:\/\/agora.xtec.cat\/iesesteveterradas\/wp-json\/wp\/v2\/comments?post=75"}],"version-history":[{"count":4,"href":"https:\/\/agora.xtec.cat\/iesesteveterradas\/wp-json\/wp\/v2\/pages\/75\/revisions"}],"predecessor-version":[{"id":18684,"href":"https:\/\/agora.xtec.cat\/iesesteveterradas\/wp-json\/wp\/v2\/pages\/75\/revisions\/18684"}],"up":[{"embeddable":true,"href":"https:\/\/agora.xtec.cat\/iesesteveterradas\/wp-json\/wp\/v2\/pages\/63"}],"wp:attachment":[{"href":"https:\/\/agora.xtec.cat\/iesesteveterradas\/wp-json\/wp\/v2\/media?parent=75"}],"curies":[{"name":"wp","href":"https:\/\/api.w.org\/{rel}","templated":true}]}}