{"id":69,"date":"2014-09-18T10:15:07","date_gmt":"2014-09-18T08:15:07","guid":{"rendered":"http:\/\/agora.xtec.cat\/iesesteveterradas\/?page_id=69"},"modified":"2024-09-18T12:43:57","modified_gmt":"2024-09-18T10:43:57","slug":"emprenedoria","status":"publish","type":"page","link":"https:\/\/agora.xtec.cat\/iesesteveterradas\/serveis-2\/impuls-fp\/emprenedoria\/","title":{"rendered":"EMPRENEDORIA"},"content":{"rendered":"<div id=\"ja-content\" class=\"column\">\n<div id=\"ja-current-content\" class=\"column\">\n<div id=\"ja-content-main\" class=\"ja-content-main clearfix\">\n<div class=\"item-page clearfix\">\n<table style=\"height: 109px; width: 100%; border-collapse: collapse; background-color: #dce2f5; border-style: none;\">\n<tbody>\n<tr style=\"height: 194px;\">\n<td style=\"width: 65.1231%; vertical-align: top; height: 109px;\">\n<h4 style=\"text-align: justify;\">L&#8217;Institut Esteve Terradas i Illa participa en el <strong>Programa del Departament d&#8217;Educaci\u00f3 de forment i suport de l&#8217;Emprenedoria en els ensenyame<\/strong><strong>nts professionals<\/strong>, amb l&#8217;objectiu de promoure l&#8217;esperit emprenedor, la creativitat i donar suport a les persones emprenedores.<\/h4>\n<\/td>\n<td style=\"width: 34.8769%; height: 109px;\"><img loading=\"lazy\" decoding=\"async\" class=\"wp-image-12557 alignnone\" src=\"https:\/\/agora.xtec.cat\/iesesteveterradas\/wp-content\/uploads\/usu855\/Captura-de-pantalla-2020-04-27-a-las-2.02.36-1024x442.png\" alt=\"\" width=\"420\" height=\"181\" srcset=\"https:\/\/agora.xtec.cat\/iesesteveterradas\/wp-content\/uploads\/usu855\/Captura-de-pantalla-2020-04-27-a-las-2.02.36-1024x442.png 1024w, https:\/\/agora.xtec.cat\/iesesteveterradas\/wp-content\/uploads\/usu855\/Captura-de-pantalla-2020-04-27-a-las-2.02.36-300x129.png 300w, https:\/\/agora.xtec.cat\/iesesteveterradas\/wp-content\/uploads\/usu855\/Captura-de-pantalla-2020-04-27-a-las-2.02.36-768x331.png 768w, https:\/\/agora.xtec.cat\/iesesteveterradas\/wp-content\/uploads\/usu855\/Captura-de-pantalla-2020-04-27-a-las-2.02.36.png 1312w\" sizes=\"auto, (max-width: 420px) 100vw, 420px\" \/><\/td>\n<\/tr>\n<\/tbody>\n<\/table>\n<\/div>\n<\/div>\n<\/div>\n<\/div>\n<table class=\" alignright\" style=\"height: 108px; width: 99.1936%; border-collapse: collapse; background-color: #dce2f5; border-style: none;\">\n<tbody>\n<tr style=\"height: 169px;\">\n<td style=\"width: 43.5065%; height: 108px;\">\n<h4><span style=\"color: #0000ff;\">Objectius<\/span><\/h4>\n<h5>La integraci\u00f3 del foment de la cultura emprenedora en el projecte educatiu, de forma transversal.<\/h5>\n<h5>El foment de la cultura emprenedora entre l&#8217;alumnat.<\/h5>\n<h5>Informar i formar l&#8217;alumnat perqu\u00e8 pugui formular projectes emprenedors.<\/h5>\n<h5>Fomentar la innovaci\u00f3, la creativitat i la capacitat de planificaci\u00f3 i gesti\u00f3.<\/h5>\n<\/td>\n<td style=\"width: 37.9437%; height: 108px; vertical-align: top;\">\n<h4 style=\"text-align: left;\"><span style=\"color: #0000ff;\">Serveis<\/span><\/h4>\n<h5 style=\"text-align: left;\">El servei d&#8217;emprenedoria s&#8217;encarrega de la coordinaci\u00f3 de les actuacions de foment de l&#8217;emprenedoria a l&#8217;institut, aix\u00ed com de la participaci\u00f3 a la xarxa d&#8217;Emprenedoria del Departament d&#8217;Educaci\u00f3.<\/h5>\n<p style=\"text-align: left;\">\n<\/td>\n<\/tr>\n<\/tbody>\n<\/table>\n<h4><span style=\"color: #0000ff;\">Actuacions<\/span><\/h4>\n<div id=\"ja-content\" class=\"column\">\n<div id=\"ja-current-content\" class=\"column\">\n<div id=\"ja-content-main\" class=\"ja-content-main clearfix\">\n<div class=\"item-page clearfix\">\n<ul style=\"text-align: justify;\">\n<li>\n<h6>Participaci\u00f3 en concursos..<\/h6>\n<\/li>\n<li>\n<h6>Formacions i din\u00e0miques a m\u00f2duls transversals; EiE i FOL<\/h6>\n<\/li>\n<li>\n<h6>Organitzaci\u00f3 de xerrades<\/h6>\n<\/li>\n<\/ul>\n<\/div>\n<\/div>\n<\/div>\n<\/div>\n","protected":false},"excerpt":{"rendered":"<p>L&#8217;Institut Esteve Terradas i Illa participa en el Programa del Departament d&#8217;Educaci\u00f3 de forment i suport de l&#8217;Emprenedoria en els ensenyaments professionals, amb l&#8217;objectiu de promoure l&#8217;esperit emprenedor, la creativitat i donar suport a les persones emprenedores.<\/p>\n<p>Objectius<br \/>\nLa integraci\u00f3 del foment de la cultura emprenedora en&hellip;  <a href=\"https:\/\/agora.xtec.cat\/iesesteveterradas\/serveis-2\/impuls-fp\/emprenedoria\/\" title=\"Read EMPRENEDORIA\">Llegeix m\u00e9s\u00bb<\/a><\/p>\n","protected":false},"author":1,"featured_media":0,"parent":8635,"menu_order":330,"comment_status":"closed","ping_status":"closed","template":"page-templates\/side-menu.php","meta":{"_bbp_topic_count":0,"_bbp_reply_count":0,"_bbp_total_topic_count":0,"_bbp_total_reply_count":0,"_bbp_voice_count":0,"_bbp_anonymous_reply_count":0,"_bbp_topic_count_hidden":0,"_bbp_reply_count_hidden":0,"_bbp_forum_subforum_count":0,"footnotes":""},"class_list":["post-69","page","type-page","status-publish","hentry"],"post_mailing_queue_ids":[],"_links":{"self":[{"href":"https:\/\/agora.xtec.cat\/iesesteveterradas\/wp-json\/wp\/v2\/pages\/69","targetHints":{"allow":["GET"]}}],"collection":[{"href":"https:\/\/agora.xtec.cat\/iesesteveterradas\/wp-json\/wp\/v2\/pages"}],"about":[{"href":"https:\/\/agora.xtec.cat\/iesesteveterradas\/wp-json\/wp\/v2\/types\/page"}],"author":[{"embeddable":true,"href":"https:\/\/agora.xtec.cat\/iesesteveterradas\/wp-json\/wp\/v2\/users\/1"}],"replies":[{"embeddable":true,"href":"https:\/\/agora.xtec.cat\/iesesteveterradas\/wp-json\/wp\/v2\/comments?post=69"}],"version-history":[{"count":2,"href":"https:\/\/agora.xtec.cat\/iesesteveterradas\/wp-json\/wp\/v2\/pages\/69\/revisions"}],"predecessor-version":[{"id":12575,"href":"https:\/\/agora.xtec.cat\/iesesteveterradas\/wp-json\/wp\/v2\/pages\/69\/revisions\/12575"}],"up":[{"embeddable":true,"href":"https:\/\/agora.xtec.cat\/iesesteveterradas\/wp-json\/wp\/v2\/pages\/8635"}],"wp:attachment":[{"href":"https:\/\/agora.xtec.cat\/iesesteveterradas\/wp-json\/wp\/v2\/media?parent=69"}],"curies":[{"name":"wp","href":"https:\/\/api.w.org\/{rel}","templated":true}]}}