{"id":614,"date":"2018-05-21T20:32:12","date_gmt":"2018-05-21T18:32:12","guid":{"rendered":"http:\/\/agora.xtec.cat\/iesesteveterradas\/?page_id=614"},"modified":"2021-03-24T15:48:59","modified_gmt":"2021-03-24T14:48:59","slug":"formacio-dual","status":"publish","type":"page","link":"https:\/\/agora.xtec.cat\/iesesteveterradas\/serveis\/formacio-dual\/","title":{"rendered":"FP Dual"},"content":{"rendered":"<h1><span style=\"color: #0000ff;\">L&#8217;FP DUAL a l&#8217;INS Esteve Terradas<\/span><\/h1>\n<h5 class=\"tw-data-text tw-text-large XcVN5d tw-ta\" dir=\"ltr\" data-placeholder=\"Traducci\u00f3n\"><span lang=\"ca\">Els alumnes del nostre centre poden realitzar els seus estudis de Formaci\u00f3 Professional en la modalitat de FP Dual, que combina la formaci\u00f3 a l\u2019escola i a l\u2019empresa.<\/span><\/h5>\n<p>&nbsp;<\/p>\n<h5 id=\"tw-target-text\" class=\"tw-data-text tw-text-large XcVN5d tw-ta\" dir=\"ltr\" data-placeholder=\"Traducci\u00f3n\"><span lang=\"ca\">La Formaci\u00f3 Professional Dual \u00e9s una oportunitat per millorar les compet\u00e8ncies dels nostres alumnes, aix\u00ed com la relaci\u00f3 amb les empreses. L\u2019objectiu \u00e9s oferir un valor afegit a l\u2019alumnat i atendre les necessitats de les empreses que col\u00b7laboren amb nosaltres. La participaci\u00f3 dels alumnes en aquesta modalitat da la possibilitat alternar el temps de formaci\u00f3 a l\u2019escola amb un temps d\u2019activitats formatives i productives a l\u2019empresa.<\/span><\/h5>\n<pre id=\"tw-target-text\" class=\"tw-data-text tw-text-large XcVN5d tw-ta\" dir=\"ltr\" data-placeholder=\"Traducci\u00f3n\"><span lang=\"ca\">\u00a0<\/span><\/pre>\n<p><iframe loading=\"lazy\" src=\"\/\/www.youtube.com\/embed\/B4Oez6F0DDc\" width=\"560\" height=\"314\"><\/iframe><\/p>\n<p><strong><a href=\"https:\/\/youtu.be\/AOD_7KkvCqUhttp:\/\/\"><iframe loading=\"lazy\" src=\"\/\/www.youtube.com\/embed\/AOD_7KkvCqU\" width=\"1170\" height=\"658\" frameborder=\"0\"><\/iframe><\/a><\/strong><\/p>\n<p><a href=\"https:\/\/projectes.xtec.cat\/fpdual\/\"><strong>WEB FP DUAL\u00a0<\/strong><\/a><\/p>\n","protected":false},"excerpt":{"rendered":"<p>L&#8217;FP DUAL a l&#8217;INS Esteve Terradas<br \/>\nEls alumnes del nostre centre poden realitzar els seus estudis de Formaci\u00f3 Professional en la modalitat de FP Dual, que combina la formaci\u00f3 a l\u2019escola i a l\u2019empresa.<br \/>\n&nbsp;<br \/>\nLa Formaci\u00f3 Professional Dual \u00e9s una oportunitat per millorar les compet\u00e8ncies dels nostres&hellip;  <a href=\"https:\/\/agora.xtec.cat\/iesesteveterradas\/serveis\/formacio-dual\/\" title=\"Read FP Dual\">Llegeix m\u00e9s\u00bb<\/a><\/p>\n","protected":false},"author":1,"featured_media":0,"parent":63,"menu_order":325,"comment_status":"closed","ping_status":"closed","template":"page-templates\/side-menu.php","meta":{"_bbp_topic_count":0,"_bbp_reply_count":0,"_bbp_total_topic_count":0,"_bbp_total_reply_count":0,"_bbp_voice_count":0,"_bbp_anonymous_reply_count":0,"_bbp_topic_count_hidden":0,"_bbp_reply_count_hidden":0,"_bbp_forum_subforum_count":0,"footnotes":""},"class_list":["post-614","page","type-page","status-publish","hentry"],"post_mailing_queue_ids":[],"_links":{"self":[{"href":"https:\/\/agora.xtec.cat\/iesesteveterradas\/wp-json\/wp\/v2\/pages\/614","targetHints":{"allow":["GET"]}}],"collection":[{"href":"https:\/\/agora.xtec.cat\/iesesteveterradas\/wp-json\/wp\/v2\/pages"}],"about":[{"href":"https:\/\/agora.xtec.cat\/iesesteveterradas\/wp-json\/wp\/v2\/types\/page"}],"author":[{"embeddable":true,"href":"https:\/\/agora.xtec.cat\/iesesteveterradas\/wp-json\/wp\/v2\/users\/1"}],"replies":[{"embeddable":true,"href":"https:\/\/agora.xtec.cat\/iesesteveterradas\/wp-json\/wp\/v2\/comments?post=614"}],"version-history":[{"count":3,"href":"https:\/\/agora.xtec.cat\/iesesteveterradas\/wp-json\/wp\/v2\/pages\/614\/revisions"}],"predecessor-version":[{"id":9106,"href":"https:\/\/agora.xtec.cat\/iesesteveterradas\/wp-json\/wp\/v2\/pages\/614\/revisions\/9106"}],"up":[{"embeddable":true,"href":"https:\/\/agora.xtec.cat\/iesesteveterradas\/wp-json\/wp\/v2\/pages\/63"}],"wp:attachment":[{"href":"https:\/\/agora.xtec.cat\/iesesteveterradas\/wp-json\/wp\/v2\/media?parent=614"}],"curies":[{"name":"wp","href":"https:\/\/api.w.org\/{rel}","templated":true}]}}