{"id":600,"date":"2018-05-21T20:07:42","date_gmt":"2018-05-21T18:07:42","guid":{"rendered":"http:\/\/agora.xtec.cat\/iesesteveterradas\/?page_id=600"},"modified":"2019-03-29T12:53:31","modified_gmt":"2019-03-29T11:53:31","slug":"programa-de-formacio-i-insercio","status":"publish","type":"page","link":"https:\/\/agora.xtec.cat\/iesesteveterradas\/blogs\/formacio-professional\/programa-de-formacio-i-insercio\/","title":{"rendered":"Programa de Formaci\u00f3 i Inserci\u00f3"},"content":{"rendered":"<p style=\"text-align: justify;\">Els\u00a0<strong>programes de formaci\u00f3 i inserci\u00f3 (PFI)<\/strong>, que s\u00f3n <strong>voluntaris<\/strong> i duren un curs acad\u00e8mic, estan pensats per a <strong>joves d&#8217;entre 16 i 21 anys<\/strong> que han deixat l&#8217;educaci\u00f3 secund\u00e0ria obligat\u00f2ria i no segueixen estudis en el sistema educatiu ni participen en cap acci\u00f3 formativa. L&#8217;objectiu\u00a0dels PFI \u00e9s proporcionar-los, d&#8217;una banda, la possibilitat de <strong>tornar al sistema educatiu<\/strong> (a la formaci\u00f3 professional) i, de l&#8217;altra, l&#8217;aprenentatge imprescindible per <strong>accedir al mercat de treball<\/strong>.<\/p>\n<p>Els PFI s&#8217;adscriuen a diferents\u00a0<strong>fam\u00edlies professionals<\/strong>.<\/p>\n<p style=\"text-align: justify;\">A l&#8217;institut oferim:<\/p>\n<ul>\n<li><strong><a href=\"https:\/\/drive.google.com\/open?id=1FGkkuY0IQX56jIVwkLBO9bz_GsTEvNrN\" target=\"_blank\" rel=\"noopener noreferrer\">Auxiliar de jardineria: Vivers i jardins.<\/a><\/strong><\/li>\n<li><strong><a href=\"https:\/\/drive.google.com\/open?id=1yuerclm5VSJJQ68_ACIYWDPzXY8X9Wwk\" target=\"_blank\" rel=\"noopener noreferrer\">Auxiliar en muntatges d&#8217;instal.lacions el\u00e8ctriques i d&#8217;aigua i gas.<\/a><\/strong><\/li>\n<\/ul>\n<p><em>Per a <a href=\"http:\/\/queestudiar.gencat.cat\/ca\/estudis\/pfi\/info-general\/\" target=\"_blank\" rel=\"noopener noreferrer\">m\u00e9s informaci\u00f3<\/a><\/em><\/p>\n","protected":false},"excerpt":{"rendered":"<p>Els\u00a0programes de formaci\u00f3 i inserci\u00f3 (PFI), que s\u00f3n voluntaris i duren un curs acad\u00e8mic, estan pensats per a joves d&#8217;entre 16 i 21 anys que han deixat l&#8217;educaci\u00f3 secund\u00e0ria obligat\u00f2ria i no segueixen estudis en el sistema educatiu ni participen en cap acci\u00f3 formativa. L&#8217;objectiu\u00a0dels&hellip;  <a href=\"https:\/\/agora.xtec.cat\/iesesteveterradas\/blogs\/formacio-professional\/programa-de-formacio-i-insercio\/\" title=\"Read Programa de Formaci\u00f3 i Inserci\u00f3\">Llegeix m\u00e9s\u00bb<\/a><\/p>\n","protected":false},"author":1,"featured_media":0,"parent":590,"menu_order":241,"comment_status":"closed","ping_status":"closed","template":"page-templates\/side-menu.php","meta":{"_bbp_topic_count":0,"_bbp_reply_count":0,"_bbp_total_topic_count":0,"_bbp_total_reply_count":0,"_bbp_voice_count":0,"_bbp_anonymous_reply_count":0,"_bbp_topic_count_hidden":0,"_bbp_reply_count_hidden":0,"_bbp_forum_subforum_count":0,"footnotes":""},"class_list":["post-600","page","type-page","status-publish","hentry"],"post_mailing_queue_ids":[],"_links":{"self":[{"href":"https:\/\/agora.xtec.cat\/iesesteveterradas\/wp-json\/wp\/v2\/pages\/600","targetHints":{"allow":["GET"]}}],"collection":[{"href":"https:\/\/agora.xtec.cat\/iesesteveterradas\/wp-json\/wp\/v2\/pages"}],"about":[{"href":"https:\/\/agora.xtec.cat\/iesesteveterradas\/wp-json\/wp\/v2\/types\/page"}],"author":[{"embeddable":true,"href":"https:\/\/agora.xtec.cat\/iesesteveterradas\/wp-json\/wp\/v2\/users\/1"}],"replies":[{"embeddable":true,"href":"https:\/\/agora.xtec.cat\/iesesteveterradas\/wp-json\/wp\/v2\/comments?post=600"}],"version-history":[{"count":3,"href":"https:\/\/agora.xtec.cat\/iesesteveterradas\/wp-json\/wp\/v2\/pages\/600\/revisions"}],"predecessor-version":[{"id":3303,"href":"https:\/\/agora.xtec.cat\/iesesteveterradas\/wp-json\/wp\/v2\/pages\/600\/revisions\/3303"}],"up":[{"embeddable":true,"href":"https:\/\/agora.xtec.cat\/iesesteveterradas\/wp-json\/wp\/v2\/pages\/590"}],"wp:attachment":[{"href":"https:\/\/agora.xtec.cat\/iesesteveterradas\/wp-json\/wp\/v2\/media?parent=600"}],"curies":[{"name":"wp","href":"https:\/\/api.w.org\/{rel}","templated":true}]}}