{"id":598,"date":"2018-05-21T20:05:53","date_gmt":"2018-05-21T18:05:53","guid":{"rendered":"http:\/\/agora.xtec.cat\/iesesteveterradas\/?page_id=598"},"modified":"2026-02-19T12:54:29","modified_gmt":"2026-02-19T11:54:29","slug":"cicles-formatius-de-grau-superior","status":"publish","type":"page","link":"https:\/\/agora.xtec.cat\/iesesteveterradas\/blogs\/formacio-professional\/cicles-formatius-de-grau-superior\/","title":{"rendered":"Cicles Formatius de Grau Superior"},"content":{"rendered":"<ul>\n<li><a title=\"XTEC - Administraci\u00f3 i Finances\" href=\"http:\/\/xtec.gencat.cat\/ca\/curriculum\/professionals\/fp\/titolsloe\/admingestio\/\" target=\"_blank\" rel=\"noopener noreferrer\">Administraci\u00f3 i finances<\/a>: 2000 hores (2 cursos) <a href=\"https:\/\/agora.xtec.cat\/iesesteveterradas\/wp-content\/uploads\/usu855\/admin_admin-finances.pdf\">Descarrega&#8217;t el tr\u00edptic<\/a><\/li>\n<li><a href=\"http:\/\/xtec.gencat.cat\/ca\/curriculum\/professionals\/fp\/titolsloe\/admingestio\/\" target=\"_blank\" rel=\"noopener noreferrer\">Assist\u00e8ncia a la direcci\u00f3<\/a>: 2000 hores (2 cursos) <a href=\"https:\/\/agora.xtec.cat\/iesesteveterradas\/wp-content\/uploads\/usu855\/admin_assit_direcci\u00f3-copia.pdf\">Descarrega&#8217;t el tr\u00edptic<\/a><\/li>\n<li><a href=\"http:\/\/xtec.gencat.cat\/ca\/curriculum\/professionals\/fp\/titolsloe\/transmantvehicles\/\">Automoci\u00f3<\/a>: 2000h (2 cursos) <a href=\"https:\/\/agora.xtec.cat\/iesesteveterradas\/wp-content\/uploads\/usu855\/auto_grausuperior2.pdf\">Descarrega&#8217;t el tr\u00edptic<\/a><\/li>\n<li><a title=\"XTEC - Administraci\u00f3 de Sistemes Inform\u00e0tics\" href=\"http:\/\/xtec.gencat.cat\/ca\/curriculum\/professionals\/fp\/titolsloe\/infcomunicacions\/\" target=\"_blank\" rel=\"noopener noreferrer\">Administraci\u00f3 de sistemes inform\u00e0tics en xarxa<\/a>: 2000 hores (2 cursos) <a href=\"https:\/\/agora.xtec.cat\/iesesteveterradas\/wp-content\/uploads\/usu855\/inf_admin-sist-inform.pdf\">Descarrega&#8217;t el tr\u00edptic<\/a><\/li>\n<li><a title=\"XTEC - Desenvolupament d'Aplicacions Multiplataforma\" href=\"http:\/\/xtec.gencat.cat\/ca\/curriculum\/professionals\/fp\/titolsloe\/infcomunicacions\/\" target=\"_blank\" rel=\"noopener noreferrer\">Desenvolupament d&#8217;aplicacions multiplatafoma<\/a>: 2000 hores (2 cursos) <a href=\"https:\/\/agora.xtec.cat\/iesesteveterradas\/wp-content\/uploads\/usu855\/inf_desenvol-aplic-multplataf.pdf\">Descarrega&#8217;t el tr\u00edptic<\/a><\/li>\n<li><a title=\"XTEC - Desenvolupament d'Aplicacions Web\" href=\"http:\/\/xtec.gencat.cat\/ca\/curriculum\/professionals\/fp\/titolsloe\/infcomunicacions\/\" target=\"_blank\" rel=\"noopener noreferrer\">Desenvolupament d&#8217;aplicacions web<\/a>: 2000 hores (2 cursos) <a href=\"https:\/\/agora.xtec.cat\/iesesteveterradas\/wp-content\/uploads\/usu855\/inf_desenvol-aplic-web.pdf\">Descarrega&#8217;t el tr\u00edptic<\/a><\/li>\n<li><a title=\"XTEC - Mecatr\u00f2nica Industrial\" href=\"http:\/\/xtec.gencat.cat\/ca\/curriculum\/professionals\/fp\/titolsloe\/instmanteniment\/\" target=\"_blank\" rel=\"noopener noreferrer\">Mecatr\u00f2nica industrial<\/a>: 2000 hores (2 cursos) <a href=\"https:\/\/agora.xtec.cat\/iesesteveterradas\/wp-content\/uploads\/usu855\/mant-ind_mecatronica-indust.pdf\">Descarrega&#8217;t el tr\u00edptic<\/a><\/li>\n<li><a title=\"XTEC - Programaci\u00f3 de la producci\u00f3 en fabricaci\u00f3 mec\u00e0nica\" href=\"http:\/\/xtec.gencat.cat\/ca\/curriculum\/professionals\/fp\/titolsloe\/fabmecanica\/\" target=\"_blank\" rel=\"noopener noreferrer\">Programaci\u00f3 de la producci\u00f3 en fabricaci\u00f3 mec\u00e0nica<\/a>: 2000 hores (2 cursos) <a href=\"https:\/\/agora.xtec.cat\/iesesteveterradas\/wp-content\/uploads\/usu855\/fabr-mec_Programaci\u00f3-produc-fabricaci\u00f3-mec\u00e0nica.pdf\">Descarrega&#8217;t el tr\u00edptic<\/a><\/li>\n<li><a href=\"https:\/\/xtec.gencat.cat\/ca\/curriculum\/professionals\/fp\/titolsloe\/eneraigua\/\">Gesti\u00f3 de l&#8217;aigua<\/a>: 2000 hores (2 cursos) <a href=\"https:\/\/agora.xtec.cat\/iesesteveterradas\/wp-content\/uploads\/usu855\/energia-aigua_gestio-aigua-1.pdf\">Descarrega&#8217;t el tr\u00edptic<\/a><\/li>\n<\/ul>\n<p><em>Per a m\u00e9s informaci\u00f3 sobre els CFGS, fer un clic <a href=\"http:\/\/queestudiar.gencat.cat\/ca\/preinscripcio\/estudis\/fp-gs\/\" target=\"_blank\" rel=\"noopener noreferrer\"><strong>aqu\u00ed<\/strong><\/a><\/em><\/p>\n","protected":false},"excerpt":{"rendered":"<ul>\n<li><a title=\"XTEC - Administraci\u00f3 i Finances\" href=\"http:\/\/xtec.gencat.cat\/ca\/curriculum\/professionals\/fp\/titolsloe\/admingestio\/\" target=\"_blank\" rel=\"noopener noreferrer\">Administraci\u00f3 i finances<\/a>: 2000 hores (2 cursos) <a href=\"https:\/\/agora.xtec.cat\/iesesteveterradas\/wp-content\/uploads\/usu855\/admin_admin-finances.pdf\">Descarrega&#8217;t el tr\u00edptic<\/a><\/li>\n<li><a href=\"http:\/\/xtec.gencat.cat\/ca\/curriculum\/professionals\/fp\/titolsloe\/admingestio\/\" target=\"_blank\" rel=\"noopener noreferrer\">Assist\u00e8ncia a la direcci\u00f3<\/a>: 2000 hores (2 cursos) <a href=\"https:\/\/agora.xtec.cat\/iesesteveterradas\/wp-content\/uploads\/usu855\/admin_assit_direcci\u00f3-copia.pdf\">Descarrega&#8217;t el tr\u00edptic<\/a><\/li>\n<li><a href=\"http:\/\/xtec.gencat.cat\/ca\/curriculum\/professionals\/fp\/titolsloe\/transmantvehicles\/\">Automoci\u00f3<\/a>: 2000h (2 cursos) <a href=\"https:\/\/agora.xtec.cat\/iesesteveterradas\/wp-content\/uploads\/usu855\/auto_grausuperior2.pdf\">Descarrega&#8217;t el tr\u00edptic<\/a><\/li>\n<li><a title=\"XTEC -&hellip;  <a href=\"https:\/\/agora.xtec.cat\/iesesteveterradas\/blogs\/formacio-professional\/cicles-formatius-de-grau-superior\/\" title=\"Read Cicles Formatius de Grau Superior\">Llegeix m\u00e9s\u00bb<\/a><br \/>\n","protected":false},"author":1,"featured_media":0,"parent":590,"menu_order":243,"comment_status":"closed","ping_status":"closed","template":"page-templates\/side-menu.php","meta":{"_bbp_topic_count":0,"_bbp_reply_count":0,"_bbp_total_topic_count":0,"_bbp_total_reply_count":0,"_bbp_voice_count":0,"_bbp_anonymous_reply_count":0,"_bbp_topic_count_hidden":0,"_bbp_reply_count_hidden":0,"_bbp_forum_subforum_count":0,"footnotes":""},"class_list":["post-598","page","type-page","status-publish","hentry"],"post_mailing_queue_ids":[],"_links":{"self":[{"href":"https:\/\/agora.xtec.cat\/iesesteveterradas\/wp-json\/wp\/v2\/pages\/598","targetHints":{"allow":["GET"]}}],"collection":[{"href":"https:\/\/agora.xtec.cat\/iesesteveterradas\/wp-json\/wp\/v2\/pages"}],"about":[{"href":"https:\/\/agora.xtec.cat\/iesesteveterradas\/wp-json\/wp\/v2\/types\/page"}],"author":[{"embeddable":true,"href":"https:\/\/agora.xtec.cat\/iesesteveterradas\/wp-json\/wp\/v2\/users\/1"}],"replies":[{"embeddable":true,"href":"https:\/\/agora.xtec.cat\/iesesteveterradas\/wp-json\/wp\/v2\/comments?post=598"}],"version-history":[{"count":6,"href":"https:\/\/agora.xtec.cat\/iesesteveterradas\/wp-json\/wp\/v2\/pages\/598\/revisions"}],"predecessor-version":[{"id":19183,"href":"https:\/\/agora.xtec.cat\/iesesteveterradas\/wp-json\/wp\/v2\/pages\/598\/revisions\/19183"}],"up":[{"embeddable":true,"href":"https:\/\/agora.xtec.cat\/iesesteveterradas\/wp-json\/wp\/v2\/pages\/590"}],"wp:attachment":[{"href":"https:\/\/agora.xtec.cat\/iesesteveterradas\/wp-json\/wp\/v2\/media?parent=598"}],"curies":[{"name":"wp","href":"https:\/\/api.w.org\/{rel}","templated":true}]}}