{"id":590,"date":"2018-05-21T19:55:03","date_gmt":"2018-05-21T17:55:03","guid":{"rendered":"http:\/\/agora.xtec.cat\/iesesteveterradas\/?page_id=590"},"modified":"2019-04-01T13:37:54","modified_gmt":"2019-04-01T11:37:54","slug":"formacio-professional","status":"publish","type":"page","link":"https:\/\/agora.xtec.cat\/iesesteveterradas\/blogs\/formacio-professional\/","title":{"rendered":"Formaci\u00f3 Professional"},"content":{"rendered":"<div class=\"entry-content\">\n<p class=\"bulletsGenerals\" style=\"text-align: justify;\">La <strong>formaci\u00f3 professional<\/strong> capacita per a l\u2019exercici qualificat de diverses professions i proporciona la formaci\u00f3 necess\u00e0ria per adquirir la compet\u00e8ncia professional i el coneixement propis de cada sector.<\/p>\n<p class=\"bulletsGenerals\" style=\"text-align: justify;\">La formaci\u00f3 professional s&#8217;organitza per <a href=\"http:\/\/queestudiar.gencat.cat\/ca\/estudis\/fp\/cicles-families\/\" target=\"_blank\" rel=\"noopener noreferrer\"><strong>fam\u00edlies\u00a0professionals<\/strong><\/a> que ordenen els ensenyaments en:<\/p>\n<ul>\n<li class=\"bulletsGenerals\" style=\"text-align: justify;\"><a href=\"http:\/\/agora.xtec.cat\/iesesteveterradas\/blogs\/formacio-professional\/cicles-formatius-de-grau-mitja\/\" target=\"_blank\" rel=\"noopener noreferrer\"><strong>Cicles Formatius de Grau Mitj\u00e0.<\/strong><\/a>\u00a0 Amb la superaci\u00f3 d&#8217;aquests cicles s&#8217;obt\u00e9 el t\u00edtol de <strong>t\u00e8cnic <\/strong>o de<strong> t\u00e8cnica.<\/strong><\/li>\n<\/ul>\n<\/div>\n<div class=\"entry-content\">\n<ul>\n<li class=\"bulletsGenerals\" style=\"text-align: justify;\"><a href=\"http:\/\/agora.xtec.cat\/iesesteveterradas\/blogs\/formacio-professional\/cicles-formatius-de-grau-superior\/\" target=\"_blank\" rel=\"noopener noreferrer\"><strong>Cicles Formatius de Grau Superior.<\/strong><\/a>\u00a0 Amb la superaci\u00f3 d&#8217;aquests cicles s&#8217;obt\u00e9 el t\u00edtol de <strong>t\u00e8cnic <\/strong>o<strong> t\u00e8cnica superior.<\/strong><\/li>\n<\/ul>\n<div class=\"bulletsGenerals\">\n<p style=\"text-align: justify;\">Com a Formaci\u00f3 Professional tamb\u00e9 oferim els <a href=\"http:\/\/agora.xtec.cat\/iesesteveterradas\/blogs\/formacio-professional\/programa-de-formacio-i-insercio\/\" target=\"_blank\" rel=\"noopener noreferrer\"><strong>Programes de Formaci\u00f3 i Inserci\u00f3<\/strong><\/a>.<\/p>\n<p style=\"text-align: justify;\"><em>Per a m\u00e9s informaci\u00f3 fer un clic <strong><a href=\"http:\/\/queestudiar.gencat.cat\/ca\/estudis\/fp\/info-general\/\" target=\"_blank\" rel=\"noopener noreferrer\">aqu\u00ed<\/a><\/strong><\/em><\/p>\n<\/div>\n<\/div>\n","protected":false},"excerpt":{"rendered":"<p>La formaci\u00f3 professional capacita per a l\u2019exercici qualificat de diverses professions i proporciona la formaci\u00f3 necess\u00e0ria per adquirir la compet\u00e8ncia professional i el coneixement propis de cada sector.<br \/>\nLa formaci\u00f3 professional s&#8217;organitza per <a href=\"http:\/\/queestudiar.gencat.cat\/ca\/estudis\/fp\/cicles-families\/\" target=\"_blank\" rel=\"noopener noreferrer\">fam\u00edlies\u00a0professionals<\/a> que ordenen els ensenyaments en:<\/p>\n<ul>\n<li class=\"bulletsGenerals\" style=\"text-align: justify;\"><a&hellip;  <a href=\"https:\/\/agora.xtec.cat\/iesesteveterradas\/blogs\/formacio-professional\/\" title=\"Read Formaci\u00f3 Professional\">Llegeix m\u00e9s\u00bb<\/a><br \/>\n","protected":false},"author":1,"featured_media":0,"parent":576,"menu_order":240,"comment_status":"closed","ping_status":"closed","template":"page-templates\/side-menu.php","meta":{"_bbp_topic_count":0,"_bbp_reply_count":0,"_bbp_total_topic_count":0,"_bbp_total_reply_count":0,"_bbp_voice_count":0,"_bbp_anonymous_reply_count":0,"_bbp_topic_count_hidden":0,"_bbp_reply_count_hidden":0,"_bbp_forum_subforum_count":0,"footnotes":""},"class_list":["post-590","page","type-page","status-publish","hentry"],"post_mailing_queue_ids":[],"_links":{"self":[{"href":"https:\/\/agora.xtec.cat\/iesesteveterradas\/wp-json\/wp\/v2\/pages\/590","targetHints":{"allow":["GET"]}}],"collection":[{"href":"https:\/\/agora.xtec.cat\/iesesteveterradas\/wp-json\/wp\/v2\/pages"}],"about":[{"href":"https:\/\/agora.xtec.cat\/iesesteveterradas\/wp-json\/wp\/v2\/types\/page"}],"author":[{"embeddable":true,"href":"https:\/\/agora.xtec.cat\/iesesteveterradas\/wp-json\/wp\/v2\/users\/1"}],"replies":[{"embeddable":true,"href":"https:\/\/agora.xtec.cat\/iesesteveterradas\/wp-json\/wp\/v2\/comments?post=590"}],"version-history":[{"count":5,"href":"https:\/\/agora.xtec.cat\/iesesteveterradas\/wp-json\/wp\/v2\/pages\/590\/revisions"}],"predecessor-version":[{"id":8952,"href":"https:\/\/agora.xtec.cat\/iesesteveterradas\/wp-json\/wp\/v2\/pages\/590\/revisions\/8952"}],"up":[{"embeddable":true,"href":"https:\/\/agora.xtec.cat\/iesesteveterradas\/wp-json\/wp\/v2\/pages\/576"}],"wp:attachment":[{"href":"https:\/\/agora.xtec.cat\/iesesteveterradas\/wp-json\/wp\/v2\/media?parent=590"}],"curies":[{"name":"wp","href":"https:\/\/api.w.org\/{rel}","templated":true}]}}