{"id":576,"date":"2018-05-21T19:24:36","date_gmt":"2018-05-21T17:24:36","guid":{"rendered":"http:\/\/agora.xtec.cat\/iesesteveterradas\/?page_id=576"},"modified":"2026-02-19T13:20:39","modified_gmt":"2026-02-19T12:20:39","slug":"blogs","status":"publish","type":"page","link":"https:\/\/agora.xtec.cat\/iesesteveterradas\/blogs\/","title":{"rendered":"ESTUDIS"},"content":{"rendered":"<p>A l&#8217;Institut Esteve Terradas impartim:<\/p>\n<ul class=\"departaments-llista\">\n<li><a href=\"http:\/\/agora.xtec.cat\/iesesteveterradas\/blogs\/educacio-secundaria-obligatoria-eso\/\" target=\"_blank\" rel=\"noopener noreferrer\">Educaci\u00f3 Secund\u00e0ria Obligat\u00f2ria (ESO)<\/a><\/li>\n<li><a href=\"http:\/\/agora.xtec.cat\/iesesteveterradas\/blogs\/batxillerat\/\" target=\"_blank\" rel=\"noopener noreferrer\">Batxillerat<\/a><\/li>\n<li><a href=\"http:\/\/agora.xtec.cat\/iesesteveterradas\/blogs\/formacio-professional\/\">Formaci\u00f3 Professional<\/a><\/li>\n<li><a href=\"https:\/\/agora.xtec.cat\/iesesteveterradas\/blogs\/formacio-professional\/programa-de-formacio-i-insercio\/\">Programes de Formaci\u00f3 Inicial<\/a><\/li>\n<li><a href=\"https:\/\/agora.xtec.cat\/iesesteveterradas\/blogs\/cursos-despecialitzacio\/\" target=\"_blank\" rel=\"noopener\">Cursos d&#8217;especialitzaci\u00f3<\/a><\/li>\n<\/ul>\n","protected":false},"excerpt":{"rendered":"<p>A l&#8217;Institut Esteve Terradas impartim:<\/p>\n<ul class=\"departaments-llista\">\n<li><a href=\"http:\/\/agora.xtec.cat\/iesesteveterradas\/blogs\/educacio-secundaria-obligatoria-eso\/\" target=\"_blank\" rel=\"noopener noreferrer\">Educaci\u00f3 Secund\u00e0ria Obligat\u00f2ria (ESO)<\/a><\/li>\n<li><a href=\"http:\/\/agora.xtec.cat\/iesesteveterradas\/blogs\/batxillerat\/\" target=\"_blank\" rel=\"noopener noreferrer\">Batxillerat<\/a><\/li>\n<li><a href=\"http:\/\/agora.xtec.cat\/iesesteveterradas\/blogs\/formacio-professional\/\">Formaci\u00f3 Professional<\/a><\/li>\n<li><a href=\"https:\/\/agora.xtec.cat\/iesesteveterradas\/blogs\/formacio-professional\/programa-de-formacio-i-insercio\/\">Programes de Formaci\u00f3 Inicial<\/a><\/li>\n<li><a href=\"https:\/\/agora.xtec.cat\/iesesteveterradas\/blogs\/cursos-despecialitzacio\/\" target=\"_blank\" rel=\"noopener\">Cursos d&#8217;especialitzaci\u00f3<\/a><\/li>\n<\/ul>\n","protected":false},"author":1,"featured_media":0,"parent":0,"menu_order":200,"comment_status":"closed","ping_status":"closed","template":"page-templates\/side-menu.php","meta":{"_bbp_topic_count":0,"_bbp_reply_count":0,"_bbp_total_topic_count":0,"_bbp_total_reply_count":0,"_bbp_voice_count":0,"_bbp_anonymous_reply_count":0,"_bbp_topic_count_hidden":0,"_bbp_reply_count_hidden":0,"_bbp_forum_subforum_count":0,"footnotes":""},"class_list":["post-576","page","type-page","status-publish","hentry"],"post_mailing_queue_ids":[],"_links":{"self":[{"href":"https:\/\/agora.xtec.cat\/iesesteveterradas\/wp-json\/wp\/v2\/pages\/576","targetHints":{"allow":["GET"]}}],"collection":[{"href":"https:\/\/agora.xtec.cat\/iesesteveterradas\/wp-json\/wp\/v2\/pages"}],"about":[{"href":"https:\/\/agora.xtec.cat\/iesesteveterradas\/wp-json\/wp\/v2\/types\/page"}],"author":[{"embeddable":true,"href":"https:\/\/agora.xtec.cat\/iesesteveterradas\/wp-json\/wp\/v2\/users\/1"}],"replies":[{"embeddable":true,"href":"https:\/\/agora.xtec.cat\/iesesteveterradas\/wp-json\/wp\/v2\/comments?post=576"}],"version-history":[{"count":7,"href":"https:\/\/agora.xtec.cat\/iesesteveterradas\/wp-json\/wp\/v2\/pages\/576\/revisions"}],"predecessor-version":[{"id":19186,"href":"https:\/\/agora.xtec.cat\/iesesteveterradas\/wp-json\/wp\/v2\/pages\/576\/revisions\/19186"}],"wp:attachment":[{"href":"https:\/\/agora.xtec.cat\/iesesteveterradas\/wp-json\/wp\/v2\/media?parent=576"}],"curies":[{"name":"wp","href":"https:\/\/api.w.org\/{rel}","templated":true}]}}