{"id":554,"date":"2018-05-21T18:47:23","date_gmt":"2018-05-21T16:47:23","guid":{"rendered":"http:\/\/agora.xtec.cat\/iesesteveterradas\/?page_id=554"},"modified":"2026-04-08T09:56:31","modified_gmt":"2026-04-08T07:56:31","slug":"beques","status":"publish","type":"page","link":"https:\/\/agora.xtec.cat\/iesesteveterradas\/secretaria\/beques\/","title":{"rendered":"Beques i ajuts"},"content":{"rendered":"<h3 class=\"titulo-capcalera\" style=\"text-align: justify;\"><strong>Beques per a ensenyaments postobligatoris no universitaris<\/strong><\/h3>\n<p style=\"text-align: justify;\">Per alumnat que cursa els seg\u00fcents <strong>ensenyaments postobligatoris<\/strong>:<\/p>\n<p><strong>Presentaci\u00f3 de sol\u00b7licituds: del\u00a0<b> 07\/04\/2026 al 18\/05\/2026 (fins les 15h)<\/b><br \/>\n<\/strong><\/p>\n<ul class=\"llista-especial\" style=\"text-align: justify;\">\n<li>Primer i segon curs de batxillerat<\/li>\n<li>Formaci\u00f3 professional de grau mitj\u00e0 i de grau superior<\/li>\n<li>Ensenyaments art\u00edstics professionals<\/li>\n<li>Ensenyaments esportius<\/li>\n<li>Ensenyaments art\u00edstics superiors<\/li>\n<li>Estudis religiosos superiors<\/li>\n<li>Estudis d&#8217;idiomes en escoles oficials (inclosa la modalitat de dist\u00e0ncia)<\/li>\n<li>Cursos d&#8217;acc\u00e9s i cursos de preparaci\u00f3 per a les proves d&#8217;acc\u00e9s a la formaci\u00f3 professional i cursos de formaci\u00f3 espec\u00edfics per a l&#8217;acc\u00e9s als cicles de grau mitj\u00e0 i de grau superior impartits en centres p\u00fablics i en centres privats<\/li>\n<li>Formaci\u00f3 professional b\u00e0sica<\/li>\n<\/ul>\n<p style=\"text-align: justify;\"><em>M\u00e9s informaci\u00f3 i tr\u00e0mit <a href=\"http:\/\/web.gencat.cat\/ca\/tramits\/tramits-temes\/Beques-de-caracter-general-per-a-estudis-postobligatoris?category=7449fd1c-a82c-11e3-a972-000c29052e2c\" target=\"_blank\" rel=\"noopener\">aqu\u00ed<\/a><\/em><\/p>\n<h3 style=\"text-align: justify;\"><\/h3>\n<h3 class=\"titulo-capcalera\" style=\"text-align: justify;\"><strong>Ajuts per alumnat amb necessitat espec\u00edfica de suport educatiu<\/strong><\/h3>\n<p style=\"text-align: justify;\">Ajuts individualitzats convocats pel Ministeri d&#8217;Educaci\u00f3 i Formaci\u00f3 Professional per alumnat amb necessitat espec\u00edfica de suport educatiu.<\/p>\n<p><strong>Presentaci\u00f3 de sol\u00b7licituds:<br \/>\n<\/strong><\/p>\n<p style=\"text-align: justify;\"><em>M\u00e9s informaci\u00f3 i tr\u00e0mit <a href=\"http:\/\/web.gencat.cat\/ca\/tramits\/tramits-temes\/358-ajuts-ministerio-NEE?category=bd1b6d64-ca6f-11e5-8c48-005056924a59\" target=\"_blank\" rel=\"noopener\">aqu\u00ed<\/a><\/em><\/p>\n<p>&nbsp;<\/p>\n","protected":false},"excerpt":{"rendered":"<p>Beques per a ensenyaments postobligatoris no universitaris<br \/>\nPer alumnat que cursa els seg\u00fcents ensenyaments postobligatoris:<br \/>\nPresentaci\u00f3 de sol\u00b7licituds: del\u00a0 07\/04\/2026 al 18\/05\/2026 (fins les 15h)<\/p>\n<ul class=\"llista-especial\" style=\"text-align: justify;\">\n<li>Primer i segon curs de batxillerat<\/li>\n<li>Formaci\u00f3 professional de grau mitj\u00e0 i de grau superior<\/li>\n<li>Ensenyaments art\u00edstics professionals<\/li>\n<li>Ensenyaments esportius<\/li>\n<li>Ensenyaments art\u00edstics superiors<\/li>\n<li>Estudis religiosos&hellip;  <a href=\"https:\/\/agora.xtec.cat\/iesesteveterradas\/secretaria\/beques\/\" title=\"Read Beques i ajuts\">Llegeix m\u00e9s\u00bb<\/a><br \/>\n","protected":false},"author":1,"featured_media":0,"parent":81,"menu_order":470,"comment_status":"closed","ping_status":"closed","template":"page-templates\/side-menu.php","meta":{"_bbp_topic_count":0,"_bbp_reply_count":0,"_bbp_total_topic_count":0,"_bbp_total_reply_count":0,"_bbp_voice_count":0,"_bbp_anonymous_reply_count":0,"_bbp_topic_count_hidden":0,"_bbp_reply_count_hidden":0,"_bbp_forum_subforum_count":0,"footnotes":""},"class_list":["post-554","page","type-page","status-publish","hentry"],"post_mailing_queue_ids":[],"_links":{"self":[{"href":"https:\/\/agora.xtec.cat\/iesesteveterradas\/wp-json\/wp\/v2\/pages\/554","targetHints":{"allow":["GET"]}}],"collection":[{"href":"https:\/\/agora.xtec.cat\/iesesteveterradas\/wp-json\/wp\/v2\/pages"}],"about":[{"href":"https:\/\/agora.xtec.cat\/iesesteveterradas\/wp-json\/wp\/v2\/types\/page"}],"author":[{"embeddable":true,"href":"https:\/\/agora.xtec.cat\/iesesteveterradas\/wp-json\/wp\/v2\/users\/1"}],"replies":[{"embeddable":true,"href":"https:\/\/agora.xtec.cat\/iesesteveterradas\/wp-json\/wp\/v2\/comments?post=554"}],"version-history":[{"count":7,"href":"https:\/\/agora.xtec.cat\/iesesteveterradas\/wp-json\/wp\/v2\/pages\/554\/revisions"}],"predecessor-version":[{"id":19396,"href":"https:\/\/agora.xtec.cat\/iesesteveterradas\/wp-json\/wp\/v2\/pages\/554\/revisions\/19396"}],"up":[{"embeddable":true,"href":"https:\/\/agora.xtec.cat\/iesesteveterradas\/wp-json\/wp\/v2\/pages\/81"}],"wp:attachment":[{"href":"https:\/\/agora.xtec.cat\/iesesteveterradas\/wp-json\/wp\/v2\/media?parent=554"}],"curies":[{"name":"wp","href":"https:\/\/api.w.org\/{rel}","templated":true}]}}