{"id":552,"date":"2018-05-21T18:46:28","date_gmt":"2018-05-21T16:46:28","guid":{"rendered":"http:\/\/agora.xtec.cat\/iesesteveterradas\/?page_id=552"},"modified":"2026-02-19T10:03:53","modified_gmt":"2026-02-19T09:03:53","slug":"preinscripcio","status":"publish","type":"page","link":"https:\/\/agora.xtec.cat\/iesesteveterradas\/secretaria\/preinscripcio\/","title":{"rendered":"Preinscripci\u00f3 i matr\u00edcula"},"content":{"rendered":"<ul>\n<li><a href=\"https:\/\/agora.xtec.cat\/iesesteveterradas\/?page_id=2793&amp;preview=true\">Educaci\u00f3 Secund\u00e0ria Obligat\u00f2ria (ESO)<\/a><\/li>\n<li><a href=\"https:\/\/agora.xtec.cat\/iesesteveterradas\/?page_id=2810&amp;preview=true\">Batxillerat (BATX)<\/a><\/li>\n<li><a href=\"https:\/\/agora.xtec.cat\/iesesteveterradas\/secretaria\/preinscripcio\/cicles-formatius-de-grau-mitja-gfgm\/\">Cicles Formatius de Grau Mitj\u00e0 (CFGM)<\/a><\/li>\n<li><a href=\"https:\/\/agora.xtec.cat\/iesesteveterradas\/secretaria\/preinscripcio\/cicles-formatius-de-grau-superior-cfgs\/\">Cicles Formatius de Grau Superior (CFGS)<\/a><\/li>\n<li><a href=\"https:\/\/agora.xtec.cat\/iesesteveterradas\/secretaria\/preinscripcio\/curs-especialitzacio-fp\/\" target=\"_blank\" rel=\"noopener noreferrer\">Cursos d&#8217;especialitzaci\u00f3 FP<\/a><\/li>\n<li><a href=\"https:\/\/agora.xtec.cat\/iesesteveterradas\/secretaria\/preinscripcio\/programes-de-formacio-i-insercio-pfi-fiap\/\">Programes de Formaci\u00f3 i Inserci\u00f3 (PFI-FIAP)<\/a><\/li>\n<\/ul>\n<p>&nbsp;<\/p>\n<p><em>M\u00e9s informaci\u00f3 a la web del <a href=\"http:\/\/queestudiar.gencat.cat\/ca\/preinscripcio\/\" target=\"_blank\" rel=\"noopener noreferrer\">Departament d&#8217;Educaci\u00f3 i Formaci\u00f3 Professional<\/a><\/em><\/p>\n","protected":false},"excerpt":{"rendered":"<ul>\n<li><a href=\"https:\/\/agora.xtec.cat\/iesesteveterradas\/?page_id=2793&amp;preview=true\">Educaci\u00f3 Secund\u00e0ria Obligat\u00f2ria (ESO)<\/a><\/li>\n<li><a href=\"https:\/\/agora.xtec.cat\/iesesteveterradas\/?page_id=2810&amp;preview=true\">Batxillerat (BATX)<\/a><\/li>\n<li><a href=\"https:\/\/agora.xtec.cat\/iesesteveterradas\/secretaria\/preinscripcio\/cicles-formatius-de-grau-mitja-gfgm\/\">Cicles Formatius de Grau Mitj\u00e0 (CFGM)<\/a><\/li>\n<li><a href=\"https:\/\/agora.xtec.cat\/iesesteveterradas\/secretaria\/preinscripcio\/cicles-formatius-de-grau-superior-cfgs\/\">Cicles Formatius de Grau Superior (CFGS)<\/a><\/li>\n<li><a href=\"https:\/\/agora.xtec.cat\/iesesteveterradas\/secretaria\/preinscripcio\/curs-especialitzacio-fp\/\" target=\"_blank\" rel=\"noopener noreferrer\">Cursos d&#8217;especialitzaci\u00f3 FP<\/a><\/li>\n<li><a href=\"https:\/\/agora.xtec.cat\/iesesteveterradas\/secretaria\/preinscripcio\/programes-de-formacio-i-insercio-pfi-fiap\/\">Programes de Formaci\u00f3 i Inserci\u00f3 (PFI-FIAP)<\/a><\/li>\n<\/ul>\n<p>&nbsp;<br \/>\nM\u00e9s informaci\u00f3 a la web del <a href=\"http:\/\/queestudiar.gencat.cat\/ca\/preinscripcio\/\" target=\"_blank\" rel=\"noopener noreferrer\">Departament d&#8217;Educaci\u00f3 i Formaci\u00f3 Professional<\/a><\/p>\n","protected":false},"author":1,"featured_media":0,"parent":81,"menu_order":430,"comment_status":"closed","ping_status":"closed","template":"page-templates\/side-menu.php","meta":{"_bbp_topic_count":0,"_bbp_reply_count":0,"_bbp_total_topic_count":0,"_bbp_total_reply_count":0,"_bbp_voice_count":0,"_bbp_anonymous_reply_count":0,"_bbp_topic_count_hidden":0,"_bbp_reply_count_hidden":0,"_bbp_forum_subforum_count":0,"footnotes":""},"class_list":["post-552","page","type-page","status-publish","hentry"],"post_mailing_queue_ids":[],"_links":{"self":[{"href":"https:\/\/agora.xtec.cat\/iesesteveterradas\/wp-json\/wp\/v2\/pages\/552","targetHints":{"allow":["GET"]}}],"collection":[{"href":"https:\/\/agora.xtec.cat\/iesesteveterradas\/wp-json\/wp\/v2\/pages"}],"about":[{"href":"https:\/\/agora.xtec.cat\/iesesteveterradas\/wp-json\/wp\/v2\/types\/page"}],"author":[{"embeddable":true,"href":"https:\/\/agora.xtec.cat\/iesesteveterradas\/wp-json\/wp\/v2\/users\/1"}],"replies":[{"embeddable":true,"href":"https:\/\/agora.xtec.cat\/iesesteveterradas\/wp-json\/wp\/v2\/comments?post=552"}],"version-history":[{"count":6,"href":"https:\/\/agora.xtec.cat\/iesesteveterradas\/wp-json\/wp\/v2\/pages\/552\/revisions"}],"predecessor-version":[{"id":19175,"href":"https:\/\/agora.xtec.cat\/iesesteveterradas\/wp-json\/wp\/v2\/pages\/552\/revisions\/19175"}],"up":[{"embeddable":true,"href":"https:\/\/agora.xtec.cat\/iesesteveterradas\/wp-json\/wp\/v2\/pages\/81"}],"wp:attachment":[{"href":"https:\/\/agora.xtec.cat\/iesesteveterradas\/wp-json\/wp\/v2\/media?parent=552"}],"curies":[{"name":"wp","href":"https:\/\/api.w.org\/{rel}","templated":true}]}}