{"id":5061,"date":"2019-10-14T15:30:35","date_gmt":"2019-10-14T13:30:35","guid":{"rendered":"http:\/\/agora.xtec.cat\/iesesteveterradas\/?page_id=5061"},"modified":"2025-10-16T08:31:38","modified_gmt":"2025-10-16T06:31:38","slug":"instruccions-en-cas-de-convocatoria-de-vaga","status":"publish","type":"page","link":"https:\/\/agora.xtec.cat\/iesesteveterradas\/professorat\/instruccions-en-cas-de-convocatoria-de-vaga\/","title":{"rendered":"Instruccions en cas de convocat\u00f2ria de vaga"},"content":{"rendered":"<p><a href=\"https:\/\/agora.xtec.cat\/iesesteveterradas\/wp-content\/uploads\/usu855\/Web_informacio\u0301-vagues.pdf\">Web_informacio\u0301 vagues\u00a0<\/a><\/p>\n<p>INDICACIONS A SEGUIR EN CAS DE CONVOCAT\u00d2RIA DE VAGA<\/p>\n<p><strong>Vaga del professorat<\/strong> Si, en alguna ocasi\u00f3, el personal docent de l\u2019Institut s\u2019adhereix a alguna jornada de vaga, pr\u00e8viament, les fam\u00edlies i\/o l\u2019alumnat rebran una comunicaci\u00f3 on s\u2019indicar\u00e0 aquest fet i es donaran a con\u00e8ixer els serveis m\u00ednims establerts. Vaga d\u2019estudiants (decisi\u00f3 d\u2019inassist\u00e8ncia col\u00b7lectiva): Davant de convocat\u00f2ries de vagues per part de diferents organitzacions d\u2019estudiants, la postura que adoptar\u00e0 el centre ser\u00e0 la seg\u00fcent:<\/p>\n<p>1. El dret a decidir sobre l\u2019assist\u00e8ncia a classe dels alumnes no universitaris es recull en el Decret 279\/2006 \u201cDrets i deures de l\u2019alumnat i regulaci\u00f3 de la conviv\u00e8ncia en els centres educatius no universitaris a Catalunya\u201d. Aquest Decret permet que el centre no sancioni la \u201cdecisi\u00f3 d\u2019inassist\u00e8ncia col\u00b7lectiva de l\u2019alumnat\u201d. \u00c9s per aix\u00f2 que, sempre que una majoria de grups manifestin la intenci\u00f3 de no assistir a classe al\/la cap d\u2019estudis corresponent amb un m\u00ednim de 48 h. d\u2019antelaci\u00f3 i previ justificant d\u2019abs\u00e8ncia de les fam\u00edlies, la Direcci\u00f3 del centre far\u00e0 \u00fas d\u2019aquesta possibilitat i no considerar\u00e0 faltes no justificades les que es produeixin en aquestes ocasions.<\/p>\n<p>2. El punt anterior no \u00e9s aplicable a l\u2019alumnat de primer i segon d\u2019ESO, \u00e9s a dir, ser\u00e0 considerada falta no justificada l\u2019abs\u00e8ncia dels\/de les alumnes que no assisteixin al centre durant aquestes jornades de vaga.<\/p>\n<p>3. En aquestes jornades, cal que totes les fam\u00edlies tinguin clar que l\u2019Institut segueix el seu horari habitual i que l\u2019alumnat que decideixi no secundar la convocat\u00f2ria ser\u00e0 at\u00e8s, encara que el nombre sigui redu\u00eft, i que tamb\u00e9 funcionen tots els serveis escolars. No s\u2019avan\u00e7ar\u00e0 temari ni es posaran ex\u00e0mens.<\/p>\n<p>4. L\u2019Institut deixa const\u00e0ncia, davant de les fam\u00edlies, que no es responsabilitza de cap circumst\u00e0ncia que pugui afectar algun alumne o alumna, durant aquestes jornades, si no assisteix al centre.<\/p>\n<p>&nbsp;<\/p>\n<p>&nbsp;<\/p>\n","protected":false},"excerpt":{"rendered":"<p><a href=\"https:\/\/agora.xtec.cat\/iesesteveterradas\/wp-content\/uploads\/usu855\/Web_informacio\u0301-vagues.pdf\">Web_informacio\u0301 vagues\u00a0<\/a><br \/>\nINDICACIONS A SEGUIR EN CAS DE CONVOCAT\u00d2RIA DE VAGA<br \/>\nVaga del professorat Si, en alguna ocasi\u00f3, el personal docent de l\u2019Institut s\u2019adhereix a alguna jornada de vaga, pr\u00e8viament, les fam\u00edlies i\/o l\u2019alumnat rebran una comunicaci\u00f3 on s\u2019indicar\u00e0 aquest fet i es donaran a con\u00e8ixer&hellip;  <a href=\"https:\/\/agora.xtec.cat\/iesesteveterradas\/professorat\/instruccions-en-cas-de-convocatoria-de-vaga\/\" title=\"Read Instruccions en cas de convocat\u00f2ria de vaga\">Llegeix m\u00e9s\u00bb<\/a><\/p>\n","protected":false},"author":6,"featured_media":0,"parent":18569,"menu_order":0,"comment_status":"closed","ping_status":"closed","template":"page-templates\/side-menu.php","meta":{"_bbp_topic_count":0,"_bbp_reply_count":0,"_bbp_total_topic_count":0,"_bbp_total_reply_count":0,"_bbp_voice_count":0,"_bbp_anonymous_reply_count":0,"_bbp_topic_count_hidden":0,"_bbp_reply_count_hidden":0,"_bbp_forum_subforum_count":0,"footnotes":""},"class_list":["post-5061","page","type-page","status-publish","hentry"],"post_mailing_queue_ids":[],"_links":{"self":[{"href":"https:\/\/agora.xtec.cat\/iesesteveterradas\/wp-json\/wp\/v2\/pages\/5061","targetHints":{"allow":["GET"]}}],"collection":[{"href":"https:\/\/agora.xtec.cat\/iesesteveterradas\/wp-json\/wp\/v2\/pages"}],"about":[{"href":"https:\/\/agora.xtec.cat\/iesesteveterradas\/wp-json\/wp\/v2\/types\/page"}],"author":[{"embeddable":true,"href":"https:\/\/agora.xtec.cat\/iesesteveterradas\/wp-json\/wp\/v2\/users\/6"}],"replies":[{"embeddable":true,"href":"https:\/\/agora.xtec.cat\/iesesteveterradas\/wp-json\/wp\/v2\/comments?post=5061"}],"version-history":[{"count":3,"href":"https:\/\/agora.xtec.cat\/iesesteveterradas\/wp-json\/wp\/v2\/pages\/5061\/revisions"}],"predecessor-version":[{"id":7142,"href":"https:\/\/agora.xtec.cat\/iesesteveterradas\/wp-json\/wp\/v2\/pages\/5061\/revisions\/7142"}],"up":[{"embeddable":true,"href":"https:\/\/agora.xtec.cat\/iesesteveterradas\/wp-json\/wp\/v2\/pages\/18569"}],"wp:attachment":[{"href":"https:\/\/agora.xtec.cat\/iesesteveterradas\/wp-json\/wp\/v2\/media?parent=5061"}],"curies":[{"name":"wp","href":"https:\/\/api.w.org\/{rel}","templated":true}]}}