{"id":2839,"date":"2019-03-11T13:31:48","date_gmt":"2019-03-11T12:31:48","guid":{"rendered":"http:\/\/agora.xtec.cat\/iesesteveterradas\/?page_id=2839"},"modified":"2026-04-14T13:41:15","modified_gmt":"2026-04-14T11:41:15","slug":"programes-de-formacio-i-insercio-pfi-fiap","status":"publish","type":"page","link":"https:\/\/agora.xtec.cat\/iesesteveterradas\/secretaria\/preinscripcio\/programes-de-formacio-i-insercio-pfi-fiap\/","title":{"rendered":"Programes de Formaci\u00f3 i Inserci\u00f3 (PFI-FIAP)"},"content":{"rendered":"<ul style=\"list-style-type: disc;\">\n<li>Fitxa de matr\u00edcula<\/li>\n<li>Documentaci\u00f3 per realitzar la matr\u00edcula<\/li>\n<li>Llista d&#8217;espera<\/li>\n<li>Llistat d&#8217;alumnat adm\u00e8s<\/li>\n<li>Oferta final PFI<\/li>\n<li>Llista ordenada<\/li>\n<li>Llista amb puntuaci\u00f3 definitiva resoltes les reclamacions<\/li>\n<li>Llista amb puntuaci\u00f3 provisional<\/li>\n<li>Oferta inicial PFI<\/li>\n<\/ul>\n<h3><strong>Calendari 2026-2027\u00a0 <a href=\"https:\/\/agora.xtec.cat\/iesesteveterradas\/wp-content\/uploads\/usu855\/CALENDARI-PFI-2026_2027.pdf\" target=\"_blank\" rel=\"noopener\"><img loading=\"lazy\" decoding=\"async\" class=\"size-full wp-image-19444 alignright\" src=\"https:\/\/agora.xtec.cat\/iesesteveterradas\/wp-content\/uploads\/usu855\/S_Calendari_petit-e1776166369494.png\" alt=\"\" width=\"70\" height=\"72\" \/><\/a><br \/>\n<\/strong><\/h3>\n<p><strong>Preinscripci\u00f3<\/strong><\/p>\n<ul>\n<li>Difusi\u00f3 de l\u2019oferta inicial: <strong>30 d&#8217;abril de 2026<br \/>\n<\/strong><\/li>\n<li><a href=\"https:\/\/educacio.gencat.cat\/ca\/tramits\/tramits-temes\/pfi-tramit\">Presentaci\u00f3 i\/o modificaci\u00f3 de sol\u00b7licituds<\/a>: <strong>del 4 al 13 de maig de 2026<\/strong><\/li>\n<li>Presentaci\u00f3 de documentaci\u00f3:<strong> fins al 14 de maig de 2026<\/strong><\/li>\n<li>Entrevistes d&#8217;orientaci\u00f3 i valoraci\u00f3: <strong>del 4 al 26 de maig de 2026<\/strong> (el centre us confirmar\u00e0 la data concreta)<\/li>\n<li>Publicaci\u00f3 llista amb puntuaci\u00f3 provisional: <strong>28 de maig de 2026<\/strong><\/li>\n<li>Presentaci\u00f3 de reclamacions: <strong>del 28 de maig al 3 de juny de 2026<br \/>\n<\/strong><\/li>\n<li>Publicaci\u00f3 llista amb puntuaci\u00f3 definitiva, resoltes les reclamacions: <strong>8 de juny de 2026<\/strong><\/li>\n<li>Sorteig del n\u00famero de desempat: <strong>8 de juny de 2026<\/strong>, a les 11 hores<\/li>\n<li>Publicaci\u00f3 llista ordenada: <strong>11 de juny de 2026<br \/>\n<\/strong><\/li>\n<li>Ampliaci\u00f3 peticions (per sol\u00b7licituds sense assignaci\u00f3): <strong>del 25 al 29 de juny de 2026<\/strong><\/li>\n<li>Difusi\u00f3 de l\u2019oferta final: <strong>3 de juliol de 2026<\/strong><\/li>\n<li>Publicaci\u00f3 llista d\u2019alumnat adm\u00e8s i llista d&#8217;espera: <strong>3 de juliol de 2026<\/strong><\/li>\n<\/ul>\n<p><strong>Matr\u00edcula<\/strong><\/p>\n<ul style=\"list-style-type: disc;\">\n<li>Per\u00edode de matricula: <strong>del 6 al 10 de juliol de 2026<\/strong><\/li>\n<\/ul>\n<h3><strong>Documentaci\u00f3 i criteris de prioritat<\/strong><\/h3>\n<p id=\"FW_bloc_9be7a269-55e8-11e4-aafa-000c29f68999_1\" class=\"FW_ancora\"><strong>Documentaci\u00f3 identificativa<\/strong><\/p>\n<div class=\"FW_sArticleFoto\">\n<div class=\"FW_sEditPro\">\n<p>Tots els sol\u00b7licitants<strong>\u00a0<\/strong>han de presentar:<\/p>\n<ul>\n<li>Original i c\u00f2pia del DNI, NIE o passaport\u00a0vigent. Si es tracta d&#8217;estrangers comunitaris, document d&#8217;identitat del pa\u00eds d&#8217;origen.<\/li>\n<\/ul>\n<p>Si el sol\u00b7licitant\u00a0\u00e9s <strong>menor d&#8217;edat<\/strong> tamb\u00e9 ha de presentar:<\/p>\n<ul>\n<li>La certificaci\u00f3 electr\u00f2nica de la inscripci\u00f3 de naixement o l\u2019original i fotoc\u00f2pia del <strong>llibre de fam\u00edlia<\/strong> o altres documents relatius a la filiaci\u00f3. Si est\u00e0 en situaci\u00f3 d\u2019acolliment en fam\u00edlia o instituci\u00f3, la resoluci\u00f3 d\u2019acolliment del Departament de Drets Socials.<\/li>\n<li style=\"text-align: justify;\">Original i c\u00f2pia del DNI de la persona sol\u00b7licitant (pare, mare, tutor o tutora o guardador o guardadora de fet) o, si \u00e9s\u00a0estrangera, la targeta de resid\u00e8ncia on consta el NIE, o del passaport. Si es tracta d&#8217;estrangers comunitaris, document d&#8217;identitat del pa\u00eds d&#8217;origen.<\/li>\n<li style=\"text-align: justify;\">De manera extraordin\u00e0ria i \u00fanicament a efectes de preinscripci\u00f3, les dades d&#8217;identificaci\u00f3 o de filiaci\u00f3 de les persones estrangeres es poden acreditar amb la documentaci\u00f3 alternativa que la persona pugui aportar. Tanmateix, la matr\u00edcula estar\u00e0 condicionada a la presentaci\u00f3 de la documentaci\u00f3 identificativa establerta en els par\u00e0grafs anteriors.<\/li>\n<\/ul>\n<p>En cas d\u2019al\u00b7legar la condici\u00f3 de discapacitat de l\u2019alumne\/a s\u2019ha de presentar la targeta acreditativa, de la discapacitat, vigent.<\/p>\n<\/div>\n<\/div>\n<p id=\"FW_bloc_9be7a269-55e8-11e4-aafa-000c29f68999_2\" class=\"FW_ancora\"><strong>Criteris de prioritat<\/strong><\/p>\n<div class=\"FW_sArticleFoto\">\n<div class=\"FW_sEditPro\">\n<ul style=\"list-style-type: disc;\">\n<li><strong>Proximitat del domicili <\/strong><\/li>\n<\/ul>\n<p style=\"text-align: justify;\">La proximitat del domicili al lloc on es cursa el PFI es considera segons les \u00e0rees d&#8217;influ\u00e8ncia que determinen els Serveis Territorials del Departament d&#8217;Educaci\u00f3 o el Consorci d&#8217;Educaci\u00f3 de Barcelona:<\/p>\n<p>&#8211; Quan el domicili es troba dins la zona educativa 1 del centre: <strong>30 punts<\/strong>.<br \/>\n&#8211; Quan el domicili es troba dins la zona educativa 2 del centre, per\u00f2 no en la zona educativa 1: <strong>15 punts<\/strong>.<\/p>\n<ul>\n<li><strong>Participaci\u00f3 per primera vegada en un PFI o en d&#8217;altres equivalents<\/strong><\/li>\n<\/ul>\n<p dir=\"ltr\">&#8211; Quan el\u00a0sol\u00b7licitant no ha cursat un PQPI, ni un PFI, ni un cicle de formaci\u00f3 professional: <strong>20 punts<\/strong>.<\/p>\n<ul>\n<li><strong>Anys d&#8217;escolaritzaci\u00f3 d&#8217;ESO<\/strong><\/li>\n<\/ul>\n<p>&#8211; Per cada curs: <strong>5 punts<\/strong>.<\/p>\n<ul>\n<li><strong>\u00daltim curs d&#8217;ESO<\/strong><\/li>\n<\/ul>\n<p>&#8211; Quart: <strong>20 punts<\/strong>.<br \/>\n&#8211; Tercer: <strong>10 punts<\/strong>.<br \/>\n&#8211; Segon: <strong>5 punts<\/strong>.<\/p>\n<ul>\n<li><strong>Entrevista<\/strong><\/li>\n<\/ul>\n<p style=\"text-align: justify;\">Els alumnes\u00a0fan una entrevista en qu\u00e8 es valora\u00a0l&#8217;adequaci\u00f3 del programa a la seva situaci\u00f3, els seus\u00a0interessos, motivaci\u00f3 i aptituds aix\u00ed com la seva manca d&#8217;experi\u00e8ncia laboral.\u00a0Pel resultat de l&#8217;entrevista: <strong>0, 10, 20 o 30 punts<\/strong>.<\/p>\n<p style=\"text-align: justify;\">L&#8217;<strong>alumnat nouvinguts<\/strong> que no ha estat escolaritzat a l\u2019ESO, en especial els alumnes menors estrangers no acompanyats (MENA), no poden acreditar la seva escolaritzaci\u00f3, per aix\u00f2 i per tal de donar un tracte no discriminatori a aquestes sol\u00b7licituds, s\u2019adaptaran de la manera seg\u00fcent:<\/p>\n<ul>\n<li style=\"text-align: justify;\">\u00a0Anys d\u2019escolaritzaci\u00f3 a l\u2019ESO: cas que el jove hagi estat matriculat en un centre de formaci\u00f3 per a persones adultes i presenti el document acreditatiu, se li comptaran <strong>10 punts<\/strong> si ha estat escolaritzat tot el curs i <strong>5 punts<\/strong> si ho ha estat parcialment.<\/li>\n<li style=\"text-align: justify;\">\u00daltim curs fet a l\u2019ESO: cas que el jove hagi estat matriculat en un centre de formaci\u00f3 per a persones adultes i acrediti el nivell I del curr\u00edculum del GESO per a persones adultes, se li comptaran <strong>5 punts<\/strong>.<\/li>\n<\/ul>\n<\/div>\n<\/div>\n<p><em>M\u00e9s informaci\u00f3 a la web del <a href=\"https:\/\/preinscripcio.gencat.cat\/ca\/estudis\/pfi\/inici\/\" target=\"_blank\" rel=\"noopener noreferrer\">Departament d&#8217;Educaci\u00f3 i Formaci\u00f3 Professional<\/a><\/em><\/p>\n","protected":false},"excerpt":{"rendered":"<ul style=\"list-style-type: disc;\">\n<li>Fitxa de matr\u00edcula<\/li>\n<li>Documentaci\u00f3 per realitzar la matr\u00edcula<\/li>\n<li>Llista d&#8217;espera<\/li>\n<li>Llistat d&#8217;alumnat adm\u00e8s<\/li>\n<li>Oferta final PFI<\/li>\n<li>Llista ordenada<\/li>\n<li>Llista amb puntuaci\u00f3 definitiva resoltes les reclamacions<\/li>\n<li>Llista amb puntuaci\u00f3 provisional<\/li>\n<li>Oferta inicial PFI<\/li>\n<\/ul>\n<p>Calendari 2026-2027\u00a0 <a href=\"https:\/\/agora.xtec.cat\/iesesteveterradas\/wp-content\/uploads\/usu855\/CALENDARI-PFI-2026_2027.pdf\" target=\"_blank\" rel=\"noopener\"><\/a><\/p>\n<p>Preinscripci\u00f3<\/p>\n<ul>\n<li>Difusi\u00f3 de l\u2019oferta inicial: 30 d&#8217;abril de 2026\n<\/li>\n<li><a href=\"https:\/\/educacio.gencat.cat\/ca\/tramits\/tramits-temes\/pfi-tramit\">Presentaci\u00f3 i\/o modificaci\u00f3 de sol\u00b7licituds<\/a>: del 4&hellip;  <a href=\"https:\/\/agora.xtec.cat\/iesesteveterradas\/secretaria\/preinscripcio\/programes-de-formacio-i-insercio-pfi-fiap\/\" title=\"Read Programes de Formaci\u00f3 i Inserci\u00f3 (PFI-FIAP)\">Llegeix m\u00e9s\u00bb<\/a><br \/>\n","protected":false},"author":6,"featured_media":0,"parent":552,"menu_order":426,"comment_status":"closed","ping_status":"closed","template":"page-templates\/side-menu.php","meta":{"_bbp_topic_count":0,"_bbp_reply_count":0,"_bbp_total_topic_count":0,"_bbp_total_reply_count":0,"_bbp_voice_count":0,"_bbp_anonymous_reply_count":0,"_bbp_topic_count_hidden":0,"_bbp_reply_count_hidden":0,"_bbp_forum_subforum_count":0,"footnotes":""},"class_list":["post-2839","page","type-page","status-publish","hentry"],"post_mailing_queue_ids":[],"_links":{"self":[{"href":"https:\/\/agora.xtec.cat\/iesesteveterradas\/wp-json\/wp\/v2\/pages\/2839","targetHints":{"allow":["GET"]}}],"collection":[{"href":"https:\/\/agora.xtec.cat\/iesesteveterradas\/wp-json\/wp\/v2\/pages"}],"about":[{"href":"https:\/\/agora.xtec.cat\/iesesteveterradas\/wp-json\/wp\/v2\/types\/page"}],"author":[{"embeddable":true,"href":"https:\/\/agora.xtec.cat\/iesesteveterradas\/wp-json\/wp\/v2\/users\/6"}],"replies":[{"embeddable":true,"href":"https:\/\/agora.xtec.cat\/iesesteveterradas\/wp-json\/wp\/v2\/comments?post=2839"}],"version-history":[{"count":8,"href":"https:\/\/agora.xtec.cat\/iesesteveterradas\/wp-json\/wp\/v2\/pages\/2839\/revisions"}],"predecessor-version":[{"id":19467,"href":"https:\/\/agora.xtec.cat\/iesesteveterradas\/wp-json\/wp\/v2\/pages\/2839\/revisions\/19467"}],"up":[{"embeddable":true,"href":"https:\/\/agora.xtec.cat\/iesesteveterradas\/wp-json\/wp\/v2\/pages\/552"}],"wp:attachment":[{"href":"https:\/\/agora.xtec.cat\/iesesteveterradas\/wp-json\/wp\/v2\/media?parent=2839"}],"curies":[{"name":"wp","href":"https:\/\/api.w.org\/{rel}","templated":true}]}}